{"id":10253,"date":"2021-04-01T16:26:59","date_gmt":"2021-04-01T15:26:59","guid":{"rendered":"http:\/\/www.petanque82-comite.fr\/?page_id=10253"},"modified":"2026-03-11T09:37:15","modified_gmt":"2026-03-11T08:37:15","slug":"coupe-de-france","status":"publish","type":"page","link":"http:\/\/www.petanque82-comite.fr\/?page_id=10253","title":{"rendered":"Coupe de France P\u00e9tanque"},"content":{"rendered":"<h2><strong>Coupe de France p\u00e9tanque 2026-2027 :<\/strong><\/h2>\n<p><strong>Phase D\u00e9partementale<\/strong><\/p>\n<h3><a href=\"http:\/\/www.petanque82-comite.fr\/wp-content\/uploads\/2026\/03\/Tirage-coupe-de-france-3eme-Tour.pdf\">Tirage-suivi-coupe-de-france-2026.pdf<\/a><\/h3>\n<h3><a href=\"http:\/\/www.petanque82-comite.fr\/wp-content\/uploads\/2026\/02\/feuille_de_match_CDF.pdf\">feuille_de_match_CDF.pdf<\/a><\/h3>\n<h3><a href=\"http:\/\/www.petanque82-comite.fr\/wp-content\/uploads\/2026\/02\/Contacts-CDF-Petanque-2026.pdf\">Contacts-CDF-Petanque-2026.pdf<\/a><\/h3>\n<h2><strong>Coupe de France p\u00e9tanque 2025-2026 :<\/strong><\/h2>\n<h2>Coupe de France p\u00e9tanque 2025 \u2013 2026<\/h2>\n<p><strong>32\u00e8me \u2013 16\u00e8me &amp; 8\u00e8me de Finale \u2013 Montauban Boulodrome du March\u00e9 \u2013 Gare<\/strong><\/p>\n<p><strong>Les 31 janvier &amp; 1er f\u00e9vrier 2026<\/strong><\/p>\n<h3><a href=\"http:\/\/www.petanque82-comite.fr\/wp-content\/uploads\/2022\/04\/Affiche-CdF-Petanque-2026-Montauban.jpg\">Affiche-CdF-Petanque-2026-Montauban.jpg<\/a><\/h3>\n<h3><strong>Phase D\u00e9partementale<\/strong><\/h3>\n<h3><a href=\"http:\/\/www.petanque82-comite.fr\/wp-content\/uploads\/2025\/08\/Suivi-resultats-Coupe-de-france-des-clubs-petanque-2025-2026-2.pdf\">Suivi r\u00e9sultats Coupe de France des clubs p\u00e9tanque 2025-2026<\/a><\/h3>\n<h3><a href=\"http:\/\/www.petanque82-comite.fr\/wp-content\/uploads\/2025\/05\/Numerisation-des-feuilles-de-match-des-tours-1-et-2.pdf\">Num\u00e9risation des feuilles de match des tours 1 et 2<\/a><\/h3>\n<h3><a href=\"http:\/\/www.petanque82-comite.fr\/wp-content\/uploads\/2025\/07\/barrage-coupe-de-france.pdf\">Num\u00e9risation des feuilles de match cadrage coupe de France<\/a><\/h3>\n<h3><a href=\"http:\/\/www.petanque82-comite.fr\/wp-content\/uploads\/2025\/03\/Annexe-Coupe-de-France-et-Coupe-de-lAmitie-2025-2026.pdf\">Annexe Coupe de France et Coupe de l&#8217;Amiti\u00e9-2025-2026<\/a><\/h3>\n<h3><a href=\"http:\/\/www.petanque82-comite.fr\/wp-content\/uploads\/2025\/08\/feuille_de_match_CDF.pdf\">Feuille de match Coupe de France<\/a><\/h3>\n<h3><a href=\"http:\/\/www.petanque82-comite.fr\/wp-content\/uploads\/2025\/05\/composition_jury-2-1.pdf\">Composition jury<\/a><\/h3>\n<p>&nbsp;<\/p>\n<p><strong>FFPJP 3\u00e8me Tour de zone<\/strong><\/p>\n<h3><a href=\"http:\/\/www.petanque82-comite.fr\/wp-content\/uploads\/2025\/11\/CDF_P_Tirage_T1_Saison_2025-2026.pdf\">Coupe de France P\u00e9tanque tirage et r\u00e9sultats Tour 1 Saison 2025-2026<\/a><\/h3>\n<h3><a href=\"http:\/\/www.petanque82-comite.fr\/wp-content\/uploads\/2025\/11\/CDF_P_Tirage_T2_Saison_2025-2026.pdf\">Coupe de France P\u00e9tanque tirage et r\u00e9sultats Tour 2 Saison 2025-2026<\/a><\/h3>\n<h3><a href=\"http:\/\/www.petanque82-comite.fr\/wp-content\/uploads\/2022\/04\/CDF_P_Tirage_T3_Saison_2025-2026.pdf\">Coupe de France P\u00e9tanque tirage et r\u00e9sultats Tour 3 Saison 2025-2026<\/a><\/h3>\n<h3><\/h3>\n<h3><\/h3>\n<p>&nbsp;<\/p>\n<h3><\/h3>\n<p>&nbsp;<\/p>\n<p>&nbsp;<\/p>\n<ul>\n<li><\/li>\n<\/ul>\n<p>&nbsp;<\/p>\n<p>&nbsp;<\/p>\n","protected":false},"excerpt":{"rendered":"<p>Coupe de France p\u00e9tanque 2026-2027 : Phase D\u00e9partementale Tirage-suivi-coupe-de-france-2026.pdf feuille_de_match_CDF.pdf Contacts-CDF-Petanque-2026.pdf Coupe de France p\u00e9tanque 2025-2026 : Coupe de France p\u00e9tanque 2025 \u2013 2026 32\u00e8me \u2013 16\u00e8me &amp; 8\u00e8me de Finale \u2013 Montauban Boulodrome du March\u00e9 \u2013 Gare Les 31 janvier &amp; 1er f\u00e9vrier 2026 Affiche-CdF-Petanque-2026-Montauban.jpg Phase D\u00e9partementale Suivi r\u00e9sultats Coupe de France des clubs [&hellip;]<\/p>\n","protected":false},"author":1,"featured_media":0,"parent":0,"menu_order":0,"comment_status":"closed","ping_status":"closed","template":"","meta":{"ngg_post_thumbnail":0,"_tribe_blocks_recurrence_rules":"","_tribe_blocks_recurrence_exclusions":"","_tribe_blocks_recurrence_description":"","footnotes":""},"class_list":["post-10253","page","type-page","status-publish","hentry"],"_links":{"self":[{"href":"http:\/\/www.petanque82-comite.fr\/index.php?rest_route=\/wp\/v2\/pages\/10253","targetHints":{"allow":["GET"]}}],"collection":[{"href":"http:\/\/www.petanque82-comite.fr\/index.php?rest_route=\/wp\/v2\/pages"}],"about":[{"href":"http:\/\/www.petanque82-comite.fr\/index.php?rest_route=\/wp\/v2\/types\/page"}],"author":[{"embeddable":true,"href":"http:\/\/www.petanque82-comite.fr\/index.php?rest_route=\/wp\/v2\/users\/1"}],"replies":[{"embeddable":true,"href":"http:\/\/www.petanque82-comite.fr\/index.php?rest_route=%2Fwp%2Fv2%2Fcomments&post=10253"}],"version-history":[{"count":105,"href":"http:\/\/www.petanque82-comite.fr\/index.php?rest_route=\/wp\/v2\/pages\/10253\/revisions"}],"predecessor-version":[{"id":29382,"href":"http:\/\/www.petanque82-comite.fr\/index.php?rest_route=\/wp\/v2\/pages\/10253\/revisions\/29382"}],"wp:attachment":[{"href":"http:\/\/www.petanque82-comite.fr\/index.php?rest_route=%2Fwp%2Fv2%2Fmedia&parent=10253"}],"curies":[{"name":"wp","href":"https:\/\/api.w.org\/{rel}","templated":true}]}}