{"id":10259,"date":"2021-04-01T16:33:38","date_gmt":"2021-04-01T15:33:38","guid":{"rendered":"http:\/\/www.petanque82-comite.fr\/?page_id=10259"},"modified":"2026-03-11T09:33:54","modified_gmt":"2026-03-11T08:33:54","slug":"coupe-de-lamitie","status":"publish","type":"page","link":"http:\/\/www.petanque82-comite.fr\/?page_id=10259","title":{"rendered":"COUPE de l&#8217;Amiti\u00e9"},"content":{"rendered":"<h2>ANNEE 2026 :<\/h2>\n<h3><a href=\"http:\/\/www.petanque82-comite.fr\/wp-content\/uploads\/2026\/03\/Tirage-Coupe-de-Lamitie-2eme-Tour.pdf\">Tirage-Suivi-Coupe-de-Lamitie-2026.pdf<\/a><\/h3>\n<h3><a href=\"http:\/\/www.petanque82-comite.fr\/wp-content\/uploads\/2026\/03\/feuille-de-match-Coupe-de-lAmitie-2026.pdf\">feuille-de-match-Coupe-de-lAmitie-2026.pdf<\/a><\/h3>\n<p>&nbsp;<\/p>\n<h2>ANNEE 2025 :<\/h2>\n<h3><a href=\"http:\/\/www.petanque82-comite.fr\/wp-content\/uploads\/2022\/04\/Suivi-resultats-Coupe-de-lAmitie-des-clubs-petanque-2025-2026-1.pdf\">Suivi r\u00e9sultats Coupe de l&#8217;Amiti\u00e9 des clubs p\u00e9tanque 2025-2026<\/a><\/h3>\n<p><img loading=\"lazy\" decoding=\"async\" class=\"alignnone size-medium wp-image-28496\" src=\"http:\/\/www.petanque82-comite.fr\/wp-content\/uploads\/2025\/09\/Vainqueur-de-la-Coupe-de-lAmitie-2025-300x194.jpg\" alt=\"\" width=\"300\" height=\"194\" srcset=\"http:\/\/www.petanque82-comite.fr\/wp-content\/uploads\/2025\/09\/Vainqueur-de-la-Coupe-de-lAmitie-2025-300x194.jpg 300w, http:\/\/www.petanque82-comite.fr\/wp-content\/uploads\/2025\/09\/Vainqueur-de-la-Coupe-de-lAmitie-2025-1024x662.jpg 1024w, http:\/\/www.petanque82-comite.fr\/wp-content\/uploads\/2025\/09\/Vainqueur-de-la-Coupe-de-lAmitie-2025-768x496.jpg 768w, http:\/\/www.petanque82-comite.fr\/wp-content\/uploads\/2025\/09\/Vainqueur-de-la-Coupe-de-lAmitie-2025.jpg 1114w\" sizes=\"auto, (max-width: 300px) 100vw, 300px\" \/><\/p>\n<h3>\u00a0 \u00a0 PC Valence vainqueur 2025<\/h3>\n<h3><a href=\"http:\/\/www.petanque82-comite.fr\/wp-content\/uploads\/2025\/05\/Numerisation-des-feuilles-de-mach-du-1er-tour.pdf\">Num\u00e9risation des feuilles de mach du 1er tour du 8 mai<\/a><\/h3>\n<h3><a href=\"http:\/\/www.petanque82-comite.fr\/wp-content\/uploads\/2025\/07\/2eme-tour-22-juin-2025.pdf\">Num\u00e9risation des feuilles de match 2\u00e9me tour du 22 juin 2025<\/a><\/h3>\n<h3><a href=\"http:\/\/www.petanque82-comite.fr\/wp-content\/uploads\/2025\/07\/Numerisation-2eme-tour-caylus.pdf\">Num\u00e9risation des feuilles de match cadrage 3\u00e8me tour \u00e0 Caylus<\/a><\/h3>\n<h3><a href=\"http:\/\/www.petanque82-comite.fr\/wp-content\/uploads\/2025\/07\/numerisation-cadrage-caylus.pdf\">Num\u00e9risation des feuilles de match 1\/4 de finale \u00e0 Caylus<\/a><\/h3>\n<p>&nbsp;<\/p>\n<h3><a href=\"http:\/\/www.petanque82-comite.fr\/wp-content\/uploads\/2025\/03\/feuille-de-match-Coupe-de-lAmitie-2025.pdf\">Feuille de match Coupe de l&#8217;Amiti\u00e9 2025<\/a><\/h3>\n<h3><a href=\"http:\/\/www.petanque82-comite.fr\/wp-content\/uploads\/2025\/03\/Annexe-Coupe-de-France-et-Coupe-de-lAmitie-2025-2026.pdf\">Annexe Coupe de France et Coupe de l&#8217;Amiti\u00e9-2025-2026<\/a><\/h3>\n<p>&nbsp;<\/p>\n<h2>ANNEE 2024 :<\/h2>\n<p><strong>Coupe de l&#8217;Amiti\u00e9 2024<\/strong><\/p>\n<h3><a href=\"http:\/\/www.petanque82-comite.fr\/wp-content\/uploads\/2022\/04\/Resultats-de-la-Coupe-de-lamitie-des-clubs-petanque-2024.pdf\">R\u00e9sultats de la Coupe de l&#8217;amiti\u00e9 des clubs p\u00e9tanque 2024<\/a><\/h3>\n<p><img loading=\"lazy\" decoding=\"async\" class=\"alignnone size-medium wp-image-24705\" src=\"http:\/\/www.petanque82-comite.fr\/wp-content\/uploads\/2022\/04\/2773165894171865505-300x205.jpg\" alt=\"\" width=\"300\" height=\"205\" srcset=\"http:\/\/www.petanque82-comite.fr\/wp-content\/uploads\/2022\/04\/2773165894171865505-300x205.jpg 300w, http:\/\/www.petanque82-comite.fr\/wp-content\/uploads\/2022\/04\/2773165894171865505-1024x700.jpg 1024w, http:\/\/www.petanque82-comite.fr\/wp-content\/uploads\/2022\/04\/2773165894171865505-768x525.jpg 768w, http:\/\/www.petanque82-comite.fr\/wp-content\/uploads\/2022\/04\/2773165894171865505-1536x1050.jpg 1536w, http:\/\/www.petanque82-comite.fr\/wp-content\/uploads\/2022\/04\/2773165894171865505.jpg 1599w\" sizes=\"auto, (max-width: 300px) 100vw, 300px\" \/><\/p>\n<p><strong>L&#8217;USM vainqueur de la Coupe de L&#8217;Amiti\u00e9<\/strong><\/p>\n<p><img loading=\"lazy\" decoding=\"async\" class=\"alignnone size-medium wp-image-24707\" src=\"http:\/\/www.petanque82-comite.fr\/wp-content\/uploads\/2022\/04\/3641567507420277078-300x227.jpg\" alt=\"\" width=\"300\" height=\"227\" srcset=\"http:\/\/www.petanque82-comite.fr\/wp-content\/uploads\/2022\/04\/3641567507420277078-300x227.jpg 300w, http:\/\/www.petanque82-comite.fr\/wp-content\/uploads\/2022\/04\/3641567507420277078.jpg 670w\" sizes=\"auto, (max-width: 300px) 100vw, 300px\" \/><\/p>\n<p><strong>L&#8217;EBC<\/strong><\/p>\n<p><img loading=\"lazy\" decoding=\"async\" class=\"alignnone size-medium wp-image-24706\" src=\"http:\/\/www.petanque82-comite.fr\/wp-content\/uploads\/2022\/04\/3320745582977901461-300x166.jpg\" alt=\"\" width=\"300\" height=\"166\" srcset=\"http:\/\/www.petanque82-comite.fr\/wp-content\/uploads\/2022\/04\/3320745582977901461-300x166.jpg 300w, http:\/\/www.petanque82-comite.fr\/wp-content\/uploads\/2022\/04\/3320745582977901461-1024x567.jpg 1024w, http:\/\/www.petanque82-comite.fr\/wp-content\/uploads\/2022\/04\/3320745582977901461-768x425.jpg 768w, http:\/\/www.petanque82-comite.fr\/wp-content\/uploads\/2022\/04\/3320745582977901461-1536x850.jpg 1536w, http:\/\/www.petanque82-comite.fr\/wp-content\/uploads\/2022\/04\/3320745582977901461.jpg 1599w\" sizes=\"auto, (max-width: 300px) 100vw, 300px\" \/><\/p>\n<p style=\"text-align: left;\"><strong>GOLFECH<\/strong><\/p>\n<p><img loading=\"lazy\" decoding=\"async\" class=\"alignnone size-medium wp-image-24708\" src=\"http:\/\/www.petanque82-comite.fr\/wp-content\/uploads\/2022\/04\/5528565392245361512-300x211.jpg\" alt=\"\" width=\"300\" height=\"211\" srcset=\"http:\/\/www.petanque82-comite.fr\/wp-content\/uploads\/2022\/04\/5528565392245361512-300x211.jpg 300w, http:\/\/www.petanque82-comite.fr\/wp-content\/uploads\/2022\/04\/5528565392245361512-1024x719.jpg 1024w, http:\/\/www.petanque82-comite.fr\/wp-content\/uploads\/2022\/04\/5528565392245361512-768x539.jpg 768w, http:\/\/www.petanque82-comite.fr\/wp-content\/uploads\/2022\/04\/5528565392245361512-1536x1079.jpg 1536w, http:\/\/www.petanque82-comite.fr\/wp-content\/uploads\/2022\/04\/5528565392245361512.jpg 1599w\" sizes=\"auto, (max-width: 300px) 100vw, 300px\" \/><\/p>\n<p><strong>BESSENS<\/strong><\/p>\n<p>&nbsp;<\/p>\n<h3><a href=\"http:\/\/www.petanque82-comite.fr\/wp-content\/uploads\/2024\/06\/Numerisation-des-feuilles-de-match-Coupe-de-lAmitie-finale-2024.pdf\">Num\u00e9risation des feuilles de match Coupe de l&#8217;Amiti\u00e9 1\/2 et finales 2024<\/a><\/h3>\n<p>&nbsp;<\/p>\n<p>&nbsp;<\/p>\n<p>&nbsp;<\/p>\n<h3><\/h3>\n<h3><\/h3>\n<p>&nbsp;<\/p>\n<h3><\/h3>\n<h3><\/h3>\n<p>&nbsp;<\/p>\n<div dir=\"auto\">\n<div dir=\"auto\">\n<div dir=\"auto\">\n<div dir=\"auto\">\n<div dir=\"auto\">\n<div dir=\"auto\">\n<div dir=\"auto\">\n<div dir=\"auto\">\n<div dir=\"auto\">\n<div dir=\"auto\">\n<div dir=\"auto\">\n<div dir=\"auto\"><\/div>\n<\/div>\n<\/div>\n<\/div>\n<\/div>\n<\/div>\n<\/div>\n<\/div>\n<\/div>\n<\/div>\n<\/div>\n<\/div>\n<div dir=\"auto\">\n<div dir=\"auto\">\n<div dir=\"auto\">\n<div dir=\"auto\">\n<div dir=\"auto\">\n<div dir=\"auto\">\n<div dir=\"auto\">\n<div dir=\"auto\">\n<div dir=\"auto\">\n<div dir=\"auto\">\n<div dir=\"auto\">\n<div dir=\"auto\"><\/div>\n<\/div>\n<\/div>\n<\/div>\n<\/div>\n<\/div>\n<\/div>\n<\/div>\n<\/div>\n<\/div>\n<\/div>\n<\/div>\n<p>&nbsp;<\/p>\n<p>&nbsp;<\/p>\n<h3><\/h3>\n<h3><\/h3>\n<p>&nbsp;<\/p>\n<h3><\/h3>\n<p>&nbsp;<\/p>\n<p>&nbsp;<\/p>\n<p>&nbsp;<\/p>\n<p>&nbsp;<\/p>\n<p>&nbsp;<\/p>\n<p>&nbsp;<\/p>\n","protected":false},"excerpt":{"rendered":"<p>ANNEE 2026 : Tirage-Suivi-Coupe-de-Lamitie-2026.pdf feuille-de-match-Coupe-de-lAmitie-2026.pdf &nbsp; ANNEE 2025 : Suivi r\u00e9sultats Coupe de l&#8217;Amiti\u00e9 des clubs p\u00e9tanque 2025-2026 \u00a0 \u00a0 PC Valence vainqueur 2025 Num\u00e9risation des feuilles de mach du 1er tour du 8 mai Num\u00e9risation des feuilles de match 2\u00e9me tour du 22 juin 2025 Num\u00e9risation des feuilles de match cadrage 3\u00e8me tour \u00e0 [&hellip;]<\/p>\n","protected":false},"author":1,"featured_media":0,"parent":0,"menu_order":0,"comment_status":"closed","ping_status":"closed","template":"","meta":{"ngg_post_thumbnail":0,"_tribe_blocks_recurrence_rules":"","_tribe_blocks_recurrence_exclusions":"","_tribe_blocks_recurrence_description":"","footnotes":""},"class_list":["post-10259","page","type-page","status-publish","hentry"],"_links":{"self":[{"href":"http:\/\/www.petanque82-comite.fr\/index.php?rest_route=\/wp\/v2\/pages\/10259","targetHints":{"allow":["GET"]}}],"collection":[{"href":"http:\/\/www.petanque82-comite.fr\/index.php?rest_route=\/wp\/v2\/pages"}],"about":[{"href":"http:\/\/www.petanque82-comite.fr\/index.php?rest_route=\/wp\/v2\/types\/page"}],"author":[{"embeddable":true,"href":"http:\/\/www.petanque82-comite.fr\/index.php?rest_route=\/wp\/v2\/users\/1"}],"replies":[{"embeddable":true,"href":"http:\/\/www.petanque82-comite.fr\/index.php?rest_route=%2Fwp%2Fv2%2Fcomments&post=10259"}],"version-history":[{"count":76,"href":"http:\/\/www.petanque82-comite.fr\/index.php?rest_route=\/wp\/v2\/pages\/10259\/revisions"}],"predecessor-version":[{"id":29380,"href":"http:\/\/www.petanque82-comite.fr\/index.php?rest_route=\/wp\/v2\/pages\/10259\/revisions\/29380"}],"wp:attachment":[{"href":"http:\/\/www.petanque82-comite.fr\/index.php?rest_route=%2Fwp%2Fv2%2Fmedia&parent=10259"}],"curies":[{"name":"wp","href":"https:\/\/api.w.org\/{rel}","templated":true}]}}