{"id":10713,"date":"2021-04-28T07:29:59","date_gmt":"2021-04-28T06:29:59","guid":{"rendered":"http:\/\/www.petanque82-comite.fr\/?page_id=10713"},"modified":"2025-10-07T10:33:37","modified_gmt":"2025-10-07T09:33:37","slug":"liste-des-arbitres","status":"publish","type":"page","link":"http:\/\/www.petanque82-comite.fr\/?page_id=10713","title":{"rendered":"Liste des arbitres"},"content":{"rendered":"<h5>Chaque concours officiel est plac\u00e9 sous la direction et le contr\u00f4le d&#8217;un arbitre. Il a en priorit\u00e9 un r\u00f4le d&#8217;intervention pour faire respecter de sa propre autorit\u00e9 le r\u00e8glement officiel des sports p\u00e9tanque et jeu proven\u00e7al, ainsi que les r\u00e8glements annexes.<\/h5>\n<h2 style=\"text-align: left;\">Liste des Arbitres du Tarn-et-Garonne<\/h2>\n<h2 style=\"text-align: left;\"><b>&nbsp;Responsable des arbitres&nbsp;<\/b><\/h2>\n<h2 style=\"text-align: left;\">Jean-Claude BALY (06 03 70 12 89)<\/h2>\n<p>&nbsp;<\/p>\n<p><img loading=\"lazy\" decoding=\"async\" class=\"size-medium wp-image-20872 alignleft\" src=\"http:\/\/www.petanque82-comite.fr\/wp-content\/uploads\/2023\/05\/Champions-et-delegue_page-0001-271x300.jpg\" alt=\"\" width=\"271\" height=\"300\" srcset=\"http:\/\/www.petanque82-comite.fr\/wp-content\/uploads\/2023\/05\/Champions-et-delegue_page-0001-271x300.jpg 271w, http:\/\/www.petanque82-comite.fr\/wp-content\/uploads\/2023\/05\/Champions-et-delegue_page-0001.jpg 380w\" sizes=\"auto, (max-width: 271px) 100vw, 271px\" \/><\/p>\n<h1 style=\"text-align: left;\">&nbsp;<\/h1>\n<p>&nbsp;<\/p>\n<h1 style=\"text-align: center;\">&nbsp;<\/h1>\n<h3 style=\"text-align: center;\">&nbsp;<\/h3>\n<h3 style=\"text-align: center;\">&nbsp;<\/h3>\n<h3>&nbsp;<\/h3>\n<h1 style=\"text-align: center;\"><a href=\"http:\/\/www.petanque82-comite.fr\/wp-content\/uploads\/2025\/10\/LISTE-DES-ARBITRES-2025-2.pdf\">LISTE DES ARBITRES 2025<\/a><\/h1>\n","protected":false},"excerpt":{"rendered":"<p>Chaque concours officiel est plac\u00e9 sous la direction et le contr\u00f4le d&#8217;un arbitre. Il a en priorit\u00e9 un r\u00f4le d&#8217;intervention pour faire respecter de sa propre autorit\u00e9 le r\u00e8glement officiel des sports p\u00e9tanque et jeu proven\u00e7al, ainsi que les r\u00e8glements annexes. Liste des Arbitres du Tarn-et-Garonne &nbsp;Responsable des arbitres&nbsp; Jean-Claude BALY (06 03 70 12 [&hellip;]<\/p>\n","protected":false},"author":1,"featured_media":0,"parent":0,"menu_order":0,"comment_status":"closed","ping_status":"closed","template":"","meta":{"ngg_post_thumbnail":0,"_tribe_blocks_recurrence_rules":"","_tribe_blocks_recurrence_exclusions":"","_tribe_blocks_recurrence_description":"","footnotes":""},"class_list":["post-10713","page","type-page","status-publish","hentry"],"_links":{"self":[{"href":"http:\/\/www.petanque82-comite.fr\/index.php?rest_route=\/wp\/v2\/pages\/10713","targetHints":{"allow":["GET"]}}],"collection":[{"href":"http:\/\/www.petanque82-comite.fr\/index.php?rest_route=\/wp\/v2\/pages"}],"about":[{"href":"http:\/\/www.petanque82-comite.fr\/index.php?rest_route=\/wp\/v2\/types\/page"}],"author":[{"embeddable":true,"href":"http:\/\/www.petanque82-comite.fr\/index.php?rest_route=\/wp\/v2\/users\/1"}],"replies":[{"embeddable":true,"href":"http:\/\/www.petanque82-comite.fr\/index.php?rest_route=%2Fwp%2Fv2%2Fcomments&post=10713"}],"version-history":[{"count":29,"href":"http:\/\/www.petanque82-comite.fr\/index.php?rest_route=\/wp\/v2\/pages\/10713\/revisions"}],"predecessor-version":[{"id":28612,"href":"http:\/\/www.petanque82-comite.fr\/index.php?rest_route=\/wp\/v2\/pages\/10713\/revisions\/28612"}],"wp:attachment":[{"href":"http:\/\/www.petanque82-comite.fr\/index.php?rest_route=%2Fwp%2Fv2%2Fmedia&parent=10713"}],"curies":[{"name":"wp","href":"https:\/\/api.w.org\/{rel}","templated":true}]}}