{"id":10747,"date":"2021-05-03T08:02:09","date_gmt":"2021-05-03T07:02:09","guid":{"rendered":"http:\/\/www.petanque82-comite.fr\/?page_id=10747"},"modified":"2022-03-01T15:51:44","modified_gmt":"2022-03-01T14:51:44","slug":"comptes-rendus-comite-directeur-cd82","status":"publish","type":"page","link":"http:\/\/www.petanque82-comite.fr\/?page_id=10747","title":{"rendered":"Comptes rendus Comit\u00e9 Directeur CD82"},"content":{"rendered":"<h3 style=\"text-align: left;\"><em><strong>Compte Rendu et proc\u00e8s verbaux <\/strong>2021<\/em><\/h3>\n<h4><a href=\"http:\/\/www.petanque82-comite.fr\/wp-content\/uploads\/2022\/03\/Reunion-du-15.10.2021-.pdf\">C.R. du 15.10.2021<\/a><\/h4>\n<h4><a href=\"http:\/\/www.petanque82-comite.fr\/wp-content\/uploads\/2022\/03\/C.R.-du-13.08.2021.pdf\">C.R. du 13.08.2021<\/a><\/h4>\n<h4><a href=\"http:\/\/www.petanque82-comite.fr\/wp-content\/uploads\/2021\/10\/CR-du-26.06.2021.pdf\">CR du 26.06.2021<\/a><\/h4>\n<h4><a href=\"http:\/\/www.petanque82-comite.fr\/wp-content\/uploads\/2021\/09\/CR-du-15-Mai-2021.pdf\">CR du 15 Mai 2021<\/a><\/h4>\n<h4><a href=\"http:\/\/www.petanque82-comite.fr\/wp-content\/uploads\/2021\/09\/CR-du-27-fevrier-2021-1.pdf\">CR du 27 f\u00e9vrier 2021<\/a><\/h4>\n<h4><a href=\"http:\/\/www.petanque82-comite.fr\/wp-content\/uploads\/2021\/09\/CR-du-06-fevrier-2021.pdf\">CR du 06 f\u00e9vrier 2021<\/a><\/h4>\n<h4><a href=\"http:\/\/www.petanque82-comite.fr\/wp-content\/uploads\/2021\/03\/Proces-verbal-de-la-reunion-du-6-fevrier-2021-CD82.pdf\">Proc\u00e8s verbal de la r\u00e9union du 6 f\u00e9vrier 2021 CD82<\/a><\/h4>\n<h4><a href=\"http:\/\/www.petanque82-comite.fr\/wp-content\/uploads\/2021\/03\/Proces-verbal-votes-du-30-janvier-2021-CD82.pdf\">Proc\u00e8s verbal votes du 30 janvier 2021 CD82<\/a><\/h4>\n<h4><\/h4>\n<h3 style=\"text-align: left;\"><em><strong>Compte Rendu <\/strong>2020<\/em><\/h3>\n<h4><a href=\"http:\/\/www.petanque82-comite.fr\/wp-content\/uploads\/2019\/05\/CR-r\u00e9union-08-Avril.pdf\">Pas de compte rendu<\/a><\/h4>\n<h3 style=\"text-align: left;\"><em><strong>Compte Rendu <\/strong>2019<\/em><\/h3>\n<h4><a href=\"http:\/\/www.petanque82-comite.fr\/wp-content\/uploads\/2020\/08\/CR-r\u00e9union-28-F\u00e9vrier.pdf\">CR r\u00e9union 28 F\u00e9vrier<\/a><\/h4>\n<h4><a href=\"http:\/\/www.petanque82-comite.fr\/wp-content\/uploads\/2019\/05\/CR-r\u00e9union-08-Avril.pdf\">CR r\u00e9union\u00a0 08 Avril<\/a><\/h4>\n<h4><a href=\"http:\/\/www.petanque82-comite.fr\/wp-content\/uploads\/2019\/08\/CR-r\u00e9union-27-Mai.pdf\">CR r\u00e9union 27 Mai<\/a><\/h4>\n<h4><a href=\"http:\/\/www.petanque82-comite.fr\/wp-content\/uploads\/2019\/12\/CR-r\u00e9union-CD-19-septembre.pdf\">CR r\u00e9union CD 19 septembre<\/a><\/h4>\n<h4><a href=\"http:\/\/www.petanque82-comite.fr\/wp-content\/uploads\/2019\/12\/CR-r\u00e9union-CD-24-octobre.pdf\">CR r\u00e9union CD 24 octobre<\/a><\/h4>\n<h3><\/h3>\n<h3><em><strong>Compte Rendu 2018<\/strong><\/em><\/h3>\n<h4><a href=\"http:\/\/www.petanque82-comite.fr\/\/wp-content\/uploads\/2018\/12\/CR-09-02-18.pdf\">CR 09 02 18<\/a><\/h4>\n<h4><a href=\"http:\/\/www.petanque82-comite.fr\/\/wp-content\/uploads\/2018\/12\/CR-22-03-18.pdf\">CR 22 03 18<\/a><\/h4>\n<h4><a href=\"http:\/\/www.petanque82-comite.fr\/\/wp-content\/uploads\/2018\/12\/CR-27-09-18.pdf\">CR 27 09 18<\/a><\/h4>\n<h3><\/h3>\n<h3 style=\"text-align: left;\"><em>Compte Rendu 2017<\/em><\/h3>\n<h4><a href=\"http:\/\/www.petanque82-comite.fr\/\/wp-content\/uploads\/2017\/01\/05-01-17.pdf\">cr 05-01-17<\/a><\/h4>\n<h4><a href=\"http:\/\/www.petanque82-comite.fr\/\/wp-content\/uploads\/2018\/12\/CR-02-03-17.pdf\">CR 02 03 17<\/a><\/h4>\n<h4><a href=\"http:\/\/www.petanque82-comite.fr\/\/wp-content\/uploads\/2018\/12\/CR-27-04-17.pdf\">CR 27 04 17<\/a><\/h4>\n<h4><a href=\"http:\/\/www.petanque82-comite.fr\/\/wp-content\/uploads\/2018\/12\/CR-29-06-17.pdf\">CR 29 06 17<\/a><\/h4>\n<h4><a href=\"http:\/\/www.petanque82-comite.fr\/\/wp-content\/uploads\/2018\/12\/CR-28-09-17.pdf\">CR 28 09 17<\/a><\/h4>\n<h4><a href=\"http:\/\/www.petanque82-comite.fr\/\/wp-content\/uploads\/2018\/12\/CR-14-10-17.pdf\">CR 14 10 17<\/a><\/h4>\n<h3><\/h3>\n<h3><em><strong>Compte rendu 2016<\/strong><\/em><\/h3>\n<h4><a href=\"http:\/\/www.petanque82-comite.fr\/\/wp-content\/uploads\/2015\/06\/CR-16-02-16.pdf\">cr-16-02-16<\/a><\/h4>\n<h4><a href=\"http:\/\/www.petanque82-comite.fr\/\/wp-content\/uploads\/2015\/06\/CR-28-04-16.pdf\">cr-28-04-16<\/a><\/h4>\n<h4><a href=\"http:\/\/www.petanque82-comite.fr\/\/wp-content\/uploads\/2015\/06\/CR-12-07-16.pdf\">cr-12-07-16<\/a><\/h4>\n<h4><a href=\"http:\/\/www.petanque82-comite.fr\/\/wp-content\/uploads\/2017\/01\/CR-29-09-16.pdf\">cr 29-09-16<\/a><\/h4>\n<p>&nbsp;<\/p>\n","protected":false},"excerpt":{"rendered":"<p>Compte Rendu et proc\u00e8s verbaux 2021 C.R. du 15.10.2021 C.R. du 13.08.2021 CR du 26.06.2021 CR du 15 Mai 2021 CR du 27 f\u00e9vrier 2021 CR du 06 f\u00e9vrier 2021 Proc\u00e8s verbal de la r\u00e9union du 6 f\u00e9vrier 2021 CD82 Proc\u00e8s verbal votes du 30 janvier 2021 CD82 Compte Rendu 2020 Pas de compte rendu [&hellip;]<\/p>\n","protected":false},"author":1,"featured_media":0,"parent":0,"menu_order":0,"comment_status":"closed","ping_status":"closed","template":"","meta":{"ngg_post_thumbnail":0,"_tribe_blocks_recurrence_rules":"","_tribe_blocks_recurrence_exclusions":"","_tribe_blocks_recurrence_description":"","footnotes":""},"class_list":["post-10747","page","type-page","status-publish","hentry"],"_links":{"self":[{"href":"http:\/\/www.petanque82-comite.fr\/index.php?rest_route=\/wp\/v2\/pages\/10747","targetHints":{"allow":["GET"]}}],"collection":[{"href":"http:\/\/www.petanque82-comite.fr\/index.php?rest_route=\/wp\/v2\/pages"}],"about":[{"href":"http:\/\/www.petanque82-comite.fr\/index.php?rest_route=\/wp\/v2\/types\/page"}],"author":[{"embeddable":true,"href":"http:\/\/www.petanque82-comite.fr\/index.php?rest_route=\/wp\/v2\/users\/1"}],"replies":[{"embeddable":true,"href":"http:\/\/www.petanque82-comite.fr\/index.php?rest_route=%2Fwp%2Fv2%2Fcomments&post=10747"}],"version-history":[{"count":8,"href":"http:\/\/www.petanque82-comite.fr\/index.php?rest_route=\/wp\/v2\/pages\/10747\/revisions"}],"predecessor-version":[{"id":14833,"href":"http:\/\/www.petanque82-comite.fr\/index.php?rest_route=\/wp\/v2\/pages\/10747\/revisions\/14833"}],"wp:attachment":[{"href":"http:\/\/www.petanque82-comite.fr\/index.php?rest_route=%2Fwp%2Fv2%2Fmedia&parent=10747"}],"curies":[{"name":"wp","href":"https:\/\/api.w.org\/{rel}","templated":true}]}}