{"id":10757,"date":"2021-05-03T08:08:10","date_gmt":"2021-05-03T07:08:10","guid":{"rendered":"http:\/\/www.petanque82-comite.fr\/?page_id=10757"},"modified":"2021-05-03T08:14:48","modified_gmt":"2021-05-03T07:14:48","slug":"comptes-rendus-des-reunions-avec-les-presidents-des-clubs","status":"publish","type":"page","link":"http:\/\/www.petanque82-comite.fr\/?page_id=10757","title":{"rendered":"Comptes Rendus des R\u00e9unions avec les Pr\u00e9sidents des Clubs"},"content":{"rendered":"<h3 style=\"text-align: center;\">2020<\/h3>\n<ul>\n<li><a href=\"http:\/\/www.petanque82-comite.fr\/wp-content\/uploads\/2020\/03\/CR-r\u00e9union-secteur-Ouest-28-f\u00e9vrier.pdf\">CR r\u00e9union secteur Ouest 28 f\u00e9vrier<\/a><\/li>\n<\/ul>\n<h3 style=\"text-align: center;\">2019<\/h3>\n<p>&nbsp;<\/p>\n<ul>\n<li><a href=\"http:\/\/www.petanque82-comite.fr\/wp-content\/uploads\/2019\/04\/CR-Pr\u00e9sident-4-Janvier-2019.pdf\">CR Pr\u00e9sident 4 Janvier 2019<\/a><\/li>\n<li><a href=\"http:\/\/www.petanque82-comite.fr\/wp-content\/uploads\/2019\/04\/CR-r\u00e9union-secteur-Sud-15-Mars.pdf\">CR r\u00e9union secteur Sud 15 Mars<\/a><\/li>\n<li><a href=\"http:\/\/www.petanque82-comite.fr\/wp-content\/uploads\/2019\/05\/CR-r\u00e9union-info-pr\u00e9sidents-22-Mars.pdf\">CR r\u00e9union info pr\u00e9sidents 22 Mars<\/a><\/li>\n<li><a href=\"http:\/\/www.petanque82-comite.fr\/wp-content\/uploads\/2019\/08\/CR-Pr\u00e9sident-28-Juin-2019.pdf\">CR Pr\u00e9sident 28 Juin 2019<\/a><\/li>\n<li><a href=\"http:\/\/www.petanque82-comite.fr\/wp-content\/uploads\/2019\/12\/CR-r\u00e9union-22-novembre.pdf\">CR r\u00e9union 22 novembre<\/a><\/li>\n<\/ul>\n<p>&nbsp;<\/p>\n","protected":false},"excerpt":{"rendered":"<p>2020 CR r\u00e9union secteur Ouest 28 f\u00e9vrier 2019 &nbsp; CR Pr\u00e9sident 4 Janvier 2019 CR r\u00e9union secteur Sud 15 Mars CR r\u00e9union info pr\u00e9sidents 22 Mars CR Pr\u00e9sident 28 Juin 2019 CR r\u00e9union 22 novembre &nbsp;<\/p>\n","protected":false},"author":1,"featured_media":0,"parent":0,"menu_order":0,"comment_status":"closed","ping_status":"closed","template":"","meta":{"ngg_post_thumbnail":0,"_tribe_blocks_recurrence_rules":"","_tribe_blocks_recurrence_exclusions":"","_tribe_blocks_recurrence_description":"","footnotes":""},"class_list":["post-10757","page","type-page","status-publish","hentry"],"_links":{"self":[{"href":"http:\/\/www.petanque82-comite.fr\/index.php?rest_route=\/wp\/v2\/pages\/10757","targetHints":{"allow":["GET"]}}],"collection":[{"href":"http:\/\/www.petanque82-comite.fr\/index.php?rest_route=\/wp\/v2\/pages"}],"about":[{"href":"http:\/\/www.petanque82-comite.fr\/index.php?rest_route=\/wp\/v2\/types\/page"}],"author":[{"embeddable":true,"href":"http:\/\/www.petanque82-comite.fr\/index.php?rest_route=\/wp\/v2\/users\/1"}],"replies":[{"embeddable":true,"href":"http:\/\/www.petanque82-comite.fr\/index.php?rest_route=%2Fwp%2Fv2%2Fcomments&post=10757"}],"version-history":[{"count":2,"href":"http:\/\/www.petanque82-comite.fr\/index.php?rest_route=\/wp\/v2\/pages\/10757\/revisions"}],"predecessor-version":[{"id":10763,"href":"http:\/\/www.petanque82-comite.fr\/index.php?rest_route=\/wp\/v2\/pages\/10757\/revisions\/10763"}],"wp:attachment":[{"href":"http:\/\/www.petanque82-comite.fr\/index.php?rest_route=%2Fwp%2Fv2%2Fmedia&parent=10757"}],"curies":[{"name":"wp","href":"https:\/\/api.w.org\/{rel}","templated":true}]}}