{"id":10840,"date":"2021-05-04T07:06:59","date_gmt":"2021-05-04T06:06:59","guid":{"rendered":"http:\/\/www.petanque82-comite.fr\/?page_id=10840"},"modified":"2022-11-09T06:29:53","modified_gmt":"2022-11-09T05:29:53","slug":"contact-cd82","status":"publish","type":"page","link":"http:\/\/www.petanque82-comite.fr\/?page_id=10840","title":{"rendered":"Contact CD82"},"content":{"rendered":"<h2 style=\"text-align: center;\"><a href=\"http:\/\/www.petanque82-comite.fr\/wp-content\/uploads\/2022\/11\/Information-Secretariat-du-CD82.pdf-2.pdf\">Information Secr\u00e9tariat du CD82<\/a><\/h2>\r\n<p style=\"text-align: center;\"><strong>Adresse :<\/strong><\/p>\r\n<!-- \/wp:paragraph -->\r\n\r\n<!-- wp:paragraph -->\r\n<p style=\"text-align: center;\">Boulodrome du march\u00e9 gare<\/p>\r\n<!-- \/wp:paragraph -->\r\n\r\n<!-- wp:paragraph -->\r\n<p style=\"text-align: center;\">Boulevard Chantilly<\/p>\r\n<!-- \/wp:paragraph -->\r\n\r\n<!-- wp:paragraph -->\r\n<p style=\"text-align: center;\">82000 Montauban<\/p>\r\n<!-- \/wp:paragraph -->\r\n\r\n<!-- wp:paragraph -->\r\n<p style=\"text-align: center;\"><strong>T\u00e9l\u00e9phone :<\/strong> 05.63.20.28.85<\/p>\r\n<p style=\"text-align: center;\"><strong>Email<\/strong> : cd82@petanque.fr<\/p>","protected":false},"excerpt":{"rendered":"<p>Information Secr\u00e9tariat du CD82 Adresse : Boulodrome du march\u00e9 gare Boulevard Chantilly 82000 Montauban T\u00e9l\u00e9phone : 05.63.20.28.85 Email : cd82@petanque.fr<\/p>\n","protected":false},"author":1,"featured_media":0,"parent":0,"menu_order":0,"comment_status":"closed","ping_status":"closed","template":"","meta":{"ngg_post_thumbnail":0,"_tribe_blocks_recurrence_rules":"","_tribe_blocks_recurrence_exclusions":"","_tribe_blocks_recurrence_description":"","footnotes":""},"class_list":["post-10840","page","type-page","status-publish","hentry"],"_links":{"self":[{"href":"http:\/\/www.petanque82-comite.fr\/index.php?rest_route=\/wp\/v2\/pages\/10840","targetHints":{"allow":["GET"]}}],"collection":[{"href":"http:\/\/www.petanque82-comite.fr\/index.php?rest_route=\/wp\/v2\/pages"}],"about":[{"href":"http:\/\/www.petanque82-comite.fr\/index.php?rest_route=\/wp\/v2\/types\/page"}],"author":[{"embeddable":true,"href":"http:\/\/www.petanque82-comite.fr\/index.php?rest_route=\/wp\/v2\/users\/1"}],"replies":[{"embeddable":true,"href":"http:\/\/www.petanque82-comite.fr\/index.php?rest_route=%2Fwp%2Fv2%2Fcomments&post=10840"}],"version-history":[{"count":5,"href":"http:\/\/www.petanque82-comite.fr\/index.php?rest_route=\/wp\/v2\/pages\/10840\/revisions"}],"predecessor-version":[{"id":18876,"href":"http:\/\/www.petanque82-comite.fr\/index.php?rest_route=\/wp\/v2\/pages\/10840\/revisions\/18876"}],"wp:attachment":[{"href":"http:\/\/www.petanque82-comite.fr\/index.php?rest_route=%2Fwp%2Fv2%2Fmedia&parent=10840"}],"curies":[{"name":"wp","href":"https:\/\/api.w.org\/{rel}","templated":true}]}}