{"id":10851,"date":"2021-05-04T07:24:06","date_gmt":"2021-05-04T06:24:06","guid":{"rendered":"http:\/\/www.petanque82-comite.fr\/?page_id=10851"},"modified":"2021-12-20T08:39:16","modified_gmt":"2021-12-20T07:39:16","slug":"presse-2021","status":"publish","type":"page","link":"http:\/\/www.petanque82-comite.fr\/?page_id=10851","title":{"rendered":"Presse 2021"},"content":{"rendered":"<div dir=\"auto\">\n<h4><a href=\"http:\/\/www.petanque82-comite.fr\/wp-content\/uploads\/2021\/12\/Montpezat-le-20-decembre-2021.pdf\">Montpezat le 20 d\u00e9cembre 2021<\/a><\/h4>\n<h4><a href=\"http:\/\/www.petanque82-comite.fr\/wp-content\/uploads\/2021\/12\/Villemade-le-19-decembre-2021.pdf\">Villemade le 19 d\u00e9cembre 2021<\/a><\/h4>\n<h4><a href=\"http:\/\/www.petanque82-comite.fr\/wp-content\/uploads\/2021\/12\/Beaumont-de-Lomagne-le-18-decembre-2021.pdf\">Beaumont de Lomagne le 18 d\u00e9cembre 2021<\/a><\/h4>\n<h4><a href=\"http:\/\/www.petanque82-comite.fr\/wp-content\/uploads\/2021\/12\/St-Loup-le-16-decembre-2021.pdf\">St-Loup le 16 d\u00e9cembre 2021<\/a><\/h4>\n<h4><a href=\"http:\/\/www.petanque82-comite.fr\/wp-content\/uploads\/2021\/12\/LElan-Player-Caussadais-le-12-decembre-2021.pdf\">Elan Players Caussadais le 12 d\u00e9cembre 2021<\/a><\/h4>\n<h4><a href=\"http:\/\/www.petanque82-comite.fr\/wp-content\/uploads\/2021\/12\/Savenes-le-11-decembre-2021.pdf\">Saven\u00e8s le 11 d\u00e9cembre 2021<\/a><\/h4>\n<h4><a href=\"http:\/\/www.petanque82-comite.fr\/wp-content\/uploads\/2021\/12\/Montech-le-09-decembre-2021.pdf\">Montech le 09 d\u00e9cembre 2021<\/a><\/h4>\n<h4><a href=\"http:\/\/www.petanque82-comite.fr\/wp-content\/uploads\/2021\/12\/Beaumont-de-Lomagne-le-08-decembre-2021.pdf\">Beaumont de Lomagne le 08 d\u00e9cembre 2021<\/a><\/h4>\n<h4><a href=\"http:\/\/www.petanque82-comite.fr\/wp-content\/uploads\/2021\/12\/Villemade-le-06-decembre-2021.pdf\">Villemade le 06 d\u00e9cembre 2021<\/a><\/h4>\n<h4><a href=\"http:\/\/www.petanque82-comite.fr\/wp-content\/uploads\/2021\/12\/Saint-Etienne-de-Tulmont-le-05-decembre-2021.pdf\">Saint-Etienne de Tulmont le 05 d\u00e9cembre 2021<\/a><\/h4>\n<h4><a href=\"http:\/\/www.petanque82-comite.fr\/wp-content\/uploads\/2021\/12\/St-Loup-le-03-decembre-2021.pdf\">St-Loup le 03 d\u00e9cembre 2021<\/a><\/h4>\n<h4><a href=\"http:\/\/www.petanque82-comite.fr\/wp-content\/uploads\/2021\/12\/Montpezat-le-03-decembre-2021.pdf\">Montpezat le 03 d\u00e9cembre 2021<\/a><\/h4>\n<h4><a href=\"http:\/\/www.petanque82-comite.fr\/wp-content\/uploads\/2021\/12\/St-Loup-le-02-decembre-2021.pdf\">St-Loup le 02 d\u00e9cembre 2021<\/a><\/h4>\n<h4><a href=\"http:\/\/www.petanque82-comite.fr\/wp-content\/uploads\/2021\/09\/Montpezat-le-01-decembre-2021.pdf\">Montpezat le 01 d\u00e9cembre 2021<\/a><\/h4>\n<h4><a href=\"http:\/\/www.petanque82-comite.fr\/wp-content\/uploads\/2021\/11\/Laguepie-le-29-novembre-2021.pdf\">Lagu\u00e9pie le 29 novembre 2021<\/a><\/h4>\n<h4><a href=\"http:\/\/www.petanque82-comite.fr\/wp-content\/uploads\/2021\/09\/Trophee-des-villes-le-23-novembre-2021.pdf\">Troph\u00e9e des villes (tir de pr\u00e9cision) le 23 novembre 2021<\/a><\/h4>\n<h4><a href=\"http:\/\/www.petanque82-comite.fr\/wp-content\/uploads\/2021\/09\/Montpezat-le-20-novembre-2021.pdf\">Montpezat le 20 novembre 2021<\/a><\/h4>\n<h4><a href=\"http:\/\/www.petanque82-comite.fr\/wp-content\/uploads\/2021\/11\/Vazerac-le-18-novembre-2021.pdf\">Vazerac le 18 novembre 2021<\/a><\/h4>\n<h4><a href=\"http:\/\/www.petanque82-comite.fr\/wp-content\/uploads\/2021\/11\/Montpezat-le-17-novembre-2021.pdf\">Montpezat le 17 novembre 2021<\/a><\/h4>\n<h4><a href=\"http:\/\/www.petanque82-comite.fr\/wp-content\/uploads\/2021\/11\/Montpezat-lei-13-novembre-2021.pdf\">Montpezat le 13 novembre 2021<\/a><\/h4>\n<h4><a href=\"http:\/\/www.petanque82-comite.fr\/wp-content\/uploads\/2021\/09\/Monclar-le-12-novembre-2021.pdf\">Monclar le 12 novembre 2021<\/a><\/h4>\n<h4><a href=\"http:\/\/www.petanque82-comite.fr\/wp-content\/uploads\/2021\/09\/Lavilledieu-du-Temple-le-12-novembre-2021.pdf\">Lavilledieu du Temple le 12 novembre 2021<\/a><\/h4>\n<h4><a href=\"http:\/\/www.petanque82-comite.fr\/wp-content\/uploads\/2021\/11\/Beaumont-le-09-novembre-2021.pdf\">Beaumont le 09 novembre 2021<\/a><\/h4>\n<h4><a href=\"http:\/\/www.petanque82-comite.fr\/wp-content\/uploads\/2021\/11\/Espoir-Caussadais-le-08-novembre-2021.pdf\">Espoir Caussadais le 08 novembre 2021<\/a><\/h4>\n<h4><a href=\"http:\/\/www.petanque82-comite.fr\/wp-content\/uploads\/2021\/09\/Labastide-du-Temple-le-05-novembre-2021.pdf\">Labastide du Temple le 05 novembre 2021<\/a><\/h4>\n<h4><a href=\"http:\/\/www.petanque82-comite.fr\/wp-content\/uploads\/2021\/09\/Montpezat-le-05-novembre-2021.pdf\">Montpezat le 05 novembre 2021<\/a><\/h4>\n<h4><a href=\"http:\/\/www.petanque82-comite.fr\/wp-content\/uploads\/2021\/09\/St-Loup-lei-05-novembre-2021.pdf\">St-Loup le 05 novembre 2021<\/a><\/h4>\n<h4><a href=\"http:\/\/www.petanque82-comite.fr\/wp-content\/uploads\/2021\/11\/Septfond-le01-novembre-2021.pdf\">Septfond le 01 novembre 2021<\/a><\/h4>\n<h4><a href=\"http:\/\/www.petanque82-comite.fr\/wp-content\/uploads\/2021\/09\/Montpezat-le-30-octobre-2021.pdf\">Montpezat le 30 octobre 2021<\/a><\/h4>\n<h4><a href=\"http:\/\/www.petanque82-comite.fr\/wp-content\/uploads\/2021\/09\/Lavilledieu-du-Temple-lei-30-octobre-2021.pdf\">Lavilledieu du Temple le 30 octobre 2021<\/a><\/h4>\n<h4><a href=\"http:\/\/www.petanque82-comite.fr\/wp-content\/uploads\/2021\/09\/Montaigu-le-29-octobre-2021.pdf\">Montaigu le 29 octobre 2021<\/a><\/h4>\n<h4><a href=\"http:\/\/www.petanque82-comite.fr\/wp-content\/uploads\/2021\/09\/Castelasarrasin-le-26-octobre-2021.pdf\">Castelsarrasin le 26 octobre 2021<\/a><\/h4>\n<h4><a href=\"http:\/\/www.petanque82-comite.fr\/wp-content\/uploads\/2021\/09\/Lavilledieu-du-Temple-le-21-octobre-2021.pdf\">Lavilledieu du Temple le 21 octobre 2021<\/a><\/h4>\n<h4><a href=\"http:\/\/www.petanque82-comite.fr\/wp-content\/uploads\/2021\/10\/St-Loup-le-19-octobre-2021.pdf\">St-Loup le 19 octobre 2021<\/a><\/h4>\n<h4><a href=\"http:\/\/www.petanque82-comite.fr\/wp-content\/uploads\/2021\/10\/Beaumont-de-Lomagne-le-13-octobre-2021.pdf\">Beaumont de Lomagne le 13 octobre 2021<\/a><\/h4>\n<h4><a href=\"http:\/\/www.petanque82-comite.fr\/wp-content\/uploads\/2021\/10\/Castelssarrasin-le-13-octobre-2021.pdf\">Castelsarrasin le 13 octobre 2021<\/a><\/h4>\n<h4><a href=\"http:\/\/www.petanque82-comite.fr\/wp-content\/uploads\/2021\/10\/Bressols-le-13-octobre-2021.pdf\">Bressols le 13 octobre 2021<\/a><\/h4>\n<h4><a href=\"http:\/\/www.petanque82-comite.fr\/wp-content\/uploads\/2021\/10\/Lafrancaise-le-11-octobre-2021.pdf\">Lafran\u00e7aise le 11 octobre 2021<\/a><\/h4>\n<h4><a href=\"http:\/\/www.petanque82-comite.fr\/wp-content\/uploads\/2021\/10\/Montpezat-le-09-octobre-2021.pdf\">Montpezat le 09 octobre 2021<\/a><\/h4>\n<h4><a href=\"http:\/\/www.petanque82-comite.fr\/wp-content\/uploads\/2021\/09\/Laguepie-le-06-octobre-2021.pdf\">Lagu\u00e9pie le 06 octobre 2021<\/a><\/h4>\n<h4><a href=\"http:\/\/www.petanque82-comite.fr\/wp-content\/uploads\/2021\/09\/Montpezat-le-02-octobre-2021.pdf\">Montpezat le 02 octobre 2021<\/a><\/h4>\n<h4><a href=\"http:\/\/www.petanque82-comite.fr\/wp-content\/uploads\/2021\/10\/Elan-Players-le-01-octobre-2021.pdf\">Elan Players le 01 octobre 2021<\/a><\/h4>\n<h4><a href=\"http:\/\/www.petanque82-comite.fr\/wp-content\/uploads\/2021\/10\/Monclar-de-Quercy-le-30-septembre-2021.pdf\">Monclar de Quercy le 30 septembre 2021<\/a><\/h4>\n<h4><a href=\"http:\/\/www.petanque82-comite.fr\/wp-content\/uploads\/2021\/10\/Beaumont-de-Lomagne-le-30-septembre-2021.pdf\">Beaumont de Lomagne le 30 septembre 2021<\/a><\/h4>\n<h4><a href=\"http:\/\/www.petanque82-comite.fr\/wp-content\/uploads\/2021\/03\/Dieupentale-le-28-septembre-2021.pdf\">Dieupentale le 28 septembre 2021<\/a><\/h4>\n<h4><a href=\"http:\/\/www.petanque82-comite.fr\/wp-content\/uploads\/2021\/03\/Aucamville-le-28-septembre-2021.pdf\">Aucamville le 28 septembre 2021<\/a><\/h4>\n<h4><a href=\"http:\/\/www.petanque82-comite.fr\/wp-content\/uploads\/2021\/03\/Espoir-Caussadais-le-28-septembre-2021.pdf\">Espoir Caussadais le 28 septembre 2021<\/a><\/h4>\n<h4>\u00a0<a href=\"http:\/\/www.petanque82-comite.fr\/wp-content\/uploads\/2021\/03\/Campsas-le-27-septembre-2021.pdf\">Campsas le 27 septembre 2021<\/a><\/h4>\n<h4><a href=\"http:\/\/www.petanque82-comite.fr\/wp-content\/uploads\/2021\/03\/Montclar-de-Quercy-le-24-septembre-2021.pdf\">Montclar de Quercy le 24 septembre 2021<\/a><\/h4>\n<h4><a href=\"http:\/\/www.petanque82-comite.fr\/wp-content\/uploads\/2021\/03\/Saint-Antonin-le-23-septembre-2021.pdf\">Saint-Antonin le 23 septembre 2021<\/a><\/h4>\n<h4><a href=\"http:\/\/www.petanque82-comite.fr\/wp-content\/uploads\/2021\/03\/Elan-Players-Caussadais-le-23-septembre-2021.pdf\">Elan Players Caussadais le 23 septembre 2021<\/a><\/h4>\n<h4><a href=\"http:\/\/www.petanque82-comite.fr\/wp-content\/uploads\/2021\/03\/Montbartier-le-21-septembre-2021.pdf\">Montbartier le 21 septembre 2021<\/a><\/h4>\n<h4><a href=\"http:\/\/www.petanque82-comite.fr\/wp-content\/uploads\/2021\/03\/Saint-Antonin-lei-21-septembre-2021.pdf\">Saint-Antonin lei 21 septembre 2021<\/a><\/h4>\n<h4><a href=\"http:\/\/www.petanque82-comite.fr\/wp-content\/uploads\/2021\/03\/Bressols-le-19-septembre-2021.pdf\">Bressols le 19 septembre 2021<\/a><\/h4>\n<h4><a href=\"http:\/\/www.petanque82-comite.fr\/wp-content\/uploads\/2021\/03\/Saint-Antonin-le-19-septembre-2021.pdf\">Saint-Antonin le 19 septembre 2021<\/a><\/h4>\n<h4><a href=\"http:\/\/www.petanque82-comite.fr\/wp-content\/uploads\/2021\/03\/FRANCE-DOUBLETTES-MIXTES-2-1-1.pdf\">FRANCE DOUBLETTES MIXTES La D\u00e9p\u00eache du 30 \u00c2o\u00fbt 2021<\/a><\/h4>\n<h4><a href=\"http:\/\/www.petanque82-comite.fr\/wp-content\/uploads\/2021\/03\/FRANCE-DOUBLETTES-MIXTES-1-1-2.pdf\">FRANCE DOUBLETTES MIXTES La D\u00e9p\u00eache du 29 Ao\u00fbt 2021<\/a><\/h4>\n<h4><a href=\"http:\/\/www.petanque82-comite.fr\/wp-content\/uploads\/2021\/03\/Page-La-Depeche-du-26-aout-2021.pdf\">Page La D\u00e9p\u00eache du 26 ao\u00fbt 2021 (1\u00e9re partie)<\/a><\/h4>\n<h4><a href=\"http:\/\/www.petanque82-comite.fr\/wp-content\/uploads\/2021\/03\/Page-La-Depeche-du-26-aout-2021.2-pdf.pdf\">Page La D\u00e9p\u00eache du 26 ao\u00fbt 2021 (2\u00e9me partie)\u00a0<\/a><\/h4>\n<h4><a href=\"http:\/\/www.petanque82-comite.fr\/wp-content\/uploads\/2021\/03\/Septfond-le-26-aout-2021.pdf\">Septfond le 26 ao\u00fbt 2021<\/a><\/h4>\n<h4><a href=\"http:\/\/www.petanque82-comite.fr\/wp-content\/uploads\/2021\/03\/LUSM-le-24-aout-2021.pdf\">L&#8217;USM le 24 ao\u00fbt 2021<\/a><\/h4>\n<h4><a href=\"http:\/\/www.petanque82-comite.fr\/wp-content\/uploads\/2021\/03\/Usm-le-22-aout-2021.pdf\">L&#8217;USM le 22 ao\u00fbt 2021<\/a><\/h4>\n<h4><a href=\"http:\/\/www.petanque82-comite.fr\/wp-content\/uploads\/2021\/03\/USM-le-18-aout-2021.pdf\">L&#8217;USM le 18 ao\u00fbt 2021<\/a><\/h4>\n<h4><a href=\"http:\/\/www.petanque82-comite.fr\/wp-content\/uploads\/2021\/03\/Lavilledieu-du-Temple-le-12-aout-2021.pdf\">Lavilledieu du Temple le 12 ao\u00fbt 2021<\/a><\/h4>\n<h4><a href=\"http:\/\/www.petanque82-comite.fr\/wp-content\/uploads\/2021\/03\/Dieupentale-lei-04-aout-2021.pdf\">Dieupentale lei 04 ao\u00fbt 2021<\/a><\/h4>\n<\/div>\n<h4><a href=\"http:\/\/www.petanque82-comite.fr\/wp-content\/uploads\/2021\/03\/Beaumont-de-Lomagne-le-28-juillet-2021.pdf\">Beaumont de Lomagne le 28 juillet 2021<\/a><\/h4>\n<h4><a href=\"http:\/\/www.petanque82-comite.fr\/wp-content\/uploads\/2021\/03\/Montbartier-le-27-juillet-2021.pdf\">Montbartier le 27 juillet 2021<\/a><\/h4>\n<h4><a href=\"http:\/\/www.petanque82-comite.fr\/wp-content\/uploads\/2021\/03\/Monclar-le-27-juillet-2021.pdf\">Monclar le 27 juillet 2021<\/a><\/h4>\n<h4><a href=\"http:\/\/www.petanque82-comite.fr\/wp-content\/uploads\/2021\/03\/Meauzac-le-27-juillet-2021.pdf\">Meauzac le 27 juillet 2021<\/a><\/h4>\n<h4><a href=\"http:\/\/www.petanque82-comite.fr\/wp-content\/uploads\/2021\/03\/LHonor-de-Cos-le-26-juillet-2021.pdf\">L&#8217;Honor de Cos le 26 juillet 2021<\/a><\/h4>\n<h4><a href=\"http:\/\/www.petanque82-comite.fr\/wp-content\/uploads\/2021\/03\/Beaumont-de-Lomagne-le-24-juillet-2021.pdf\">Beaumont de Lomagne le 24 juillet 2021<\/a><\/h4>\n<h4><a href=\"http:\/\/www.petanque82-comite.fr\/wp-content\/uploads\/2021\/03\/Dieupentale-le-24-juillet-2021.pdf\">Dieupentale le 24 juillet 2021<\/a><\/h4>\n<h4><a href=\"http:\/\/www.petanque82-comite.fr\/wp-content\/uploads\/2021\/03\/Lavilledieu-du-Temple-le-20-juillet-2021.pdf\">Lavilledieu du Temple le 20 juillet 2021<\/a><\/h4>\n<h4><a href=\"http:\/\/www.petanque82-comite.fr\/wp-content\/uploads\/2021\/03\/Montpezat-le-16-juillet-2021.pdf\">Montpezat le 16 juillet 2021<\/a><\/h4>\n<h4><a href=\"http:\/\/www.petanque82-comite.fr\/wp-content\/uploads\/2021\/03\/Montbartier-le-16-juillet-2021.pdf\">Montbartier le 16 juillet 2021<\/a><\/h4>\n<h4><a href=\"http:\/\/www.petanque82-comite.fr\/wp-content\/uploads\/2021\/03\/Dieupentale-le12-juillet-2021.pdf\">Dieupentale le 12 juillet 2021<\/a><\/h4>\n<h4><a href=\"http:\/\/www.petanque82-comite.fr\/wp-content\/uploads\/2021\/03\/Dieupentale-le-10-juillet-2021.pdf\">Dieupentale le 10 juillet 2021<\/a><\/h4>\n<h4><a href=\"http:\/\/www.petanque82-comite.fr\/wp-content\/uploads\/2021\/03\/Labarthe-le-10-juillet-2021.pdf\">Labarthe le 10 juillet 2021<\/a><\/h4>\n<h4><a href=\"http:\/\/www.petanque82-comite.fr\/wp-content\/uploads\/2021\/03\/Savenes-le-10-juillet-2021.pdf\">Savenes le 10 juillet 2021<\/a><\/h4>\n<h4><a href=\"http:\/\/www.petanque82-comite.fr\/wp-content\/uploads\/2021\/03\/Montech-le-06-juillet-2021.pdf\">Montech le 06 juillet 2021<\/a><\/h4>\n<h4><a href=\"http:\/\/www.petanque82-comite.fr\/wp-content\/uploads\/2021\/03\/Septfonds-le-05-juillet-2021.pdf\">Septfonds le 05 juillet 2021<\/a><\/h4>\n<h4><a href=\"http:\/\/www.petanque82-comite.fr\/wp-content\/uploads\/2021\/07\/ASMontauban-le-03-juillet-2021.pdf\">ASMontauban le 03 juillet 2021<\/a><\/h4>\n<h4><a href=\"http:\/\/www.petanque82-comite.fr\/wp-content\/uploads\/2021\/03\/Montech-le-02-juillet-2021.pdf\">Montech le 02 juillet 2021<\/a><\/h4>\n<h4><a href=\"http:\/\/www.petanque82-comite.fr\/wp-content\/uploads\/2021\/03\/Page-La-Depeche-Juin-2021.pdf\">Page La D\u00e9p\u00eache Juin 2021<\/a><\/h4>\n<h4><a href=\"http:\/\/www.petanque82-comite.fr\/wp-content\/uploads\/2021\/03\/Dieupentale-le-01-juillet-2021-1.pdf\">Dieupentale le 01 juillet 2021<\/a><\/h4>\n<h4><a href=\"http:\/\/www.petanque82-comite.fr\/wp-content\/uploads\/2021\/06\/Elan-Players-Caussadais-le-26-juin-2021.pdf\">Elan Players Caussadais le 26 juin 2021<\/a><\/h4>\n<h4><a href=\"http:\/\/www.petanque82-comite.fr\/wp-content\/uploads\/2021\/06\/Dieupentale-le-26-juin-2021.pdf\">Dieupentale le 26 juin 2021<\/a><\/h4>\n<h4><a href=\"http:\/\/www.petanque82-comite.fr\/wp-content\/uploads\/2021\/06\/Vazerac-le-22-juin-2021.pdf\">Vazerac le 22 juin 2021<\/a><\/h4>\n<h4><a href=\"http:\/\/www.petanque82-comite.fr\/wp-content\/uploads\/2021\/06\/Donzac-le-22-juin-2021.pdf\">Donzac le 22 juin 2021<\/a><\/h4>\n<h4><a href=\"http:\/\/www.petanque82-comite.fr\/wp-content\/uploads\/2021\/06\/Montaigu-de-Quercy-le-22-juin-2021.pdf\">Montaigu de Quercy le 22 juin 2021<\/a><\/h4>\n<h4><a href=\"http:\/\/www.petanque82-comite.fr\/wp-content\/uploads\/2021\/03\/Caussade-le-20-juin-2021.pdf\">Caussade le 20 juin 2021<\/a><\/h4>\n<h4><a href=\"http:\/\/www.petanque82-comite.fr\/wp-content\/uploads\/2021\/03\/Dieupentale-le-18-juin-2021.pdf\">Dieupentale le 18 juin 2021<\/a><\/h4>\n<h4><a href=\"http:\/\/www.petanque82-comite.fr\/wp-content\/uploads\/2021\/03\/Villemade-le-17-juin-2021.pdf\">Villemade le 17 juin 2021<\/a><\/h4>\n<h4><a href=\"http:\/\/www.petanque82-comite.fr\/wp-content\/uploads\/2021\/03\/Dieupentale-le-15-juin-2021.pdf\">Dieupentale le 15 juin 2021<\/a><\/h4>\n<h4><a href=\"http:\/\/www.petanque82-comite.fr\/wp-content\/uploads\/2021\/06\/Beaumont-de-Lomagne-le-10-juin-2021.pdf\">Beaumont de Lomagne le 10 juin 2021<\/a><\/h4>\n<h4><a href=\"http:\/\/www.petanque82-comite.fr\/wp-content\/uploads\/2021\/06\/Corbarieu-le-10-juin-2021.pdf\">Corbarieu le 10 juin 2021<\/a><\/h4>\n<h4><a href=\"http:\/\/www.petanque82-comite.fr\/wp-content\/uploads\/2021\/06\/Dieupentale-le-10-juin-2021.pdf\">Dieupentale le 10 juin 2021<\/a><\/h4>\n<h4><a href=\"http:\/\/www.petanque82-comite.fr\/wp-content\/uploads\/2021\/06\/Dieupentale-le-10-juin-2021.pdf-2.pdf\">Dieupentale le 10 juin 2021<\/a><\/h4>\n<h4><a href=\"http:\/\/www.petanque82-comite.fr\/wp-content\/uploads\/2021\/06\/Reynies-le-10-juin-2021.pdf\">Reyni\u00e8s le 10 juin 2021<\/a><\/h4>\n<h4><a href=\"http:\/\/www.petanque82-comite.fr\/wp-content\/uploads\/2021\/06\/Montartier-le-09-juin-2021.pdf\">Montbartier le 09 juin 2021<\/a><\/h4>\n<h4><a href=\"http:\/\/www.petanque82-comite.fr\/wp-content\/uploads\/2021\/06\/Dieupentale-le-05-juin-2021.pdf\">Dieupentale le 05 juin 2021<\/a><\/h4>\n<h4><a href=\"http:\/\/www.petanque82-comite.fr\/wp-content\/uploads\/2021\/06\/Beaumont-de-Lomagne-le-04-juin-2021.pdf\">Beaumont de Lomagne le 04 juin 2021<\/a><\/h4>\n<h4><a href=\"http:\/\/www.petanque82-comite.fr\/wp-content\/uploads\/2021\/06\/Montbartier-le-04-juin-2021.pdf\">Montbartier le 04 juin 2021<\/a><\/h4>\n<h4><a href=\"http:\/\/www.petanque82-comite.fr\/wp-content\/uploads\/2021\/06\/Savenes-02-juin-2021.pdf\">Savenes le 02 juin 2021<\/a><\/h4>\n<h4><a href=\"http:\/\/www.petanque82-comite.fr\/wp-content\/uploads\/2021\/05\/Septfond-31-mai-2021.pdf\">Septfond le 31 mai 2021<\/a><\/h4>\n<h4><a href=\"http:\/\/www.petanque82-comite.fr\/wp-content\/uploads\/2021\/05\/Espoir-Caussade-31-mai-2021.pdf\">Espoir Caussade le 31 mai 2021<\/a><\/h4>\n<h4><a href=\"http:\/\/www.petanque82-comite.fr\/wp-content\/uploads\/2021\/05\/Vazerac-le-27-mai-2021.pdf\">Vazerac le 27 mai 2021<\/a><\/h4>\n<h4><a href=\"http:\/\/www.petanque82-comite.fr\/wp-content\/uploads\/2021\/05\/PAGE-DEPECHE-27-MAI-1.pdf\">Page La D\u00e9p\u00eache CD82 27 MAI 2021\u00a0<\/a><\/h4>\n<h4><a href=\"http:\/\/www.petanque82-comite.fr\/wp-content\/uploads\/2021\/05\/Deces-de-Madame-Helene-SAMARA-.pdf\">Avis d\u00e9c\u00e8s de Madame H\u00e9l\u00e8ne SAMARA<\/a><\/h4>\n<h4><a href=\"http:\/\/www.petanque82-comite.fr\/wp-content\/uploads\/2021\/04\/La-Depeche-le-29-avril-2021.pdf\">Page La D\u00e9p\u00eache CD82 le 29 avril 2021<\/a><\/h4>\n<h4><a href=\"http:\/\/www.petanque82-comite.fr\/wp-content\/uploads\/2021\/04\/Lavilledieu-du-Temple-le-23-avril-2021.pdf\">Lavilledieu-du-Temple le 23 avril 2021<\/a><\/h4>\n<h4><a href=\"http:\/\/www.petanque82-comite.fr\/wp-content\/uploads\/2021\/04\/Castelsarrasin-le-21-avril-2021-1.pdf\">Castelsarrasin le 21 avril 2021<\/a><\/h4>\n<h4><a href=\"http:\/\/www.petanque82-comite.fr\/wp-content\/uploads\/2021\/04\/Septfond-09-avril-2021.pdf\">Septfond le 09 avril 2021<\/a><\/h4>\n<h4><a href=\"http:\/\/www.petanque82-comite.fr\/wp-content\/uploads\/2021\/04\/Montaigu-de-Quercy-06-avril-2021-1.pdf\">Montaigu-de-Quercy le 06 avril 2021<\/a><\/h4>\n<h4><a href=\"http:\/\/www.petanque82-comite.fr\/wp-content\/uploads\/2021\/03\/MONTBARTIER-LE-31-MARS-2021.pdf\">Montbartier le 31 Mars 2021<\/a><\/h4>\n<h4><a href=\"http:\/\/www.petanque82-comite.fr\/wp-content\/uploads\/2021\/03\/LA-DEPECHE-31-MARS-2021.pdf\">Page LA DEPECHE CD82 le 31 MARS 2021<\/a><\/h4>\n<h4><a href=\"http:\/\/www.petanque82-comite.fr\/wp-content\/uploads\/2021\/03\/Patrice-LESTAGE-le-24-mars-2021-1.pdf\">Patrice LESTAGE le 24 mars 2021<\/a><\/h4>\n<h4><a href=\"http:\/\/www.petanque82-comite.fr\/wp-content\/uploads\/2021\/03\/Saint-Etienne-de-Tulmont-le-22-mars-2021.pdf\">Saint-Etienne de Tulmont le 22 mars 2021<\/a><\/h4>\n<h4><a href=\"http:\/\/www.petanque82-comite.fr\/wp-content\/uploads\/2021\/03\/Saint-Antonin-Noble-Val-le-21-mars-2021-1.pdf\">Saint-Antonin Noble-Val le 21 mars 2021<\/a><\/h4>\n<h4><a href=\"http:\/\/www.petanque82-comite.fr\/wp-content\/uploads\/2021\/03\/Saint-Antonin-Noble-Val-19-mars-2021.pdf\">Saint-Antonin-Noble-Val le 19 mars 2021<\/a><\/h4>\n<h4><a href=\"http:\/\/www.petanque82-comite.fr\/wp-content\/uploads\/2021\/03\/Lavilledieu-du-Temple-le-17-mars-2021.pdf\">Lavilledieu du Temple le 17 mars 2021<\/a><\/h4>\n<h4><a href=\"http:\/\/www.petanque82-comite.fr\/wp-content\/uploads\/2021\/03\/Petanque-club-Valencien-16-mars-2021.pdf\">P\u00e9tanque club Valencien le 16 mars 2021<\/a><\/h4>\n<h4><a href=\"http:\/\/www.petanque82-comite.fr\/wp-content\/uploads\/2021\/03\/PAGE-DEPECHE-10-Mars-2021.pdf\">Page La D\u00e9p\u00eache CD82 le 10 Mars 2021<\/a><\/h4>\n<h4><a href=\"http:\/\/www.petanque82-comite.fr\/wp-content\/uploads\/2021\/03\/Lavilledieu-du-Temple-le-07-mars-2021.pdf\">Lavilledieu du Temple le 07 mars 2021<\/a><\/h4>\n<h4><a href=\"http:\/\/www.petanque82-comite.fr\/wp-content\/uploads\/2021\/03\/Lamothe-Capdeville-07-mars-2021-1.pdf\">Lamothe-Capdeville le 07 mars 2021<\/a><\/h4>\n<h4><a href=\"http:\/\/www.petanque82-comite.fr\/wp-content\/uploads\/2021\/03\/Loubejac-22-fevrier-2021-3.pdf\">Loub\u00e8jac le 22 f\u00e9vrier 2021<\/a><\/h4>\n<h4><\/h4>\n","protected":false},"excerpt":{"rendered":"<p>Montpezat le 20 d\u00e9cembre 2021 Villemade le 19 d\u00e9cembre 2021 Beaumont de Lomagne le 18 d\u00e9cembre 2021 St-Loup le 16 d\u00e9cembre 2021 Elan Players Caussadais le 12 d\u00e9cembre 2021 Saven\u00e8s le 11 d\u00e9cembre 2021 Montech le 09 d\u00e9cembre 2021 Beaumont de Lomagne le 08 d\u00e9cembre 2021 Villemade le 06 d\u00e9cembre 2021 Saint-Etienne de Tulmont le [&hellip;]<\/p>\n","protected":false},"author":1,"featured_media":0,"parent":0,"menu_order":0,"comment_status":"closed","ping_status":"closed","template":"","meta":{"ngg_post_thumbnail":0,"_tribe_blocks_recurrence_rules":"","_tribe_blocks_recurrence_exclusions":"","_tribe_blocks_recurrence_description":"","footnotes":""},"class_list":["post-10851","page","type-page","status-publish","hentry"],"_links":{"self":[{"href":"http:\/\/www.petanque82-comite.fr\/index.php?rest_route=\/wp\/v2\/pages\/10851","targetHints":{"allow":["GET"]}}],"collection":[{"href":"http:\/\/www.petanque82-comite.fr\/index.php?rest_route=\/wp\/v2\/pages"}],"about":[{"href":"http:\/\/www.petanque82-comite.fr\/index.php?rest_route=\/wp\/v2\/types\/page"}],"author":[{"embeddable":true,"href":"http:\/\/www.petanque82-comite.fr\/index.php?rest_route=\/wp\/v2\/users\/1"}],"replies":[{"embeddable":true,"href":"http:\/\/www.petanque82-comite.fr\/index.php?rest_route=%2Fwp%2Fv2%2Fcomments&post=10851"}],"version-history":[{"count":79,"href":"http:\/\/www.petanque82-comite.fr\/index.php?rest_route=\/wp\/v2\/pages\/10851\/revisions"}],"predecessor-version":[{"id":14240,"href":"http:\/\/www.petanque82-comite.fr\/index.php?rest_route=\/wp\/v2\/pages\/10851\/revisions\/14240"}],"wp:attachment":[{"href":"http:\/\/www.petanque82-comite.fr\/index.php?rest_route=%2Fwp%2Fv2%2Fmedia&parent=10851"}],"curies":[{"name":"wp","href":"https:\/\/api.w.org\/{rel}","templated":true}]}}