{"id":11538,"date":"2021-05-30T09:46:08","date_gmt":"2021-05-30T08:46:08","guid":{"rendered":"http:\/\/www.petanque82-comite.fr\/?page_id=11538"},"modified":"2023-02-08T08:08:42","modified_gmt":"2023-02-08T07:08:42","slug":"calendriers-departements-occitanie","status":"publish","type":"page","link":"http:\/\/www.petanque82-comite.fr\/?page_id=11538","title":{"rendered":"Calendriers D\u00e9partements Occitanie"},"content":{"rendered":"<h2>Ann\u00e9e 2023 :<\/h2>\n<h3><a href=\"http:\/\/www.petanque82-comite.fr\/wp-content\/uploads\/2022\/04\/Affiche-Trophee-des-Dames-2023.pdf\">CD46 Affiche Troph\u00e9e des Dames 2023<\/a><\/h3>\n<h3><a href=\"http:\/\/www.petanque82-comite.fr\/wp-content\/uploads\/2022\/04\/reglement-trophee-des-dames.pdf\">R\u00e8glement troph\u00e9e des dames<\/a><\/h3>\n<p>&nbsp;<\/p>\n<h2><strong><em>Ann\u00e9e 2022 :<\/em><\/strong><\/h2>\n<h3><a href=\"http:\/\/club.quomodo.com\/comite_departemental_des_hautes-pyrenees\/comite\/calendrier-2022.html\">Calendrier des Hautes-Pyr\u00e9n\u00e9es 2022<\/a><\/h3>\n<p>&nbsp;<\/p>\n<h2><em><strong>Ann\u00e9e 2021 :<\/strong><\/em><\/h2>\n<h3><a href=\"http:\/\/www.petanque82-comite.fr\/wp-content\/uploads\/2021\/05\/calendrier-2021-Ariege.pdf\">Calendrier 2021 Ari\u00e8ge<\/a><\/h3>\n<h3><a href=\"http:\/\/www.petanque82-comite.fr\/wp-content\/uploads\/2021\/05\/CALENDRIER-COMITE-DE-LAUDE-DE-PETANQUE-ET-DU-JEU-PROVENCAL.pdf\">Calendrier 2021 Aude<\/a><\/h3>\n<h3><a href=\"http:\/\/www.petanque82-comite.fr\/wp-content\/uploads\/2021\/05\/Calendrier-petanque-2021-Aveyron.pdf\">Calendrier 2021 Aveyron<\/a><\/h3>\n<h3><a href=\"http:\/\/www.petanque82-comite.fr\/wp-content\/uploads\/2021\/05\/Calendriers-2021-Gard.pdf\">Calendriers 2021 Gard<\/a><\/h3>\n<h3><a href=\"http:\/\/www.petanque82-comite.fr\/wp-content\/uploads\/2021\/05\/Calendrier-petanqueGers-2021.pdf\">Calendrier 2021 Gers<\/a><\/h3>\n<h3><a href=\"http:\/\/www.petanque82-comite.fr\/wp-content\/uploads\/2021\/05\/Calendrier-Haute-Garone-2021.pdf\">Calendrier Haute-Garonne 2021<\/a><\/h3>\n<h3><a href=\"http:\/\/www.petanque82-comite.fr\/wp-content\/uploads\/2021\/05\/Calendrier-petanque-2021-Hautes-Pyrenees.pdf\">Calendrier 2021 Hautes-Pyr\u00e9n\u00e9es<\/a><\/h3>\n<h3><a href=\"http:\/\/www.petanque82-comite.fr\/wp-content\/uploads\/2021\/05\/calendrier-2021-Herault-2021.pdf\">Calendrier 2021 H\u00e9rault<\/a><\/h3>\n<h3><a href=\"http:\/\/www.petanque82-comite.fr\/wp-content\/uploads\/2021\/05\/Calendrier-de-reprise-des-concours-Lot-2021.pdf\">Calendrier Lot 2021<\/a><\/h3>\n<h3><a href=\"http:\/\/www.petanque82-comite.fr\/wp-content\/uploads\/2021\/05\/DCalendrier-petanque-2021-Lozere.pdf\">Calendrier 2021 Loz\u00e8re<\/a><\/h3>\n<h3><a href=\"http:\/\/www.petanque82-comite.fr\/wp-content\/uploads\/2021\/05\/CALENDRIER-2021PO.pdf\">Calendrier 2021 Pyr\u00e9n\u00e9es Orientales<\/a><\/h3>\n<h3><a href=\"http:\/\/www.petanque82-comite.fr\/wp-content\/uploads\/2021\/05\/Calendrier-petanque-2021-Tarn-2.pdf\">Calendrier 2021 Tarn<\/a><\/h3>\n<h3><\/h3>\n","protected":false},"excerpt":{"rendered":"<p>Ann\u00e9e 2023 : CD46 Affiche Troph\u00e9e des Dames 2023 R\u00e8glement troph\u00e9e des dames &nbsp; Ann\u00e9e 2022 : Calendrier des Hautes-Pyr\u00e9n\u00e9es 2022 &nbsp; Ann\u00e9e 2021 : Calendrier 2021 Ari\u00e8ge Calendrier 2021 Aude Calendrier 2021 Aveyron Calendriers 2021 Gard Calendrier 2021 Gers Calendrier Haute-Garonne 2021 Calendrier 2021 Hautes-Pyr\u00e9n\u00e9es Calendrier 2021 H\u00e9rault Calendrier Lot 2021 Calendrier 2021 Loz\u00e8re [&hellip;]<\/p>\n","protected":false},"author":1,"featured_media":0,"parent":0,"menu_order":0,"comment_status":"closed","ping_status":"closed","template":"","meta":{"ngg_post_thumbnail":0,"_tribe_blocks_recurrence_rules":"","_tribe_blocks_recurrence_exclusions":"","_tribe_blocks_recurrence_description":"","footnotes":""},"class_list":["post-11538","page","type-page","status-publish","hentry"],"_links":{"self":[{"href":"http:\/\/www.petanque82-comite.fr\/index.php?rest_route=\/wp\/v2\/pages\/11538","targetHints":{"allow":["GET"]}}],"collection":[{"href":"http:\/\/www.petanque82-comite.fr\/index.php?rest_route=\/wp\/v2\/pages"}],"about":[{"href":"http:\/\/www.petanque82-comite.fr\/index.php?rest_route=\/wp\/v2\/types\/page"}],"author":[{"embeddable":true,"href":"http:\/\/www.petanque82-comite.fr\/index.php?rest_route=\/wp\/v2\/users\/1"}],"replies":[{"embeddable":true,"href":"http:\/\/www.petanque82-comite.fr\/index.php?rest_route=%2Fwp%2Fv2%2Fcomments&post=11538"}],"version-history":[{"count":11,"href":"http:\/\/www.petanque82-comite.fr\/index.php?rest_route=\/wp\/v2\/pages\/11538\/revisions"}],"predecessor-version":[{"id":19543,"href":"http:\/\/www.petanque82-comite.fr\/index.php?rest_route=\/wp\/v2\/pages\/11538\/revisions\/19543"}],"wp:attachment":[{"href":"http:\/\/www.petanque82-comite.fr\/index.php?rest_route=%2Fwp%2Fv2%2Fmedia&parent=11538"}],"curies":[{"name":"wp","href":"https:\/\/api.w.org\/{rel}","templated":true}]}}