{"id":11710,"date":"2021-06-07T12:35:07","date_gmt":"2021-06-07T11:35:07","guid":{"rendered":"http:\/\/www.petanque82-comite.fr\/?page_id=11710"},"modified":"2026-04-24T09:31:37","modified_gmt":"2026-04-24T08:31:37","slug":"veterans","status":"publish","type":"page","link":"http:\/\/www.petanque82-comite.fr\/?page_id=11710","title":{"rendered":"Triplette v\u00e9t\u00e9rans"},"content":{"rendered":"<h2><strong>ANNEE\u00a0 2026 :<\/strong><\/h2>\n<p><strong>Championnat D\u00e9partemental Triplette v\u00e9t\u00e9rans &#8211; Montauban les 22 &amp; 23 avril 2026<\/strong><\/p>\n<p>1 \u00e9quipe qualifi\u00e9e pour le championnat de France<\/p>\n<p>2 \u00e9quipes qualifi\u00e9es pour le championnat r\u00e9gional Occitanie<\/p>\n<h3><a href=\"http:\/\/www.petanque82-comite.fr\/wp-content\/uploads\/2026\/04\/Affiche-chpt-trip-vet-2026.pdf\">Affiche-chpt82-triplette-v\u00e9t\u00e9rans-2026<\/a><\/h3>\n<h3><a href=\"http:\/\/www.petanque82-comite.fr\/wp-content\/uploads\/2026\/04\/20260422_CD_VET_082_TV_Montauban_Liste-des-Equipes.pdf\">Liste-des-Equipes<\/a><\/h3>\n<h3><a href=\"http:\/\/www.petanque82-comite.fr\/wp-content\/uploads\/2026\/04\/20260422_CD_VET_082_TV_Montauban_Liste-Poules-2.pdf\">Liste-des-Poules<\/a><\/h3>\n<h3><a href=\"https:\/\/championnats-occitanie.ovh\/CD82\/Page_Rslt_20260422_CD_VET_082_TV_0000.html\">Suivi-&amp;-r\u00e9sultats<\/a><\/h3>\n<p><strong>Champions<\/strong><\/p>\n<p><img loading=\"lazy\" decoding=\"async\" class=\"alignnone size-medium wp-image-30293\" src=\"http:\/\/www.petanque82-comite.fr\/wp-content\/uploads\/2026\/04\/Vainqueurs-300x178.jpg\" alt=\"\" width=\"300\" height=\"178\" srcset=\"http:\/\/www.petanque82-comite.fr\/wp-content\/uploads\/2026\/04\/Vainqueurs-300x178.jpg 300w, http:\/\/www.petanque82-comite.fr\/wp-content\/uploads\/2026\/04\/Vainqueurs.jpg 600w\" sizes=\"auto, (max-width: 300px) 100vw, 300px\" \/><\/p>\n<p>ARBONELLI Jean-Louis, ROUCOLLE G\u00e9rard, JOUVE Jean-Claude (St Etienne de Tulmont)<\/p>\n<p>Equipe qualifi\u00e9e pour le championnat de France \u00e0 Saint-Yriex<\/p>\n<p><strong>Vice-champions<\/strong><\/p>\n<p><img loading=\"lazy\" decoding=\"async\" class=\"alignnone size-medium wp-image-30294\" src=\"http:\/\/www.petanque82-comite.fr\/wp-content\/uploads\/2026\/04\/Vice-champions-1-300x188.jpg\" alt=\"\" width=\"300\" height=\"188\" srcset=\"http:\/\/www.petanque82-comite.fr\/wp-content\/uploads\/2026\/04\/Vice-champions-1-300x188.jpg 300w, http:\/\/www.petanque82-comite.fr\/wp-content\/uploads\/2026\/04\/Vice-champions-1.jpg 600w\" sizes=\"auto, (max-width: 300px) 100vw, 300px\" \/><\/p>\n<p>BRUNET Fr\u00e9d\u00e9ric, COTTES Michel, VAN- DEN- NESTE Daniel (P\u00e9tanque Golfech)<\/p>\n<p>Equipe qualifi\u00e9e pour le championnat r\u00e9gional Occitanie \u00e0 Montauban<\/p>\n<p><strong>Demi-finalistes<\/strong><\/p>\n<p><img loading=\"lazy\" decoding=\"async\" class=\"alignnone size-medium wp-image-30295\" src=\"http:\/\/www.petanque82-comite.fr\/wp-content\/uploads\/2026\/04\/demi-finaliste-1-300x241.jpg\" alt=\"\" width=\"300\" height=\"241\" srcset=\"http:\/\/www.petanque82-comite.fr\/wp-content\/uploads\/2026\/04\/demi-finaliste-1-300x241.jpg 300w, http:\/\/www.petanque82-comite.fr\/wp-content\/uploads\/2026\/04\/demi-finaliste-1.jpg 600w\" sizes=\"auto, (max-width: 300px) 100vw, 300px\" \/><\/p>\n<p>BAUER Jos\u00e9, BAUER Philippe, SAMARA Jacques (P\u00e9tanque Montpezat)<\/p>\n<p>Equipe qualifi\u00e9e pour le championnat r\u00e9gional Occitanie \u00e0 Montauban<\/p>\n<p><img loading=\"lazy\" decoding=\"async\" class=\"alignnone size-medium wp-image-30296\" src=\"http:\/\/www.petanque82-comite.fr\/wp-content\/uploads\/2026\/04\/demi-finaliste-2-300x252.jpg\" alt=\"\" width=\"300\" height=\"252\" srcset=\"http:\/\/www.petanque82-comite.fr\/wp-content\/uploads\/2026\/04\/demi-finaliste-2-300x252.jpg 300w, http:\/\/www.petanque82-comite.fr\/wp-content\/uploads\/2026\/04\/demi-finaliste-2.jpg 600w\" sizes=\"auto, (max-width: 300px) 100vw, 300px\" \/><\/p>\n<p>PECCOLO Angel, DUBON Christian, FALLONE Jean-Pierre (P\u00e9tanque Golfech)<\/p>\n<h2><strong>ANNEE\u00a0 2025 :<\/strong><\/h2>\n<p><strong>Championnat D\u00e9partemental Triplette v\u00e9t\u00e9rans<\/strong><\/p>\n<h3><a href=\"https:\/\/championnats-occitanie.ovh\/CD82\/Page_Rslt_Cd_Trip_Veteran_Beaumont.html\">R\u00e9sultats en direct Triplette V\u00e9t\u00e9ran \u00e0 Beaumont<\/a><\/h3>\n<p><img loading=\"lazy\" decoding=\"async\" class=\"size-medium wp-image-27077\" src=\"http:\/\/www.petanque82-comite.fr\/wp-content\/uploads\/2025\/04\/IMG20250417190507-225x300.jpg\" alt=\"\" width=\"225\" height=\"300\" srcset=\"http:\/\/www.petanque82-comite.fr\/wp-content\/uploads\/2025\/04\/IMG20250417190507-225x300.jpg 225w, http:\/\/www.petanque82-comite.fr\/wp-content\/uploads\/2025\/04\/IMG20250417190507-768x1024.jpg 768w, http:\/\/www.petanque82-comite.fr\/wp-content\/uploads\/2025\/04\/IMG20250417190507-1152x1536.jpg 1152w, http:\/\/www.petanque82-comite.fr\/wp-content\/uploads\/2025\/04\/IMG20250417190507-1536x2048.jpg 1536w, http:\/\/www.petanque82-comite.fr\/wp-content\/uploads\/2025\/04\/IMG20250417190507-scaled.jpg 1920w\" sizes=\"auto, (max-width: 225px) 100vw, 225px\" \/><\/p>\n<p>MOUCHET Jean-Pierre\u00a0 &#8211; GARAIX Claude &#8211; BOLHY Alain<br \/>\nPETANQUE DE MONTBARTIER sont qualifi\u00e9s\u00a0pour le France \u00e0 Bourg St Maurice les 20 et 21 Ao\u00fbt.<\/p>\n<p><img loading=\"lazy\" decoding=\"async\" class=\"size-medium wp-image-27078\" src=\"http:\/\/www.petanque82-comite.fr\/wp-content\/uploads\/2025\/04\/IMG20250417190215-1-225x300.jpg\" alt=\"\" width=\"225\" height=\"300\" srcset=\"http:\/\/www.petanque82-comite.fr\/wp-content\/uploads\/2025\/04\/IMG20250417190215-1-225x300.jpg 225w, http:\/\/www.petanque82-comite.fr\/wp-content\/uploads\/2025\/04\/IMG20250417190215-1-768x1024.jpg 768w, http:\/\/www.petanque82-comite.fr\/wp-content\/uploads\/2025\/04\/IMG20250417190215-1-1152x1536.jpg 1152w, http:\/\/www.petanque82-comite.fr\/wp-content\/uploads\/2025\/04\/IMG20250417190215-1-1536x2048.jpg 1536w, http:\/\/www.petanque82-comite.fr\/wp-content\/uploads\/2025\/04\/IMG20250417190215-1-scaled.jpg 1920w\" sizes=\"auto, (max-width: 225px) 100vw, 225px\" \/><\/p>\n<p>CANTEMERLE Michel &#8211; LARROQUE Claude &#8211; FRANCOIS Bernard<br \/>\nSC NEGREPELISSE PETANQUE sont qualifi\u00e9s pour le le R\u00e9gional \u00e0 Revel (31) le 30mai<\/p>\n<p>&nbsp;<\/p>\n<p><img loading=\"lazy\" decoding=\"async\" class=\"size-medium wp-image-27080\" src=\"http:\/\/www.petanque82-comite.fr\/wp-content\/uploads\/2025\/04\/IMG20250417170816-225x300.jpg\" alt=\"\" width=\"225\" height=\"300\" srcset=\"http:\/\/www.petanque82-comite.fr\/wp-content\/uploads\/2025\/04\/IMG20250417170816-225x300.jpg 225w, http:\/\/www.petanque82-comite.fr\/wp-content\/uploads\/2025\/04\/IMG20250417170816-768x1024.jpg 768w, http:\/\/www.petanque82-comite.fr\/wp-content\/uploads\/2025\/04\/IMG20250417170816-1152x1536.jpg 1152w, http:\/\/www.petanque82-comite.fr\/wp-content\/uploads\/2025\/04\/IMG20250417170816-1536x2048.jpg 1536w, http:\/\/www.petanque82-comite.fr\/wp-content\/uploads\/2025\/04\/IMG20250417170816-scaled.jpg 1920w\" sizes=\"auto, (max-width: 225px) 100vw, 225px\" \/><\/p>\n<p>TREFEL Jo\u00ebl &#8211; RIEUTORD Michel &#8211; AMPELACOURIRA Alain<br \/>\nA S DIEUPENTALE PETANQUE sont qualifi\u00e9s pour le le R\u00e9gional \u00e0 Revel (31) le 30mai<\/p>\n<p>&nbsp;<\/p>\n<h2><strong>ANNEE\u00a0 2024 :<\/strong><\/h2>\n<p><strong>Triplette v\u00e9t\u00e9rans<\/strong><\/p>\n<h3><a href=\"http:\/\/www.petanque82-comite.fr\/result\/Page_Rslt_CDTV_FINALE_2024.html\">R\u00e9sultats en direct<\/a><\/h3>\n<p><img loading=\"lazy\" decoding=\"async\" class=\"alignnone size-medium wp-image-23985\" src=\"http:\/\/www.petanque82-comite.fr\/wp-content\/uploads\/2022\/04\/Montpezat-champion-Copie-225x300.jpg\" alt=\"\" width=\"225\" height=\"300\" srcset=\"http:\/\/www.petanque82-comite.fr\/wp-content\/uploads\/2022\/04\/Montpezat-champion-Copie-225x300.jpg 225w, http:\/\/www.petanque82-comite.fr\/wp-content\/uploads\/2022\/04\/Montpezat-champion-Copie.jpg 750w\" sizes=\"auto, (max-width: 225px) 100vw, 225px\" \/><\/p>\n<p>LINSTRUISEUR Francis, NAVARRO Michel, GARCIA Christian<br \/>\nPETANQUE MONTPEZATAISE sont qualifi\u00e9s pour le France \u00e0 Castelnaudary (11)<\/p>\n<p><img loading=\"lazy\" decoding=\"async\" class=\"alignnone size-medium wp-image-23984\" src=\"http:\/\/www.petanque82-comite.fr\/wp-content\/uploads\/2022\/04\/Finaliste-Montbartier-Copie-225x300.jpg\" alt=\"\" width=\"225\" height=\"300\" srcset=\"http:\/\/www.petanque82-comite.fr\/wp-content\/uploads\/2022\/04\/Finaliste-Montbartier-Copie-225x300.jpg 225w, http:\/\/www.petanque82-comite.fr\/wp-content\/uploads\/2022\/04\/Finaliste-Montbartier-Copie.jpg 750w\" sizes=\"auto, (max-width: 225px) 100vw, 225px\" \/><\/p>\n<p>COUPEL Thierry, GARAIX Claude, BOLHY Alain,<br \/>\nPETANQUE DE MONTBARTIER sont qualifi\u00e9s pour le R\u00e9gional \u00e0 Marvejols (48)<\/p>\n<p><img loading=\"lazy\" decoding=\"async\" class=\"alignnone size-medium wp-image-23986\" src=\"http:\/\/www.petanque82-comite.fr\/wp-content\/uploads\/2022\/04\/1-2-finaliste-EP-Caussade-Copie-225x300.jpg\" alt=\"\" width=\"225\" height=\"300\" srcset=\"http:\/\/www.petanque82-comite.fr\/wp-content\/uploads\/2022\/04\/1-2-finaliste-EP-Caussade-Copie-225x300.jpg 225w, http:\/\/www.petanque82-comite.fr\/wp-content\/uploads\/2022\/04\/1-2-finaliste-EP-Caussade-Copie.jpg 750w\" sizes=\"auto, (max-width: 225px) 100vw, 225px\" \/><\/p>\n<p>GASC Daniel, BOEDEC Jean-Luc, ROUBERTIES Robert<br \/>\nELAN PLAYER&#8217;S CAUSSADAIS sont qualifi\u00e9s pour le R\u00e9gional \u00e0 Marvejols (48)<\/p>\n<p><img loading=\"lazy\" decoding=\"async\" class=\"alignnone size-medium wp-image-23987\" src=\"http:\/\/www.petanque82-comite.fr\/wp-content\/uploads\/2022\/04\/1-2-finaliste-USM-Copie-225x300.jpg\" alt=\"\" width=\"225\" height=\"300\" srcset=\"http:\/\/www.petanque82-comite.fr\/wp-content\/uploads\/2022\/04\/1-2-finaliste-USM-Copie-225x300.jpg 225w, http:\/\/www.petanque82-comite.fr\/wp-content\/uploads\/2022\/04\/1-2-finaliste-USM-Copie.jpg 750w\" sizes=\"auto, (max-width: 225px) 100vw, 225px\" \/><\/p>\n<p>ESGALHADO Fernando, MORANDINI Fran\u00e7ois, GARCES Alain<br \/>\nUS MONTAUBAN PETANQUE sont qualifi\u00e9s pour le R\u00e9gional \u00e0 Marvejols (48)<\/p>\n<p>&nbsp;<\/p>\n<h2><strong>ANNEE\u00a0 2023 :<\/strong><\/h2>\n<p><strong>Triplette v\u00e9t\u00e9rans\u00a0<\/strong><\/p>\n<h3><a href=\"http:\/\/www.petanque82-comite.fr\/result\/Page_Rslt_CD_TV_FINALE_2023.html\">R\u00e9sultats en direct<\/a><\/h3>\n<p><img loading=\"lazy\" decoding=\"async\" class=\"alignnone size-medium wp-image-20540\" src=\"http:\/\/www.petanque82-comite.fr\/wp-content\/uploads\/2022\/04\/20230420_215006-Copie.jpg-2-292x300.jpg\" alt=\"\" width=\"292\" height=\"300\" srcset=\"http:\/\/www.petanque82-comite.fr\/wp-content\/uploads\/2022\/04\/20230420_215006-Copie.jpg-2-292x300.jpg 292w, http:\/\/www.petanque82-comite.fr\/wp-content\/uploads\/2022\/04\/20230420_215006-Copie.jpg-2.jpg 562w\" sizes=\"auto, (max-width: 292px) 100vw, 292px\" \/><\/p>\n<p><strong><a href=\"http:\/\/www.petanque82-comite.fr\/wp-content\/uploads\/2022\/04\/20230420_215006.jpg-2.pdf\">Qualifi\u00e9s pour le France \u00e0 Flamanville <\/a><\/strong><\/p>\n<p><strong><a href=\"http:\/\/www.petanque82-comite.fr\/wp-content\/uploads\/2022\/04\/20230420_215006.jpg-2.pdf\">TAISANT Denys, LINSTRUISEUR Francis, CARLES Pierre<br \/>\nP\u00e9tanque MONTPEZATAISE<\/a><\/strong><\/p>\n<p>&nbsp;<\/p>\n<p><img loading=\"lazy\" decoding=\"async\" class=\"alignnone size-medium wp-image-20541\" src=\"http:\/\/www.petanque82-comite.fr\/wp-content\/uploads\/2022\/04\/20230420_215049-Copie.jpg-2-220x300.jpg\" alt=\"\" width=\"220\" height=\"300\" srcset=\"http:\/\/www.petanque82-comite.fr\/wp-content\/uploads\/2022\/04\/20230420_215049-Copie.jpg-2-220x300.jpg 220w, http:\/\/www.petanque82-comite.fr\/wp-content\/uploads\/2022\/04\/20230420_215049-Copie.jpg-2.jpg 525w\" sizes=\"auto, (max-width: 220px) 100vw, 220px\" \/><\/p>\n<p><strong><a href=\"http:\/\/www.petanque82-comite.fr\/wp-content\/uploads\/2022\/04\/20230420_215049.jpg-2.pdf\">Qualifi\u00e9s pour le R\u00e9gional \u00e0 Castres <\/a><\/strong><\/p>\n<p><strong><a href=\"http:\/\/www.petanque82-comite.fr\/wp-content\/uploads\/2022\/04\/20230420_215049.jpg-2.pdf\">JOLLY Jean-Claude, LESTRADE Jean-Louis, BELARD Jean-Claude<br \/>\nP\u00e9tanque MOISSAGAISE<\/a><\/strong><\/p>\n<p><img loading=\"lazy\" decoding=\"async\" class=\"alignnone size-medium wp-image-20542\" src=\"http:\/\/www.petanque82-comite.fr\/wp-content\/uploads\/2022\/04\/20230420_221700-Copie-300x287.jpg\" alt=\"\" width=\"300\" height=\"287\" srcset=\"http:\/\/www.petanque82-comite.fr\/wp-content\/uploads\/2022\/04\/20230420_221700-Copie-300x287.jpg 300w, http:\/\/www.petanque82-comite.fr\/wp-content\/uploads\/2022\/04\/20230420_221700-Copie.jpg 524w\" sizes=\"auto, (max-width: 300px) 100vw, 300px\" \/><\/p>\n<p><strong><a href=\"http:\/\/www.petanque82-comite.fr\/wp-content\/uploads\/2022\/04\/20230420_221700.pdf\">Qualifi\u00e9s pour le R\u00e9gional \u00e0 Castres <\/a><\/strong><\/p>\n<p><strong><a href=\"http:\/\/www.petanque82-comite.fr\/wp-content\/uploads\/2022\/04\/20230420_221700.pdf\">ARQUIE Roger, ROCHES Michel, AMANS Francis<br \/>\nP\u00e9tanque GRISOLLAISE<\/a><\/strong><\/p>\n<p>&nbsp;<\/p>\n<h2><strong>ANNEE\u00a0 2022 :<\/strong><\/h2>\n<h3><a href=\"http:\/\/www.petanque82-comite.fr\/wp-content\/uploads\/2022\/04\/Les-equipes-qualifiees-pour-la-poule-finale-triplette-veterans-2022-.pdf\">Les \u00e9quipes qualifi\u00e9es pour la poule finale triplette v\u00e9t\u00e9rans 2022<\/a><\/h3>\n<h2><strong><a href=\"http:\/\/www.petanque82-comite.fr\/result\/Page_Rslt_2022_T_V_FINALE_MASC.html\">R\u00e9sultats en direct<\/a><\/strong><\/h2>\n<p><strong>Une \u00e9quipe est qualifi\u00e9e pour le France \u00e0 Ax les Thermes.<\/strong><\/p>\n<p><img loading=\"lazy\" decoding=\"async\" class=\"alignnone size-medium wp-image-15900\" src=\"http:\/\/www.petanque82-comite.fr\/wp-content\/uploads\/2022\/04\/Champions-veterans-2022-Copie-225x300.jpg\" alt=\"\" width=\"225\" height=\"300\" srcset=\"http:\/\/www.petanque82-comite.fr\/wp-content\/uploads\/2022\/04\/Champions-veterans-2022-Copie-225x300.jpg 225w, http:\/\/www.petanque82-comite.fr\/wp-content\/uploads\/2022\/04\/Champions-veterans-2022-Copie.jpg 750w\" sizes=\"auto, (max-width: 225px) 100vw, 225px\" \/><\/p>\n<p><strong><a href=\"http:\/\/www.petanque82-comite.fr\/wp-content\/uploads\/2022\/04\/Champions-veterans-2022-1.pdf\">Champions v\u00e9t\u00e9rans 2022 en pdf <\/a><\/strong><\/p>\n<p>CANTEMERLE MICHEL<br \/>\nLARROQUE CLAUDE<br \/>\nFRANCOIS BERNARD<br \/>\nSC N\u00e8grepelisse p\u00e9tanque<\/p>\n<p>&nbsp;<\/p>\n<p><strong>Trois \u00e9quipes sont qualifi\u00e9es pour le championnat r\u00e9gional \u00e0 Rivesaltes.<\/strong><\/p>\n<p><img loading=\"lazy\" decoding=\"async\" class=\"alignnone size-medium wp-image-15903\" src=\"http:\/\/www.petanque82-comite.fr\/wp-content\/uploads\/2022\/04\/Vice-Champions-2022-Copie-225x300.jpg\" alt=\"\" width=\"225\" height=\"300\" srcset=\"http:\/\/www.petanque82-comite.fr\/wp-content\/uploads\/2022\/04\/Vice-Champions-2022-Copie-225x300.jpg 225w, http:\/\/www.petanque82-comite.fr\/wp-content\/uploads\/2022\/04\/Vice-Champions-2022-Copie.jpg 750w\" sizes=\"auto, (max-width: 225px) 100vw, 225px\" \/><\/p>\n<p><strong><a href=\"http:\/\/www.petanque82-comite.fr\/wp-content\/uploads\/2022\/04\/Vice-Champions-2022.pdf\">Vice-Champions 2022 en pdf<\/a><\/strong><\/p>\n<p>FAYRET PIERRE<br \/>\nCOUSTILLIERES JEAN MICHEL<br \/>\nLAVILLE PATRICK<br \/>\nP\u00e9tanque Var\u00e9noise<\/p>\n<p><img loading=\"lazy\" decoding=\"async\" class=\"alignnone size-medium wp-image-15904\" src=\"http:\/\/www.petanque82-comite.fr\/wp-content\/uploads\/2022\/04\/Demi-finalistes-2022-Copie-225x300.jpg\" alt=\"\" width=\"225\" height=\"300\" srcset=\"http:\/\/www.petanque82-comite.fr\/wp-content\/uploads\/2022\/04\/Demi-finalistes-2022-Copie-225x300.jpg 225w, http:\/\/www.petanque82-comite.fr\/wp-content\/uploads\/2022\/04\/Demi-finalistes-2022-Copie.jpg 750w\" sizes=\"auto, (max-width: 225px) 100vw, 225px\" \/><\/p>\n<p><strong><a href=\"http:\/\/www.petanque82-comite.fr\/wp-content\/uploads\/2022\/04\/Demi-finalistes-2022.pdf\">Demi-finalistes 2022 en pdf<\/a>\u00a0<\/strong><\/p>\n<p>VARNIER JEAN-CLAUDE<br \/>\nBAIS JEAN-LOUIS<br \/>\nMERCE DIDIER<br \/>\nEBC Castelsarrasin<\/p>\n<p><img loading=\"lazy\" decoding=\"async\" class=\"alignnone size-medium wp-image-15905\" src=\"http:\/\/www.petanque82-comite.fr\/wp-content\/uploads\/2022\/04\/Demis-finalistes-2022-Copie-225x300.jpg\" alt=\"\" width=\"225\" height=\"300\" srcset=\"http:\/\/www.petanque82-comite.fr\/wp-content\/uploads\/2022\/04\/Demis-finalistes-2022-Copie-225x300.jpg 225w, http:\/\/www.petanque82-comite.fr\/wp-content\/uploads\/2022\/04\/Demis-finalistes-2022-Copie.jpg 750w\" sizes=\"auto, (max-width: 225px) 100vw, 225px\" \/><\/p>\n<p><strong><a href=\"http:\/\/www.petanque82-comite.fr\/wp-content\/uploads\/2022\/04\/Demis-finalistes-2022.pdf\">Dem<\/a><a href=\"http:\/\/www.petanque82-comite.fr\/wp-content\/uploads\/2022\/04\/Demis-finalistes-2022.pdf\">is finalistes 2022 en pdf<\/a><\/strong><\/p>\n<p>LINSTRUISEUR FRANCIS<\/p>\n<p>LINSTRUISEUR ANDR\u00c9<br \/>\nPYRKA PATRICK<\/p>\n<p>SC N\u00e8grepelisse P\u00e9tanque<\/p>\n<p>&nbsp;<\/p>\n<h2><strong>Ann\u00e9e 2021 :<\/strong><\/h2>\n<h2><strong><a href=\"http:\/\/www.petanque82-comite.fr\/result\/Page_Rslt_Qualif_TV_2021.html#tonancre\">R\u00e9sultats triplette v\u00e9t\u00e9rans 2021<\/a><\/strong><\/h2>\n<p><img loading=\"lazy\" decoding=\"async\" class=\"alignnone size-medium wp-image-11825\" src=\"http:\/\/www.petanque82-comite.fr\/wp-content\/uploads\/2021\/06\/IMG20210610173948-2-225x300.jpg\" alt=\"\" width=\"225\" height=\"300\" srcset=\"http:\/\/www.petanque82-comite.fr\/wp-content\/uploads\/2021\/06\/IMG20210610173948-2-225x300.jpg 225w, http:\/\/www.petanque82-comite.fr\/wp-content\/uploads\/2021\/06\/IMG20210610173948-2.jpg 300w\" sizes=\"auto, (max-width: 225px) 100vw, 225px\" \/><\/p>\n<p><strong><a href=\"http:\/\/www.petanque82-comite.fr\/wp-content\/uploads\/2021\/06\/Les-champions-veterans-2021-en-pdf.pdf\">Les Champions v\u00e9t\u00e9rans 2021 BOISSE Jean-Denis &#8211; DELLAMARIA Alain &#8211; CANTEMERLE Michel &#8211; N\u00e9grepelisse P\u00e9tanque vainqueur en finale de l&#8217;\u00e9quipe DARMAGNAC de St-Martial qui a r\u00e9alis\u00e9 un superbe parcours. (\u00e0 t\u00e9l\u00e9charger)<\/a><\/strong><\/p>\n<p><img loading=\"lazy\" decoding=\"async\" class=\"alignnone size-medium wp-image-11865\" src=\"http:\/\/www.petanque82-comite.fr\/wp-content\/uploads\/2021\/06\/Les-champions-veterans-2021-avec-Le-president-de-lASM-organisateur-et-les-arbitres-de-la-finale-2-225x300.jpg\" alt=\"\" width=\"225\" height=\"300\" srcset=\"http:\/\/www.petanque82-comite.fr\/wp-content\/uploads\/2021\/06\/Les-champions-veterans-2021-avec-Le-president-de-lASM-organisateur-et-les-arbitres-de-la-finale-2-225x300.jpg 225w, http:\/\/www.petanque82-comite.fr\/wp-content\/uploads\/2021\/06\/Les-champions-veterans-2021-avec-Le-president-de-lASM-organisateur-et-les-arbitres-de-la-finale-2.jpg 300w\" sizes=\"auto, (max-width: 225px) 100vw, 225px\" \/><\/p>\n<p><strong><a href=\"http:\/\/www.petanque82-comite.fr\/wp-content\/uploads\/2021\/06\/Les-champions-veterans-2021-avec-Le-president-de-lASM-organisateur-et-les-arbitres-de-la-finale.pdf\">Les Champions v\u00e9t\u00e9rans 2021 avec le pr\u00e9sident de l&#8217;ASM Michel Meurice l&#8217;organisateur et les arbitres de la finale (\u00e0 t\u00e9l\u00e9charger)<\/a><\/strong><\/p>\n<h4><a href=\"http:\/\/www.petanque82-comite.fr\/wp-content\/uploads\/2021\/06\/Qualification-triplette-veterans-2021-Liste-des-Equipes.pdf\"><strong>Liste des Equipes<\/strong><\/a><\/h4>\n<h4><strong><a href=\"http:\/\/www.petanque82-comite.fr\/wp-content\/uploads\/2021\/06\/Qualification-Triplette-veteran-2021-Liste-Poules.pdf\">Liste des Poules<\/a><\/strong><\/h4>\n<h4><\/h4>\n","protected":false},"excerpt":{"rendered":"<p>ANNEE\u00a0 2026 : Championnat D\u00e9partemental Triplette v\u00e9t\u00e9rans &#8211; Montauban les 22 &amp; 23 avril 2026 1 \u00e9quipe qualifi\u00e9e pour le championnat de France 2 \u00e9quipes qualifi\u00e9es pour le championnat r\u00e9gional Occitanie Affiche-chpt82-triplette-v\u00e9t\u00e9rans-2026 Liste-des-Equipes Liste-des-Poules Suivi-&amp;-r\u00e9sultats Champions ARBONELLI Jean-Louis, ROUCOLLE G\u00e9rard, JOUVE Jean-Claude (St Etienne de Tulmont) Equipe qualifi\u00e9e pour le championnat de France \u00e0 Saint-Yriex [&hellip;]<\/p>\n","protected":false},"author":1,"featured_media":0,"parent":0,"menu_order":0,"comment_status":"closed","ping_status":"closed","template":"","meta":{"ngg_post_thumbnail":0,"_tribe_blocks_recurrence_rules":"","_tribe_blocks_recurrence_exclusions":"","_tribe_blocks_recurrence_description":"","footnotes":""},"class_list":["post-11710","page","type-page","status-publish","hentry"],"_links":{"self":[{"href":"http:\/\/www.petanque82-comite.fr\/index.php?rest_route=\/wp\/v2\/pages\/11710","targetHints":{"allow":["GET"]}}],"collection":[{"href":"http:\/\/www.petanque82-comite.fr\/index.php?rest_route=\/wp\/v2\/pages"}],"about":[{"href":"http:\/\/www.petanque82-comite.fr\/index.php?rest_route=\/wp\/v2\/types\/page"}],"author":[{"embeddable":true,"href":"http:\/\/www.petanque82-comite.fr\/index.php?rest_route=\/wp\/v2\/users\/1"}],"replies":[{"embeddable":true,"href":"http:\/\/www.petanque82-comite.fr\/index.php?rest_route=%2Fwp%2Fv2%2Fcomments&post=11710"}],"version-history":[{"count":92,"href":"http:\/\/www.petanque82-comite.fr\/index.php?rest_route=\/wp\/v2\/pages\/11710\/revisions"}],"predecessor-version":[{"id":30297,"href":"http:\/\/www.petanque82-comite.fr\/index.php?rest_route=\/wp\/v2\/pages\/11710\/revisions\/30297"}],"wp:attachment":[{"href":"http:\/\/www.petanque82-comite.fr\/index.php?rest_route=%2Fwp%2Fv2%2Fmedia&parent=11710"}],"curies":[{"name":"wp","href":"https:\/\/api.w.org\/{rel}","templated":true}]}}