{"id":11740,"date":"2021-06-08T06:52:53","date_gmt":"2021-06-08T05:52:53","guid":{"rendered":"http:\/\/www.petanque82-comite.fr\/?page_id=11740"},"modified":"2026-03-23T14:30:36","modified_gmt":"2026-03-23T13:30:36","slug":"promotion","status":"publish","type":"page","link":"http:\/\/www.petanque82-comite.fr\/?page_id=11740","title":{"rendered":"Triplette promotion"},"content":{"rendered":"<h2>ANNEE 2026<\/h2>\n<p><span style=\"color: #000000;\"><strong>Championnat d\u00e9partemental Triplette Promotion samedi 21 mars\u00a0 et dimanche 22 mars 2026<\/strong><\/span><\/p>\n<h4>Date limite d&#8217;inscription le 11 mars 2026 au comit\u00e9<\/h4>\n<h3><a href=\"http:\/\/www.petanque82-comite.fr\/wp-content\/uploads\/2026\/03\/FEUILLES-INSCRIPTIONS-QUALIFICATIONS-2026-1.xls\">FEUILLE-INSCRIPTIONS-QUALIFICATIONS-TRIPLETTE-PROMOTION2026.xls<\/a><\/h3>\n<p>(Inscription par liste sp\u00e9ciale via Gestion Concours \u00e0 privil\u00e9gier)<\/p>\n<h3><a href=\"http:\/\/www.petanque82-comite.fr\/wp-content\/uploads\/2026\/03\/Affiche-chpt-TG-Trip-Promo-2026.pdf\">Affiche-chpt-TG-Trip-Promo-2026.pdf<\/a><\/h3>\n<h3><a href=\"http:\/\/www.petanque82-comite.fr\/wp-content\/uploads\/2026\/03\/20260321_QUALIF_CD_PROMO_082_TSPromo_0128_S1_Liste-des-Equipes.pdf\">Liste-des-Equipes-Secteur-Ouest-Les-Barthes<\/a><\/h3>\n<h3><a href=\"http:\/\/www.petanque82-comite.fr\/wp-content\/uploads\/2026\/03\/20260321_QUALIF_CD_PROMO_082_TSPromo_0128_S1_Liste-Poules.pdf\">Liste-Poules-Secteur-Ouest-Les-Barthes<\/a><\/h3>\n<h3><a href=\"https:\/\/championnats-occitanie.ovh\/CD82\/Page_Rslt_20260321_QUALIF_CD_PROMO_082_TSPromo_0128_S1.html\">Suivi des r\u00e9sultats Les Barthes samedi<\/a><\/h3>\n<h3><\/h3>\n<h3><a href=\"http:\/\/www.petanque82-comite.fr\/wp-content\/uploads\/2026\/03\/20260321_QUALIF_CD_PROMO_082_TSPromo_0128_S2_Liste-des-Equipes.pdf\">Liste-des-Equipes-Secteur-Ouest-Moissac<\/a><\/h3>\n<h3><a href=\"http:\/\/www.petanque82-comite.fr\/wp-content\/uploads\/2026\/03\/20260321_QUALIF_CD_PROMO_082_TSPromo_0128_S2_Liste-Poules.pdf\">Liste-Poules-Secteur-Ouest-Moissac<\/a><\/h3>\n<h3><a href=\"https:\/\/championnats-occitanie.ovh\/CD82\/Page_Rslt_20260321_QUALIF_CD_PROMO_082_TSPromo_0128_S2.html\">Suivi des r\u00e9sultats Moissac samedi<\/a><\/h3>\n<h3><\/h3>\n<h3><a href=\"http:\/\/www.petanque82-comite.fr\/wp-content\/uploads\/2026\/03\/20260321_QUALIF_CD_PROMO_082_TSPromo_0141_S1_Liste-des-Equipes.pdf\">Liste-des-Equipes-Secteur-Est-Falgui\u00e8res-Boul-Marche-gare<\/a><\/h3>\n<h3><a href=\"http:\/\/www.petanque82-comite.fr\/wp-content\/uploads\/2026\/03\/20260321_QUALIF_CD_PROMO_082_TSPromo_0141_S1_Liste-Poules.pdf\">Liste-Poules-Secteur-est-Falgui\u00e8res-Boul-Marche-Gare<\/a><\/h3>\n<h3><a href=\"https:\/\/championnats-occitanie.ovh\/CD82\/Page_Rslt_20260321_QUALIF_CD_PROMO_082_TSPromo_0141_S1.html\">Suivi des r\u00e9sultats Falgui\u00e8res samedi<\/a><\/h3>\n<p>&nbsp;<\/p>\n<h3><a href=\"http:\/\/www.petanque82-comite.fr\/wp-content\/uploads\/2026\/03\/20260321_QUALIF_CD_PROMO_082_TSPromo_0141_S2_Liste-des-Equipes.pdf\">Liste-des-Equipes-Secteur-Est-Dieupentale<\/a><\/h3>\n<h3><a href=\"http:\/\/www.petanque82-comite.fr\/wp-content\/uploads\/2026\/03\/20260321_QUALIF_CD_PROMO_082_TSPromo_0141_S2_Liste-Poules.pdf\">Liste-Poules-Secteur-Est-Dieupentale<\/a><\/h3>\n<h3><a href=\"https:\/\/championnats-occitanie.ovh\/CD82\/Page_Rslt_20260321_QUALIF_CD_PROMO_082_TSPromo_0141_S2.html\">Suivi des r\u00e9sultats Dieupentale samedi<\/a><\/h3>\n<p>&nbsp;<\/p>\n<h3><a href=\"https:\/\/championnats-occitanie.ovh\/CD82\/Page_Rslt_20260322_CD_PROMO_082_TSPromo_0000.html\">Suivi des r\u00e9sultats CD Promotion 2026<\/a><\/h3>\n<p><strong>\u00a0 \u00a0 \u00a0 \u00a0 \u00a0 \u00a0 \u00a0 \u00a0 \u00a0 \u00a0 CHAMPIONS<\/strong><\/p>\n<p><img loading=\"lazy\" decoding=\"async\" class=\"alignnone size-medium wp-image-29682\" src=\"http:\/\/www.petanque82-comite.fr\/wp-content\/uploads\/2026\/03\/Chpt-Trip-Promo-2026-1-300x296.jpg\" alt=\"\" width=\"300\" height=\"296\" srcset=\"http:\/\/www.petanque82-comite.fr\/wp-content\/uploads\/2026\/03\/Chpt-Trip-Promo-2026-1-300x296.jpg 300w, http:\/\/www.petanque82-comite.fr\/wp-content\/uploads\/2026\/03\/Chpt-Trip-Promo-2026-1.jpg 400w\" sizes=\"auto, (max-width: 300px) 100vw, 300px\" \/><\/p>\n<h6>RADIGUE Ang\u00e9lo &#8211; LAVILLEDIEU Lo\u00efc &#8211; GARCIA S\u00e9bastien\u00a0 (P\u00e9tanque Moissagaise)<\/h6>\n<h6>Qualifi\u00e9s pour le championnat de France \u00e0 Saint-Yrieix (16)<\/h6>\n<p><strong>\u00a0 \u00a0 \u00a0 \u00a0 \u00a0 \u00a0 \u00a0 VICE-CHAMPIONS<\/strong><\/p>\n<p><img loading=\"lazy\" decoding=\"async\" class=\"alignnone size-medium wp-image-29683\" src=\"http:\/\/www.petanque82-comite.fr\/wp-content\/uploads\/2026\/03\/Vice_champions-Trip-Promo-2026-1-300x229.jpg\" alt=\"\" width=\"300\" height=\"229\" srcset=\"http:\/\/www.petanque82-comite.fr\/wp-content\/uploads\/2026\/03\/Vice_champions-Trip-Promo-2026-1-300x229.jpg 300w, http:\/\/www.petanque82-comite.fr\/wp-content\/uploads\/2026\/03\/Vice_champions-Trip-Promo-2026-1.jpg 400w\" sizes=\"auto, (max-width: 300px) 100vw, 300px\" \/><\/p>\n<h6>PAQUET Eric &#8211; DE-JESUS-QUEIROGUA Jouan &#8211; BAPTISTE Mathieu (P\u00e9tanque Lavit)<\/h6>\n<h6>Qualifi\u00e9s pour le championnat r\u00e9gional Occitanie \u00e0 Auch (32)<\/h6>\n<p><strong>\u00a0 \u00a0 \u00a0 \u00a0 \u00a0 \u00a0 \u00a0 DEMI-FINALISTES<\/strong><\/p>\n<p><img loading=\"lazy\" decoding=\"async\" class=\"alignnone size-medium wp-image-29690\" src=\"http:\/\/www.petanque82-comite.fr\/wp-content\/uploads\/2026\/03\/demi_finaliste_EBC-300x247.jpg\" alt=\"\" width=\"300\" height=\"247\" srcset=\"http:\/\/www.petanque82-comite.fr\/wp-content\/uploads\/2026\/03\/demi_finaliste_EBC-300x247.jpg 300w, http:\/\/www.petanque82-comite.fr\/wp-content\/uploads\/2026\/03\/demi_finaliste_EBC.jpg 500w\" sizes=\"auto, (max-width: 300px) 100vw, 300px\" \/><\/p>\n<h6>BURET Taylor &#8211; BURET Rudy &#8211; BURET Guershom (EBC Castelsarrasin)<\/h6>\n<h6>Qualifi\u00e9s pour le championnat r\u00e9gional Occitanie \u00e0 Auch (32)<\/h6>\n<p><img loading=\"lazy\" decoding=\"async\" class=\"alignnone size-medium wp-image-29689\" src=\"http:\/\/www.petanque82-comite.fr\/wp-content\/uploads\/2026\/03\/Demi_Finaliste_Caussade-300x283.jpg\" alt=\"\" width=\"300\" height=\"283\" srcset=\"http:\/\/www.petanque82-comite.fr\/wp-content\/uploads\/2026\/03\/Demi_Finaliste_Caussade-300x283.jpg 300w, http:\/\/www.petanque82-comite.fr\/wp-content\/uploads\/2026\/03\/Demi_Finaliste_Caussade.jpg 500w\" sizes=\"auto, (max-width: 300px) 100vw, 300px\" \/><\/p>\n<h6>AUGER St\u00e9phane &#8211; COURNUT St\u00e9phane &#8211; IBOS Jonathan (Espoir P\u00e9tanque Caussade)<\/h6>\n<h6>Qualifi\u00e9s pour le championnat r\u00e9gional Occitanie \u00e0 Auch (32)<\/h6>\n<h2>ANNEE 2025<\/h2>\n<p><span style=\"color: #000000;\"><strong>Championnat d\u00e9partemental Triplette Promotion samedi 22 mars\u00a0 et dimanche 23 mars 2025<\/strong><\/span><\/p>\n<h3><a href=\"https:\/\/championnats-occitanie.ovh\/CD82\/Page_Rslt_Tri_Prom_Dieupentale.html\">R\u00e9sultats en direct\u00a0<\/a><\/h3>\n<h3><a href=\"http:\/\/www.petanque82-comite.fr\/wp-content\/uploads\/2025\/03\/Tri_Prom_Dieupentale_Liste-des-Equipes.pdf\">Tri Promotion Dieupentale Liste des Equipes<\/a><\/h3>\n<h3><a href=\"http:\/\/www.petanque82-comite.fr\/wp-content\/uploads\/2025\/03\/Tri_Prom_Dieupentale_Liste-Poules.pdf\">Tri Promotion Dieupentale Liste Poules<\/a><\/h3>\n<p>&nbsp;<\/p>\n<p><img loading=\"lazy\" decoding=\"async\" class=\"alignnone wp-image-26625\" src=\"http:\/\/www.petanque82-comite.fr\/wp-content\/uploads\/2022\/04\/486147658_1101727351971536_2837051611361890216_n-300x225.jpg\" alt=\"\" width=\"271\" height=\"203\" srcset=\"http:\/\/www.petanque82-comite.fr\/wp-content\/uploads\/2022\/04\/486147658_1101727351971536_2837051611361890216_n-300x225.jpg 300w, http:\/\/www.petanque82-comite.fr\/wp-content\/uploads\/2022\/04\/486147658_1101727351971536_2837051611361890216_n.jpg 720w\" sizes=\"auto, (max-width: 271px) 100vw, 271px\" \/><\/p>\n<p>Les champions qui sont qualifi\u00e9s pour le France \u00e0 Bourg St Maurice les 23 et 24 Ao\u00fbt.<\/p>\n<p>LEROY Yannick, ARQUIE Eric, AMADOR Fran\u00e7ois,<\/p>\n<p>A S DIEUPENTALE PETANQUE<\/p>\n<p><img loading=\"lazy\" decoding=\"async\" class=\"alignnone size-medium wp-image-26627\" src=\"http:\/\/www.petanque82-comite.fr\/wp-content\/uploads\/2022\/04\/485852931_1101835621960709_1740288213351928106_n-234x300.jpg\" alt=\"\" width=\"234\" height=\"300\" srcset=\"http:\/\/www.petanque82-comite.fr\/wp-content\/uploads\/2022\/04\/485852931_1101835621960709_1740288213351928106_n-234x300.jpg 234w, http:\/\/www.petanque82-comite.fr\/wp-content\/uploads\/2022\/04\/485852931_1101835621960709_1740288213351928106_n.jpg 468w\" sizes=\"auto, (max-width: 234px) 100vw, 234px\" \/><\/p>\n<p>LABASTIDE DU TEMPLE qui sont qualifi\u00e9s pour le R\u00e9gional \u00e0 La Palme<\/p>\n<p>ROUX Florent, LANIES Corentin, ROSSETTI Joffrey<\/p>\n<p><img loading=\"lazy\" decoding=\"async\" class=\"alignnone size-medium wp-image-26626\" src=\"http:\/\/www.petanque82-comite.fr\/wp-content\/uploads\/2022\/04\/485735804_1101835568627381_6198425251031612530_n-236x300.jpg\" alt=\"\" width=\"236\" height=\"300\" srcset=\"http:\/\/www.petanque82-comite.fr\/wp-content\/uploads\/2022\/04\/485735804_1101835568627381_6198425251031612530_n-236x300.jpg 236w, http:\/\/www.petanque82-comite.fr\/wp-content\/uploads\/2022\/04\/485735804_1101835568627381_6198425251031612530_n.jpg 472w\" sizes=\"auto, (max-width: 236px) 100vw, 236px\" \/><\/p>\n<p>PETANQUE MONCLARAISE qui sont qualifi\u00e9s pour le R\u00e9gional \u00e0 La Palme<\/p>\n<p>MARMIESSE Damien, ZAPATER S\u00e9bastien, DAIGUZON David<\/p>\n<p>&nbsp;<\/p>\n<h2><strong>ANNEE 2024 :<\/strong><\/h2>\n<h3><a href=\"http:\/\/www.petanque82-comite.fr\/result\/Page_Rslt_CDTPS_FINALE_2024.html\">R\u00e9sultats en direct<\/a><\/h3>\n<h3><img loading=\"lazy\" decoding=\"async\" class=\"alignnone size-medium wp-image-24255\" src=\"http:\/\/www.petanque82-comite.fr\/wp-content\/uploads\/2024\/05\/IMG20240505204518-300x224.jpg\" alt=\"\" width=\"300\" height=\"224\" srcset=\"http:\/\/www.petanque82-comite.fr\/wp-content\/uploads\/2024\/05\/IMG20240505204518-300x224.jpg 300w, http:\/\/www.petanque82-comite.fr\/wp-content\/uploads\/2024\/05\/IMG20240505204518-1024x763.jpg 1024w, http:\/\/www.petanque82-comite.fr\/wp-content\/uploads\/2024\/05\/IMG20240505204518-768x572.jpg 768w, http:\/\/www.petanque82-comite.fr\/wp-content\/uploads\/2024\/05\/IMG20240505204518-1536x1144.jpg 1536w, http:\/\/www.petanque82-comite.fr\/wp-content\/uploads\/2024\/05\/IMG20240505204518-2048x1526.jpg 2048w\" sizes=\"auto, (max-width: 300px) 100vw, 300px\" \/><\/h3>\n<p>BESOMBES Tony, BAPTISTE Jauffrey, LAGANTHE Didier<br \/>\nFANNY ALBIASSAINE sont qualifi\u00e9s pour le France \u00e0 Castelnaudary<\/p>\n<p><img loading=\"lazy\" decoding=\"async\" class=\"alignnone size-medium wp-image-24256\" src=\"http:\/\/www.petanque82-comite.fr\/wp-content\/uploads\/2024\/05\/IMG20240505204250-279x300.jpg\" alt=\"\" width=\"279\" height=\"300\" srcset=\"http:\/\/www.petanque82-comite.fr\/wp-content\/uploads\/2024\/05\/IMG20240505204250-279x300.jpg 279w, http:\/\/www.petanque82-comite.fr\/wp-content\/uploads\/2024\/05\/IMG20240505204250-953x1024.jpg 953w, http:\/\/www.petanque82-comite.fr\/wp-content\/uploads\/2024\/05\/IMG20240505204250-768x825.jpg 768w, http:\/\/www.petanque82-comite.fr\/wp-content\/uploads\/2024\/05\/IMG20240505204250-1430x1536.jpg 1430w, http:\/\/www.petanque82-comite.fr\/wp-content\/uploads\/2024\/05\/IMG20240505204250-1907x2048.jpg 1907w\" sizes=\"auto, (max-width: 279px) 100vw, 279px\" \/><\/p>\n<p>BAUER Curtis, DELAURIES Sony, EVEN K\u00e9vin,<\/p>\n<p>PETANQUE MONTPEZATAISE sont qualifi\u00e9s pour le championnat r\u00e9gional \u00e0 Revel<\/p>\n<p>&nbsp;<\/p>\n<p><img loading=\"lazy\" decoding=\"async\" class=\"alignnone size-medium wp-image-24257\" src=\"http:\/\/www.petanque82-comite.fr\/wp-content\/uploads\/2024\/05\/IMG20240505200643-1-300x283.jpg\" alt=\"\" width=\"300\" height=\"283\" srcset=\"http:\/\/www.petanque82-comite.fr\/wp-content\/uploads\/2024\/05\/IMG20240505200643-1-300x283.jpg 300w, http:\/\/www.petanque82-comite.fr\/wp-content\/uploads\/2024\/05\/IMG20240505200643-1-1024x966.jpg 1024w, http:\/\/www.petanque82-comite.fr\/wp-content\/uploads\/2024\/05\/IMG20240505200643-1-768x725.jpg 768w, http:\/\/www.petanque82-comite.fr\/wp-content\/uploads\/2024\/05\/IMG20240505200643-1-1536x1449.jpg 1536w, http:\/\/www.petanque82-comite.fr\/wp-content\/uploads\/2024\/05\/IMG20240505200643-1-2048x1933.jpg 2048w\" sizes=\"auto, (max-width: 300px) 100vw, 300px\" \/><\/p>\n<p>RAYGADE Fr\u00e9d\u00e9ric, CHAMLALI St\u00e9phane, CHAMLALI Mohamed<br \/>\nESPOIR PETANQUE CAUSSADE sont qualifi\u00e9s pour le championnat r\u00e9gional \u00e0 Revel<\/p>\n<p>&nbsp;<\/p>\n<h2><strong>ANNEE 2023 :<\/strong><\/h2>\n<p><strong>Promotion<\/strong><\/p>\n<p><strong>Promotion<\/strong><\/p>\n<h3><a href=\"http:\/\/www.petanque82-comite.fr\/result\/Page_Rslt_CD_TP_Finale_2023.html\">R\u00e9sultats en direct<\/a><\/h3>\n<p><img loading=\"lazy\" decoding=\"async\" class=\"alignnone size-medium wp-image-20913\" src=\"http:\/\/www.petanque82-comite.fr\/wp-content\/uploads\/2022\/04\/564418834885928716-297x300.jpg\" alt=\"\" width=\"297\" height=\"300\" srcset=\"http:\/\/www.petanque82-comite.fr\/wp-content\/uploads\/2022\/04\/564418834885928716-297x300.jpg 297w, http:\/\/www.petanque82-comite.fr\/wp-content\/uploads\/2022\/04\/564418834885928716-768x777.jpg 768w, http:\/\/www.petanque82-comite.fr\/wp-content\/uploads\/2022\/04\/564418834885928716.jpg 778w\" sizes=\"auto, (max-width: 297px) 100vw, 297px\" \/><\/p>\n<p><strong><a href=\"http:\/\/www.petanque82-comite.fr\/wp-content\/uploads\/2022\/04\/564418834885928716.pdf\">Qualifi\u00e9s pour le France \u00e0 Flamanville<\/a><\/strong><\/p>\n<p><strong><a href=\"http:\/\/www.petanque82-comite.fr\/wp-content\/uploads\/2022\/04\/564418834885928716.pdf\"> BOURAS Rachid, VERGNES Patrice, GROSS Ivan<br \/>\nA S DIEUPENTALE PETANQUE<\/a><\/strong><\/p>\n<h3><img loading=\"lazy\" decoding=\"async\" class=\"alignnone size-medium wp-image-20912\" src=\"http:\/\/www.petanque82-comite.fr\/wp-content\/uploads\/2022\/04\/1902096428572135623-300x262.jpg\" alt=\"\" width=\"300\" height=\"262\" srcset=\"http:\/\/www.petanque82-comite.fr\/wp-content\/uploads\/2022\/04\/1902096428572135623-300x262.jpg 300w, http:\/\/www.petanque82-comite.fr\/wp-content\/uploads\/2022\/04\/1902096428572135623-768x670.jpg 768w, http:\/\/www.petanque82-comite.fr\/wp-content\/uploads\/2022\/04\/1902096428572135623.jpg 928w\" sizes=\"auto, (max-width: 300px) 100vw, 300px\" \/><\/h3>\n<p><strong><a href=\"http:\/\/www.petanque82-comite.fr\/wp-content\/uploads\/2022\/04\/1902096428572135623-1.pdf\">Qualifi\u00e9s pour le R\u00e9gional \u00e0 Moli\u00e8res-Cavaillac 30<\/a>\u00a0<\/strong><\/p>\n<p><strong><a href=\"http:\/\/www.petanque82-comite.fr\/wp-content\/uploads\/2022\/04\/1902096428572135623-1.pdf\">BAUER Philippe, LAARAG Rachid, PETIT Jo\u00ebl<br \/>\nPETANQUE MOISSAGAISE<\/a><\/strong><\/p>\n<p><img loading=\"lazy\" decoding=\"async\" class=\"alignnone size-medium wp-image-20914\" src=\"http:\/\/www.petanque82-comite.fr\/wp-content\/uploads\/2022\/04\/2212671786967268273-286x300.jpg\" alt=\"\" width=\"286\" height=\"300\" srcset=\"http:\/\/www.petanque82-comite.fr\/wp-content\/uploads\/2022\/04\/2212671786967268273-286x300.jpg 286w, http:\/\/www.petanque82-comite.fr\/wp-content\/uploads\/2022\/04\/2212671786967268273-768x806.jpg 768w, http:\/\/www.petanque82-comite.fr\/wp-content\/uploads\/2022\/04\/2212671786967268273.jpg 858w\" sizes=\"auto, (max-width: 286px) 100vw, 286px\" \/><\/p>\n<p><strong><a href=\"http:\/\/www.petanque82-comite.fr\/wp-content\/uploads\/2022\/04\/2212671786967268273.pdf\">Qualifi\u00e9s pour le R\u00e9gional \u00e0 Moli\u00e8res-Cavaillac 30\u00a0<\/a><\/strong><\/p>\n<p><strong><a href=\"http:\/\/www.petanque82-comite.fr\/wp-content\/uploads\/2022\/04\/2212671786967268273.pdf\">LE\u00a0 FLOCH Flavien, DURK Elis\u00e9e, VERIN Anthony<br \/>\nPETANQUE MONTPEZATAISE<\/a><\/strong><\/p>\n<p>&nbsp;<\/p>\n<h3><\/h3>\n<h2><strong>ANNEE 2022 :<\/strong><\/h2>\n<p><strong>Triplette Promotion :<\/strong><\/p>\n<h3><a href=\"http:\/\/www.petanque82-comite.fr\/wp-content\/uploads\/2022\/04\/POULE-FINALE-TRIPLETTES-PROMOTION.pdf\">Liste des 32 \u00e9quipes pour la poule finale triplette promotion<\/a><\/h3>\n<h3><a href=\"http:\/\/www.petanque82-comite.fr\/wp-content\/uploads\/2022\/04\/Liste-Poule-Triplettes-Promotion-2022.pdf\">Liste Poules Triplette Promotion 2022<\/a><\/h3>\n<h3><a href=\"http:\/\/www.petanque82-comite.fr\/wp-content\/uploads\/2022\/04\/Finale-Triplettes-Promotion-2022-14.pdf\">Finale Triplettes Promotion 2022<\/a><\/h3>\n<p>&nbsp;<\/p>\n<p><em>Une \u00e9quipe est qualifi\u00e9 pour le France \u00e0 Ax les Thermes les 9 et 10 juillet 2022<\/em><\/p>\n<p><img loading=\"lazy\" decoding=\"async\" class=\"alignnone size-medium wp-image-16548\" src=\"http:\/\/www.petanque82-comite.fr\/wp-content\/uploads\/2022\/04\/image0-Copie-300x225.jpeg\" alt=\"\" width=\"300\" height=\"225\" srcset=\"http:\/\/www.petanque82-comite.fr\/wp-content\/uploads\/2022\/04\/image0-Copie-300x225.jpeg 300w, http:\/\/www.petanque82-comite.fr\/wp-content\/uploads\/2022\/04\/image0-Copie-768x576.jpeg 768w, http:\/\/www.petanque82-comite.fr\/wp-content\/uploads\/2022\/04\/image0-Copie.jpeg 1000w\" sizes=\"auto, (max-width: 300px) 100vw, 300px\" \/><\/p>\n<p><strong><a href=\"http:\/\/www.petanque82-comite.fr\/wp-content\/uploads\/2022\/04\/Les-champions-2022.pdf\">Les champions promotion 2022<\/a><\/strong><\/p>\n<p>GARDELLE REGIS<br \/>\nMATHIEU CHRISTOPHE<br \/>\nMIRC JEAN-FRANCOIS<br \/>\nN\u00e8grepelisse<\/p>\n<p>&nbsp;<\/p>\n<p><em>Deux \u00e9quipes sont\u00a0 qualifi\u00e9es pour le R\u00e9gional \u00e0 Luzech le 4 juin 2022.<\/em><\/p>\n<p><img loading=\"lazy\" decoding=\"async\" class=\"alignnone size-medium wp-image-16550\" src=\"http:\/\/www.petanque82-comite.fr\/wp-content\/uploads\/2022\/04\/image1-1-Copie-300x265.jpeg\" alt=\"\" width=\"300\" height=\"265\" srcset=\"http:\/\/www.petanque82-comite.fr\/wp-content\/uploads\/2022\/04\/image1-1-Copie-300x265.jpeg 300w, http:\/\/www.petanque82-comite.fr\/wp-content\/uploads\/2022\/04\/image1-1-Copie-768x677.jpeg 768w, http:\/\/www.petanque82-comite.fr\/wp-content\/uploads\/2022\/04\/image1-1-Copie.jpeg 1000w\" sizes=\"auto, (max-width: 300px) 100vw, 300px\" \/><\/p>\n<p><strong><a href=\"http:\/\/www.petanque82-comite.fr\/wp-content\/uploads\/2022\/04\/Les-vice-champions.pdf\">Les vice-champions<\/a><\/strong><\/p>\n<p>LIBOURNET ALAIN<br \/>\nESCARRA JEAN<br \/>\nSTEIS LOUIS<br \/>\nAS Montauban<\/p>\n<p><img loading=\"lazy\" decoding=\"async\" class=\"alignnone size-medium wp-image-16551\" src=\"http:\/\/www.petanque82-comite.fr\/wp-content\/uploads\/2022\/04\/image2-Copie-300x225.jpeg\" alt=\"\" width=\"300\" height=\"225\" srcset=\"http:\/\/www.petanque82-comite.fr\/wp-content\/uploads\/2022\/04\/image2-Copie-300x225.jpeg 300w, http:\/\/www.petanque82-comite.fr\/wp-content\/uploads\/2022\/04\/image2-Copie-768x576.jpeg 768w, http:\/\/www.petanque82-comite.fr\/wp-content\/uploads\/2022\/04\/image2-Copie.jpeg 1000w\" sizes=\"auto, (max-width: 300px) 100vw, 300px\" \/><\/p>\n<p><strong><a href=\"http:\/\/www.petanque82-comite.fr\/wp-content\/uploads\/2022\/04\/image2.pdf\">1\/2 finaliste, vainqueur du barrage<\/a><\/strong><\/p>\n<p>LEROY Yannick<br \/>\nARQUIE Eric<br \/>\nGONCALVES Ivo<br \/>\nDieupentale<\/p>\n<p>&nbsp;<\/p>\n<h2><strong>ANNEE 2021 :<\/strong><\/h2>\n<h2><strong><a href=\"http:\/\/www.petanque82-comite.fr\/result\/Page_Rslt_Qualif_TP_2021.html\">R\u00e9sultats triplette promotion<\/a><\/strong><\/h2>\n<p><img loading=\"lazy\" decoding=\"async\" class=\"alignnone size-medium wp-image-11951\" src=\"http:\/\/www.petanque82-comite.fr\/wp-content\/uploads\/2021\/06\/Les-champions-promotion-2021-Copie-225x300.jpg\" alt=\"\" width=\"225\" height=\"300\" srcset=\"http:\/\/www.petanque82-comite.fr\/wp-content\/uploads\/2021\/06\/Les-champions-promotion-2021-Copie-225x300.jpg 225w, http:\/\/www.petanque82-comite.fr\/wp-content\/uploads\/2021\/06\/Les-champions-promotion-2021-Copie.jpg 450w\" sizes=\"auto, (max-width: 225px) 100vw, 225px\" \/><\/p>\n<p><strong><a href=\"http:\/\/www.petanque82-comite.fr\/wp-content\/uploads\/2021\/06\/Les-champions-promotion-2021-Copie.pdf\">Les Champions promotion 2021 MATA David- MATA S\u00e9bastien &#8211; BELARD Jean-Claude &#8211; P\u00e9tanque Moissagaise. (\u00e0 t\u00e9l\u00e9charger)<\/a><\/strong><\/p>\n<p><img loading=\"lazy\" decoding=\"async\" class=\"alignnone size-medium wp-image-11952\" src=\"http:\/\/www.petanque82-comite.fr\/wp-content\/uploads\/2021\/06\/Les-s-champions-promotion-2021-Copie-225x300.jpg\" alt=\"\" width=\"225\" height=\"300\" srcset=\"http:\/\/www.petanque82-comite.fr\/wp-content\/uploads\/2021\/06\/Les-s-champions-promotion-2021-Copie-225x300.jpg 225w, http:\/\/www.petanque82-comite.fr\/wp-content\/uploads\/2021\/06\/Les-s-champions-promotion-2021-Copie.jpg 450w\" sizes=\"auto, (max-width: 225px) 100vw, 225px\" \/><\/p>\n<p><strong><a href=\"http:\/\/www.petanque82-comite.fr\/wp-content\/uploads\/2021\/06\/Les-s-champions-promotion-2021-Copie.pdf\">Les S-Champions promotion 2021 RIVIERE Nicolas &#8211; DAROMAS Davy &#8211; LABAT Cyril &#8211; P\u00e9tanque Vazeracaise. (\u00e0 t\u00e9l\u00e9charger)<\/a><\/strong><\/p>\n<p><img loading=\"lazy\" decoding=\"async\" class=\"alignnone size-medium wp-image-11953\" src=\"http:\/\/www.petanque82-comite.fr\/wp-content\/uploads\/2021\/06\/Les-finalistes-promotion-2021-2-Copie-2-1.jpg-4-1-300x300.jpg\" alt=\"\" width=\"300\" height=\"300\" srcset=\"http:\/\/www.petanque82-comite.fr\/wp-content\/uploads\/2021\/06\/Les-finalistes-promotion-2021-2-Copie-2-1.jpg-4-1-300x300.jpg 300w, http:\/\/www.petanque82-comite.fr\/wp-content\/uploads\/2021\/06\/Les-finalistes-promotion-2021-2-Copie-2-1.jpg-4-1-150x150.jpg 150w\" sizes=\"auto, (max-width: 300px) 100vw, 300px\" \/><\/p>\n<p><strong><a href=\"http:\/\/www.petanque82-comite.fr\/wp-content\/uploads\/2021\/06\/Les-finalistes-promotion-2021-2-4.pdf\">Les finalistes promotion 2021 avec les arbitres de la finale (\u00e0 t\u00e9l\u00e9charger)<\/a><\/strong><\/p>\n<h4><a href=\"http:\/\/www.petanque82-comite.fr\/wp-content\/uploads\/2021\/06\/Qualif_TP_2021_Liste-des-Equipes.pdf\">Liste des Equipes<\/a><\/h4>\n<h4><a href=\"http:\/\/www.petanque82-comite.fr\/wp-content\/uploads\/2021\/06\/Qualif_TP_2021_Liste-Poules.pdf\">Liste des Poules<\/a><\/h4>\n","protected":false},"excerpt":{"rendered":"<p>ANNEE 2026 Championnat d\u00e9partemental Triplette Promotion samedi 21 mars\u00a0 et dimanche 22 mars 2026 Date limite d&#8217;inscription le 11 mars 2026 au comit\u00e9 FEUILLE-INSCRIPTIONS-QUALIFICATIONS-TRIPLETTE-PROMOTION2026.xls (Inscription par liste sp\u00e9ciale via Gestion Concours \u00e0 privil\u00e9gier) Affiche-chpt-TG-Trip-Promo-2026.pdf Liste-des-Equipes-Secteur-Ouest-Les-Barthes Liste-Poules-Secteur-Ouest-Les-Barthes Suivi des r\u00e9sultats Les Barthes samedi Liste-des-Equipes-Secteur-Ouest-Moissac Liste-Poules-Secteur-Ouest-Moissac Suivi des r\u00e9sultats Moissac samedi Liste-des-Equipes-Secteur-Est-Falgui\u00e8res-Boul-Marche-gare Liste-Poules-Secteur-est-Falgui\u00e8res-Boul-Marche-Gare Suivi des r\u00e9sultats Falgui\u00e8res [&hellip;]<\/p>\n","protected":false},"author":1,"featured_media":0,"parent":0,"menu_order":0,"comment_status":"closed","ping_status":"closed","template":"","meta":{"ngg_post_thumbnail":0,"_tribe_blocks_recurrence_rules":"","_tribe_blocks_recurrence_exclusions":"","_tribe_blocks_recurrence_description":"","footnotes":""},"class_list":["post-11740","page","type-page","status-publish","hentry"],"_links":{"self":[{"href":"http:\/\/www.petanque82-comite.fr\/index.php?rest_route=\/wp\/v2\/pages\/11740","targetHints":{"allow":["GET"]}}],"collection":[{"href":"http:\/\/www.petanque82-comite.fr\/index.php?rest_route=\/wp\/v2\/pages"}],"about":[{"href":"http:\/\/www.petanque82-comite.fr\/index.php?rest_route=\/wp\/v2\/types\/page"}],"author":[{"embeddable":true,"href":"http:\/\/www.petanque82-comite.fr\/index.php?rest_route=\/wp\/v2\/users\/1"}],"replies":[{"embeddable":true,"href":"http:\/\/www.petanque82-comite.fr\/index.php?rest_route=%2Fwp%2Fv2%2Fcomments&post=11740"}],"version-history":[{"count":123,"href":"http:\/\/www.petanque82-comite.fr\/index.php?rest_route=\/wp\/v2\/pages\/11740\/revisions"}],"predecessor-version":[{"id":29695,"href":"http:\/\/www.petanque82-comite.fr\/index.php?rest_route=\/wp\/v2\/pages\/11740\/revisions\/29695"}],"wp:attachment":[{"href":"http:\/\/www.petanque82-comite.fr\/index.php?rest_route=%2Fwp%2Fv2%2Fmedia&parent=11740"}],"curies":[{"name":"wp","href":"https:\/\/api.w.org\/{rel}","templated":true}]}}