{"id":11888,"date":"2021-06-12T05:50:11","date_gmt":"2021-06-12T04:50:11","guid":{"rendered":"http:\/\/www.petanque82-comite.fr\/?page_id=11888"},"modified":"2026-04-13T15:24:25","modified_gmt":"2026-04-13T14:24:25","slug":"triplette-senior","status":"publish","type":"page","link":"http:\/\/www.petanque82-comite.fr\/?page_id=11888","title":{"rendered":"Triplette masculin"},"content":{"rendered":"<h2><strong>Ann\u00e9e 2026<\/strong><\/h2>\n<h4>Triplette Masculin &#8211; 11 &amp; 12 avril 2026 \u00e0 Montauban Cours Foucault<\/h4>\n<h3><a href=\"http:\/\/www.petanque82-comite.fr\/wp-content\/uploads\/2026\/03\/Affiche-chpt-trip-FM-2026.pdf\">Affiche-chpt-trip-Feminin-et-Masculin-2026<\/a><\/h3>\n<h3><a href=\"http:\/\/www.petanque82-comite.fr\/wp-content\/uploads\/2026\/04\/20260411_CD_PET_082_TSM_Montauban_Liste-des-Equipes-1.pdf\">Liste-des-Equipes<\/a><\/h3>\n<h3><a href=\"http:\/\/www.petanque82-comite.fr\/wp-content\/uploads\/2026\/04\/20260411_CD_PET_082_TSM_Montauban_Liste-Poules.pdf\">Liste-Poules<\/a><\/h3>\n<h3><a href=\"https:\/\/championnats-occitanie.ovh\/CD82\/Page_Rslt_20260411_CD_PET_082_TSM_0000.html\">SUIVI_RESULTATS<\/a><\/h3>\n<p><strong>Champions<\/strong><\/p>\n<p><img loading=\"lazy\" decoding=\"async\" class=\"alignnone size-medium wp-image-30037\" src=\"http:\/\/www.petanque82-comite.fr\/wp-content\/uploads\/2026\/04\/Champions-300x225.jpeg\" alt=\"\" width=\"300\" height=\"225\" srcset=\"http:\/\/www.petanque82-comite.fr\/wp-content\/uploads\/2026\/04\/Champions-300x225.jpeg 300w, http:\/\/www.petanque82-comite.fr\/wp-content\/uploads\/2026\/04\/Champions.jpeg 500w\" sizes=\"auto, (max-width: 300px) 100vw, 300px\" \/><\/p>\n<p>BAUER Migway &#8211; CHARDELIN Kurtys &#8211; CHARDELIN Marlon (EBC Castelsarrasin)<\/p>\n<p>Equipe qualifi\u00e9e pour le chpt de France \u00e0 Douaisi<\/p>\n<p><strong>Vice-champions<\/strong><\/p>\n<p><img loading=\"lazy\" decoding=\"async\" class=\"alignnone size-medium wp-image-30040\" src=\"http:\/\/www.petanque82-comite.fr\/wp-content\/uploads\/2026\/04\/Vice-champions-300x225.jpeg\" alt=\"\" width=\"300\" height=\"225\" srcset=\"http:\/\/www.petanque82-comite.fr\/wp-content\/uploads\/2026\/04\/Vice-champions-300x225.jpeg 300w, http:\/\/www.petanque82-comite.fr\/wp-content\/uploads\/2026\/04\/Vice-champions.jpeg 500w\" sizes=\"auto, (max-width: 300px) 100vw, 300px\" \/><\/p>\n<p>TAICOUN Jason &#8211; GABARRE Mo\u00efse &#8211; RENARD Samy (EBC Castelsarrasin)<\/p>\n<p>Equipe qualifi\u00e9e pour le chpt R\u00e9gional \u00e0 Montauban<\/p>\n<p><strong>Demi-finalistes<\/strong><\/p>\n<p><img loading=\"lazy\" decoding=\"async\" class=\"alignnone size-medium wp-image-30039\" src=\"http:\/\/www.petanque82-comite.fr\/wp-content\/uploads\/2026\/04\/Demi-finalistes-2-2-300x225.jpg\" alt=\"\" width=\"300\" height=\"225\" srcset=\"http:\/\/www.petanque82-comite.fr\/wp-content\/uploads\/2026\/04\/Demi-finalistes-2-2-300x225.jpg 300w, http:\/\/www.petanque82-comite.fr\/wp-content\/uploads\/2026\/04\/Demi-finalistes-2-2.jpg 500w\" sizes=\"auto, (max-width: 300px) 100vw, 300px\" \/><\/p>\n<p>FELTIN Georges &#8211; BAUER Kevin &#8211; REYNAL Kleven (P\u00e9tanque Montpezat)<\/p>\n<p><img loading=\"lazy\" decoding=\"async\" class=\"alignnone size-medium wp-image-30038\" src=\"http:\/\/www.petanque82-comite.fr\/wp-content\/uploads\/2026\/04\/Demi-Finalistes-1-1-300x225.jpg\" alt=\"\" width=\"300\" height=\"225\" srcset=\"http:\/\/www.petanque82-comite.fr\/wp-content\/uploads\/2026\/04\/Demi-Finalistes-1-1-300x225.jpg 300w, http:\/\/www.petanque82-comite.fr\/wp-content\/uploads\/2026\/04\/Demi-Finalistes-1-1.jpg 500w\" sizes=\"auto, (max-width: 300px) 100vw, 300px\" \/><\/p>\n<p>GALIVEL Anthony &#8211; BONNEAU Cyril &#8211; GARRIGUES Nicolas (PJ Montbartier)<\/p>\n<p>Les 2 \u00e9quipes qualifi\u00e9es pour le chpt R\u00e9gional \u00e0 Montauban<\/p>\n<h2><strong>Ann\u00e9e 2025<\/strong><\/h2>\n<p><span style=\"color: #000000;\"><strong>Triplette masculin<\/strong><\/span><\/p>\n<h3><a href=\"https:\/\/championnats-occitanie.ovh\/CD82\/Page_Rslt_Cd_Trip_Mas_Montauban.html\">R\u00e9sultats en direct \u00e0 Montauban<\/a><\/h3>\n<p>&nbsp;<\/p>\n<h3><\/h3>\n<h3><img loading=\"lazy\" decoding=\"async\" class=\"alignnone size-medium wp-image-27343\" src=\"http:\/\/www.petanque82-comite.fr\/wp-content\/uploads\/2022\/04\/493939715_1136444195166518_2243914227046717170_n-225x300.jpg\" alt=\"\" width=\"225\" height=\"300\" srcset=\"http:\/\/www.petanque82-comite.fr\/wp-content\/uploads\/2022\/04\/493939715_1136444195166518_2243914227046717170_n-225x300.jpg 225w, http:\/\/www.petanque82-comite.fr\/wp-content\/uploads\/2022\/04\/493939715_1136444195166518_2243914227046717170_n.jpg 526w\" sizes=\"auto, (max-width: 225px) 100vw, 225px\" \/><\/h3>\n<p>TAISANT Anthony, ROUGEYRES Gu\u00e9na\u00ebl, EVEN Georges<br \/>\nP\u00e9tanque MONTPEZATAISE sont qualifi\u00e9es pour le France \u00e0 PONTORSON (50) les 21 et 22 juin<\/p>\n<p><img loading=\"lazy\" decoding=\"async\" class=\"alignnone size-medium wp-image-27344\" src=\"http:\/\/www.petanque82-comite.fr\/wp-content\/uploads\/2022\/04\/494448657_1136474205163517_7486138835841189240_n-225x300.jpg\" alt=\"\" width=\"225\" height=\"300\" srcset=\"http:\/\/www.petanque82-comite.fr\/wp-content\/uploads\/2022\/04\/494448657_1136474205163517_7486138835841189240_n-225x300.jpg 225w, http:\/\/www.petanque82-comite.fr\/wp-content\/uploads\/2022\/04\/494448657_1136474205163517_7486138835841189240_n.jpg 450w\" sizes=\"auto, (max-width: 225px) 100vw, 225px\" \/><\/p>\n<p>GABARRE Micha\u00ebl, GABARRE Mo\u00efse, EVEN Jean<br \/>\nFANNY ALBIASSAINE sont qualifi\u00e9es pour le r\u00e9gional \u00e0 Revel le 29 mai<\/p>\n<p><img loading=\"lazy\" decoding=\"async\" class=\"alignnone size-medium wp-image-27345\" src=\"http:\/\/www.petanque82-comite.fr\/wp-content\/uploads\/2022\/04\/493895181_1136474268496844_8855031085889448481_n-225x300.jpg\" alt=\"\" width=\"225\" height=\"300\" srcset=\"http:\/\/www.petanque82-comite.fr\/wp-content\/uploads\/2022\/04\/493895181_1136474268496844_8855031085889448481_n-225x300.jpg 225w, http:\/\/www.petanque82-comite.fr\/wp-content\/uploads\/2022\/04\/493895181_1136474268496844_8855031085889448481_n.jpg 450w\" sizes=\"auto, (max-width: 225px) 100vw, 225px\" \/><\/p>\n<p>ORLIAC J\u00e9r\u00f4me, WAXIN Micha\u00ebl, DANIEL Christophe<br \/>\nLABASTIDE DU TEMPLE sont qualifi\u00e9es pour le r\u00e9gional \u00e0 Revel le 29 mai<\/p>\n<p>&nbsp;<\/p>\n<h2><strong>ANNEE 2024<\/strong><\/h2>\n<p><strong>Triplette masculin :<\/strong><\/p>\n<h3><a href=\"http:\/\/www.petanque82-comite.fr\/wp-content\/uploads\/2022\/04\/CDTSM_finale_2024.pdf\">Liste des \u00e9quipes pour la phase finale Triplette s\u00e9nior masculin<\/a><\/h3>\n<h3><a href=\"http:\/\/www.petanque82-comite.fr\/result\/Page_Rslt_CDTSM_FINALE2024.html\">R\u00e9sultats en direct\u00a0<\/a><\/h3>\n<p><img loading=\"lazy\" decoding=\"async\" class=\"alignnone size-medium wp-image-23773\" src=\"http:\/\/www.petanque82-comite.fr\/wp-content\/uploads\/2022\/04\/Champions-triplette-Copie-300x263.jpeg\" alt=\"\" width=\"300\" height=\"263\" srcset=\"http:\/\/www.petanque82-comite.fr\/wp-content\/uploads\/2022\/04\/Champions-triplette-Copie-300x263.jpeg 300w, http:\/\/www.petanque82-comite.fr\/wp-content\/uploads\/2022\/04\/Champions-triplette-Copie-768x674.jpeg 768w, http:\/\/www.petanque82-comite.fr\/wp-content\/uploads\/2022\/04\/Champions-triplette-Copie.jpeg 1000w\" sizes=\"auto, (max-width: 300px) 100vw, 300px\" \/><\/p>\n<p>LAMARE SAMUEL, DESLYS GINO, MAUREL PIERRE<br \/>\nEBC CASTELSARRASIN sont qualifi\u00e9s pour le France \u00e0 Sin Le Noble (59)<\/p>\n<p><img loading=\"lazy\" decoding=\"async\" class=\"alignnone size-medium wp-image-23774\" src=\"http:\/\/www.petanque82-comite.fr\/wp-content\/uploads\/2022\/04\/Finalistes-Copie-300x300.jpeg\" alt=\"\" width=\"300\" height=\"300\" srcset=\"http:\/\/www.petanque82-comite.fr\/wp-content\/uploads\/2022\/04\/Finalistes-Copie-300x300.jpeg 300w, http:\/\/www.petanque82-comite.fr\/wp-content\/uploads\/2022\/04\/Finalistes-Copie-150x150.jpeg 150w, http:\/\/www.petanque82-comite.fr\/wp-content\/uploads\/2022\/04\/Finalistes-Copie.jpeg 1000w\" sizes=\"auto, (max-width: 300px) 100vw, 300px\" \/><\/p>\n<p>GIRAC JASON, HORNECH LAURENT, HOSTEIN NATHANIEL,<br \/>\nEBC CASTELSARRASIN sont qualifi\u00e9s pour le R\u00e9gional<\/p>\n<p><img loading=\"lazy\" decoding=\"async\" class=\"alignnone size-medium wp-image-23775\" src=\"http:\/\/www.petanque82-comite.fr\/wp-content\/uploads\/2022\/04\/1-2-finalistes-2-Copie-300x298.jpeg\" alt=\"\" width=\"300\" height=\"298\" srcset=\"http:\/\/www.petanque82-comite.fr\/wp-content\/uploads\/2022\/04\/1-2-finalistes-2-Copie-300x298.jpeg 300w, http:\/\/www.petanque82-comite.fr\/wp-content\/uploads\/2022\/04\/1-2-finalistes-2-Copie-150x150.jpeg 150w, http:\/\/www.petanque82-comite.fr\/wp-content\/uploads\/2022\/04\/1-2-finalistes-2-Copie-768x763.jpeg 768w, http:\/\/www.petanque82-comite.fr\/wp-content\/uploads\/2022\/04\/1-2-finalistes-2-Copie.jpeg 1000w\" sizes=\"auto, (max-width: 300px) 100vw, 300px\" \/><\/p>\n<p>ROUGE DOMINIQUE, ROUGE DAVID, SCHMITT SERGE<br \/>\nPETANQUE MOISSAGAISE sont qualifi\u00e9s pour le R\u00e9gional<\/p>\n<p><img loading=\"lazy\" decoding=\"async\" class=\"alignnone size-medium wp-image-23777\" src=\"http:\/\/www.petanque82-comite.fr\/wp-content\/uploads\/2022\/04\/1-2-finalistes--285x300.jpeg\" alt=\"\" width=\"285\" height=\"300\" srcset=\"http:\/\/www.petanque82-comite.fr\/wp-content\/uploads\/2022\/04\/1-2-finalistes--285x300.jpeg 285w, http:\/\/www.petanque82-comite.fr\/wp-content\/uploads\/2022\/04\/1-2-finalistes--768x808.jpeg 768w, http:\/\/www.petanque82-comite.fr\/wp-content\/uploads\/2022\/04\/1-2-finalistes-.jpeg 950w\" sizes=\"auto, (max-width: 285px) 100vw, 285px\" \/><\/p>\n<p>BONFANTE PATRICK, BISSIERE CHRISTOPHE, MISSOUD JEAN-CHRISTOPHE<\/p>\n<p>PETANQUE MONTPEZATAISE sont qualifi\u00e9s pour le R\u00e9gional<\/p>\n<p>&nbsp;<\/p>\n<h2><strong>ANNEE 2023<\/strong><\/h2>\n<p><strong>Triplette masculin :<\/strong><\/p>\n<h3><a href=\"http:\/\/www.petanque82-comite.fr\/result\/Page_Rslt_CD_T_masc_finale_2023.html\">R\u00e9sultats en direct<\/a><\/h3>\n<p><img loading=\"lazy\" decoding=\"async\" class=\"alignnone size-medium wp-image-20441\" src=\"http:\/\/www.petanque82-comite.fr\/wp-content\/uploads\/2022\/04\/IMG20230416210304-Copie-225x300.jpg\" alt=\"\" width=\"225\" height=\"300\" srcset=\"http:\/\/www.petanque82-comite.fr\/wp-content\/uploads\/2022\/04\/IMG20230416210304-Copie-225x300.jpg 225w, http:\/\/www.petanque82-comite.fr\/wp-content\/uploads\/2022\/04\/IMG20230416210304-Copie-768x1024.jpg 768w, http:\/\/www.petanque82-comite.fr\/wp-content\/uploads\/2022\/04\/IMG20230416210304-Copie-1152x1536.jpg 1152w, http:\/\/www.petanque82-comite.fr\/wp-content\/uploads\/2022\/04\/IMG20230416210304-Copie-1536x2048.jpg 1536w, http:\/\/www.petanque82-comite.fr\/wp-content\/uploads\/2022\/04\/IMG20230416210304-Copie-scaled.jpg 1920w\" sizes=\"auto, (max-width: 225px) 100vw, 225px\" \/><\/p>\n<p><strong><a href=\"http:\/\/www.petanque82-comite.fr\/wp-content\/uploads\/2022\/04\/IMG20230416210304.pdf\"><em>Qualifi\u00e9s pour le France \u00e0 Perpignan<\/em><\/a><\/strong><\/p>\n<p><strong><em><a href=\"http:\/\/www.petanque82-comite.fr\/wp-content\/uploads\/2022\/04\/IMG20230416210304.pdf\">DURK Maison, DESLYS Gino, MAUREL Pierre<br \/>\nEBC CASTELSARRASIN <\/a>,<\/em><\/strong><\/p>\n<p>&nbsp;<\/p>\n<p><img loading=\"lazy\" decoding=\"async\" class=\"alignnone size-medium wp-image-20442\" src=\"http:\/\/www.petanque82-comite.fr\/wp-content\/uploads\/2022\/04\/IMG20230416210242-Copie-225x300.jpg\" alt=\"\" width=\"225\" height=\"300\" srcset=\"http:\/\/www.petanque82-comite.fr\/wp-content\/uploads\/2022\/04\/IMG20230416210242-Copie-225x300.jpg 225w, http:\/\/www.petanque82-comite.fr\/wp-content\/uploads\/2022\/04\/IMG20230416210242-Copie-768x1024.jpg 768w, http:\/\/www.petanque82-comite.fr\/wp-content\/uploads\/2022\/04\/IMG20230416210242-Copie-1152x1536.jpg 1152w, http:\/\/www.petanque82-comite.fr\/wp-content\/uploads\/2022\/04\/IMG20230416210242-Copie-1536x2048.jpg 1536w, http:\/\/www.petanque82-comite.fr\/wp-content\/uploads\/2022\/04\/IMG20230416210242-Copie-scaled.jpg 1920w\" sizes=\"auto, (max-width: 225px) 100vw, 225px\" \/><\/p>\n<p><strong><a href=\"http:\/\/www.petanque82-comite.fr\/wp-content\/uploads\/2022\/04\/IMG20230416210242.pdf\"><em>Qualifi\u00e9s pour le R\u00e9gional \u00e0 Castres<\/em><\/a><\/strong><\/p>\n<p><strong><a href=\"http:\/\/www.petanque82-comite.fr\/wp-content\/uploads\/2022\/04\/IMG20230416210242.pdf\"><em>SCHMITT Serge, <\/em><\/a><em><a href=\"http:\/\/www.petanque82-comite.fr\/wp-content\/uploads\/2022\/04\/IMG20230416210242.pdf\">ROUGE David, ROUGE Dominique<\/a><\/em><\/strong><\/p>\n<p><strong><em><a href=\"http:\/\/www.petanque82-comite.fr\/wp-content\/uploads\/2022\/04\/IMG20230416210242.pdf\">P\u00e9tanque MOISSAGAISE<\/a><\/em><\/strong><\/p>\n<p>&nbsp;<\/p>\n<p><img loading=\"lazy\" decoding=\"async\" class=\"alignnone size-medium wp-image-20443\" src=\"http:\/\/www.petanque82-comite.fr\/wp-content\/uploads\/2022\/04\/IMG20230416195724-Copie-225x300.jpg\" alt=\"\" width=\"225\" height=\"300\" srcset=\"http:\/\/www.petanque82-comite.fr\/wp-content\/uploads\/2022\/04\/IMG20230416195724-Copie-225x300.jpg 225w, http:\/\/www.petanque82-comite.fr\/wp-content\/uploads\/2022\/04\/IMG20230416195724-Copie-768x1024.jpg 768w, http:\/\/www.petanque82-comite.fr\/wp-content\/uploads\/2022\/04\/IMG20230416195724-Copie-1152x1536.jpg 1152w, http:\/\/www.petanque82-comite.fr\/wp-content\/uploads\/2022\/04\/IMG20230416195724-Copie-1536x2048.jpg 1536w, http:\/\/www.petanque82-comite.fr\/wp-content\/uploads\/2022\/04\/IMG20230416195724-Copie-scaled.jpg 1920w\" sizes=\"auto, (max-width: 225px) 100vw, 225px\" \/><\/p>\n<p><strong><a href=\"http:\/\/www.petanque82-comite.fr\/wp-content\/uploads\/2022\/04\/IMG20230416195724.pdf\"><em>Qualifi\u00e9s pour le R\u00e9gional \u00e0 Castres<\/em><\/a><\/strong><\/p>\n<p><strong><a href=\"http:\/\/www.petanque82-comite.fr\/wp-content\/uploads\/2022\/04\/IMG20230416195724.pdf\"><em>LIEVY Houston, RENARD Samy, AUBRAS Erick<br \/>\nEBC CASTELSARRASIN<\/em><\/a><\/strong><\/p>\n<p>&nbsp;<\/p>\n<h2><strong>ANNEE 2022<\/strong><\/h2>\n<p><strong>Triplette masculin :<\/strong><\/p>\n<h3><a href=\"http:\/\/www.petanque82-comite.fr\/wp-content\/uploads\/2022\/04\/Les-equipes-qualifiees-pour-la-poule-finale-triplette-masculin-.pdf\">Liste des \u00e9quipes qui sont qualifi\u00e9es pour la poule finale<\/a><\/h3>\n<h2><strong><a href=\"http:\/\/www.petanque82-comite.fr\/result\/Page_Rslt_2022_FINALE_T_MASC.html\">R\u00e9sultats en direct<\/a><\/strong><\/h2>\n<p><em>Deux \u00e9quipes sont qualifi\u00e9es pour le France \u00e0 Bergerac<\/em><\/p>\n<p><img loading=\"lazy\" decoding=\"async\" class=\"alignnone size-medium wp-image-15599\" src=\"http:\/\/www.petanque82-comite.fr\/wp-content\/uploads\/2022\/04\/IMG20220410213248-Copie-225x300.jpg\" alt=\"\" width=\"225\" height=\"300\" srcset=\"http:\/\/www.petanque82-comite.fr\/wp-content\/uploads\/2022\/04\/IMG20220410213248-Copie-225x300.jpg 225w, http:\/\/www.petanque82-comite.fr\/wp-content\/uploads\/2022\/04\/IMG20220410213248-Copie.jpg 750w\" sizes=\"auto, (max-width: 225px) 100vw, 225px\" \/><\/p>\n<p><strong><a href=\"http:\/\/www.petanque82-comite.fr\/wp-content\/uploads\/2022\/04\/Champions-triplette-2022.pdf\">Champions triplette 2022 en pdf<\/a><\/strong><\/p>\n<p><em>MAUREL PIERRE<\/em><br \/>\n<em>BOULANGER DELSON<\/em><br \/>\n<em>DURK MAISON Montpezat<\/em><\/p>\n<p><em>Champions triplette 2022<\/em><\/p>\n<p>&nbsp;<\/p>\n<p><img loading=\"lazy\" decoding=\"async\" class=\"alignnone size-medium wp-image-15591\" src=\"http:\/\/www.petanque82-comite.fr\/wp-content\/uploads\/2022\/04\/IMG20220410213233-Copie-225x300.jpg\" alt=\"\" width=\"225\" height=\"300\" srcset=\"http:\/\/www.petanque82-comite.fr\/wp-content\/uploads\/2022\/04\/IMG20220410213233-Copie-225x300.jpg 225w, http:\/\/www.petanque82-comite.fr\/wp-content\/uploads\/2022\/04\/IMG20220410213233-Copie.jpg 750w\" sizes=\"auto, (max-width: 225px) 100vw, 225px\" \/><\/p>\n<p><strong><a href=\"http:\/\/www.petanque82-comite.fr\/wp-content\/uploads\/2022\/04\/Vices-champions-2022.pdf\">Vice-champions triplette 2022 en pdf<\/a><\/strong><\/p>\n<p><em>BONFANTE THOMAS<\/em><br \/>\n<em>TAISANT ANTHONY<\/em><br \/>\n<em>BONFANTE PATRICK Montpezat<\/em><\/p>\n<p><em>Vice-Champions triplette 2022<\/em><\/p>\n<p>&nbsp;<\/p>\n<p><strong>Triplette masculin :<\/strong><\/p>\n<p><em>Trois \u00e9quipes sont qualifi\u00e9es pour le championnat r\u00e9gional \u00e0 Rivesaltes.<\/em><\/p>\n<p><img loading=\"lazy\" decoding=\"async\" class=\"alignnone size-medium wp-image-15661\" src=\"http:\/\/www.petanque82-comite.fr\/wp-content\/uploads\/2022\/04\/IMG20220410200018-Copie-1-146x300.jpg\" alt=\"\" width=\"146\" height=\"300\" srcset=\"http:\/\/www.petanque82-comite.fr\/wp-content\/uploads\/2022\/04\/IMG20220410200018-Copie-1-146x300.jpg 146w, http:\/\/www.petanque82-comite.fr\/wp-content\/uploads\/2022\/04\/IMG20220410200018-Copie-1.jpg 488w\" sizes=\"auto, (max-width: 146px) 100vw, 146px\" \/><\/p>\n<p><strong><a href=\"http:\/\/www.petanque82-comite.fr\/wp-content\/uploads\/2022\/04\/IMG20220410200018-Copie-Copie.pdf\">Les demi-finalistes en pdf\u00a0<\/a><\/strong><\/p>\n<p><em>SENAC J\u00c9ROME<\/em><br \/>\n<em>MAALAOUI S\u00c9LIM<\/em><br \/>\n<em>GUTGSELL LAURENT Moissagaise (manque sur la photo)<\/em><\/p>\n<p><img loading=\"lazy\" decoding=\"async\" class=\"alignnone size-medium wp-image-15685\" src=\"http:\/\/www.petanque82-comite.fr\/wp-content\/uploads\/2022\/04\/Zappater-300x225.jpg\" alt=\"\" width=\"300\" height=\"225\" srcset=\"http:\/\/www.petanque82-comite.fr\/wp-content\/uploads\/2022\/04\/Zappater-300x225.jpg 300w, http:\/\/www.petanque82-comite.fr\/wp-content\/uploads\/2022\/04\/Zappater.jpg 720w\" sizes=\"auto, (max-width: 300px) 100vw, 300px\" \/><\/p>\n<p><strong><a href=\"http:\/\/www.petanque82-comite.fr\/wp-content\/uploads\/2022\/04\/Zappater.pdf\">Les demi-finalistes en pdf<\/a><\/strong><\/p>\n<p><em>ZAPATER S\u00c9BASTIEN<\/em><br \/>\n<em>DAIGUZON DAVID<\/em><br \/>\n<em>MALY FR\u00c9D\u00c9RIC Corbarieu<\/em><\/p>\n<p>&nbsp;<\/p>\n<p><img loading=\"lazy\" decoding=\"async\" class=\"alignnone size-medium wp-image-15635\" src=\"http:\/\/www.petanque82-comite.fr\/wp-content\/uploads\/2022\/04\/IMG20220410212226-Copie-225x300.jpg\" alt=\"\" width=\"225\" height=\"300\" srcset=\"http:\/\/www.petanque82-comite.fr\/wp-content\/uploads\/2022\/04\/IMG20220410212226-Copie-225x300.jpg 225w, http:\/\/www.petanque82-comite.fr\/wp-content\/uploads\/2022\/04\/IMG20220410212226-Copie.jpg 750w\" sizes=\"auto, (max-width: 225px) 100vw, 225px\" \/><\/p>\n<p><strong><a href=\"http:\/\/www.petanque82-comite.fr\/wp-content\/uploads\/2022\/04\/IMG20220410212226.pdf\">Gagnants du barrage des perdants des 1\/4\u00a0 en pdf<\/a><\/strong><\/p>\n<p><em>GONCALVES IVO<\/em><br \/>\n<em>FERRANDO FRANCK<\/em><br \/>\n<em>CLIMACO K\u00c9VIN Dieupentale<\/em><\/p>\n<p>&nbsp;<\/p>\n<p>&nbsp;<\/p>\n<p>&nbsp;<\/p>\n<h2><strong>ANNEE 2021 :<\/strong><\/h2>\n<h4><a href=\"http:\/\/www.petanque82-comite.fr\/wp-content\/uploads\/2021\/06\/Qualif_TM_2021_Liste-des-Equipes-1.pdf\">Liste des Equipes<\/a><\/h4>\n<h4><a href=\"http:\/\/www.petanque82-comite.fr\/wp-content\/uploads\/2021\/06\/Qualif_TM_2021_Liste-Poules.pdf\">Liste des Poules<\/a><\/h4>\n<h2><strong><a href=\"http:\/\/www.petanque82-comite.fr\/wp-content\/uploads\/2021\/06\/Resultats-triplette-senior-.pdf\">R\u00e9sultats triplette s\u00e9nior<\/a><\/strong><\/h2>\n<p><img loading=\"lazy\" decoding=\"async\" class=\"alignnone size-medium wp-image-12103\" src=\"http:\/\/www.petanque82-comite.fr\/wp-content\/uploads\/2021\/06\/IMG20210620202509-Copie-225x300.jpg\" alt=\"\" width=\"225\" height=\"300\" srcset=\"http:\/\/www.petanque82-comite.fr\/wp-content\/uploads\/2021\/06\/IMG20210620202509-Copie-225x300.jpg 225w, http:\/\/www.petanque82-comite.fr\/wp-content\/uploads\/2021\/06\/IMG20210620202509-Copie.jpg 750w\" sizes=\"auto, (max-width: 225px) 100vw, 225px\" \/><\/p>\n<p><strong><a href=\"http:\/\/www.petanque82-comite.fr\/wp-content\/uploads\/2021\/06\/Les-champions-triplette-senior-2021.pdf\">Les champions triplette senior 2021 DUGUET David &#8211; AUREL CERES Th\u00e9o &#8211; <\/a><a href=\"http:\/\/www.petanque82-comite.fr\/wp-content\/uploads\/2021\/06\/Les-champions-triplette-senior-2021.pdf\">JARRY Maxime<\/a><a href=\"http:\/\/www.petanque82-comite.fr\/wp-content\/uploads\/2021\/06\/Les-champions-triplette-senior-2021.pdf\"> de LAGUEPIE<\/a><\/strong><\/p>\n<p><img loading=\"lazy\" decoding=\"async\" class=\"alignnone size-medium wp-image-12101\" src=\"http:\/\/www.petanque82-comite.fr\/wp-content\/uploads\/2021\/06\/IMG20210620202654-Copie-225x300.jpg\" alt=\"\" width=\"225\" height=\"300\" srcset=\"http:\/\/www.petanque82-comite.fr\/wp-content\/uploads\/2021\/06\/IMG20210620202654-Copie-225x300.jpg 225w, http:\/\/www.petanque82-comite.fr\/wp-content\/uploads\/2021\/06\/IMG20210620202654-Copie.jpg 750w\" sizes=\"auto, (max-width: 225px) 100vw, 225px\" \/><\/p>\n<p><strong><a href=\"http:\/\/www.petanque82-comite.fr\/wp-content\/uploads\/2021\/06\/Les-sous-champions-triplette-2021.pdf\">Les sous champions triplette 2021 BERGER Christian &#8211; CALCAGNO Pascal &#8211; CUQUEL J\u00e9r\u00e9my de l&#8217;Elan Players Caussadais<\/a><a href=\"http:\/\/www.petanque82-comite.fr\/wp-content\/uploads\/2021\/06\/Les-sous-champions-triplette-2021.pdf\">\u00a0<\/a><\/strong><\/p>\n<p><img loading=\"lazy\" decoding=\"async\" class=\"alignnone size-medium wp-image-12090\" src=\"http:\/\/www.petanque82-comite.fr\/wp-content\/uploads\/2021\/06\/IMG20210620185128-Copie-300x200.jpg\" alt=\"\" width=\"300\" height=\"200\" srcset=\"http:\/\/www.petanque82-comite.fr\/wp-content\/uploads\/2021\/06\/IMG20210620185128-Copie-300x200.jpg 300w, http:\/\/www.petanque82-comite.fr\/wp-content\/uploads\/2021\/06\/IMG20210620185128-Copie.jpg 500w\" sizes=\"auto, (max-width: 300px) 100vw, 300px\" \/><\/p>\n<p><strong><a href=\"http:\/\/www.petanque82-comite.fr\/wp-content\/uploads\/2021\/06\/Les-finalistes-triplette-senior-1.pdf\">Les finalistes triplette senior avec les arbitres<\/a><\/strong><\/p>\n<h4><\/h4>\n","protected":false},"excerpt":{"rendered":"<p>Ann\u00e9e 2026 Triplette Masculin &#8211; 11 &amp; 12 avril 2026 \u00e0 Montauban Cours Foucault Affiche-chpt-trip-Feminin-et-Masculin-2026 Liste-des-Equipes Liste-Poules SUIVI_RESULTATS Champions BAUER Migway &#8211; CHARDELIN Kurtys &#8211; CHARDELIN Marlon (EBC Castelsarrasin) Equipe qualifi\u00e9e pour le chpt de France \u00e0 Douaisi Vice-champions TAICOUN Jason &#8211; GABARRE Mo\u00efse &#8211; RENARD Samy (EBC Castelsarrasin) Equipe qualifi\u00e9e pour le chpt R\u00e9gional [&hellip;]<\/p>\n","protected":false},"author":1,"featured_media":0,"parent":0,"menu_order":0,"comment_status":"closed","ping_status":"closed","template":"","meta":{"ngg_post_thumbnail":0,"_tribe_blocks_recurrence_rules":"","_tribe_blocks_recurrence_exclusions":"","_tribe_blocks_recurrence_description":"","footnotes":""},"class_list":["post-11888","page","type-page","status-publish","hentry"],"_links":{"self":[{"href":"http:\/\/www.petanque82-comite.fr\/index.php?rest_route=\/wp\/v2\/pages\/11888","targetHints":{"allow":["GET"]}}],"collection":[{"href":"http:\/\/www.petanque82-comite.fr\/index.php?rest_route=\/wp\/v2\/pages"}],"about":[{"href":"http:\/\/www.petanque82-comite.fr\/index.php?rest_route=\/wp\/v2\/types\/page"}],"author":[{"embeddable":true,"href":"http:\/\/www.petanque82-comite.fr\/index.php?rest_route=\/wp\/v2\/users\/1"}],"replies":[{"embeddable":true,"href":"http:\/\/www.petanque82-comite.fr\/index.php?rest_route=%2Fwp%2Fv2%2Fcomments&post=11888"}],"version-history":[{"count":90,"href":"http:\/\/www.petanque82-comite.fr\/index.php?rest_route=\/wp\/v2\/pages\/11888\/revisions"}],"predecessor-version":[{"id":30045,"href":"http:\/\/www.petanque82-comite.fr\/index.php?rest_route=\/wp\/v2\/pages\/11888\/revisions\/30045"}],"wp:attachment":[{"href":"http:\/\/www.petanque82-comite.fr\/index.php?rest_route=%2Fwp%2Fv2%2Fmedia&parent=11888"}],"curies":[{"name":"wp","href":"https:\/\/api.w.org\/{rel}","templated":true}]}}