{"id":11891,"date":"2021-06-12T05:50:41","date_gmt":"2021-06-12T04:50:41","guid":{"rendered":"http:\/\/www.petanque82-comite.fr\/?page_id=11891"},"modified":"2026-04-13T15:36:45","modified_gmt":"2026-04-13T14:36:45","slug":"triplette-feminin","status":"publish","type":"page","link":"http:\/\/www.petanque82-comite.fr\/?page_id=11891","title":{"rendered":"Ch. Triplette f\u00e9minin"},"content":{"rendered":"<h2><strong>ANNEE 2026<\/strong><\/h2>\n<h4>Championnat d\u00e9partemental triplette f\u00e9minin &#8211; 11 &amp; 12 avril 2026 &#8211; Montauban Cours Foucault<\/h4>\n<h3><a href=\"http:\/\/www.petanque82-comite.fr\/wp-content\/uploads\/2026\/03\/Affiche-chpt-trip-FM-2026.pdf\">Affiche-chpt-triplette-Feminin-et-Masculin-2026<\/a><\/h3>\n<h3><a href=\"http:\/\/www.petanque82-comite.fr\/wp-content\/uploads\/2026\/04\/20260411_CD_PET_082_TSF_Montauban_Liste-des-Equipes.pdf\">Liste-des-Equipes<\/a><\/h3>\n<h3><a href=\"http:\/\/www.petanque82-comite.fr\/wp-content\/uploads\/2026\/04\/20260411_CD_PET_082_TSF_Montauban-Cours-Foucault_Liste-Poules.pdf\">Liste-Poules<\/a><\/h3>\n<h3><strong><a href=\"https:\/\/championnats-occitanie.ovh\/CD82\/Page_Rslt_20260411_CD_PET_082_TSF_0000.html\">SUIVI_RESULTATS<\/a><\/strong><\/h3>\n<p><strong>Championnes<\/strong><\/p>\n<p><img loading=\"lazy\" decoding=\"async\" class=\"alignnone size-medium wp-image-30041\" src=\"http:\/\/www.petanque82-comite.fr\/wp-content\/uploads\/2026\/04\/Championnes-300x225.jpg\" alt=\"\" width=\"300\" height=\"225\" srcset=\"http:\/\/www.petanque82-comite.fr\/wp-content\/uploads\/2026\/04\/Championnes-300x225.jpg 300w, http:\/\/www.petanque82-comite.fr\/wp-content\/uploads\/2026\/04\/Championnes.jpg 500w\" sizes=\"auto, (max-width: 300px) 100vw, 300px\" \/><\/p>\n<p>CABROL R\u00e9gine &#8211; CAPDORDY Nicole &#8211; GOUZE Nicole (AS Dieupentale)<\/p>\n<p>Equipe qualifi\u00e9e pour le chpt de France \u00e0 Douaisis (59)<\/p>\n<p><strong>Vice-championnes<\/strong><\/p>\n<p><img loading=\"lazy\" decoding=\"async\" class=\"alignnone size-medium wp-image-30044\" src=\"http:\/\/www.petanque82-comite.fr\/wp-content\/uploads\/2026\/04\/Vice-championnes-300x225.jpg\" alt=\"\" width=\"300\" height=\"225\" srcset=\"http:\/\/www.petanque82-comite.fr\/wp-content\/uploads\/2026\/04\/Vice-championnes-300x225.jpg 300w, http:\/\/www.petanque82-comite.fr\/wp-content\/uploads\/2026\/04\/Vice-championnes.jpg 500w\" sizes=\"auto, (max-width: 300px) 100vw, 300px\" \/><\/p>\n<p>LABAT Sandrine &#8211; LAGARDE Jessica &#8211; PRAYSSAC Marielle (P\u00e9tanque Meauzac)<\/p>\n<p>Equipe qualifi\u00e9e pour le chpt R\u00e9gional \u00e0 Montauban<\/p>\n<p><strong>Demi-finalistes<\/strong><\/p>\n<p><img loading=\"lazy\" decoding=\"async\" class=\"alignnone size-medium wp-image-30042\" src=\"http:\/\/www.petanque82-comite.fr\/wp-content\/uploads\/2026\/04\/Demi-finalistes-Qualifiees-300x225.jpg\" alt=\"\" width=\"300\" height=\"225\" srcset=\"http:\/\/www.petanque82-comite.fr\/wp-content\/uploads\/2026\/04\/Demi-finalistes-Qualifiees-300x225.jpg 300w, http:\/\/www.petanque82-comite.fr\/wp-content\/uploads\/2026\/04\/Demi-finalistes-Qualifiees.jpg 500w\" sizes=\"auto, (max-width: 300px) 100vw, 300px\" \/><\/p>\n<p>JEAN Coralie &#8211; SMONS Aline &#8211; GAUDIN Jennifer (P\u00e9tanque Monclar)<\/p>\n<p>Equipe qualifi\u00e9e pour le chpt R\u00e9gional \u00e0 Montauban<\/p>\n<p><img loading=\"lazy\" decoding=\"async\" class=\"alignnone size-medium wp-image-30043\" src=\"http:\/\/www.petanque82-comite.fr\/wp-content\/uploads\/2026\/04\/Demi-finalistes-300x225.jpg\" alt=\"\" width=\"300\" height=\"225\" srcset=\"http:\/\/www.petanque82-comite.fr\/wp-content\/uploads\/2026\/04\/Demi-finalistes-300x225.jpg 300w, http:\/\/www.petanque82-comite.fr\/wp-content\/uploads\/2026\/04\/Demi-finalistes.jpg 500w\" sizes=\"auto, (max-width: 300px) 100vw, 300px\" \/><\/p>\n<p>CASTELA M\u00e9lanie &#8211; POCHAT Laura &#8211; BROUET Nadine (P\u00e9tanque Moissac)<\/p>\n<h2><strong>ANNEE 2025<\/strong><\/h2>\n<p><strong><span style=\"color: #ff0000;\">Triplette f\u00e9minin<\/span><\/strong><\/p>\n<h3><a href=\"https:\/\/championnats-occitanie.ovh\/CD82\/Page_Rslt_Cd_Trip_Femin_Montauban.html\">R\u00e9sultats en direct \u00e0 Montauban<\/a><\/h3>\n<h3><\/h3>\n<h3><img loading=\"lazy\" decoding=\"async\" class=\"alignnone size-medium wp-image-27337\" src=\"http:\/\/www.petanque82-comite.fr\/wp-content\/uploads\/2022\/04\/494357591_1136473061830298_7844858687977199167_n-225x300.jpg\" alt=\"\" width=\"225\" height=\"300\" srcset=\"http:\/\/www.petanque82-comite.fr\/wp-content\/uploads\/2022\/04\/494357591_1136473061830298_7844858687977199167_n-225x300.jpg 225w, http:\/\/www.petanque82-comite.fr\/wp-content\/uploads\/2022\/04\/494357591_1136473061830298_7844858687977199167_n.jpg 526w\" sizes=\"auto, (max-width: 225px) 100vw, 225px\" \/><\/h3>\n<p>BENECH Christiane, LE BRIS Raymonde, MERILLON Val\u00e9rie<br \/>\nP\u00e9tanque MOISSAGAISE sont qualifi\u00e9es pour le France \u00e0 PONTORSON (50) les 21 et 22 juin<\/p>\n<p><img loading=\"lazy\" decoding=\"async\" class=\"alignnone size-medium wp-image-27338\" src=\"http:\/\/www.petanque82-comite.fr\/wp-content\/uploads\/2022\/04\/494523731_1136474748496796_1831186629572586263_n-225x300.jpg\" alt=\"\" width=\"225\" height=\"300\" srcset=\"http:\/\/www.petanque82-comite.fr\/wp-content\/uploads\/2022\/04\/494523731_1136474748496796_1831186629572586263_n-225x300.jpg 225w, http:\/\/www.petanque82-comite.fr\/wp-content\/uploads\/2022\/04\/494523731_1136474748496796_1831186629572586263_n.jpg 450w\" sizes=\"auto, (max-width: 225px) 100vw, 225px\" \/><\/p>\n<p>ALBERGUCCI Lilliana, RATHBERGER Genevi\u00e8ve, RICOUS L\u00e9a<br \/>\nP\u00e9tanque MONTPEZATAISE\u00a0sont qualifi\u00e9es pour le r\u00e9gional \u00e0 Revel le 29 mai<\/p>\n<p><img loading=\"lazy\" decoding=\"async\" class=\"alignnone size-medium wp-image-27339\" src=\"http:\/\/www.petanque82-comite.fr\/wp-content\/uploads\/2022\/04\/494110261_1136474888496782_1252693629459565757_n-225x300.jpg\" alt=\"\" width=\"225\" height=\"300\" srcset=\"http:\/\/www.petanque82-comite.fr\/wp-content\/uploads\/2022\/04\/494110261_1136474888496782_1252693629459565757_n-225x300.jpg 225w, http:\/\/www.petanque82-comite.fr\/wp-content\/uploads\/2022\/04\/494110261_1136474888496782_1252693629459565757_n.jpg 450w\" sizes=\"auto, (max-width: 225px) 100vw, 225px\" \/><\/p>\n<p>SUCHET M\u00e9lissa, POCHAT Laura, BOSC Laura<br \/>\nP\u00e9tanque SPORTIVE GIMATOISE sont qualifi\u00e9es \u00a0pour le r\u00e9gional \u00e0 Revel le 29 mai<\/p>\n<p><img loading=\"lazy\" decoding=\"async\" class=\"alignnone size-medium wp-image-27340\" src=\"http:\/\/www.petanque82-comite.fr\/wp-content\/uploads\/2022\/04\/493528933_1136474818496789_2324550886757739866_n-225x300.jpg\" alt=\"\" width=\"225\" height=\"300\" srcset=\"http:\/\/www.petanque82-comite.fr\/wp-content\/uploads\/2022\/04\/493528933_1136474818496789_2324550886757739866_n-225x300.jpg 225w, http:\/\/www.petanque82-comite.fr\/wp-content\/uploads\/2022\/04\/493528933_1136474818496789_2324550886757739866_n.jpg 450w\" sizes=\"auto, (max-width: 225px) 100vw, 225px\" \/><\/p>\n<p>SALAT MARIE-Morgane, CARDONNEL Justine, FARRONA Marina<br \/>\nSNAC P\u00e9tanque sont qualifi\u00e9es \u00a0pour le r\u00e9gional \u00e0 Revel le 29 mai<\/p>\n<p>&nbsp;<\/p>\n<h2><strong>ANNEE 2024<\/strong><\/h2>\n<h3><a href=\"http:\/\/www.petanque82-comite.fr\/result\/Page_Rslt_CDTF_2024.html\">R\u00e9sultats en direct<\/a><\/h3>\n<h3><img loading=\"lazy\" decoding=\"async\" class=\"alignnone size-medium wp-image-23784\" src=\"http:\/\/www.petanque82-comite.fr\/wp-content\/uploads\/2022\/04\/Championnes-triplette-Copie-260x300.jpeg\" alt=\"\" width=\"260\" height=\"300\" srcset=\"http:\/\/www.petanque82-comite.fr\/wp-content\/uploads\/2022\/04\/Championnes-triplette-Copie-260x300.jpeg 260w, http:\/\/www.petanque82-comite.fr\/wp-content\/uploads\/2022\/04\/Championnes-triplette-Copie-768x888.jpeg 768w, http:\/\/www.petanque82-comite.fr\/wp-content\/uploads\/2022\/04\/Championnes-triplette-Copie.jpeg 865w\" sizes=\"auto, (max-width: 260px) 100vw, 260px\" \/><\/h3>\n<p>DEVIC SABRINA, CORREIA M\u00c9LANIE, CABALLERO MA\u00cfT\u00c9<br \/>\nPIQUECOS PETANQUE sont qualifi\u00e9es pour le France \u00e0 Sin Le Noble (59)<\/p>\n<p><img loading=\"lazy\" decoding=\"async\" class=\"alignnone size-medium wp-image-23786\" src=\"http:\/\/www.petanque82-comite.fr\/wp-content\/uploads\/2022\/04\/photo_2-5-Copie-252x300.jpeg\" alt=\"\" width=\"252\" height=\"300\" srcset=\"http:\/\/www.petanque82-comite.fr\/wp-content\/uploads\/2022\/04\/photo_2-5-Copie-252x300.jpeg 252w, http:\/\/www.petanque82-comite.fr\/wp-content\/uploads\/2022\/04\/photo_2-5-Copie-768x915.jpeg 768w, http:\/\/www.petanque82-comite.fr\/wp-content\/uploads\/2022\/04\/photo_2-5-Copie.jpeg 839w\" sizes=\"auto, (max-width: 252px) 100vw, 252px\" \/><\/p>\n<p>DURAND C\u00c9LINE, MIRC MARIE-JOS\u00c9, MIRC CHRISTINE<br \/>\nPIQUECOS PETANQUE sont qualifi\u00e9es pour le R\u00e9gional<\/p>\n<p>&nbsp;<\/p>\n<p><img loading=\"lazy\" decoding=\"async\" class=\"alignnone size-medium wp-image-23785\" src=\"http:\/\/www.petanque82-comite.fr\/wp-content\/uploads\/2022\/04\/photo_1-3-Copie-236x300.jpeg\" alt=\"\" width=\"236\" height=\"300\" srcset=\"http:\/\/www.petanque82-comite.fr\/wp-content\/uploads\/2022\/04\/photo_1-3-Copie-236x300.jpeg 236w, http:\/\/www.petanque82-comite.fr\/wp-content\/uploads\/2022\/04\/photo_1-3-Copie-768x978.jpeg 768w, http:\/\/www.petanque82-comite.fr\/wp-content\/uploads\/2022\/04\/photo_1-3-Copie.jpeg 785w\" sizes=\"auto, (max-width: 236px) 100vw, 236px\" \/><\/p>\n<p>BOYER NADINE, FOURNIER SANDRINE, MARC ANNE<br \/>\nPETANQUE VARENOISE sont qualifi\u00e9es pour le R\u00e9gional<\/p>\n<p>&nbsp;<\/p>\n<h2><strong>ANNEE 2023\u00a0<\/strong><\/h2>\n<p><strong>Triplette f\u00e9minin<\/strong><\/p>\n<h3><a href=\"http:\/\/www.petanque82-comite.fr\/result\/Page_Rslt_CD_TF_15_04_2023.html\">R\u00e9sultats en direct<\/a><\/h3>\n<p><img loading=\"lazy\" decoding=\"async\" class=\"alignnone size-medium wp-image-20437\" src=\"http:\/\/www.petanque82-comite.fr\/wp-content\/uploads\/2022\/04\/IMG20230416181558-Copie-225x300.jpg\" alt=\"\" width=\"225\" height=\"300\" srcset=\"http:\/\/www.petanque82-comite.fr\/wp-content\/uploads\/2022\/04\/IMG20230416181558-Copie-225x300.jpg 225w, http:\/\/www.petanque82-comite.fr\/wp-content\/uploads\/2022\/04\/IMG20230416181558-Copie.jpg 750w\" sizes=\"auto, (max-width: 225px) 100vw, 225px\" \/><\/p>\n<p><strong><a href=\"http:\/\/www.petanque82-comite.fr\/wp-content\/uploads\/2022\/04\/IMG20230416181558.pdf\"><em>Qualifi\u00e9es pour le France \u00e0 Perpignan<\/em><\/a><\/strong><\/p>\n<p><strong><em><a href=\"http:\/\/www.petanque82-comite.fr\/wp-content\/uploads\/2022\/04\/IMG20230416181558.pdf\">VALADIE Lisa, DUHAMEL Christine, BERBEDES Lydie<br \/>\nAS DIEUPENTALE P\u00e9tanque<\/a><\/em><\/strong><\/p>\n<p>&nbsp;<\/p>\n<p><img loading=\"lazy\" decoding=\"async\" class=\"alignnone size-medium wp-image-20438\" src=\"http:\/\/www.petanque82-comite.fr\/wp-content\/uploads\/2022\/04\/IMG20230416181040-Copie-225x300.jpg\" alt=\"\" width=\"225\" height=\"300\" srcset=\"http:\/\/www.petanque82-comite.fr\/wp-content\/uploads\/2022\/04\/IMG20230416181040-Copie-225x300.jpg 225w, http:\/\/www.petanque82-comite.fr\/wp-content\/uploads\/2022\/04\/IMG20230416181040-Copie.jpg 750w\" sizes=\"auto, (max-width: 225px) 100vw, 225px\" \/><\/p>\n<p><strong><a href=\"http:\/\/www.petanque82-comite.fr\/wp-content\/uploads\/2022\/04\/IMG20230416181040.pdf\"><em>Qualifi\u00e9es pour le R\u00e9gional \u00e0 Castres<\/em><\/a><\/strong><\/p>\n<p><strong><em><a href=\"http:\/\/www.petanque82-comite.fr\/wp-content\/uploads\/2022\/04\/IMG20230416181040.pdf\">RICOUS L\u00e9a, CHARDELIN Kimberley, <\/a><a href=\"http:\/\/www.petanque82-comite.fr\/wp-content\/uploads\/2022\/04\/IMG20230416181040.pdf\">LARROQUE Al\u00e9xia<\/a><\/em><\/strong><\/p>\n<p><strong><em><a href=\"http:\/\/www.petanque82-comite.fr\/wp-content\/uploads\/2022\/04\/IMG20230416181040.pdf\">P\u00e9tanque MONTPEZATAISE<\/a><\/em><\/strong><\/p>\n<p>&nbsp;<\/p>\n<p><img loading=\"lazy\" decoding=\"async\" class=\"alignnone size-medium wp-image-20439\" src=\"http:\/\/www.petanque82-comite.fr\/wp-content\/uploads\/2022\/04\/IMG20230416174715-Copie-225x300.jpg\" alt=\"\" width=\"225\" height=\"300\" srcset=\"http:\/\/www.petanque82-comite.fr\/wp-content\/uploads\/2022\/04\/IMG20230416174715-Copie-225x300.jpg 225w, http:\/\/www.petanque82-comite.fr\/wp-content\/uploads\/2022\/04\/IMG20230416174715-Copie.jpg 750w\" sizes=\"auto, (max-width: 225px) 100vw, 225px\" \/><\/p>\n<p><strong><a href=\"http:\/\/www.petanque82-comite.fr\/wp-content\/uploads\/2022\/04\/IMG20230416174715.pdf\"><em>Qualifi\u00e9es pour le R\u00e9gional \u00e0 Castres<\/em><\/a><\/strong><\/p>\n<p><strong><em><a href=\"http:\/\/www.petanque82-comite.fr\/wp-content\/uploads\/2022\/04\/IMG20230416174715.pdf\">RATHBERGER Genevi\u00e8ve, DELRIEU Carole, <\/a><a href=\"http:\/\/www.petanque82-comite.fr\/wp-content\/uploads\/2022\/04\/IMG20230416174715.pdf\">LHOPITAULT Elisabeth<\/a><\/em><\/strong><\/p>\n<p><strong><em><a href=\"http:\/\/www.petanque82-comite.fr\/wp-content\/uploads\/2022\/04\/IMG20230416174715.pdf\">P\u00e9tanque MONTPEZATAISE<\/a><\/em><\/strong><\/p>\n<p>&nbsp;<\/p>\n<p>&nbsp;<\/p>\n<h2><strong>ANNEE 2022\u00a0<\/strong><\/h2>\n<p><strong>Triplette F\u00e9minin :<\/strong><\/p>\n<h3><a href=\"http:\/\/www.petanque82-comite.fr\/wp-content\/uploads\/2022\/04\/2022_T_FEM_Liste-des-Equipes.pdf\">Liste des \u00e9quipes<\/a><\/h3>\n<h3><a href=\"http:\/\/www.petanque82-comite.fr\/wp-content\/uploads\/2022\/04\/2022_T_FEM_Liste-Poules.pdf\">Liste des poules<\/a><\/h3>\n<h2><strong><a href=\"http:\/\/www.petanque82-comite.fr\/result\/Page_Rslt_2022_T_FEM.html\">R\u00e9sultats en direct<\/a><\/strong><\/h2>\n<p><em>Une triplette est qualifi\u00e9e pour le France <\/em><em>\u00e0 Chalons\u00a0 sur Sa\u00f4ne<\/em><\/p>\n<p><img loading=\"lazy\" decoding=\"async\" class=\"alignnone size-medium wp-image-15580\" src=\"http:\/\/www.petanque82-comite.fr\/wp-content\/uploads\/2022\/04\/IMG20220410173454-Copie-225x300.jpg\" alt=\"\" width=\"225\" height=\"300\" srcset=\"http:\/\/www.petanque82-comite.fr\/wp-content\/uploads\/2022\/04\/IMG20220410173454-Copie-225x300.jpg 225w, http:\/\/www.petanque82-comite.fr\/wp-content\/uploads\/2022\/04\/IMG20220410173454-Copie.jpg 750w\" sizes=\"auto, (max-width: 225px) 100vw, 225px\" \/><\/p>\n<p><strong><a href=\"http:\/\/www.petanque82-comite.fr\/wp-content\/uploads\/2022\/04\/Championnes-triplette-2022.pdf\">Championnes triplette 2022 en pdf<\/a><\/strong><\/p>\n<p><em>VALADIE LISA<\/em><br \/>\n<em>DUHAMEL CHRISTINE<\/em><br \/>\n<em>BERBEDES LYDIE Dieupentale<\/em><\/p>\n<p><em>Championnes triplette 2022<\/em><\/p>\n<p>&nbsp;<\/p>\n<p><em>Deux \u00e9quipes sont qualifi\u00e9es pour le championnat Occitanie 2022 \u00e0 Rivesaltes<\/em><\/p>\n<p><img loading=\"lazy\" decoding=\"async\" class=\"alignnone size-medium wp-image-15632\" src=\"http:\/\/www.petanque82-comite.fr\/wp-content\/uploads\/2022\/04\/IMG20220410174023-Copie-225x300.jpg\" alt=\"\" width=\"225\" height=\"300\" srcset=\"http:\/\/www.petanque82-comite.fr\/wp-content\/uploads\/2022\/04\/IMG20220410174023-Copie-225x300.jpg 225w, http:\/\/www.petanque82-comite.fr\/wp-content\/uploads\/2022\/04\/IMG20220410174023-Copie.jpg 750w\" sizes=\"auto, (max-width: 225px) 100vw, 225px\" \/><\/p>\n<p><strong><a href=\"http:\/\/www.petanque82-comite.fr\/wp-content\/uploads\/2022\/04\/IMG20220410174023.pdf\">Vice-championnes triplette en pdf<\/a><\/strong><\/p>\n<p><em>RATHBERGER GENEVIEVE<\/em><br \/>\n<em>SUCHET MELISSA<\/em><br \/>\n<em>WEISS MARIE US Montauban\u00a0<\/em><\/p>\n<p>&nbsp;<\/p>\n<p><img loading=\"lazy\" decoding=\"async\" class=\"alignnone size-medium wp-image-15633\" src=\"http:\/\/www.petanque82-comite.fr\/wp-content\/uploads\/2022\/04\/IMG20220410170547-Copie-225x300.jpg\" alt=\"\" width=\"225\" height=\"300\" srcset=\"http:\/\/www.petanque82-comite.fr\/wp-content\/uploads\/2022\/04\/IMG20220410170547-Copie-225x300.jpg 225w, http:\/\/www.petanque82-comite.fr\/wp-content\/uploads\/2022\/04\/IMG20220410170547-Copie.jpg 750w\" sizes=\"auto, (max-width: 225px) 100vw, 225px\" \/><\/p>\n<p><strong><a href=\"http:\/\/www.petanque82-comite.fr\/wp-content\/uploads\/2022\/04\/IMG20220410170547.pdf\">Vainqueur du barrage des perdantes des 1\/2 en pdf<\/a><\/strong><\/p>\n<p><em>VAN AUDENHOVE SYLVIE<\/em><br \/>\n<em>CASTELA M\u00c9LANIE<\/em><br \/>\n<em>ANGLES LAURIE Labastide du Temple<\/em><\/p>\n<p>&nbsp;<\/p>\n<h2><strong>ANNEE 2021 :<\/strong><\/h2>\n<h2><strong><a href=\"http:\/\/www.petanque82-comite.fr\/result\/Page_Rslt_Qualif_TF_2021.html\">R\u00e9sultats en direct<\/a><\/strong><\/h2>\n<p><img loading=\"lazy\" decoding=\"async\" class=\"alignnone size-medium wp-image-12099\" src=\"http:\/\/www.petanque82-comite.fr\/wp-content\/uploads\/2021\/06\/IMG20210620221340-Copie-225x300.jpg\" alt=\"\" width=\"225\" height=\"300\" srcset=\"http:\/\/www.petanque82-comite.fr\/wp-content\/uploads\/2021\/06\/IMG20210620221340-Copie-225x300.jpg 225w, http:\/\/www.petanque82-comite.fr\/wp-content\/uploads\/2021\/06\/IMG20210620221340-Copie.jpg 750w\" sizes=\"auto, (max-width: 225px) 100vw, 225px\" \/><\/p>\n<p><strong><a href=\"http:\/\/www.petanque82-comite.fr\/wp-content\/uploads\/2021\/06\/Les-championnes-triplette-feminin-2021-1.pdf\">Les championnes triplette f\u00e9minin 2021 RONCIN LAETITIA &#8211; <\/a><a href=\"http:\/\/www.petanque82-comite.fr\/wp-content\/uploads\/2021\/06\/Les-championnes-triplette-feminin-2021-1.pdf\">NEGRE ANNE<\/a><a href=\"http:\/\/www.petanque82-comite.fr\/wp-content\/uploads\/2021\/06\/Les-championnes-triplette-feminin-2021-1.pdf\"> &#8211; JEAN CORALIE de la PETANQUE ST ANTONINOISE vainqueur en finale de l&#8217;\u00e9quipe Nicole CAPDORDY de la P\u00e9tanque Moissagaise<\/a><\/strong><a href=\"http:\/\/www.petanque82-comite.fr\/wp-content\/uploads\/2021\/06\/Les-championnes-triplette-feminin-2021-1.pdf\">\u00a0<\/a><\/p>\n<h2><img loading=\"lazy\" decoding=\"async\" class=\"alignnone size-medium wp-image-12092\" src=\"http:\/\/www.petanque82-comite.fr\/wp-content\/uploads\/2021\/06\/IMG20210620203018-Copie-300x207.jpg\" alt=\"\" width=\"300\" height=\"207\" srcset=\"http:\/\/www.petanque82-comite.fr\/wp-content\/uploads\/2021\/06\/IMG20210620203018-Copie-300x207.jpg 300w, http:\/\/www.petanque82-comite.fr\/wp-content\/uploads\/2021\/06\/IMG20210620203018-Copie.jpg 500w\" sizes=\"auto, (max-width: 300px) 100vw, 300px\" \/><\/h2>\n<p><strong><a href=\"http:\/\/www.petanque82-comite.fr\/wp-content\/uploads\/2021\/06\/Les-finalistes-triplette-feminin.pdf\">Les finalistes triplette f\u00e9minin avec les arbitres<\/a><\/strong><\/p>\n<h4><a href=\"http:\/\/www.petanque82-comite.fr\/wp-content\/uploads\/2021\/06\/Qualif_TF_2021_Liste-des-Equipes-1.pdf\">Liste des Equipes<\/a><\/h4>\n<h4><a href=\"http:\/\/www.petanque82-comite.fr\/wp-content\/uploads\/2021\/06\/Qualif_TF_2021_Liste-Poules.pdf\">Liste des Poules<\/a><\/h4>\n","protected":false},"excerpt":{"rendered":"<p>ANNEE 2026 Championnat d\u00e9partemental triplette f\u00e9minin &#8211; 11 &amp; 12 avril 2026 &#8211; Montauban Cours Foucault Affiche-chpt-triplette-Feminin-et-Masculin-2026 Liste-des-Equipes Liste-Poules SUIVI_RESULTATS Championnes CABROL R\u00e9gine &#8211; CAPDORDY Nicole &#8211; GOUZE Nicole (AS Dieupentale) Equipe qualifi\u00e9e pour le chpt de France \u00e0 Douaisis (59) Vice-championnes LABAT Sandrine &#8211; LAGARDE Jessica &#8211; PRAYSSAC Marielle (P\u00e9tanque Meauzac) Equipe qualifi\u00e9e pour [&hellip;]<\/p>\n","protected":false},"author":1,"featured_media":0,"parent":0,"menu_order":0,"comment_status":"closed","ping_status":"closed","template":"","meta":{"ngg_post_thumbnail":0,"_tribe_blocks_recurrence_rules":"","_tribe_blocks_recurrence_exclusions":"","_tribe_blocks_recurrence_description":"","footnotes":""},"class_list":["post-11891","page","type-page","status-publish","hentry"],"_links":{"self":[{"href":"http:\/\/www.petanque82-comite.fr\/index.php?rest_route=\/wp\/v2\/pages\/11891","targetHints":{"allow":["GET"]}}],"collection":[{"href":"http:\/\/www.petanque82-comite.fr\/index.php?rest_route=\/wp\/v2\/pages"}],"about":[{"href":"http:\/\/www.petanque82-comite.fr\/index.php?rest_route=\/wp\/v2\/types\/page"}],"author":[{"embeddable":true,"href":"http:\/\/www.petanque82-comite.fr\/index.php?rest_route=\/wp\/v2\/users\/1"}],"replies":[{"embeddable":true,"href":"http:\/\/www.petanque82-comite.fr\/index.php?rest_route=%2Fwp%2Fv2%2Fcomments&post=11891"}],"version-history":[{"count":87,"href":"http:\/\/www.petanque82-comite.fr\/index.php?rest_route=\/wp\/v2\/pages\/11891\/revisions"}],"predecessor-version":[{"id":30048,"href":"http:\/\/www.petanque82-comite.fr\/index.php?rest_route=\/wp\/v2\/pages\/11891\/revisions\/30048"}],"wp:attachment":[{"href":"http:\/\/www.petanque82-comite.fr\/index.php?rest_route=%2Fwp%2Fv2%2Fmedia&parent=11891"}],"curies":[{"name":"wp","href":"https:\/\/api.w.org\/{rel}","templated":true}]}}