{"id":11897,"date":"2021-06-12T05:53:50","date_gmt":"2021-06-12T04:53:50","guid":{"rendered":"http:\/\/www.petanque82-comite.fr\/?page_id=11897"},"modified":"2026-04-19T19:26:53","modified_gmt":"2026-04-19T18:26:53","slug":"doublette-mixte","status":"publish","type":"page","link":"http:\/\/www.petanque82-comite.fr\/?page_id=11897","title":{"rendered":"Doublette mixte"},"content":{"rendered":"<h2><strong>ANNEE 2026 :<\/strong><\/h2>\n<p><span style=\"color: #ff0000;\"><strong>Championnat d\u00e9partemental doublette mixte samedi 18 avril et dimanche 19 avril\u00a0<\/strong><\/span><\/p>\n<p>1 \u00e9quipe qualifi\u00e9e pour le championnat de France<\/p>\n<p>3 \u00e9quipes qualifi\u00e9es pour le championnat r\u00e9gional<\/p>\n<h3><a href=\"http:\/\/www.petanque82-comite.fr\/wp-content\/uploads\/2026\/04\/Affiche-chpt-DM-2026.pdf\">Affiche-chpt-Doublette-Mixte-2026<\/a><\/h3>\n<h3><a href=\"http:\/\/www.petanque82-comite.fr\/wp-content\/uploads\/2026\/04\/20260418_CD_PET_082_DSMixte_Montauban_Liste-des-Equipes-Version-2.pdf\">Liste-des-Equipes<\/a><\/h3>\n<h3><a href=\"http:\/\/www.petanque82-comite.fr\/wp-content\/uploads\/2026\/04\/20260418_CD_PET_082_DSMixte_Montauban_Liste-Poules.pdf\">Liste-Poules<\/a><\/h3>\n<h3><a href=\"https:\/\/championnats-occitanie.ovh\/CD82\/Page_Rslt_20260418_CD_PET_082_DSMixte_0000.html\">Suivi_&amp;_r\u00e9sultats<\/a><\/h3>\n<p><strong>Champions<\/strong><\/p>\n<p><img loading=\"lazy\" decoding=\"async\" class=\"alignnone size-medium wp-image-30244\" src=\"http:\/\/www.petanque82-comite.fr\/wp-content\/uploads\/2026\/04\/Vainqueur-1-225x300.jpeg\" alt=\"\" width=\"225\" height=\"300\" srcset=\"http:\/\/www.petanque82-comite.fr\/wp-content\/uploads\/2026\/04\/Vainqueur-1-225x300.jpeg 225w, http:\/\/www.petanque82-comite.fr\/wp-content\/uploads\/2026\/04\/Vainqueur-1.jpeg 600w\" sizes=\"auto, (max-width: 225px) 100vw, 225px\" \/><\/p>\n<p>Fallone BAPTISTE &#8211; Sonny PRUDHOMME (P\u00e9tanque Montpezat)<\/p>\n<p>Equipe qualifi\u00e9e pour le championnat de France \u00e0 Ajaccio les 27 &amp; 28 juin<\/p>\n<p><strong>Vice-champions<\/strong><\/p>\n<p><img loading=\"lazy\" decoding=\"async\" class=\"alignnone size-medium wp-image-30245\" src=\"http:\/\/www.petanque82-comite.fr\/wp-content\/uploads\/2026\/04\/Finaliste-2-225x300.jpeg\" alt=\"\" width=\"225\" height=\"300\" srcset=\"http:\/\/www.petanque82-comite.fr\/wp-content\/uploads\/2026\/04\/Finaliste-2-225x300.jpeg 225w, http:\/\/www.petanque82-comite.fr\/wp-content\/uploads\/2026\/04\/Finaliste-2.jpeg 600w\" sizes=\"auto, (max-width: 225px) 100vw, 225px\" \/><\/p>\n<p>Christelle AMBROISE &#8211; Delson BOULANGER (P\u00e9tanque Montpezat)<\/p>\n<p>Equipe qualifi\u00e9e pour le championnat r\u00e9gional Occitanie \u00e0 Montauban le 16 mai<\/p>\n<p><strong>Demi-finalistes<\/strong><\/p>\n<p><img loading=\"lazy\" decoding=\"async\" class=\"alignnone size-medium wp-image-30246\" src=\"http:\/\/www.petanque82-comite.fr\/wp-content\/uploads\/2026\/04\/Julien-Cynthia-1-170x300.jpg\" alt=\"\" width=\"170\" height=\"300\" srcset=\"http:\/\/www.petanque82-comite.fr\/wp-content\/uploads\/2026\/04\/Julien-Cynthia-1-170x300.jpg 170w, http:\/\/www.petanque82-comite.fr\/wp-content\/uploads\/2026\/04\/Julien-Cynthia-1-581x1024.jpg 581w, http:\/\/www.petanque82-comite.fr\/wp-content\/uploads\/2026\/04\/Julien-Cynthia-1.jpg 600w\" sizes=\"auto, (max-width: 170px) 100vw, 170px\" \/><\/p>\n<p>Cynthia JULIEN &#8211; Mo\u00efse GABARRE\u00a0 (EBC Castelsarrasin)<\/p>\n<p><img loading=\"lazy\" decoding=\"async\" class=\"alignnone size-medium wp-image-30247\" src=\"http:\/\/www.petanque82-comite.fr\/wp-content\/uploads\/2026\/04\/Chardelin-Kimberley-1-225x300.jpeg\" alt=\"\" width=\"225\" height=\"300\" srcset=\"http:\/\/www.petanque82-comite.fr\/wp-content\/uploads\/2026\/04\/Chardelin-Kimberley-1-225x300.jpeg 225w, http:\/\/www.petanque82-comite.fr\/wp-content\/uploads\/2026\/04\/Chardelin-Kimberley-1.jpeg 600w\" sizes=\"auto, (max-width: 225px) 100vw, 225px\" \/><\/p>\n<p>Kimberley CHARDELIN &#8211; Georges FELTIN (P\u00e9tanque Montpezat)<\/p>\n<p>Les 2 \u00e9quipes qualifi\u00e9es pour le championnat r\u00e9gional Occitanie \u00e0 Montauban le 16 mai<\/p>\n<h2><strong>ANNEE 2025 :<\/strong><\/h2>\n<p><span style=\"color: #ff0000;\"><strong>Qualification doublette mixte samedi 5 avril et dimanche 6 avril\u00a0<\/strong><\/span><\/p>\n<h3><a href=\"https:\/\/championnats-occitanie.ovh\/CD82\/Page_Rslt_Cd_Doub_Mix_Caylus.html\">R\u00e9sultats en direct doublette mixte<\/a><\/h3>\n<p><img loading=\"lazy\" decoding=\"async\" class=\"alignnone size-medium wp-image-26880\" src=\"http:\/\/www.petanque82-comite.fr\/wp-content\/uploads\/2025\/04\/Champion-doublette-mixte-2025-177x300.jpg\" alt=\"\" width=\"177\" height=\"300\" srcset=\"http:\/\/www.petanque82-comite.fr\/wp-content\/uploads\/2025\/04\/Champion-doublette-mixte-2025-177x300.jpg 177w, http:\/\/www.petanque82-comite.fr\/wp-content\/uploads\/2025\/04\/Champion-doublette-mixte-2025-604x1024.jpg 604w, http:\/\/www.petanque82-comite.fr\/wp-content\/uploads\/2025\/04\/Champion-doublette-mixte-2025-768x1301.jpg 768w, http:\/\/www.petanque82-comite.fr\/wp-content\/uploads\/2025\/04\/Champion-doublette-mixte-2025-906x1536.jpg 906w, http:\/\/www.petanque82-comite.fr\/wp-content\/uploads\/2025\/04\/Champion-doublette-mixte-2025-1209x2048.jpg 1209w, http:\/\/www.petanque82-comite.fr\/wp-content\/uploads\/2025\/04\/Champion-doublette-mixte-2025-scaled.jpg 1511w\" sizes=\"auto, (max-width: 177px) 100vw, 177px\" \/><\/p>\n<p>MASSALOUX La\u00ebticia et BURFIN Alexis<br \/>\nPETANQUE MONTPEZATAISE sont qualifi\u00e9es pour le France \u00e0 Chalon sur Sa\u00f4ne les 28 et 29 juin<\/p>\n<p><img loading=\"lazy\" decoding=\"async\" class=\"alignnone wp-image-26881\" src=\"http:\/\/www.petanque82-comite.fr\/wp-content\/uploads\/2025\/04\/Finliste-doublette-mixte-192x300.jpg\" alt=\"\" width=\"171\" height=\"267\" srcset=\"http:\/\/www.petanque82-comite.fr\/wp-content\/uploads\/2025\/04\/Finliste-doublette-mixte-192x300.jpg 192w, http:\/\/www.petanque82-comite.fr\/wp-content\/uploads\/2025\/04\/Finliste-doublette-mixte-655x1024.jpg 655w, http:\/\/www.petanque82-comite.fr\/wp-content\/uploads\/2025\/04\/Finliste-doublette-mixte-768x1201.jpg 768w, http:\/\/www.petanque82-comite.fr\/wp-content\/uploads\/2025\/04\/Finliste-doublette-mixte-982x1536.jpg 982w, http:\/\/www.petanque82-comite.fr\/wp-content\/uploads\/2025\/04\/Finliste-doublette-mixte-1310x2048.jpg 1310w, http:\/\/www.petanque82-comite.fr\/wp-content\/uploads\/2025\/04\/Finliste-doublette-mixte-scaled.jpg 1637w\" sizes=\"auto, (max-width: 171px) 100vw, 171px\" \/><\/p>\n<p>ASLANI Marina et COUNAGO Micka\u00ebl<br \/>\nFANNY ALBIASSAINE sont qualifi\u00e9es pour le R\u00e9gional \u00e0 Revel<\/p>\n<p><img loading=\"lazy\" decoding=\"async\" class=\"alignnone wp-image-26882\" src=\"http:\/\/www.petanque82-comite.fr\/wp-content\/uploads\/2025\/04\/photo_2-1-137x300.jpg\" alt=\"\" width=\"148\" height=\"324\" srcset=\"http:\/\/www.petanque82-comite.fr\/wp-content\/uploads\/2025\/04\/photo_2-1-137x300.jpg 137w, http:\/\/www.petanque82-comite.fr\/wp-content\/uploads\/2025\/04\/photo_2-1-469x1024.jpg 469w, http:\/\/www.petanque82-comite.fr\/wp-content\/uploads\/2025\/04\/photo_2-1-768x1678.jpg 768w, http:\/\/www.petanque82-comite.fr\/wp-content\/uploads\/2025\/04\/photo_2-1-703x1536.jpg 703w, http:\/\/www.petanque82-comite.fr\/wp-content\/uploads\/2025\/04\/photo_2-1-937x2048.jpg 937w, http:\/\/www.petanque82-comite.fr\/wp-content\/uploads\/2025\/04\/photo_2-1.jpg 1052w\" sizes=\"auto, (max-width: 148px) 100vw, 148px\" \/><\/p>\n<p>VALADIE Lisa et GONCALVES Ivo<br \/>\nA S DIEUPENTALE sont qualifi\u00e9es pour le R\u00e9gional \u00e0 Revel<\/p>\n<p><img loading=\"lazy\" decoding=\"async\" class=\"alignnone wp-image-26883\" src=\"http:\/\/www.petanque82-comite.fr\/wp-content\/uploads\/2025\/04\/photo_2-2-133x300.jpg\" alt=\"\" width=\"148\" height=\"334\" srcset=\"http:\/\/www.petanque82-comite.fr\/wp-content\/uploads\/2025\/04\/photo_2-2-133x300.jpg 133w, http:\/\/www.petanque82-comite.fr\/wp-content\/uploads\/2025\/04\/photo_2-2-452x1024.jpg 452w, http:\/\/www.petanque82-comite.fr\/wp-content\/uploads\/2025\/04\/photo_2-2-768x1738.jpg 768w, http:\/\/www.petanque82-comite.fr\/wp-content\/uploads\/2025\/04\/photo_2-2-679x1536.jpg 679w, http:\/\/www.petanque82-comite.fr\/wp-content\/uploads\/2025\/04\/photo_2-2-905x2048.jpg 905w, http:\/\/www.petanque82-comite.fr\/wp-content\/uploads\/2025\/04\/photo_2-2.jpg 1098w\" sizes=\"auto, (max-width: 148px) 100vw, 148px\" \/><\/p>\n<p>BROUEL Nadine GARRIGUES Hugo<br \/>\nPETANQUE MOISSAGAISE sont qualifi\u00e9es pour le R\u00e9gional \u00e0 Revel<\/p>\n<h3><\/h3>\n<h3><a href=\"http:\/\/www.petanque82-comite.fr\/wp-content\/uploads\/2025\/03\/Cd_Doub_Mix_Caylus_Liste-des-Equipes.pdf\">Championnat d\u00e9partemental Doublette Mixte \u00e0 Caylus liste des \u00e9quipes<\/a><\/h3>\n<h3><a href=\"http:\/\/www.petanque82-comite.fr\/wp-content\/uploads\/2025\/03\/Cd_Doub_Mix_Caylus_Liste-Poules.pdf\">Championnat d\u00e9partemental Doublette Mix \u00e0 Caylus liste des poules<\/a><\/h3>\n<p>&nbsp;<\/p>\n<h2><strong>ANNEE 2024 :<\/strong><\/h2>\n<p><strong>Doublette mixte\u00a0<\/strong><\/p>\n<h3><a href=\"http:\/\/www.petanque82-comite.fr\/result\/Page_Rslt_CDDSM_FINALE_2024.html\">R\u00e9sultats en direct<\/a><\/h3>\n<h3><img loading=\"lazy\" decoding=\"async\" class=\"alignnone size-medium wp-image-24046\" src=\"http:\/\/www.petanque82-comite.fr\/wp-content\/uploads\/2022\/04\/Les-champions-Copie-210x300.jpeg\" alt=\"\" width=\"210\" height=\"300\" srcset=\"http:\/\/www.petanque82-comite.fr\/wp-content\/uploads\/2022\/04\/Les-champions-Copie-210x300.jpeg 210w, http:\/\/www.petanque82-comite.fr\/wp-content\/uploads\/2022\/04\/Les-champions-Copie-716x1024.jpeg 716w, http:\/\/www.petanque82-comite.fr\/wp-content\/uploads\/2022\/04\/Les-champions-Copie-768x1099.jpeg 768w, http:\/\/www.petanque82-comite.fr\/wp-content\/uploads\/2022\/04\/Les-champions-Copie.jpeg 843w\" sizes=\"auto, (max-width: 210px) 100vw, 210px\" \/><\/h3>\n<p>PRUD&#8217;HOMME Sonny, ALBERGUCCI Liliana<br \/>\nPETANQUE MONTPEZATAISE sont qualifi\u00e9s pour le France \u00e0 St &#8211; Flour (15)<\/p>\n<p><img loading=\"lazy\" decoding=\"async\" class=\"alignnone size-medium wp-image-24047\" src=\"http:\/\/www.petanque82-comite.fr\/wp-content\/uploads\/2022\/04\/pro-xjDbF6fO-Copie-196x300.jpeg\" alt=\"\" width=\"196\" height=\"300\" srcset=\"http:\/\/www.petanque82-comite.fr\/wp-content\/uploads\/2022\/04\/pro-xjDbF6fO-Copie-196x300.jpeg 196w, http:\/\/www.petanque82-comite.fr\/wp-content\/uploads\/2022\/04\/pro-xjDbF6fO-Copie-669x1024.jpeg 669w, http:\/\/www.petanque82-comite.fr\/wp-content\/uploads\/2022\/04\/pro-xjDbF6fO-Copie-768x1176.jpeg 768w, http:\/\/www.petanque82-comite.fr\/wp-content\/uploads\/2022\/04\/pro-xjDbF6fO-Copie.jpeg 937w\" sizes=\"auto, (max-width: 196px) 100vw, 196px\" \/><\/p>\n<p>RICOUS L\u00e9a, BOULANGER Delson<br \/>\nPETANQUE MONTPEZATAISE sont qualifi\u00e9s pour le R\u00e9gional \u00e0 Marvejols (48)<\/p>\n<p><img loading=\"lazy\" decoding=\"async\" class=\"alignnone size-medium wp-image-24048\" src=\"http:\/\/www.petanque82-comite.fr\/wp-content\/uploads\/2022\/04\/pro-RMmMCzi2-Copie-200x300.jpeg\" alt=\"\" width=\"200\" height=\"300\" srcset=\"http:\/\/www.petanque82-comite.fr\/wp-content\/uploads\/2022\/04\/pro-RMmMCzi2-Copie-200x300.jpeg 200w, http:\/\/www.petanque82-comite.fr\/wp-content\/uploads\/2022\/04\/pro-RMmMCzi2-Copie-681x1024.jpeg 681w, http:\/\/www.petanque82-comite.fr\/wp-content\/uploads\/2022\/04\/pro-RMmMCzi2-Copie-768x1155.jpeg 768w, http:\/\/www.petanque82-comite.fr\/wp-content\/uploads\/2022\/04\/pro-RMmMCzi2-Copie-1022x1536.jpeg 1022w, http:\/\/www.petanque82-comite.fr\/wp-content\/uploads\/2022\/04\/pro-RMmMCzi2-Copie.jpeg 1094w\" sizes=\"auto, (max-width: 200px) 100vw, 200px\" \/><\/p>\n<p>MERILLON Val\u00e9rie, AZAIS Matthew<br \/>\nUNION SPORTIVE AUVILLAR PETANQUE sont qualifi\u00e9s pour le R\u00e9gional \u00e0 Marvejols (48)<\/p>\n<p>&nbsp;<\/p>\n<h2><strong>ANNEE 2023 :<\/strong><\/h2>\n<p><strong>Doublette mixte<\/strong><\/p>\n<h3><a href=\"http:\/\/www.petanque82-comite.fr\/result\/Page_Rslt_CD_DM_finale.html\">R\u00e9sultats en direct<\/a><\/h3>\n<p><img loading=\"lazy\" decoding=\"async\" class=\"alignnone size-medium wp-image-20769\" src=\"http:\/\/www.petanque82-comite.fr\/wp-content\/uploads\/2022\/04\/IMG20230507204655-Copie-225x300.jpg\" alt=\"\" width=\"225\" height=\"300\" srcset=\"http:\/\/www.petanque82-comite.fr\/wp-content\/uploads\/2022\/04\/IMG20230507204655-Copie-225x300.jpg 225w, http:\/\/www.petanque82-comite.fr\/wp-content\/uploads\/2022\/04\/IMG20230507204655-Copie.jpg 750w\" sizes=\"auto, (max-width: 225px) 100vw, 225px\" \/><\/p>\n<p><strong><a href=\"http:\/\/www.petanque82-comite.fr\/wp-content\/uploads\/2022\/04\/IMG20230507204655.pdf\">Qualifi\u00e9s pour le France \u00e0 Soustons<\/a><\/strong><\/p>\n<p><strong><a href=\"http:\/\/www.petanque82-comite.fr\/wp-content\/uploads\/2022\/04\/IMG20230507204655.pdf\">RICOUS L\u00e9a<br \/>\nBOULANGER Delson<br \/>\nPETANQUE MONTPEZATAISE<\/a><\/strong><\/p>\n<p><img loading=\"lazy\" decoding=\"async\" class=\"alignnone size-medium wp-image-20768\" src=\"http:\/\/www.petanque82-comite.fr\/wp-content\/uploads\/2022\/04\/IMG20230507204316-Copie-225x300.jpg\" alt=\"\" width=\"225\" height=\"300\" srcset=\"http:\/\/www.petanque82-comite.fr\/wp-content\/uploads\/2022\/04\/IMG20230507204316-Copie-225x300.jpg 225w, http:\/\/www.petanque82-comite.fr\/wp-content\/uploads\/2022\/04\/IMG20230507204316-Copie.jpg 750w\" sizes=\"auto, (max-width: 225px) 100vw, 225px\" \/><\/p>\n<p><strong><a href=\"http:\/\/www.petanque82-comite.fr\/wp-content\/uploads\/2022\/04\/IMG20230507204316.pdf\">Qualifi\u00e9s pour le r\u00e9gional \u00e0 Castres<\/a><\/strong><\/p>\n<p><strong><a href=\"http:\/\/www.petanque82-comite.fr\/wp-content\/uploads\/2022\/04\/IMG20230507204316.pdf\">VALADIE Lisa<br \/>\nGONCALVES Ivo<br \/>\nA S DIEUPENTALE PETANQUE<\/a><\/strong><\/p>\n<p><img loading=\"lazy\" decoding=\"async\" class=\"alignnone size-medium wp-image-20770\" src=\"http:\/\/www.petanque82-comite.fr\/wp-content\/uploads\/2022\/04\/IMG20230507211744-Copie-225x300.jpg\" alt=\"\" width=\"225\" height=\"300\" srcset=\"http:\/\/www.petanque82-comite.fr\/wp-content\/uploads\/2022\/04\/IMG20230507211744-Copie-225x300.jpg 225w, http:\/\/www.petanque82-comite.fr\/wp-content\/uploads\/2022\/04\/IMG20230507211744-Copie.jpg 750w\" sizes=\"auto, (max-width: 225px) 100vw, 225px\" \/><\/p>\n<p><strong><a href=\"http:\/\/www.petanque82-comite.fr\/wp-content\/uploads\/2022\/04\/IMG20230507211744.pdf\">Qualifi\u00e9s pour le r\u00e9gional \u00e0 Castres<\/a><\/strong><\/p>\n<p><strong><a href=\"http:\/\/www.petanque82-comite.fr\/wp-content\/uploads\/2022\/04\/IMG20230507211744.pdf\">LHOPITAULT Elisabeth<br \/>\nLE FLOCH Flavien<br \/>\nPETANQUE MONTPEZATAISE<\/a><\/strong><\/p>\n<p>&nbsp;<\/p>\n<h2><strong>ANNEE 2022 :<\/strong><\/h2>\n<p><strong>Doublette mixte :<\/strong><\/p>\n<h3><a href=\"http:\/\/www.petanque82-comite.fr\/wp-content\/uploads\/2022\/04\/Les-equipes-qui-sont-qualifiees-pour-la-poule-finale-doublettes-mixte.pdf\">Liste des \u00e9quipes qui sont qualifi\u00e9es pour la poule finale doublettes mixte<\/a><\/h3>\n<h3><a href=\"http:\/\/www.petanque82-comite.fr\/wp-content\/uploads\/2022\/04\/Poules-finale-mixte.pdf\">Poules finale mixte<\/a><\/h3>\n<h3><a href=\"http:\/\/www.petanque82-comite.fr\/wp-content\/uploads\/2022\/04\/Huitieme-mixte-1.pdf\">Huiti\u00e8me de finale doublette mixte<\/a><\/h3>\n<h3><a href=\"http:\/\/www.petanque82-comite.fr\/wp-content\/uploads\/2022\/04\/Quart-de-finale.pdf\">Quart de finale doublette mixte<\/a><\/h3>\n<p><strong>Demi-finales :<\/strong><\/p>\n<p>Vainqueur PAGES C\u00e9line contre CORBELLINI Laurence<\/p>\n<p>Vainqueur COUDERC P\u00e9n\u00e9lope contre contre IRAGUE Elodie<\/p>\n<p><strong>Finale : <\/strong><\/p>\n<p>Vainqueur l&#8217;\u00e9quipe COUDERC P\u00e9n\u00e9lope et ROUGE Dominique est qualifi\u00e9e pour le France \u00e0 Brive les 25 et 26 juin 2022.<\/p>\n<p>L&#8217;\u00e9quipe PAGES C\u00e9line ainsi que l &#8216;\u00e9quipe IRAGUE Elodie sont qualifi\u00e9es pour le R\u00e9gional \u00e0 Rivesaltes le 29 mai 2022.<\/p>\n<p>&nbsp;<\/p>\n<p><em>Une \u00e9quipe est qualifi\u00e9e pour le France \u00e0 Brive\u00a0<\/em><\/p>\n<p><img loading=\"lazy\" decoding=\"async\" class=\"alignnone size-medium wp-image-16302\" src=\"http:\/\/www.petanque82-comite.fr\/wp-content\/uploads\/2022\/04\/Champions-mixte-2022-225x300.jpg\" alt=\"\" width=\"225\" height=\"300\" srcset=\"http:\/\/www.petanque82-comite.fr\/wp-content\/uploads\/2022\/04\/Champions-mixte-2022-225x300.jpg 225w, http:\/\/www.petanque82-comite.fr\/wp-content\/uploads\/2022\/04\/Champions-mixte-2022.jpg 750w\" sizes=\"auto, (max-width: 225px) 100vw, 225px\" \/><\/p>\n<p><strong><a href=\"http:\/\/www.petanque82-comite.fr\/wp-content\/uploads\/2022\/04\/Champions-mixte-2022.pdf\">Champions mixte 2022<\/a><\/strong><\/p>\n<p>COUDERC PENELOPE<\/p>\n<p>ROUGE DOMINIQUE<\/p>\n<p>P\u00e9tanque Moissagaise<\/p>\n<p>&nbsp;<\/p>\n<p><em>Deux \u00e9quipes sont qualifi\u00e9es pour le R\u00e9gional \u00e0 Rivesaltes\u00a0<\/em><\/p>\n<p><img loading=\"lazy\" decoding=\"async\" class=\"alignnone size-medium wp-image-16300\" src=\"http:\/\/www.petanque82-comite.fr\/wp-content\/uploads\/2022\/04\/Vice-Champions-mixte-2022-225x300.jpg\" alt=\"\" width=\"225\" height=\"300\" srcset=\"http:\/\/www.petanque82-comite.fr\/wp-content\/uploads\/2022\/04\/Vice-Champions-mixte-2022-225x300.jpg 225w, http:\/\/www.petanque82-comite.fr\/wp-content\/uploads\/2022\/04\/Vice-Champions-mixte-2022.jpg 750w\" sizes=\"auto, (max-width: 225px) 100vw, 225px\" \/><\/p>\n<p><strong><a href=\"http:\/\/www.petanque82-comite.fr\/wp-content\/uploads\/2022\/04\/Vice-Champions-mixte-2022.pdf\">Vice-Champions mixte 2022 en pdf<\/a><\/strong><\/p>\n<p>PAGES CELINE<\/p>\n<p>SCHMITT SERGE<\/p>\n<p>LA Moissagaise<\/p>\n<p><img loading=\"lazy\" decoding=\"async\" class=\"alignnone size-medium wp-image-16301\" src=\"http:\/\/www.petanque82-comite.fr\/wp-content\/uploads\/2022\/04\/Vainqueur-barrage-225x300.jpg\" alt=\"\" width=\"225\" height=\"300\" srcset=\"http:\/\/www.petanque82-comite.fr\/wp-content\/uploads\/2022\/04\/Vainqueur-barrage-225x300.jpg 225w, http:\/\/www.petanque82-comite.fr\/wp-content\/uploads\/2022\/04\/Vainqueur-barrage.jpg 750w\" sizes=\"auto, (max-width: 225px) 100vw, 225px\" \/><\/p>\n<p><strong><a href=\"http:\/\/www.petanque82-comite.fr\/wp-content\/uploads\/2022\/04\/Vainqueur-barrage.pdf\">Vainqueur barrage en pdf<\/a><\/strong><\/p>\n<p>IRAGUE Elodie<\/p>\n<p>DAUREJAT Francis<\/p>\n<p>P\u00e9tanque Lavitoise<\/p>\n<p>&nbsp;<\/p>\n<h2><strong>ANNEE 2021 :<\/strong><\/h2>\n<p><img loading=\"lazy\" decoding=\"async\" class=\"alignnone size-medium wp-image-12231\" src=\"http:\/\/www.petanque82-comite.fr\/wp-content\/uploads\/2021\/06\/Les-champions-mixte-2021-225x300.jpg\" alt=\"\" width=\"225\" height=\"300\" srcset=\"http:\/\/www.petanque82-comite.fr\/wp-content\/uploads\/2021\/06\/Les-champions-mixte-2021-225x300.jpg 225w, http:\/\/www.petanque82-comite.fr\/wp-content\/uploads\/2021\/06\/Les-champions-mixte-2021.jpg 750w\" sizes=\"auto, (max-width: 225px) 100vw, 225px\" \/><\/p>\n<p><strong><a href=\"http:\/\/www.petanque82-comite.fr\/wp-content\/uploads\/2021\/06\/Les-champions-mixte-2021.pdf\">Les champions doublette mixte 2021 LARROQUE Alexia &#8211; DURK Maison P\u00e9tanque MONTPEZATAISE<\/a><a href=\"http:\/\/www.petanque82-comite.fr\/wp-content\/uploads\/2021\/06\/Les-champions-mixte-2021.pdf\">\u00a0<\/a><\/strong><\/p>\n<p>&nbsp;<\/p>\n<p><img loading=\"lazy\" decoding=\"async\" class=\"alignnone size-medium wp-image-12232\" src=\"http:\/\/www.petanque82-comite.fr\/wp-content\/uploads\/2021\/06\/Les-sous-champions-mixte-2021-300x225.jpg\" alt=\"\" width=\"300\" height=\"225\" srcset=\"http:\/\/www.petanque82-comite.fr\/wp-content\/uploads\/2021\/06\/Les-sous-champions-mixte-2021-300x225.jpg 300w, http:\/\/www.petanque82-comite.fr\/wp-content\/uploads\/2021\/06\/Les-sous-champions-mixte-2021-768x576.jpg 768w, http:\/\/www.petanque82-comite.fr\/wp-content\/uploads\/2021\/06\/Les-sous-champions-mixte-2021.jpg 1000w\" sizes=\"auto, (max-width: 300px) 100vw, 300px\" \/><\/p>\n<p><strong><a href=\"http:\/\/www.petanque82-comite.fr\/wp-content\/uploads\/2021\/06\/Les-sous-champions-mixte-2021.pdf\">Les sous &#8211; champions doublette mixte 2021 HEBERT Bonnie &#8211; AUREL-CERES Th\u00e9o P\u00e9tanque GUEPIENNE<\/a><\/strong><\/p>\n<p><img loading=\"lazy\" decoding=\"async\" class=\"alignnone size-medium wp-image-12230\" src=\"http:\/\/www.petanque82-comite.fr\/wp-content\/uploads\/2021\/06\/Les-finalistes-mixte-2021-Copie-1-300x225.jpg\" alt=\"\" width=\"300\" height=\"225\" srcset=\"http:\/\/www.petanque82-comite.fr\/wp-content\/uploads\/2021\/06\/Les-finalistes-mixte-2021-Copie-1-300x225.jpg 300w, http:\/\/www.petanque82-comite.fr\/wp-content\/uploads\/2021\/06\/Les-finalistes-mixte-2021-Copie-1-768x576.jpg 768w, http:\/\/www.petanque82-comite.fr\/wp-content\/uploads\/2021\/06\/Les-finalistes-mixte-2021-Copie-1.jpg 1000w\" sizes=\"auto, (max-width: 300px) 100vw, 300px\" \/><\/p>\n<p><strong><a href=\"http:\/\/www.petanque82-comite.fr\/wp-content\/uploads\/2021\/06\/Les-finalistes-mixte-2021-1-1.pdf\">Les finalistes doublette mixte 2021 avec les arbitres<\/a><\/strong><\/p>\n<h2><a href=\"http:\/\/www.petanque82-comite.fr\/result\/Page_Rslt_Qualif_DM_2021.html\">R\u00e9sultats en direct<\/a><\/h2>\n<h2><a href=\"http:\/\/www.petanque82-comite.fr\/wp-content\/uploads\/2021\/06\/Qualif_DM_2021_Liste-des-Equipes-AVANT-TIRAGE.pdf\">Liste des Equipes<\/a><\/h2>\n","protected":false},"excerpt":{"rendered":"<p>ANNEE 2026 : Championnat d\u00e9partemental doublette mixte samedi 18 avril et dimanche 19 avril\u00a0 1 \u00e9quipe qualifi\u00e9e pour le championnat de France 3 \u00e9quipes qualifi\u00e9es pour le championnat r\u00e9gional Affiche-chpt-Doublette-Mixte-2026 Liste-des-Equipes Liste-Poules Suivi_&amp;_r\u00e9sultats Champions Fallone BAPTISTE &#8211; Sonny PRUDHOMME (P\u00e9tanque Montpezat) Equipe qualifi\u00e9e pour le championnat de France \u00e0 Ajaccio les 27 &amp; 28 juin [&hellip;]<\/p>\n","protected":false},"author":1,"featured_media":0,"parent":0,"menu_order":0,"comment_status":"closed","ping_status":"closed","template":"","meta":{"ngg_post_thumbnail":0,"_tribe_blocks_recurrence_rules":"","_tribe_blocks_recurrence_exclusions":"","_tribe_blocks_recurrence_description":"","footnotes":""},"class_list":["post-11897","page","type-page","status-publish","hentry"],"_links":{"self":[{"href":"http:\/\/www.petanque82-comite.fr\/index.php?rest_route=\/wp\/v2\/pages\/11897","targetHints":{"allow":["GET"]}}],"collection":[{"href":"http:\/\/www.petanque82-comite.fr\/index.php?rest_route=\/wp\/v2\/pages"}],"about":[{"href":"http:\/\/www.petanque82-comite.fr\/index.php?rest_route=\/wp\/v2\/types\/page"}],"author":[{"embeddable":true,"href":"http:\/\/www.petanque82-comite.fr\/index.php?rest_route=\/wp\/v2\/users\/1"}],"replies":[{"embeddable":true,"href":"http:\/\/www.petanque82-comite.fr\/index.php?rest_route=%2Fwp%2Fv2%2Fcomments&post=11897"}],"version-history":[{"count":92,"href":"http:\/\/www.petanque82-comite.fr\/index.php?rest_route=\/wp\/v2\/pages\/11897\/revisions"}],"predecessor-version":[{"id":30249,"href":"http:\/\/www.petanque82-comite.fr\/index.php?rest_route=\/wp\/v2\/pages\/11897\/revisions\/30249"}],"wp:attachment":[{"href":"http:\/\/www.petanque82-comite.fr\/index.php?rest_route=%2Fwp%2Fv2%2Fmedia&parent=11897"}],"curies":[{"name":"wp","href":"https:\/\/api.w.org\/{rel}","templated":true}]}}