{"id":12491,"date":"2021-07-09T08:09:41","date_gmt":"2021-07-09T07:09:41","guid":{"rendered":"http:\/\/www.petanque82-comite.fr\/?page_id=12491"},"modified":"2024-07-03T07:15:14","modified_gmt":"2024-07-03T06:15:14","slug":"les-resultats","status":"publish","type":"page","link":"http:\/\/www.petanque82-comite.fr\/?page_id=12491","title":{"rendered":"Les r\u00e9sultats"},"content":{"rendered":"<h1>ANNEE 2024<\/h1>\n<p><strong>CHAMPIONNATS de FRANCE <\/strong><\/p>\n<p><strong>Triplette Jeu Proven\u00e7al \u00e0 Brian\u00e7on (05)<\/strong><\/p>\n<h3><a href=\"https:\/\/www.championnats-ffpjp.com\/RsltCDF\/2024\/TJP\/Page_Rslt_FFPJP_CDF_TJP_2024.html\">R\u00e9sultats en direct<\/a><\/h3>\n<p>&nbsp;<\/p>\n<p><strong>Doublette Mixte \u00e0 Saint-Flour (15)<\/strong><\/p>\n<h3><a href=\"https:\/\/www.championnats-ffpjp.com\/RsltCDF\/2024\/DMS\/Page_Rslt_FFPJP_CDF_DMS_2024.html\">R\u00e9sultats en direct CDF Doublette S\u00e9nior Mixte<\/a><\/h3>\n<p><img loading=\"lazy\" decoding=\"async\" class=\"alignnone size-medium wp-image-24761\" src=\"http:\/\/www.petanque82-comite.fr\/wp-content\/uploads\/2022\/04\/2261784528296169574-229x300.jpg\" alt=\"\" width=\"229\" height=\"300\" srcset=\"http:\/\/www.petanque82-comite.fr\/wp-content\/uploads\/2022\/04\/2261784528296169574-229x300.jpg 229w, http:\/\/www.petanque82-comite.fr\/wp-content\/uploads\/2022\/04\/2261784528296169574.jpg 750w\" sizes=\"auto, (max-width: 229px) 100vw, 229px\" \/><\/p>\n<p>ALBERGUCCI LILIANA, PRUD&#8217;HOMME SONNY<br \/>\n(CD TARN ET GARONNE 82)<\/p>\n<p>&nbsp;<\/p>\n<p><strong>\u00a0Triplette P\u00e9tanque \u00e0 Sin le Noble (59)<\/strong><\/p>\n<h3><a href=\"https:\/\/www.championnats-ffpjp.com\/RsltCDF\/2024\/TS\/Page_Rslt_FFPJP_CDF_TS_2024.html\">R\u00e9sultats en direct CDF Triplette S\u00e9niors 2024<\/a><\/h3>\n<p><img loading=\"lazy\" decoding=\"async\" class=\"alignnone size-medium wp-image-24719\" src=\"http:\/\/www.petanque82-comite.fr\/wp-content\/uploads\/2022\/04\/448881748_898239845653622_5155551611911233092_n-296x300.jpg\" alt=\"\" width=\"296\" height=\"300\" srcset=\"http:\/\/www.petanque82-comite.fr\/wp-content\/uploads\/2022\/04\/448881748_898239845653622_5155551611911233092_n-296x300.jpg 296w, http:\/\/www.petanque82-comite.fr\/wp-content\/uploads\/2022\/04\/448881748_898239845653622_5155551611911233092_n-768x778.jpg 768w, http:\/\/www.petanque82-comite.fr\/wp-content\/uploads\/2022\/04\/448881748_898239845653622_5155551611911233092_n.jpg 921w\" sizes=\"auto, (max-width: 296px) 100vw, 296px\" \/><\/p>\n<p>DESLYS GINO, MAUREL PIERRE, LAMARE SAMUEL<br \/>\n(TARN ET GARONNE 82 )<\/p>\n<h3><a href=\"https:\/\/www.championnats-ffpjp.com\/RsltCDF\/2024\/TF\/Page_Rslt_FFPJP_CDF_TF_2024.html\">R\u00e9sultats en direct CDF Triplette F\u00e9minin 2024<\/a><\/h3>\n<p><img loading=\"lazy\" decoding=\"async\" class=\"alignnone size-medium wp-image-24717\" src=\"http:\/\/www.petanque82-comite.fr\/wp-content\/uploads\/2022\/04\/IMG20240622074022-225x300.jpg\" alt=\"\" width=\"225\" height=\"300\" srcset=\"http:\/\/www.petanque82-comite.fr\/wp-content\/uploads\/2022\/04\/IMG20240622074022-225x300.jpg 225w, http:\/\/www.petanque82-comite.fr\/wp-content\/uploads\/2022\/04\/IMG20240622074022-768x1024.jpg 768w, http:\/\/www.petanque82-comite.fr\/wp-content\/uploads\/2022\/04\/IMG20240622074022-1152x1536.jpg 1152w, http:\/\/www.petanque82-comite.fr\/wp-content\/uploads\/2022\/04\/IMG20240622074022-1536x2048.jpg 1536w, http:\/\/www.petanque82-comite.fr\/wp-content\/uploads\/2022\/04\/IMG20240622074022-scaled.jpg 1920w\" sizes=\"auto, (max-width: 225px) 100vw, 225px\" \/><\/p>\n<p>DEVIC SABRINA, CORREIA M\u00c9LANIE, CABALLERO MA\u00cfT\u00c9<br \/>\n(CD TARN ET GARONNE 82)<\/p>\n<p>&nbsp;<\/p>\n<div>\n<div class=\"\" dir=\"auto\">\n<div id=\"jsc_c_27\" class=\"ecm0bbzt hv4rvrfc e5nlhep0 dati1w0a\" data-ad-comet-preview=\"message\" data-ad-preview=\"message\">\n<div class=\"j83agx80 cbu4d94t ew0dbk1b irj2b8pg\">\n<div class=\"qzhwtbm6 knvmm38d\">\n<div class=\"kvgmc6g5 cxmmr5t8 oygrvhab hcukyx3x c1et5uql ii04i59q\">\n<p>&nbsp;<\/p>\n<div dir=\"auto\">\n<h2><\/h2>\n<\/div>\n<\/div>\n<\/div>\n<\/div>\n<\/div>\n<\/div>\n<\/div>\n<div>\n<div class=\"stjgntxs ni8dbmo4 l82x9zwi uo3d90p7 h905i5nu monazrh9\" data-visualcompletion=\"ignore-dynamic\">\n<div>\n<div class=\"l9j0dhe7\">\n<div class=\"bp9cbjyn m9osqain j83agx80 jq4qci2q bkfpd7mw a3bd9o3v kvgmc6g5 wkznzc2l oygrvhab dhix69tm jktsbyx5 rz4wbd8a osnr6wyh a8nywdso s1tcr66n\">\n<div class=\"bp9cbjyn j83agx80 buofh1pr ni8dbmo4 stjgntxs\">\n<div class=\"oajrlxb2 g5ia77u1 qu0x051f esr5mh6w e9989ue4 r7d6kgcz rq0escxv nhd2j8a9 nc684nl6 p7hjln8o kvgmc6g5 cxmmr5t8 oygrvhab hcukyx3x jb3vyjys rz4wbd8a qt6c0cv9 a8nywdso i1ao9s8h esuyzwwr f1sip0of lzcic4wl l9j0dhe7 abiwlrkh p8dawk7l\" tabindex=\"0\" role=\"button\" aria-label=\"J\u2019aime\u00a0: 9 personnes\">\n<h4><\/h4>\n<\/div>\n<\/div>\n<\/div>\n<\/div>\n<\/div>\n<\/div>\n<\/div>\n","protected":false},"excerpt":{"rendered":"<p>ANNEE 2024 CHAMPIONNATS de FRANCE Triplette Jeu Proven\u00e7al \u00e0 Brian\u00e7on (05) R\u00e9sultats en direct &nbsp; Doublette Mixte \u00e0 Saint-Flour (15) R\u00e9sultats en direct CDF Doublette S\u00e9nior Mixte ALBERGUCCI LILIANA, PRUD&#8217;HOMME SONNY (CD TARN ET GARONNE 82) &nbsp; \u00a0Triplette P\u00e9tanque \u00e0 Sin le Noble (59) R\u00e9sultats en direct CDF Triplette S\u00e9niors 2024 DESLYS GINO, MAUREL PIERRE, [&hellip;]<\/p>\n","protected":false},"author":1,"featured_media":0,"parent":0,"menu_order":0,"comment_status":"closed","ping_status":"closed","template":"","meta":{"ngg_post_thumbnail":0,"_tribe_blocks_recurrence_rules":"","_tribe_blocks_recurrence_exclusions":"","_tribe_blocks_recurrence_description":"","footnotes":""},"class_list":["post-12491","page","type-page","status-publish","hentry"],"_links":{"self":[{"href":"http:\/\/www.petanque82-comite.fr\/index.php?rest_route=\/wp\/v2\/pages\/12491","targetHints":{"allow":["GET"]}}],"collection":[{"href":"http:\/\/www.petanque82-comite.fr\/index.php?rest_route=\/wp\/v2\/pages"}],"about":[{"href":"http:\/\/www.petanque82-comite.fr\/index.php?rest_route=\/wp\/v2\/types\/page"}],"author":[{"embeddable":true,"href":"http:\/\/www.petanque82-comite.fr\/index.php?rest_route=\/wp\/v2\/users\/1"}],"replies":[{"embeddable":true,"href":"http:\/\/www.petanque82-comite.fr\/index.php?rest_route=%2Fwp%2Fv2%2Fcomments&post=12491"}],"version-history":[{"count":75,"href":"http:\/\/www.petanque82-comite.fr\/index.php?rest_route=\/wp\/v2\/pages\/12491\/revisions"}],"predecessor-version":[{"id":24806,"href":"http:\/\/www.petanque82-comite.fr\/index.php?rest_route=\/wp\/v2\/pages\/12491\/revisions\/24806"}],"wp:attachment":[{"href":"http:\/\/www.petanque82-comite.fr\/index.php?rest_route=%2Fwp%2Fv2%2Fmedia&parent=12491"}],"curies":[{"name":"wp","href":"https:\/\/api.w.org\/{rel}","templated":true}]}}