{"id":13224,"date":"2021-09-29T06:44:46","date_gmt":"2021-09-29T05:44:46","guid":{"rendered":"http:\/\/www.petanque82-comite.fr\/?page_id=13224"},"modified":"2023-02-26T08:48:41","modified_gmt":"2023-02-26T07:48:41","slug":"crc-jeunes-2021","status":"publish","type":"page","link":"http:\/\/www.petanque82-comite.fr\/?page_id=13224","title":{"rendered":"C.R.C. Jeunes"},"content":{"rendered":"<h2><strong>ANNEE 2022 :<\/strong><\/h2>\n<p><strong>CRC Jeunes :<\/strong><\/p>\n<p><img loading=\"lazy\" decoding=\"async\" class=\"alignnone size-medium wp-image-18426\" src=\"http:\/\/www.petanque82-comite.fr\/wp-content\/uploads\/2022\/04\/facebook_1665383163189_6985123262899261222-300x225.jpg\" alt=\"\" width=\"300\" height=\"225\" srcset=\"http:\/\/www.petanque82-comite.fr\/wp-content\/uploads\/2022\/04\/facebook_1665383163189_6985123262899261222-300x225.jpg 300w, http:\/\/www.petanque82-comite.fr\/wp-content\/uploads\/2022\/04\/facebook_1665383163189_6985123262899261222-768x576.jpg 768w, http:\/\/www.petanque82-comite.fr\/wp-content\/uploads\/2022\/04\/facebook_1665383163189_6985123262899261222.jpg 960w\" sizes=\"auto, (max-width: 300px) 100vw, 300px\" \/><\/p>\n<p><strong><a href=\"https:\/\/www.ffpjp.org\/cnc\/images\/2022\/resultats\/tirageCNCCJ2022.pdf\">Tirage Finale cadets- juniors du CNC jeunes \u00e0 Saint-Pierre les ELBEUF du 22 au 24 octobre 2022.<\/a><\/strong><\/p>\n<p>Un groupe exceptionnel, bravo les jeunes de l&#8217;EBC et les \u00e9ducateurs!<\/p>\n<p>&nbsp;<\/p>\n<p><img loading=\"lazy\" decoding=\"async\" class=\"alignnone size-medium wp-image-18651\" src=\"http:\/\/www.petanque82-comite.fr\/wp-content\/uploads\/2022\/04\/Cadets-Juniors-Castelsarrasin-CDC-Jeunes-300x224.jpg\" alt=\"\" width=\"300\" height=\"224\" srcset=\"http:\/\/www.petanque82-comite.fr\/wp-content\/uploads\/2022\/04\/Cadets-Juniors-Castelsarrasin-CDC-Jeunes-300x224.jpg 300w, http:\/\/www.petanque82-comite.fr\/wp-content\/uploads\/2022\/04\/Cadets-Juniors-Castelsarrasin-CDC-Jeunes-1024x766.jpg 1024w, http:\/\/www.petanque82-comite.fr\/wp-content\/uploads\/2022\/04\/Cadets-Juniors-Castelsarrasin-CDC-Jeunes-768x575.jpg 768w, http:\/\/www.petanque82-comite.fr\/wp-content\/uploads\/2022\/04\/Cadets-Juniors-Castelsarrasin-CDC-Jeunes-1536x1149.jpg 1536w, http:\/\/www.petanque82-comite.fr\/wp-content\/uploads\/2022\/04\/Cadets-Juniors-Castelsarrasin-CDC-Jeunes.jpg 2048w\" sizes=\"auto, (max-width: 300px) 100vw, 300px\" \/><\/p>\n<p><strong><a href=\"http:\/\/www.petanque82-comite.fr\/wp-content\/uploads\/2022\/04\/facebook_1665383163189_6985123262899261222.pdf\">Les cadets &#8211; Juniors de l&#8217;EBC vice-champions du CRCJ 2022<\/a><a href=\"http:\/\/www.petanque82-comite.fr\/wp-content\/uploads\/2022\/04\/facebook_1665383163189_6985123262899261222.pdf\"> s&#8217;inclinent en 1\/4 de finale du CNCJ \u00e0 Saint-Pierre les ELBEUF, Kinsley RICHARD, Thierry DELMAS, Sonny GIRAC et Baptiste LEMANCHEC.<\/a><\/strong><\/p>\n<p>&nbsp;<\/p>\n<h3><a href=\"http:\/\/www.petanque82-comite.fr\/wp-content\/uploads\/2022\/02\/RI-CHPT-REG-CRC-jeunes.pdf\">R\u00e8glement Int\u00e9rieur Championnat R\u00e9gional CRC jeunes<\/a><\/h3>\n<h3><a href=\"http:\/\/www.petanque82-comite.fr\/wp-content\/uploads\/2022\/02\/RI-CHPT-REG-Doublettes-Jeunes.pdf\">RI CHPT REG Doublettes Jeunes<\/a><\/h3>\n<h3><a href=\"http:\/\/www.petanque82-comite.fr\/wp-content\/uploads\/2022\/02\/RI-CHPT-REG-Triplettes-Jeunes.pdf\">RI CHPT REG Triplettes Jeunes<\/a><\/h3>\n<h3><a href=\"http:\/\/www.petanque82-comite.fr\/wp-content\/uploads\/2022\/02\/RI-CHPT-REG-TIR-Precision-jeunes.pdf\">RI CHPT REG TIR Pr\u00e9cision jeunes<\/a><\/h3>\n<h2><\/h2>\n<p>&nbsp;<\/p>\n<h2><strong>ANNEE 2021 :<\/strong><\/h2>\n<h3><a href=\"http:\/\/www.petanque82-comite.fr\/wp-content\/uploads\/2021\/09\/COMPTE-RENDU-PHASE-DE-GROUPE-C-R-C-J.pdf\">COMPTE RENDU PHASE DE GROUPE C R C Jeunes<\/a><\/h3>\n","protected":false},"excerpt":{"rendered":"<p>ANNEE 2022 : CRC Jeunes : Tirage Finale cadets- juniors du CNC jeunes \u00e0 Saint-Pierre les ELBEUF du 22 au 24 octobre 2022. Un groupe exceptionnel, bravo les jeunes de l&#8217;EBC et les \u00e9ducateurs! &nbsp; Les cadets &#8211; Juniors de l&#8217;EBC vice-champions du CRCJ 2022 s&#8217;inclinent en 1\/4 de finale du CNCJ \u00e0 Saint-Pierre les [&hellip;]<\/p>\n","protected":false},"author":1,"featured_media":0,"parent":0,"menu_order":0,"comment_status":"closed","ping_status":"closed","template":"","meta":{"ngg_post_thumbnail":0,"_tribe_blocks_recurrence_rules":"","_tribe_blocks_recurrence_exclusions":"","_tribe_blocks_recurrence_description":"","footnotes":""},"class_list":["post-13224","page","type-page","status-publish","hentry"],"_links":{"self":[{"href":"http:\/\/www.petanque82-comite.fr\/index.php?rest_route=\/wp\/v2\/pages\/13224","targetHints":{"allow":["GET"]}}],"collection":[{"href":"http:\/\/www.petanque82-comite.fr\/index.php?rest_route=\/wp\/v2\/pages"}],"about":[{"href":"http:\/\/www.petanque82-comite.fr\/index.php?rest_route=\/wp\/v2\/types\/page"}],"author":[{"embeddable":true,"href":"http:\/\/www.petanque82-comite.fr\/index.php?rest_route=\/wp\/v2\/users\/1"}],"replies":[{"embeddable":true,"href":"http:\/\/www.petanque82-comite.fr\/index.php?rest_route=%2Fwp%2Fv2%2Fcomments&post=13224"}],"version-history":[{"count":14,"href":"http:\/\/www.petanque82-comite.fr\/index.php?rest_route=\/wp\/v2\/pages\/13224\/revisions"}],"predecessor-version":[{"id":19650,"href":"http:\/\/www.petanque82-comite.fr\/index.php?rest_route=\/wp\/v2\/pages\/13224\/revisions\/19650"}],"wp:attachment":[{"href":"http:\/\/www.petanque82-comite.fr\/index.php?rest_route=%2Fwp%2Fv2%2Fmedia&parent=13224"}],"curies":[{"name":"wp","href":"https:\/\/api.w.org\/{rel}","templated":true}]}}