{"id":14788,"date":"2022-02-21T16:40:34","date_gmt":"2022-02-21T15:40:34","guid":{"rendered":"http:\/\/www.petanque82-comite.fr\/?page_id=14788"},"modified":"2023-02-26T08:06:09","modified_gmt":"2023-02-26T07:06:09","slug":"concours-cd82","status":"publish","type":"page","link":"http:\/\/www.petanque82-comite.fr\/?page_id=14788","title":{"rendered":"Concours et divers CD82"},"content":{"rendered":"<h2>ANNEE 2023<\/h2>\n<p><strong><em>R\u00e9sultats se la finale du Challenge Beucher samedi 25 f\u00e9vrier 2023 :<\/em><\/strong><\/p>\n<h3><a href=\"http:\/\/www.petanque82-comite.fr\/wp-content\/uploads\/2022\/04\/Resultats-du-Challenge-Beucher-2023.pdf\">R\u00e9sultats du Challenge Beucher 2023<\/a><\/h3>\n<p><img loading=\"lazy\" decoding=\"async\" class=\"alignnone size-medium wp-image-19638\" src=\"http:\/\/www.petanque82-comite.fr\/wp-content\/uploads\/2022\/04\/Les-finalistes-du-challenge-Beucher-2023-225x300.jpg\" alt=\"\" width=\"225\" height=\"300\" srcset=\"http:\/\/www.petanque82-comite.fr\/wp-content\/uploads\/2022\/04\/Les-finalistes-du-challenge-Beucher-2023-225x300.jpg 225w, http:\/\/www.petanque82-comite.fr\/wp-content\/uploads\/2022\/04\/Les-finalistes-du-challenge-Beucher-2023-768x1024.jpg 768w, http:\/\/www.petanque82-comite.fr\/wp-content\/uploads\/2022\/04\/Les-finalistes-du-challenge-Beucher-2023.jpg 900w\" sizes=\"auto, (max-width: 225px) 100vw, 225px\" \/><\/p>\n<p>Jo\u00ebl Beucher et les vainqueurs du Challenge Beucher<\/p>\n<h3><a style=\"font-size: 16px;\" href=\"http:\/\/www.petanque82-comite.fr\/wp-content\/uploads\/2022\/04\/Qualifies-Challenge-Beucher-2023.pdf\">Les 32 qualifi\u00e9s du Challenge Beucher 2023<\/a><\/h3>\n<h3><a href=\"http:\/\/www.petanque82-comite.fr\/wp-content\/uploads\/2022\/04\/Affiche-Challenge-Jean-Michel-Beucher-2023.pdf\">Affiche Challenge Jean Michel Beucher 2023<\/a><\/h3>\n<h3><a href=\"http:\/\/www.petanque82-comite.fr\/wp-content\/uploads\/2022\/04\/Triplette-mixte-Challenge-Beucher-Les-qualifies.pdf\">Triplette mixte Challenge BEUCHER, les qualifi\u00e9s du premier tour<\/a><\/h3>\n<h3><a href=\"http:\/\/www.petanque82-comite.fr\/wp-content\/uploads\/2022\/04\/210123CHALLENGE_BEUCHER_ListeSpeciale-21-01-2023-Copie.pdf\">Triplette mixte Challenge BEUCHER, les qualifi\u00e9s du deuxi\u00e8me tour<\/a><\/h3>\n<h3><a href=\"http:\/\/www.petanque82-comite.fr\/wp-content\/uploads\/2022\/04\/040223_CHALLENGE_BEUCHER_ListeSpeciale.pdf\">Triplette mixte Challenge BEUCHER, les qualifi\u00e9s du troisi\u00e8me tour<\/a><\/h3>\n<p>&nbsp;<\/p>\n<h2><strong>Ann\u00e9e 2022<\/strong><\/h2>\n<p><strong>COUPE DE NOEL des Jeunes :<\/strong><\/p>\n<h3><a href=\"http:\/\/www.petanque82-comite.fr\/wp-content\/uploads\/2022\/04\/Resultats-COUPE-de-NOEL-des-jeunes-2022.pdf\">R\u00e9sultats COUPE de NOEL des jeunes 2022<\/a><\/h3>\n<p>&nbsp;<\/p>\n<p><img loading=\"lazy\" decoding=\"async\" class=\"alignnone size-medium wp-image-19157\" src=\"http:\/\/www.petanque82-comite.fr\/wp-content\/uploads\/2022\/04\/Cadets-300x130.jpeg\" alt=\"\" width=\"300\" height=\"130\" srcset=\"http:\/\/www.petanque82-comite.fr\/wp-content\/uploads\/2022\/04\/Cadets-300x130.jpeg 300w, http:\/\/www.petanque82-comite.fr\/wp-content\/uploads\/2022\/04\/Cadets-1024x442.jpeg 1024w, http:\/\/www.petanque82-comite.fr\/wp-content\/uploads\/2022\/04\/Cadets-768x332.jpeg 768w, http:\/\/www.petanque82-comite.fr\/wp-content\/uploads\/2022\/04\/Cadets-1536x663.jpeg 1536w, http:\/\/www.petanque82-comite.fr\/wp-content\/uploads\/2022\/04\/Cadets-2048x884.jpeg 2048w\" sizes=\"auto, (max-width: 300px) 100vw, 300px\" \/><\/p>\n<p><strong><a href=\"http:\/\/www.petanque82-comite.fr\/wp-content\/uploads\/2022\/04\/Cadets-2.pdf\">Les cadets<\/a><\/strong><\/p>\n<p>&nbsp;<\/p>\n<p><img loading=\"lazy\" decoding=\"async\" class=\"alignnone size-medium wp-image-19158\" src=\"http:\/\/www.petanque82-comite.fr\/wp-content\/uploads\/2022\/04\/Minimes-1-300x198.jpg\" alt=\"\" width=\"300\" height=\"198\" srcset=\"http:\/\/www.petanque82-comite.fr\/wp-content\/uploads\/2022\/04\/Minimes-1-300x198.jpg 300w, http:\/\/www.petanque82-comite.fr\/wp-content\/uploads\/2022\/04\/Minimes-1-1024x675.jpg 1024w, http:\/\/www.petanque82-comite.fr\/wp-content\/uploads\/2022\/04\/Minimes-1-768x506.jpg 768w, http:\/\/www.petanque82-comite.fr\/wp-content\/uploads\/2022\/04\/Minimes-1-1536x1013.jpg 1536w, http:\/\/www.petanque82-comite.fr\/wp-content\/uploads\/2022\/04\/Minimes-1-2048x1350.jpg 2048w\" sizes=\"auto, (max-width: 300px) 100vw, 300px\" \/><\/p>\n<p><strong><a href=\"http:\/\/www.petanque82-comite.fr\/wp-content\/uploads\/2022\/04\/Minimes-2.pdf\">Les minimes<\/a><\/strong><\/p>\n<p>&nbsp;<\/p>\n<p><em><strong>Journ\u00e9e b\u00e9n\u00e9voles du championnat de France mixte 2021<\/strong><\/em><\/p>\n<p>C&#8217;est avec grand plaisir que les b\u00e9n\u00e9voles du championnat de France mixte se sont retrouv\u00e9s pour une journ\u00e9e conviviale.<\/p>\n<p>Le pr\u00e9sident du Comit\u00e9 Franck CLEMENT et l&#8217;ensemble des membres remercient toutes les personnes qui ont donn\u00e9 de leurs temps pour l&#8217;organisation de cette manifestation.<\/p>\n<p>Photo souvenir ci dessous.<\/p>\n<p><img loading=\"lazy\" decoding=\"async\" class=\"alignnone size-medium wp-image-14899\" src=\"http:\/\/www.petanque82-comite.fr\/wp-content\/uploads\/2022\/03\/Les-benevoles-du-france-2021-Copie-300x225.jpg\" alt=\"\" width=\"300\" height=\"225\" srcset=\"http:\/\/www.petanque82-comite.fr\/wp-content\/uploads\/2022\/03\/Les-benevoles-du-france-2021-Copie-300x225.jpg 300w, http:\/\/www.petanque82-comite.fr\/wp-content\/uploads\/2022\/03\/Les-benevoles-du-france-2021-Copie-768x576.jpg 768w, http:\/\/www.petanque82-comite.fr\/wp-content\/uploads\/2022\/03\/Les-benevoles-du-france-2021-Copie.jpg 1000w\" sizes=\"auto, (max-width: 300px) 100vw, 300px\" \/><\/p>\n<p><strong><a href=\"http:\/\/www.petanque82-comite.fr\/wp-content\/uploads\/2022\/03\/Les-benevoles-du-france-2021.pdf\">Les b\u00e9n\u00e9voles du France mixte 2021 en pdf<\/a><\/strong><\/p>\n<p>&nbsp;<\/p>\n<h2><a href=\"http:\/\/www.petanque82-comite.fr\/wp-content\/uploads\/2022\/02\/Challenge-Beucher3.pdf\">Challenge Beucher<\/a><\/h2>\n<p><img loading=\"lazy\" decoding=\"async\" class=\"alignnone size-medium wp-image-14780\" src=\"http:\/\/www.petanque82-comite.fr\/wp-content\/uploads\/2021\/09\/Vainqueurs-et-finalistes-2-225x300.jpg\" alt=\"\" width=\"225\" height=\"300\" srcset=\"http:\/\/www.petanque82-comite.fr\/wp-content\/uploads\/2021\/09\/Vainqueurs-et-finalistes-2-225x300.jpg 225w, http:\/\/www.petanque82-comite.fr\/wp-content\/uploads\/2021\/09\/Vainqueurs-et-finalistes-2.jpg 600w\" sizes=\"auto, (max-width: 225px) 100vw, 225px\" \/><\/p>\n<h2><strong>Les vainqueurs et les finalistes<\/strong><\/h2>\n","protected":false},"excerpt":{"rendered":"<p>ANNEE 2023 R\u00e9sultats se la finale du Challenge Beucher samedi 25 f\u00e9vrier 2023 : R\u00e9sultats du Challenge Beucher 2023 Jo\u00ebl Beucher et les vainqueurs du Challenge Beucher Les 32 qualifi\u00e9s du Challenge Beucher 2023 Affiche Challenge Jean Michel Beucher 2023 Triplette mixte Challenge BEUCHER, les qualifi\u00e9s du premier tour Triplette mixte Challenge BEUCHER, les qualifi\u00e9s [&hellip;]<\/p>\n","protected":false},"author":1,"featured_media":0,"parent":0,"menu_order":0,"comment_status":"closed","ping_status":"closed","template":"","meta":{"ngg_post_thumbnail":0,"_tribe_blocks_recurrence_rules":"","_tribe_blocks_recurrence_exclusions":"","_tribe_blocks_recurrence_description":"","footnotes":""},"class_list":["post-14788","page","type-page","status-publish","hentry"],"_links":{"self":[{"href":"http:\/\/www.petanque82-comite.fr\/index.php?rest_route=\/wp\/v2\/pages\/14788","targetHints":{"allow":["GET"]}}],"collection":[{"href":"http:\/\/www.petanque82-comite.fr\/index.php?rest_route=\/wp\/v2\/pages"}],"about":[{"href":"http:\/\/www.petanque82-comite.fr\/index.php?rest_route=\/wp\/v2\/types\/page"}],"author":[{"embeddable":true,"href":"http:\/\/www.petanque82-comite.fr\/index.php?rest_route=\/wp\/v2\/users\/1"}],"replies":[{"embeddable":true,"href":"http:\/\/www.petanque82-comite.fr\/index.php?rest_route=%2Fwp%2Fv2%2Fcomments&post=14788"}],"version-history":[{"count":12,"href":"http:\/\/www.petanque82-comite.fr\/index.php?rest_route=\/wp\/v2\/pages\/14788\/revisions"}],"predecessor-version":[{"id":19645,"href":"http:\/\/www.petanque82-comite.fr\/index.php?rest_route=\/wp\/v2\/pages\/14788\/revisions\/19645"}],"wp:attachment":[{"href":"http:\/\/www.petanque82-comite.fr\/index.php?rest_route=%2Fwp%2Fv2%2Fmedia&parent=14788"}],"curies":[{"name":"wp","href":"https:\/\/api.w.org\/{rel}","templated":true}]}}