{"id":15117,"date":"2022-03-19T07:39:12","date_gmt":"2022-03-19T06:39:12","guid":{"rendered":"http:\/\/www.petanque82-comite.fr\/?page_id=15117"},"modified":"2026-03-14T17:15:17","modified_gmt":"2026-03-14T16:15:17","slug":"comptes-rendus-occitanie","status":"publish","type":"page","link":"http:\/\/www.petanque82-comite.fr\/?page_id=15117","title":{"rendered":"Comptes rendus Occitanie"},"content":{"rendered":"<h2><strong>Ann\u00e9e 2026<\/strong><\/h2>\n<h3><a href=\"http:\/\/www.petanque82-comite.fr\/wp-content\/uploads\/2026\/03\/Compte-rendu-de-la-reunion-de-la-commission-competitio_n-du-CR0.pdf\">Compte-rendu-de-la-reunion-de-la-commission-competition-du-CRO.pdf<\/a><\/h3>\n<h2><strong>Ann\u00e9e 2025<\/strong><\/h2>\n<h3><a href=\"http:\/\/www.petanque82-comite.fr\/wp-content\/uploads\/2025\/12\/Lieux-championnats-Occitanie.pdf\">Lieux championnats Occitanie 2026<\/a><\/h3>\n<h3><a href=\"http:\/\/www.petanque82-comite.fr\/wp-content\/uploads\/2025\/12\/Annexe-1-Bilan-licences-30-sept-Occitanie-2.pdf\">Annexe 1 Bilan licences 30 sept 2025 Occitanie<\/a><\/h3>\n<h3><a href=\"http:\/\/www.petanque82-comite.fr\/wp-content\/uploads\/2025\/12\/CALENDRIER-CRO-champ-et-CRC-2026.pdf\">CALENDRIER CRO champ et CRC 2026<\/a><\/h3>\n<h3><a href=\"http:\/\/www.petanque82-comite.fr\/wp-content\/uploads\/2025\/12\/qualifies-chts-regionaux-2026.pdf\">Nombre de qualifi\u00e9s chts r\u00e9gionaux 2026<\/a><\/h3>\n<h3><\/h3>\n<p><strong>Lab\u00e8ge<\/strong><\/p>\n<h3><a href=\"http:\/\/www.petanque82-comite.fr\/wp-content\/uploads\/2025\/10\/Annexe-1-Bilan-licences-30-sept-Occitanie-1.pdf\">Annexe 1 Bilan licences 30 sept Occitanie<\/a><\/h3>\n<h3><a href=\"http:\/\/www.petanque82-comite.fr\/wp-content\/uploads\/2025\/10\/Annexe-2-Resultats-du-championnat-de-France.pdf\">Annexe 2 R\u00e9sultats du championnat de France<\/a><\/h3>\n<h3><a href=\"http:\/\/www.petanque82-comite.fr\/wp-content\/uploads\/2025\/10\/Annexe-3-Projet-CRE.pdf\">Annexe 3 Projet CRE<\/a><\/h3>\n<h3><a href=\"http:\/\/www.petanque82-comite.fr\/wp-content\/uploads\/2025\/10\/Annexe-4-Projet-JP.pdf\">Annexe 4 Projet JP<\/a><\/h3>\n<h3><a href=\"http:\/\/www.petanque82-comite.fr\/wp-content\/uploads\/2025\/10\/Annexe-5-Calendrier-Sportif-2026.pdf\">Annexe 5 Calendrier Sportif 2026<\/a><\/h3>\n<h3><a href=\"http:\/\/www.petanque82-comite.fr\/wp-content\/uploads\/2025\/10\/Annexe-6-Tableau-rotation-des-championnats.pdf\">Annexe 6 Tableau rotation des championnats<\/a><\/h3>\n<h3><a href=\"http:\/\/www.petanque82-comite.fr\/wp-content\/uploads\/2025\/10\/CR-CoDir-27-sept-2025-Labege-3.pdf\">CR CoDir 27 sept 2025 Lab\u00e9ge\u00a0<\/a><\/h3>\n<p>&nbsp;<\/p>\n<h4><strong>Revel<\/strong><\/h4>\n<h3><a href=\"http:\/\/www.petanque82-comite.fr\/wp-content\/uploads\/2025\/06\/Annexe-1-Bilan-licences-au-31-mai.pdf\">Annexe 1 Bilan licences au 31 mai<\/a><\/h3>\n<h3><a href=\"http:\/\/www.petanque82-comite.fr\/wp-content\/uploads\/2025\/06\/Annexe-2-CR-Commission-arbitrage-15-02-2025.pdf\">Annexe 2 CR Commission arbitrage 15 02 2025<\/a><\/h3>\n<h3><a href=\"http:\/\/www.petanque82-comite.fr\/wp-content\/uploads\/2025\/06\/Annexe-3-Compte-rendu-de-la-commission-competitions.pdf\">Annexe 3 Compte rendu de la commission comp\u00e9titions<\/a><\/h3>\n<h3><a href=\"http:\/\/www.petanque82-comite.fr\/wp-content\/uploads\/2025\/06\/Annexe-4-Participation-Championnats-2025.pdf\">Annexe 4 Participation Championnats 2025<\/a><\/h3>\n<h3><a href=\"http:\/\/www.petanque82-comite.fr\/wp-content\/uploads\/2025\/06\/CR-CoDir-30-Mai-2025-Revel.pdf\">CR CoDir 30 Mai 2025 Revel<\/a><\/h3>\n<h3><a href=\"http:\/\/www.petanque82-comite.fr\/wp-content\/uploads\/2025\/06\/FFPJP-Projet-associatif-OCCITANIE-2025-1-1.pdf\">FFPJP &#8211; Projet associatif OCCITANIE 2025\u00a0<\/a><\/h3>\n<p>&nbsp;<\/p>\n<h4>Visio<\/h4>\n<h3><a href=\"http:\/\/www.petanque82-comite.fr\/wp-content\/uploads\/2025\/04\/CR-CoDir-visio-26-mars-2025.pdf\">CR CoDir visio du 26 mars 2025<\/a><\/h3>\n<p>&nbsp;<\/p>\n<h4>R\u00e8glements int\u00e9rieur<\/h4>\n<h3><a href=\"http:\/\/www.petanque82-comite.fr\/wp-content\/uploads\/2025\/04\/RI-Championnat-CRO-Tir-de-precision.pdf\">RI Championnat CRO Tir de pr\u00e9cision<\/a><\/h3>\n<h3><a href=\"http:\/\/www.petanque82-comite.fr\/wp-content\/uploads\/2025\/04\/RI-CRC-2025-principes-generaux-1.pdf\">RI CRC 2025 principes g\u00e9n\u00e9raux<\/a><\/h3>\n<h3><a href=\"http:\/\/www.petanque82-comite.fr\/wp-content\/uploads\/2025\/04\/RI-CRC-Feminin-2025.pdf\">RI CRC F\u00e9minin 2025<\/a><\/h3>\n<h3><a href=\"http:\/\/www.petanque82-comite.fr\/wp-content\/uploads\/2025\/04\/RI-CRC-JP-2025-1.pdf\">RI CRC JP 2025<\/a><\/h3>\n<h3><a href=\"http:\/\/www.petanque82-comite.fr\/wp-content\/uploads\/2025\/04\/RI-CRC-Open-2025.pdf\">RI CRC Open 2025<\/a><\/h3>\n<h3><a href=\"http:\/\/www.petanque82-comite.fr\/wp-content\/uploads\/2025\/04\/RI-CRC-veterans-2025-1.pdf\">RI CRC v\u00e9t\u00e9rans 2025<\/a><\/h3>\n<h3><a href=\"http:\/\/www.petanque82-comite.fr\/wp-content\/uploads\/2025\/04\/RI-Doublette-Jeunes-Regional.pdf\">RI Doublette Jeunes R\u00e9gional<\/a><\/h3>\n<h3><a href=\"http:\/\/www.petanque82-comite.fr\/wp-content\/uploads\/2025\/04\/RI-Tir-de-precision-jeunes.pdf\">RI Tir de pr\u00e9cision jeunes<\/a><\/h3>\n<h3><a href=\"http:\/\/www.petanque82-comite.fr\/wp-content\/uploads\/2025\/04\/RI-Triplette-Jeunes-Regional.pdf\">RI Triplette Jeunes R\u00e9gional<\/a><\/h3>\n<p>&nbsp;<\/p>\n<h4><strong>D\u00e9fraiements<\/strong><\/h4>\n<h3><a href=\"http:\/\/www.petanque82-comite.fr\/wp-content\/uploads\/2025\/04\/SUPPORT-Defraiements-2025-2028-valides-26-03-25.pdf\">SUPPORT D\u00e9fraiements 2025 2028 valid\u00e9s 26 03 25<\/a><\/h3>\n<p>&nbsp;<\/p>\n<h4>Montauban<\/h4>\n<h3><a href=\"http:\/\/www.petanque82-comite.fr\/wp-content\/uploads\/2025\/03\/CR-AG-EXRAORDINAIRE-16-03-2025-1.pdf\">CR AG EXRAORDINAIRE le 16 03 2025\u00a0<\/a><\/h3>\n<h3><a href=\"http:\/\/www.petanque82-comite.fr\/wp-content\/uploads\/2025\/03\/STATUTS-CRO-valides-16-03-2025.pdf\">STATUTS CRO valid\u00e9s le 16 03 2025<\/a><\/h3>\n<h3><a href=\"http:\/\/www.petanque82-comite.fr\/wp-content\/uploads\/2025\/03\/RI-CRO-valides-16-03-2025.pdf\">RI CRO valid\u00e9s le 16 03 2025<\/a><\/h3>\n<p>&nbsp;<\/p>\n<h3><a href=\"http:\/\/www.petanque82-comite.fr\/wp-content\/uploads\/2025\/03\/intervention-CB-AGOSTINI-CODIR-28-fevrier-2025.pdf\">Intervention CB AGOSTINI CODIR 28 f\u00e9vrier 2025<\/a><\/h3>\n<h3><a href=\"http:\/\/www.petanque82-comite.fr\/wp-content\/uploads\/2025\/03\/Calendrier-sportif-2026.pdf\">Calendrier sportif 2026<\/a><\/h3>\n<p>&nbsp;<\/p>\n<h4><strong>L\u00e9zignan<\/strong><\/h4>\n<h3><a href=\"http:\/\/www.petanque82-comite.fr\/wp-content\/uploads\/2025\/03\/CR-reunion-du-8-mars-2025.pdf\">Commission comp\u00e9tition du 8 mars 2025 \u00e0 L\u00e9zignan<\/a><\/h3>\n<p>&nbsp;<\/p>\n<h3><a href=\"http:\/\/www.petanque82-comite.fr\/wp-content\/uploads\/2025\/03\/COMITE-DIRECTEUR-DES-28-FEVRIER-et-1-MARS-2025.pdf\">Comit\u00e9 Directeur des 28 f\u00e9vrier et 1 mars 2025<\/a><\/h3>\n<p>&nbsp;<\/p>\n<h4><strong>Visio\u00a0<\/strong><\/h4>\n<h3><a href=\"http:\/\/www.petanque82-comite.fr\/wp-content\/uploads\/2025\/02\/CR-CoDir-visio-6-fevrier-2025.pdf\">CR CoDir du 6 f\u00e9vrier 2025 en visio<\/a><\/h3>\n<h3><a href=\"http:\/\/www.petanque82-comite.fr\/wp-content\/uploads\/2025\/02\/Annexe-1-trame-repartition-jeunes.pdf\">Annexe 1 trame r\u00e9partition jeunes<\/a><\/h3>\n<h3><a href=\"http:\/\/www.petanque82-comite.fr\/wp-content\/uploads\/2025\/02\/Annexe-2-Delegues-champ-compet.pdf\">Annexe 2 D\u00e9l\u00e9gu\u00e9s championnats et comp\u00e9titions<\/a><\/h3>\n<h3><a href=\"http:\/\/www.petanque82-comite.fr\/wp-content\/uploads\/2025\/02\/Annexe-3-Delegues-nationaux-2025.pdf\">Annexe 3 D\u00e9l\u00e9gu\u00e9s nationaux 2025<\/a><\/h3>\n<p>&nbsp;<\/p>\n<h4>N<strong>arbonne<\/strong><\/h4>\n<h3><a href=\"http:\/\/www.petanque82-comite.fr\/wp-content\/uploads\/2025\/02\/CR-CoDir-janvier-2025-Narbonne.pdf\">CR CoDir du 11 et 12 janvier 2025 \u00e0 Narbonne<\/a><\/h3>\n<h3><a href=\"http:\/\/www.petanque82-comite.fr\/wp-content\/uploads\/2025\/02\/CR-com-competition-2.pdf\">CR commission comp\u00e9tition du 11 janvier 2025 \u00e0 Narbonne<\/a><\/h3>\n<p>&nbsp;<\/p>\n<h2><strong>Ann\u00e9e 2024<\/strong><\/h2>\n<h3><a href=\"http:\/\/www.petanque82-comite.fr\/wp-content\/uploads\/2025\/02\/Annexe-1-Rapport-moral-et-dactivite-CRO-2024.pdf\">Annexe 1 Rapport moral et d&#8217;activit\u00e9 CRO 2024<\/a><\/h3>\n<h3><a href=\"http:\/\/www.petanque82-comite.fr\/wp-content\/uploads\/2025\/02\/Annexe-2-Resultats-sportifs-2024.pdf\">Annexe 2 R\u00e9sultats sportifs 2024<\/a><\/h3>\n<h3><a href=\"http:\/\/www.petanque82-comite.fr\/wp-content\/uploads\/2025\/02\/Annexe-3-Rapport-ETR-2024.pdf\">Annexe 3 Rapport ETR 2024<\/a><\/h3>\n<h3><a href=\"http:\/\/www.petanque82-comite.fr\/wp-content\/uploads\/2025\/02\/Annexe-4-CR-Commission-arbitrage-2024.pdf\">Annexe 4 CR Commission arbitrage 2024<\/a><\/h3>\n<h3><a href=\"http:\/\/www.petanque82-comite.fr\/wp-content\/uploads\/2025\/02\/Annexe-5-Rapport-com-competition-2024.pdf\">Annexe 5 Rapport com competition 2024<\/a><\/h3>\n<h3><a href=\"http:\/\/www.petanque82-comite.fr\/wp-content\/uploads\/2025\/02\/Annexe-6-Bilan-financier-detaille-2024.pdf\">Annexe 6 Bilan financier d\u00e9taill\u00e9 2024<\/a><\/h3>\n<h3><a href=\"http:\/\/www.petanque82-comite.fr\/wp-content\/uploads\/2025\/02\/Annexe-7-Bilan-exercice-comptable-2024.pdf\">Annexe 7 Bilan exercice comptable 2024<\/a><\/h3>\n<h3><a href=\"http:\/\/www.petanque82-comite.fr\/wp-content\/uploads\/2025\/02\/Annexe-8-Rapport-des-verificateurs-aux-comptes-2024-1.pdf\">Annexe 8 Rapport des v\u00e9rificateurs aux comptes 2024 (1)<\/a><\/h3>\n<h3><a href=\"http:\/\/www.petanque82-comite.fr\/wp-content\/uploads\/2025\/02\/Annexe-9-Budget-Previsionnel-2025.pdf\">Annexe 9 Budget Pr\u00e9visionnel 2025<\/a><\/h3>\n<h3><a href=\"http:\/\/www.petanque82-comite.fr\/wp-content\/uploads\/2025\/02\/Annexe-10.1-PV-assemblee-generale-elective.pdf\">Annexe 10.1 PV assembl\u00e9e g\u00e9n\u00e9rale \u00e9lective<\/a><\/h3>\n<h3><a href=\"http:\/\/www.petanque82-comite.fr\/wp-content\/uploads\/2025\/02\/Annexe-10.2-Commission-surveillance-des-elections-cro-2.pdf\">Annexe 10.2 Commission surveillance des \u00e9lections CRO<\/a><\/h3>\n<h3><a href=\"http:\/\/www.petanque82-comite.fr\/wp-content\/uploads\/2024\/03\/CR-reunion-C\u00b0-Compet-mars-2024-1.pdf\">CR r\u00e9union Commission Comp\u00e9tition 9 mars 2024 \u00e0 L\u00e9zignan<\/a><\/h3>\n<p>&nbsp;<\/p>\n<h2><strong>Ann\u00e9e 2023<\/strong><\/h2>\n<h3><a href=\"http:\/\/www.petanque82-comite.fr\/wp-content\/uploads\/2023\/10\/CR-CODIR-Villefranche-sept-23.pdf\">CR CODIR Villefranche sept 23<\/a><\/h3>\n<h3><a href=\"http:\/\/www.petanque82-comite.fr\/wp-content\/uploads\/2023\/10\/Annexes-sept-23.pdf\">Annexes sept 23<\/a><\/h3>\n<h3><a href=\"http:\/\/www.petanque82-comite.fr\/wp-content\/uploads\/2023\/09\/CR-reunion-du-23-Sept-23-2.pdf\">CR r\u00e9union de la commission comp\u00e9tition du 23 Septembre 2023<\/a><\/h3>\n<p>&nbsp;<\/p>\n<h2><strong>Ann\u00e9e 2022<\/strong><\/h2>\n<h3><a href=\"http:\/\/www.petanque82-comite.fr\/wp-content\/uploads\/2022\/10\/CR-Reunion-CRO-septembre-2022-1.pdf\">CR Comit\u00e9 Directeur du 25 septembre 2022<\/a><\/h3>\n<h3><a href=\"http:\/\/www.petanque82-comite.fr\/wp-content\/uploads\/2022\/10\/Annexes-CR-CRO-Septembre-2022.pdf\">Annexes CR CRO Septembre 2022<\/a><\/h3>\n<h3><a href=\"http:\/\/www.petanque82-comite.fr\/wp-content\/uploads\/2022\/06\/CR-reunion-ETR-Rivesaltes-22.pdf\">CR r\u00e9union ETR Rivesaltes du 4 juin 2022<\/a><\/h3>\n<h3><a href=\"http:\/\/www.petanque82-comite.fr\/wp-content\/uploads\/2022\/06\/CR-COMITE-DIRECTEUR-170522-1.pdf\">CR Comit\u00e9 Directeur du 17 mai 2022\u00a0<\/a><\/h3>\n<h3><a href=\"http:\/\/www.petanque82-comite.fr\/wp-content\/uploads\/2022\/06\/Bilan-CRO-mai-22.pdf\">Bilan CRO mai 2022<\/a><\/h3>\n<h3><a href=\"http:\/\/www.petanque82-comite.fr\/wp-content\/uploads\/2022\/06\/Point-des-licences-mai22.pdf\">Point des licences au 25 mai 2022<\/a><\/h3>\n<h3><a href=\"http:\/\/www.petanque82-comite.fr\/wp-content\/uploads\/2022\/03\/CR-reunion-CRO-12-03.pdf\">CR r\u00e9union commission comp\u00e9tition CRO du 12 mars 2022<\/a><\/h3>\n<p>&nbsp;<\/p>\n<h3><strong><a href=\"http:\/\/www.petanque82-comite.fr\/wp-content\/uploads\/2022\/04\/Annexes-AG-2021-1.pdf\">Annexes Assembl\u00e9e G\u00e9n\u00e9rale 2021<\/a><\/strong><\/h3>\n","protected":false},"excerpt":{"rendered":"<p>Ann\u00e9e 2026 Compte-rendu-de-la-reunion-de-la-commission-competition-du-CRO.pdf Ann\u00e9e 2025 Lieux championnats Occitanie 2026 Annexe 1 Bilan licences 30 sept 2025 Occitanie CALENDRIER CRO champ et CRC 2026 Nombre de qualifi\u00e9s chts r\u00e9gionaux 2026 Lab\u00e8ge Annexe 1 Bilan licences 30 sept Occitanie Annexe 2 R\u00e9sultats du championnat de France Annexe 3 Projet CRE Annexe 4 Projet JP Annexe 5 Calendrier [&hellip;]<\/p>\n","protected":false},"author":1,"featured_media":0,"parent":0,"menu_order":0,"comment_status":"closed","ping_status":"closed","template":"","meta":{"ngg_post_thumbnail":0,"_tribe_blocks_recurrence_rules":"","_tribe_blocks_recurrence_exclusions":"","_tribe_blocks_recurrence_description":"","footnotes":""},"class_list":["post-15117","page","type-page","status-publish","hentry"],"_links":{"self":[{"href":"http:\/\/www.petanque82-comite.fr\/index.php?rest_route=\/wp\/v2\/pages\/15117","targetHints":{"allow":["GET"]}}],"collection":[{"href":"http:\/\/www.petanque82-comite.fr\/index.php?rest_route=\/wp\/v2\/pages"}],"about":[{"href":"http:\/\/www.petanque82-comite.fr\/index.php?rest_route=\/wp\/v2\/types\/page"}],"author":[{"embeddable":true,"href":"http:\/\/www.petanque82-comite.fr\/index.php?rest_route=\/wp\/v2\/users\/1"}],"replies":[{"embeddable":true,"href":"http:\/\/www.petanque82-comite.fr\/index.php?rest_route=%2Fwp%2Fv2%2Fcomments&post=15117"}],"version-history":[{"count":36,"href":"http:\/\/www.petanque82-comite.fr\/index.php?rest_route=\/wp\/v2\/pages\/15117\/revisions"}],"predecessor-version":[{"id":29449,"href":"http:\/\/www.petanque82-comite.fr\/index.php?rest_route=\/wp\/v2\/pages\/15117\/revisions\/29449"}],"wp:attachment":[{"href":"http:\/\/www.petanque82-comite.fr\/index.php?rest_route=%2Fwp%2Fv2%2Fmedia&parent=15117"}],"curies":[{"name":"wp","href":"https:\/\/api.w.org\/{rel}","templated":true}]}}