{"id":15223,"date":"2022-03-30T12:21:31","date_gmt":"2022-03-30T11:21:31","guid":{"rendered":"http:\/\/www.petanque82-comite.fr\/?page_id=15223"},"modified":"2025-05-18T17:22:32","modified_gmt":"2025-05-18T16:22:32","slug":"doublette-masculin","status":"publish","type":"page","link":"http:\/\/www.petanque82-comite.fr\/?page_id=15223","title":{"rendered":"Doublette masculin"},"content":{"rendered":"<h2>Ann\u00e9e 2025<\/h2>\n<p><span style=\"color: #ff0000;\"><strong>Doublette masculin&nbsp;<\/strong><\/span><\/p>\n<h3><a href=\"https:\/\/championnats-occitanie.ovh\/CD82\/Page_Rslt_Cd_doub_Mas_Montpezat.html\">R\u00e9sultats en direct<\/a><\/h3>\n<p><img loading=\"lazy\" decoding=\"async\" class=\"alignnone size-medium wp-image-27490\" src=\"http:\/\/www.petanque82-comite.fr\/wp-content\/uploads\/2022\/04\/20250518_173104-1-225x300.jpg\" alt=\"\" width=\"225\" height=\"300\" srcset=\"http:\/\/www.petanque82-comite.fr\/wp-content\/uploads\/2022\/04\/20250518_173104-1-225x300.jpg 225w, http:\/\/www.petanque82-comite.fr\/wp-content\/uploads\/2022\/04\/20250518_173104-1-768x1024.jpg 768w, http:\/\/www.petanque82-comite.fr\/wp-content\/uploads\/2022\/04\/20250518_173104-1-1152x1536.jpg 1152w, http:\/\/www.petanque82-comite.fr\/wp-content\/uploads\/2022\/04\/20250518_173104-1-1536x2048.jpg 1536w, http:\/\/www.petanque82-comite.fr\/wp-content\/uploads\/2022\/04\/20250518_173104-1-scaled.jpg 1920w\" sizes=\"auto, (max-width: 225px) 100vw, 225px\" \/><\/p>\n<p>GARDELLE R\u00e9gis, VEYRIES Gr\u00e9gory<br \/>\nSC NEGREPELISSE P\u00e9tanque<\/p>\n<p><span style=\"color: #000000;\">sont qualifi\u00e9s pour le France \u00e0 Millau les 30 et 31 Ao\u00fbt <\/span><\/p>\n<p><img loading=\"lazy\" decoding=\"async\" class=\"alignnone size-medium wp-image-27491\" src=\"http:\/\/www.petanque82-comite.fr\/wp-content\/uploads\/2022\/04\/20250518_173356-225x300.jpg\" alt=\"\" width=\"225\" height=\"300\" srcset=\"http:\/\/www.petanque82-comite.fr\/wp-content\/uploads\/2022\/04\/20250518_173356-225x300.jpg 225w, http:\/\/www.petanque82-comite.fr\/wp-content\/uploads\/2022\/04\/20250518_173356-768x1024.jpg 768w, http:\/\/www.petanque82-comite.fr\/wp-content\/uploads\/2022\/04\/20250518_173356-1152x1536.jpg 1152w, http:\/\/www.petanque82-comite.fr\/wp-content\/uploads\/2022\/04\/20250518_173356-1536x2048.jpg 1536w, http:\/\/www.petanque82-comite.fr\/wp-content\/uploads\/2022\/04\/20250518_173356-scaled.jpg 1920w\" sizes=\"auto, (max-width: 225px) 100vw, 225px\" \/><\/p>\n<p>BURET Gr\u00e9gory, STEINBACH Joseph<br \/>\nP\u00e9tanque MOISSAGAISE<\/p>\n<p><span style=\"color: #000000;\">sont qualifi\u00e9s pour le r\u00e9gional le 8 juin \u00e0 La Palme (11).&nbsp;<\/span><\/p>\n<p>&nbsp;<\/p>\n<p><img loading=\"lazy\" decoding=\"async\" class=\"alignnone size-medium wp-image-27492\" src=\"http:\/\/www.petanque82-comite.fr\/wp-content\/uploads\/2022\/04\/20250518_151443-225x300.jpg\" alt=\"\" width=\"225\" height=\"300\" srcset=\"http:\/\/www.petanque82-comite.fr\/wp-content\/uploads\/2022\/04\/20250518_151443-225x300.jpg 225w, http:\/\/www.petanque82-comite.fr\/wp-content\/uploads\/2022\/04\/20250518_151443-768x1024.jpg 768w, http:\/\/www.petanque82-comite.fr\/wp-content\/uploads\/2022\/04\/20250518_151443-1152x1536.jpg 1152w, http:\/\/www.petanque82-comite.fr\/wp-content\/uploads\/2022\/04\/20250518_151443-1536x2048.jpg 1536w, http:\/\/www.petanque82-comite.fr\/wp-content\/uploads\/2022\/04\/20250518_151443-scaled.jpg 1920w\" sizes=\"auto, (max-width: 225px) 100vw, 225px\" \/><\/p>\n<p>ROUGE David, ROUGE Dominique<br \/>\nP\u00e9tanque MOISSAGAISE<\/p>\n<p><span style=\"color: #000000;\">sont qualifi\u00e9s pour le r\u00e9gional le 8 juin \u00e0 La Palme (11).&nbsp;<\/span><\/p>\n<p>&nbsp;<\/p>\n<p><img loading=\"lazy\" decoding=\"async\" class=\"alignnone size-medium wp-image-27493\" src=\"http:\/\/www.petanque82-comite.fr\/wp-content\/uploads\/2022\/04\/20250518_150213-225x300.jpg\" alt=\"\" width=\"225\" height=\"300\" srcset=\"http:\/\/www.petanque82-comite.fr\/wp-content\/uploads\/2022\/04\/20250518_150213-225x300.jpg 225w, http:\/\/www.petanque82-comite.fr\/wp-content\/uploads\/2022\/04\/20250518_150213-768x1024.jpg 768w, http:\/\/www.petanque82-comite.fr\/wp-content\/uploads\/2022\/04\/20250518_150213-1152x1536.jpg 1152w, http:\/\/www.petanque82-comite.fr\/wp-content\/uploads\/2022\/04\/20250518_150213-1536x2048.jpg 1536w, http:\/\/www.petanque82-comite.fr\/wp-content\/uploads\/2022\/04\/20250518_150213-scaled.jpg 1920w\" sizes=\"auto, (max-width: 225px) 100vw, 225px\" \/><\/p>\n<p>TAISANT Denys, BURFIN Alexis<br \/>\nP\u00e9tanque MONTPEZATAISE<\/p>\n<p><span style=\"color: #000000;\">sont qualifi\u00e9s pour le r\u00e9gional le 8 juin \u00e0 La Palme (11).&nbsp;<\/span><\/p>\n<p>&nbsp;<\/p>\n<h2><strong>Ann\u00e9e 2024<\/strong><\/h2>\n<h3><a href=\"http:\/\/www.petanque82-comite.fr\/result\/Page_Rslt_CDDS_FINALE_2024.html\">R\u00e9sultats en direct pour dimanche<\/a><\/h3>\n<p><img loading=\"lazy\" decoding=\"async\" class=\"alignnone size-medium wp-image-24411\" src=\"http:\/\/www.petanque82-comite.fr\/wp-content\/uploads\/2022\/04\/qualifies1-Copie-269x300.jpg\" alt=\"\" width=\"269\" height=\"300\" srcset=\"http:\/\/www.petanque82-comite.fr\/wp-content\/uploads\/2022\/04\/qualifies1-Copie-269x300.jpg 269w, http:\/\/www.petanque82-comite.fr\/wp-content\/uploads\/2022\/04\/qualifies1-Copie-768x855.jpg 768w, http:\/\/www.petanque82-comite.fr\/wp-content\/uploads\/2022\/04\/qualifies1-Copie.jpg 898w\" sizes=\"auto, (max-width: 269px) 100vw, 269px\" \/><\/p>\n<p>BOULANGER DELSON, PRUD&#8217;HOMME SONNY, PETANQUE MONTPEZATAISE<\/p>\n<p>sont qualifi\u00e9s pour le France \u00e0 St &#8211; Yrieix (16)<\/p>\n<p>x<img loading=\"lazy\" decoding=\"async\" class=\"alignnone size-medium wp-image-24407\" src=\"http:\/\/www.petanque82-comite.fr\/wp-content\/uploads\/2024\/05\/qualifies-2-Copie-219x300.jpg\" alt=\"\" width=\"219\" height=\"300\" srcset=\"http:\/\/www.petanque82-comite.fr\/wp-content\/uploads\/2024\/05\/qualifies-2-Copie-219x300.jpg 219w, http:\/\/www.petanque82-comite.fr\/wp-content\/uploads\/2024\/05\/qualifies-2-Copie.jpg 730w\" sizes=\"auto, (max-width: 219px) 100vw, 219px\" \/><\/p>\n<p>BATTINI BENOIT, VAQUERO S\u00c9BASTIEN, NICOLAITE PETANQUE<\/p>\n<p>sont qualifi\u00e9s pour le R\u00e9gional \u00e0 Armissan (11)<\/p>\n<p><img loading=\"lazy\" decoding=\"async\" class=\"alignnone size-medium wp-image-24408\" src=\"http:\/\/www.petanque82-comite.fr\/wp-content\/uploads\/2024\/05\/qualifies-3-Copie-300x297.jpg\" alt=\"\" width=\"300\" height=\"297\" srcset=\"http:\/\/www.petanque82-comite.fr\/wp-content\/uploads\/2024\/05\/qualifies-3-Copie-300x297.jpg 300w, http:\/\/www.petanque82-comite.fr\/wp-content\/uploads\/2024\/05\/qualifies-3-Copie-150x150.jpg 150w, http:\/\/www.petanque82-comite.fr\/wp-content\/uploads\/2024\/05\/qualifies-3-Copie-768x760.jpg 768w, http:\/\/www.petanque82-comite.fr\/wp-content\/uploads\/2024\/05\/qualifies-3-Copie.jpg 1000w\" sizes=\"auto, (max-width: 300px) 100vw, 300px\" \/><\/p>\n<p>GODARD THOMAS, MARSILLE EDDIE, BOULE BESSINOISE<\/p>\n<p>sont qualifi\u00e9s pour le R\u00e9gional \u00e0 Armissan (11)<\/p>\n<p>&nbsp;<\/p>\n<p>&nbsp;<\/p>\n<h2><strong>Ann\u00e9e 2023<\/strong><\/h2>\n<p><strong>Doublette masculin<\/strong><\/p>\n<h3><a href=\"http:\/\/www.petanque82-comite.fr\/result\/Page_Rslt_qualif_D_Senior_02042023.html\">R\u00e9sultats en direct<\/a><\/h3>\n<h3><a href=\"http:\/\/www.petanque82-comite.fr\/wp-content\/uploads\/2022\/04\/Liste-des-qualifies-pour-la-phase-Finale-Doublette-2023.pdf\">Liste des qualifi\u00e9s pour la phase Finale Doublette 2023<\/a><\/h3>\n<p><img loading=\"lazy\" decoding=\"async\" class=\"alignnone size-medium wp-image-20157\" src=\"http:\/\/www.petanque82-comite.fr\/wp-content\/uploads\/2022\/04\/IMG20230402212422-Copie-225x300.jpg\" alt=\"\" width=\"225\" height=\"300\" srcset=\"http:\/\/www.petanque82-comite.fr\/wp-content\/uploads\/2022\/04\/IMG20230402212422-Copie-225x300.jpg 225w, http:\/\/www.petanque82-comite.fr\/wp-content\/uploads\/2022\/04\/IMG20230402212422-Copie.jpg 750w\" sizes=\"auto, (max-width: 225px) 100vw, 225px\" \/><\/p>\n<p><strong><a href=\"http:\/\/www.petanque82-comite.fr\/wp-content\/uploads\/2022\/04\/Les-finalistes-doublette-1.pdf\">Les finalistes doublette<\/a><\/strong><\/p>\n<p>&nbsp;<\/p>\n<p><img loading=\"lazy\" decoding=\"async\" class=\"alignnone size-medium wp-image-20169\" src=\"http:\/\/www.petanque82-comite.fr\/wp-content\/uploads\/2022\/04\/Champions-doublette-2023-Copie-225x300.jpg\" alt=\"\" width=\"225\" height=\"300\" srcset=\"http:\/\/www.petanque82-comite.fr\/wp-content\/uploads\/2022\/04\/Champions-doublette-2023-Copie-225x300.jpg 225w, http:\/\/www.petanque82-comite.fr\/wp-content\/uploads\/2022\/04\/Champions-doublette-2023-Copie.jpg 750w\" sizes=\"auto, (max-width: 225px) 100vw, 225px\" \/><\/p>\n<p><strong><a href=\"http:\/\/www.petanque82-comite.fr\/wp-content\/uploads\/2022\/04\/Champions-doublette-2023.pdf\">Qualifi\u00e9s pour le France doublette <\/a><\/strong><\/p>\n<p><strong><a href=\"http:\/\/www.petanque82-comite.fr\/wp-content\/uploads\/2022\/04\/Champions-doublette-2023.pdf\">DESLYS Gino et DURK Maison<\/a><\/strong><\/p>\n<p><strong><a href=\"http:\/\/www.petanque82-comite.fr\/wp-content\/uploads\/2022\/04\/Champions-doublette-2023.pdf\">EBC CASTELSARRASIN<\/a><\/strong><\/p>\n<p>&nbsp;<\/p>\n<p><img loading=\"lazy\" decoding=\"async\" class=\"alignnone size-medium wp-image-20170\" src=\"http:\/\/www.petanque82-comite.fr\/wp-content\/uploads\/2022\/04\/Vice-champions-doublette-2023-Copie-225x300.jpg\" alt=\"\" width=\"225\" height=\"300\" srcset=\"http:\/\/www.petanque82-comite.fr\/wp-content\/uploads\/2022\/04\/Vice-champions-doublette-2023-Copie-225x300.jpg 225w, http:\/\/www.petanque82-comite.fr\/wp-content\/uploads\/2022\/04\/Vice-champions-doublette-2023-Copie.jpg 750w\" sizes=\"auto, (max-width: 225px) 100vw, 225px\" \/><\/p>\n<p><strong><a href=\"http:\/\/www.petanque82-comite.fr\/wp-content\/uploads\/2022\/04\/Les-finalistes-doublette-2.pdf\">Qualifi\u00e9s pour le R\u00e9gional<\/a><\/strong><\/p>\n<p><strong><a href=\"http:\/\/www.petanque82-comite.fr\/wp-content\/uploads\/2022\/04\/Les-finalistes-doublette-2.pdf\">EVEN Sony et MATHIEU Jeff<\/a><\/strong><\/p>\n<p><strong><a href=\"http:\/\/www.petanque82-comite.fr\/wp-content\/uploads\/2022\/04\/Les-finalistes-doublette-2.pdf\">P\u00e9tanque MOISSAGAISE<\/a><\/strong><\/p>\n<p>&nbsp;<\/p>\n<p><img loading=\"lazy\" decoding=\"async\" class=\"alignnone size-medium wp-image-20171\" src=\"http:\/\/www.petanque82-comite.fr\/wp-content\/uploads\/2022\/04\/Demi-finalistes-2023-Copie-225x300.jpg\" alt=\"\" width=\"225\" height=\"300\" srcset=\"http:\/\/www.petanque82-comite.fr\/wp-content\/uploads\/2022\/04\/Demi-finalistes-2023-Copie-225x300.jpg 225w, http:\/\/www.petanque82-comite.fr\/wp-content\/uploads\/2022\/04\/Demi-finalistes-2023-Copie.jpg 750w\" sizes=\"auto, (max-width: 225px) 100vw, 225px\" \/><\/p>\n<p><strong><a href=\"http:\/\/www.petanque82-comite.fr\/wp-content\/uploads\/2022\/04\/Demi-finalistes-2023.pdf\">Qualifi\u00e9s pour le R\u00e9gional<\/a><\/strong><\/p>\n<p><strong><a href=\"http:\/\/www.petanque82-comite.fr\/wp-content\/uploads\/2022\/04\/Demi-finalistes-2023.pdf\">FAJARDO Dylan et LAARAG Rachid<\/a><\/strong><\/p>\n<p><strong><a href=\"http:\/\/www.petanque82-comite.fr\/wp-content\/uploads\/2022\/04\/Demi-finalistes-2023.pdf\">P\u00e9tanque MOISSAGAISE<\/a><\/strong><\/p>\n<p>&nbsp;<\/p>\n<p><img loading=\"lazy\" decoding=\"async\" class=\"alignnone size-medium wp-image-20173\" src=\"http:\/\/www.petanque82-comite.fr\/wp-content\/uploads\/2022\/04\/Demi-finalistes-doublette-2023-Copie-225x300.jpg\" alt=\"\" width=\"225\" height=\"300\" srcset=\"http:\/\/www.petanque82-comite.fr\/wp-content\/uploads\/2022\/04\/Demi-finalistes-doublette-2023-Copie-225x300.jpg 225w, http:\/\/www.petanque82-comite.fr\/wp-content\/uploads\/2022\/04\/Demi-finalistes-doublette-2023-Copie.jpg 750w\" sizes=\"auto, (max-width: 225px) 100vw, 225px\" \/><\/p>\n<p><strong><a href=\"http:\/\/www.petanque82-comite.fr\/wp-content\/uploads\/2022\/04\/Demi-finalistes-doublette-2023.pdf\">Qualifi\u00e9s pour le R\u00e9gional<\/a><\/strong><\/p>\n<p><strong><a href=\"http:\/\/www.petanque82-comite.fr\/wp-content\/uploads\/2022\/04\/Demi-finalistes-doublette-2023.pdf\">PAYET Ga\u00ebl et DESBEAUX Mathieu<\/a><\/strong><\/p>\n<p><strong><a href=\"http:\/\/www.petanque82-comite.fr\/wp-content\/uploads\/2022\/04\/Demi-finalistes-doublette-2023.pdf\">PETANQUE SPORTIVE GIMATOISE<\/a><\/strong><\/p>\n<p>&nbsp;<\/p>\n<h2><strong>Ann\u00e9e 2022&nbsp;<\/strong><\/h2>\n<p><strong>Doublette masculin :<\/strong><\/p>\n<h3><a href=\"http:\/\/www.petanque82-comite.fr\/wp-content\/uploads\/2022\/03\/finale-doublette-masculin.pdf\">Liste des \u00e9quipes qui sont qualifi\u00e9es pour la poule finale<\/a><\/h3>\n<h2><strong><a href=\"http:\/\/www.petanque82-comite.fr\/result\/Page_Rslt_2022_FINALE_D_MASC.html\">R\u00e9sultats en direct<\/a><\/strong><\/h2>\n<p><em>Une doublette est qualifi\u00e9e pour le France \u00e0 Bergerac<\/em><\/p>\n<h3><img loading=\"lazy\" decoding=\"async\" class=\"alignnone size-medium wp-image-15367\" src=\"http:\/\/www.petanque82-comite.fr\/wp-content\/uploads\/2022\/03\/Les-champions-doublette-masculin-Copie-225x300.jpg\" alt=\"\" width=\"225\" height=\"300\" srcset=\"http:\/\/www.petanque82-comite.fr\/wp-content\/uploads\/2022\/03\/Les-champions-doublette-masculin-Copie-225x300.jpg 225w, http:\/\/www.petanque82-comite.fr\/wp-content\/uploads\/2022\/03\/Les-champions-doublette-masculin-Copie.jpg 750w\" sizes=\"auto, (max-width: 225px) 100vw, 225px\" \/><\/h3>\n<p><strong><a href=\"http:\/\/www.petanque82-comite.fr\/wp-content\/uploads\/2022\/03\/Les-champions-doublette-masculin.pdf\">Les champions doublette 2022 en pdf<\/a><\/strong><\/p>\n<p><em>EVEN SONY &#8211; MATHIEU JEFF Moissac<\/em><\/p>\n<p><em>Champions Doublette 2022<\/em><\/p>\n<p>&nbsp;<\/p>\n<p><em>Trois \u00e9quipes sont <\/em><em>qualifi\u00e9es pour le R\u00e9gional \u00e0 Rivesaltes<\/em><\/p>\n<p><img loading=\"lazy\" decoding=\"async\" class=\"alignnone size-medium wp-image-15368\" src=\"http:\/\/www.petanque82-comite.fr\/wp-content\/uploads\/2022\/03\/Les-vices-champions-doublette-masculin-qualifies-pour-le-doublette-masculin-regional-Copie-225x300.jpg\" alt=\"\" width=\"225\" height=\"300\" srcset=\"http:\/\/www.petanque82-comite.fr\/wp-content\/uploads\/2022\/03\/Les-vices-champions-doublette-masculin-qualifies-pour-le-doublette-masculin-regional-Copie-225x300.jpg 225w, http:\/\/www.petanque82-comite.fr\/wp-content\/uploads\/2022\/03\/Les-vices-champions-doublette-masculin-qualifies-pour-le-doublette-masculin-regional-Copie.jpg 750w\" sizes=\"auto, (max-width: 225px) 100vw, 225px\" \/><\/p>\n<p><strong><a href=\"http:\/\/www.petanque82-comite.fr\/wp-content\/uploads\/2022\/03\/Les-vices-champions-doublette-masculin-qualifies-pour-le-doublette-masculin-regional-.pdf\">Les vice-champions doublette en pdf<\/a><\/strong><\/p>\n<p><em>DURK MAISON &#8211; BOULANGER DELSON Montpezat<\/em><\/p>\n<p><em>&nbsp;<\/em><\/p>\n<p><img loading=\"lazy\" decoding=\"async\" class=\"alignnone size-medium wp-image-15369\" src=\"http:\/\/www.petanque82-comite.fr\/wp-content\/uploads\/2022\/03\/Les-demis-finalistes-qualifies-pour-le-regional-doublette-masculin-Copie-225x300.jpg\" alt=\"\" width=\"225\" height=\"300\" srcset=\"http:\/\/www.petanque82-comite.fr\/wp-content\/uploads\/2022\/03\/Les-demis-finalistes-qualifies-pour-le-regional-doublette-masculin-Copie-225x300.jpg 225w, http:\/\/www.petanque82-comite.fr\/wp-content\/uploads\/2022\/03\/Les-demis-finalistes-qualifies-pour-le-regional-doublette-masculin-Copie.jpg 750w\" sizes=\"auto, (max-width: 225px) 100vw, 225px\" \/><\/p>\n<p><strong><a href=\"http:\/\/www.petanque82-comite.fr\/wp-content\/uploads\/2022\/03\/Les-demis-finalistes-qualifies-pour-le-regional-doublette-masculin-.pdf\">Les demis finalistes en pdf<\/a><\/strong><\/p>\n<p><em>TAISANT DENYS &#8211; TERAN DANIEL Montpezat<\/em><\/p>\n<p>&nbsp;<\/p>\n<p><img loading=\"lazy\" decoding=\"async\" class=\"alignnone size-medium wp-image-15370\" src=\"http:\/\/www.petanque82-comite.fr\/wp-content\/uploads\/2022\/03\/Les-demis-finalistes-qualifies-pour-regional-doublette-masculin-Copie-225x300.jpg\" alt=\"\" width=\"225\" height=\"300\" srcset=\"http:\/\/www.petanque82-comite.fr\/wp-content\/uploads\/2022\/03\/Les-demis-finalistes-qualifies-pour-regional-doublette-masculin-Copie-225x300.jpg 225w, http:\/\/www.petanque82-comite.fr\/wp-content\/uploads\/2022\/03\/Les-demis-finalistes-qualifies-pour-regional-doublette-masculin-Copie.jpg 750w\" sizes=\"auto, (max-width: 225px) 100vw, 225px\" \/><\/p>\n<p><strong><a href=\"http:\/\/www.petanque82-comite.fr\/wp-content\/uploads\/2022\/03\/Les-demis-finalistes-qualifies-pour-regional-doublette-masculin.pdf\">Les demis finalistes en pdf<\/a><\/strong><\/p>\n<p><em>TURLAIS ALEXANDRE &#8211; FONTANINI ALAIN Albias<\/em><\/p>\n<p>&nbsp;<\/p>\n<p>&nbsp;<\/p>\n<p>&nbsp;<\/p>\n<p>&nbsp;<\/p>\n","protected":false},"excerpt":{"rendered":"<p>Ann\u00e9e 2025 Doublette masculin&nbsp; R\u00e9sultats en direct GARDELLE R\u00e9gis, VEYRIES Gr\u00e9gory SC NEGREPELISSE P\u00e9tanque sont qualifi\u00e9s pour le France \u00e0 Millau les 30 et 31 Ao\u00fbt BURET Gr\u00e9gory, STEINBACH Joseph P\u00e9tanque MOISSAGAISE sont qualifi\u00e9s pour le r\u00e9gional le 8 juin \u00e0 La Palme (11).&nbsp; &nbsp; ROUGE David, ROUGE Dominique P\u00e9tanque MOISSAGAISE sont qualifi\u00e9s pour le [&hellip;]<\/p>\n","protected":false},"author":1,"featured_media":0,"parent":0,"menu_order":0,"comment_status":"closed","ping_status":"closed","template":"","meta":{"ngg_post_thumbnail":0,"_tribe_blocks_recurrence_rules":"","_tribe_blocks_recurrence_exclusions":"","_tribe_blocks_recurrence_description":"","footnotes":""},"class_list":["post-15223","page","type-page","status-publish","hentry"],"_links":{"self":[{"href":"http:\/\/www.petanque82-comite.fr\/index.php?rest_route=\/wp\/v2\/pages\/15223","targetHints":{"allow":["GET"]}}],"collection":[{"href":"http:\/\/www.petanque82-comite.fr\/index.php?rest_route=\/wp\/v2\/pages"}],"about":[{"href":"http:\/\/www.petanque82-comite.fr\/index.php?rest_route=\/wp\/v2\/types\/page"}],"author":[{"embeddable":true,"href":"http:\/\/www.petanque82-comite.fr\/index.php?rest_route=\/wp\/v2\/users\/1"}],"replies":[{"embeddable":true,"href":"http:\/\/www.petanque82-comite.fr\/index.php?rest_route=%2Fwp%2Fv2%2Fcomments&post=15223"}],"version-history":[{"count":59,"href":"http:\/\/www.petanque82-comite.fr\/index.php?rest_route=\/wp\/v2\/pages\/15223\/revisions"}],"predecessor-version":[{"id":27496,"href":"http:\/\/www.petanque82-comite.fr\/index.php?rest_route=\/wp\/v2\/pages\/15223\/revisions\/27496"}],"wp:attachment":[{"href":"http:\/\/www.petanque82-comite.fr\/index.php?rest_route=%2Fwp%2Fv2%2Fmedia&parent=15223"}],"curies":[{"name":"wp","href":"https:\/\/api.w.org\/{rel}","templated":true}]}}