{"id":15419,"date":"2022-04-04T17:38:33","date_gmt":"2022-04-04T16:38:33","guid":{"rendered":"http:\/\/www.petanque82-comite.fr\/?page_id=15419"},"modified":"2026-05-05T13:51:31","modified_gmt":"2026-05-05T12:51:31","slug":"doublette-jeu-provencal","status":"publish","type":"page","link":"http:\/\/www.petanque82-comite.fr\/?page_id=15419","title":{"rendered":"Ch. 82 doublette jeu proven\u00e7al"},"content":{"rendered":"<h2><strong>ANNEE 2026<\/strong><\/h2>\n<p>2 \u00e9quipes qualifi\u00e9es pour le championnat de France<\/p>\n<p>3 \u00e9quipes qualifi\u00e9es pour le championnat r\u00e9gional Occitanie<\/p>\n<h3><a href=\"http:\/\/www.petanque82-comite.fr\/wp-content\/uploads\/2026\/05\/Affiche-Doublette-JP-2026.pdf\">Affiche-Doublette-JP-2026<\/a><\/h3>\n<h3><a href=\"http:\/\/www.petanque82-comite.fr\/wp-content\/uploads\/2026\/05\/Montauban_Liste-des-Equipes-1.pdf\">Liste-des-Equipes<\/a><\/h3>\n<h3><a href=\"http:\/\/www.petanque82-comite.fr\/wp-content\/uploads\/2026\/05\/Montauban_Liste-Poules.pdf\">Liste-des-Poules<\/a><\/h3>\n<h3><a href=\"https:\/\/championnats-occitanie.ovh\/CD82\/Page_Rslt_20260509_CD_PROV_082_DSJ_0000.html\">Suivi-et-r\u00e9sultats<\/a><\/h3>\n<p>&nbsp;<\/p>\n<p>&nbsp;<\/p>\n<h2><strong>ANNEE 2025<\/strong><\/h2>\n<p><strong><span style=\"color: #000000;\">Doublette proven\u00e7al<\/span><\/strong><\/p>\n<h3><a href=\"https:\/\/championnats-occitanie.ovh\/CD82\/Page_Rslt_Cd_Doub_Prov_Montauban.html\">R\u00e9sultats en direct doublette jeu proven\u00e7al \u00e0 Montauban&nbsp;<\/a><\/h3>\n<p><img loading=\"lazy\" decoding=\"async\" class=\"alignnone size-medium wp-image-27125\" src=\"http:\/\/www.petanque82-comite.fr\/wp-content\/uploads\/2022\/04\/Les-champions-doublette-jeu-Provencal-2025-225x300.jpg\" alt=\"\" width=\"225\" height=\"300\" srcset=\"http:\/\/www.petanque82-comite.fr\/wp-content\/uploads\/2022\/04\/Les-champions-doublette-jeu-Provencal-2025-225x300.jpg 225w, http:\/\/www.petanque82-comite.fr\/wp-content\/uploads\/2022\/04\/Les-champions-doublette-jeu-Provencal-2025-768x1024.jpg 768w, http:\/\/www.petanque82-comite.fr\/wp-content\/uploads\/2022\/04\/Les-champions-doublette-jeu-Provencal-2025-1152x1536.jpg 1152w, http:\/\/www.petanque82-comite.fr\/wp-content\/uploads\/2022\/04\/Les-champions-doublette-jeu-Provencal-2025.jpg 1200w\" sizes=\"auto, (max-width: 225px) 100vw, 225px\" \/><\/p>\n<p>Les Champions GLAUDY Emile Winters, KYRIAZIDES John<\/p>\n<p>sont qualifi\u00e9s pour le France \u00e0 St-Cyprien (66) les 5, 6 et 7 septembre<br \/>\nP\u00e9tanque MONTPEZATAISE<\/p>\n<p><img loading=\"lazy\" decoding=\"async\" class=\"alignnone size-medium wp-image-27126\" src=\"http:\/\/www.petanque82-comite.fr\/wp-content\/uploads\/2022\/04\/Les-vices-champions-doublette-jeu-provencal-2025-225x300.jpg\" alt=\"\" width=\"225\" height=\"300\" srcset=\"http:\/\/www.petanque82-comite.fr\/wp-content\/uploads\/2022\/04\/Les-vices-champions-doublette-jeu-provencal-2025-225x300.jpg 225w, http:\/\/www.petanque82-comite.fr\/wp-content\/uploads\/2022\/04\/Les-vices-champions-doublette-jeu-provencal-2025-768x1024.jpg 768w, http:\/\/www.petanque82-comite.fr\/wp-content\/uploads\/2022\/04\/Les-vices-champions-doublette-jeu-provencal-2025-1152x1536.jpg 1152w, http:\/\/www.petanque82-comite.fr\/wp-content\/uploads\/2022\/04\/Les-vices-champions-doublette-jeu-provencal-2025.jpg 1200w\" sizes=\"auto, (max-width: 225px) 100vw, 225px\" \/><\/p>\n<p>Les Vice-Champions LAPORTE Dorian, GARRIGUES Hugo<\/p>\n<p>P\u00e9tanque MOISSAGAISE&nbsp;sont qualifi\u00e9s pour le France \u00e0 St-Cyprien (66) les 5, 6 et 7 septembre<\/p>\n<p>&nbsp;<\/p>\n<p>Les 3 \u00e9quipes qui sont qualifi\u00e9s pour le r\u00e9gional les 14 et 15 juin \u00e0 Villefranche de Rouergue (12) sont :<\/p>\n<p>&nbsp;<\/p>\n<p><img loading=\"lazy\" decoding=\"async\" class=\"size-medium wp-image-27210\" src=\"http:\/\/www.petanque82-comite.fr\/wp-content\/uploads\/2025\/04\/IMG20250426082010-225x300.jpg\" alt=\"\" width=\"225\" height=\"300\" srcset=\"http:\/\/www.petanque82-comite.fr\/wp-content\/uploads\/2025\/04\/IMG20250426082010-225x300.jpg 225w, http:\/\/www.petanque82-comite.fr\/wp-content\/uploads\/2025\/04\/IMG20250426082010-768x1024.jpg 768w, http:\/\/www.petanque82-comite.fr\/wp-content\/uploads\/2025\/04\/IMG20250426082010-1152x1536.jpg 1152w, http:\/\/www.petanque82-comite.fr\/wp-content\/uploads\/2025\/04\/IMG20250426082010-1536x2048.jpg 1536w, http:\/\/www.petanque82-comite.fr\/wp-content\/uploads\/2025\/04\/IMG20250426082010-scaled.jpg 1920w\" sizes=\"auto, (max-width: 225px) 100vw, 225px\" \/><\/p>\n<p>CALDERAN St\u00e9phane, COMBRIE Thierry, MARIGNAN P\u00e9tanque<\/p>\n<p><img loading=\"lazy\" decoding=\"async\" class=\"size-medium wp-image-27211\" src=\"http:\/\/www.petanque82-comite.fr\/wp-content\/uploads\/2025\/04\/IMG20250426082216-225x300.jpg\" alt=\"\" width=\"225\" height=\"300\" srcset=\"http:\/\/www.petanque82-comite.fr\/wp-content\/uploads\/2025\/04\/IMG20250426082216-225x300.jpg 225w, http:\/\/www.petanque82-comite.fr\/wp-content\/uploads\/2025\/04\/IMG20250426082216-768x1024.jpg 768w, http:\/\/www.petanque82-comite.fr\/wp-content\/uploads\/2025\/04\/IMG20250426082216-1152x1536.jpg 1152w, http:\/\/www.petanque82-comite.fr\/wp-content\/uploads\/2025\/04\/IMG20250426082216-1536x2048.jpg 1536w, http:\/\/www.petanque82-comite.fr\/wp-content\/uploads\/2025\/04\/IMG20250426082216-scaled.jpg 1920w\" sizes=\"auto, (max-width: 225px) 100vw, 225px\" \/><\/p>\n<p>&nbsp;<\/p>\n<p>KIELAU Mika\u00ebl, TARTAGLIA Alexandre, Fanny ALBIASSAINE<\/p>\n<p><img loading=\"lazy\" decoding=\"async\" class=\"alignnone size-medium wp-image-27214\" src=\"http:\/\/www.petanque82-comite.fr\/wp-content\/uploads\/2022\/04\/371411147740979769-225x300.jpg\" alt=\"\" width=\"225\" height=\"300\" srcset=\"http:\/\/www.petanque82-comite.fr\/wp-content\/uploads\/2022\/04\/371411147740979769-225x300.jpg 225w, http:\/\/www.petanque82-comite.fr\/wp-content\/uploads\/2022\/04\/371411147740979769-768x1024.jpg 768w, http:\/\/www.petanque82-comite.fr\/wp-content\/uploads\/2022\/04\/371411147740979769-1152x1536.jpg 1152w, http:\/\/www.petanque82-comite.fr\/wp-content\/uploads\/2022\/04\/371411147740979769.jpg 1200w\" sizes=\"auto, (max-width: 225px) 100vw, 225px\" \/><\/p>\n<p>BRIOIS Fr\u00e9d\u00e9ric, CLEMENT Franck, P\u00e9tanque CLOS DE LAUZUN<\/p>\n<p>&nbsp;<\/p>\n<h2><strong>ANNEE 2024<\/strong><\/h2>\n<h3><a href=\"http:\/\/www.petanque82-comite.fr\/wp-content\/uploads\/2022\/04\/CDJPD2024_Liste-des-Equipes-2.pdf\">Liste des Equipes<\/a><\/h3>\n<h3><a href=\"http:\/\/www.petanque82-comite.fr\/result\/Page_Rslt_CDJPD2024.html\">R\u00e9sultats en direct&nbsp;<\/a><\/h3>\n<h3><a href=\"http:\/\/www.petanque82-comite.fr\/wp-content\/uploads\/2024\/04\/Resultats-Doublette-Provencal.pdf\">R\u00e9sultats Doublette Proven\u00e7al<\/a><\/h3>\n<p>Les finalistes sont qualifi\u00e9s pour le France, les 3 autres \u00e9quipes sont qualifi\u00e9s pour le R\u00e9gional<\/p>\n<p><img loading=\"lazy\" decoding=\"async\" class=\"alignnone size-medium wp-image-23596\" src=\"http:\/\/www.petanque82-comite.fr\/wp-content\/uploads\/2024\/04\/Les-Champions-Copie-1-298x300.jpg\" alt=\"\" width=\"298\" height=\"300\" srcset=\"http:\/\/www.petanque82-comite.fr\/wp-content\/uploads\/2024\/04\/Les-Champions-Copie-1-298x300.jpg 298w, http:\/\/www.petanque82-comite.fr\/wp-content\/uploads\/2024\/04\/Les-Champions-Copie-1-150x150.jpg 150w, http:\/\/www.petanque82-comite.fr\/wp-content\/uploads\/2024\/04\/Les-Champions-Copie-1.jpg 690w\" sizes=\"auto, (max-width: 298px) 100vw, 298px\" \/><\/p>\n<p>SCHMITT SERGE<br \/>\nMAALAOUI S\u00c9LIM<br \/>\n(PETANQUE MOISSAGAISE )<\/p>\n<p><img loading=\"lazy\" decoding=\"async\" class=\"alignnone size-medium wp-image-23591\" src=\"http:\/\/www.petanque82-comite.fr\/wp-content\/uploads\/2024\/04\/Les-finalistes-Copie-245x300.jpg\" alt=\"\" width=\"245\" height=\"300\" srcset=\"http:\/\/www.petanque82-comite.fr\/wp-content\/uploads\/2024\/04\/Les-finalistes-Copie-245x300.jpg 245w, http:\/\/www.petanque82-comite.fr\/wp-content\/uploads\/2024\/04\/Les-finalistes-Copie.jpg 750w\" sizes=\"auto, (max-width: 245px) 100vw, 245px\" \/><\/p>\n<p>PANERO SERGE<br \/>\nPEDURAND FRANCK<br \/>\n(AMICALE PETANQUE REYNIESIENNE )<\/p>\n<p><img loading=\"lazy\" decoding=\"async\" class=\"alignnone size-medium wp-image-23592\" src=\"http:\/\/www.petanque82-comite.fr\/wp-content\/uploads\/2024\/04\/IMG20240331175621-Copie-177x300.jpg\" alt=\"\" width=\"177\" height=\"300\" srcset=\"http:\/\/www.petanque82-comite.fr\/wp-content\/uploads\/2024\/04\/IMG20240331175621-Copie-177x300.jpg 177w, http:\/\/www.petanque82-comite.fr\/wp-content\/uploads\/2024\/04\/IMG20240331175621-Copie.jpg 560w\" sizes=\"auto, (max-width: 177px) 100vw, 177px\" \/><\/p>\n<p>ROUGE DAVID<br \/>\nROUGE DOMINIQUE<br \/>\n(PETANQUE MOISSAGAISE )<\/p>\n<p><img loading=\"lazy\" decoding=\"async\" class=\"alignnone size-medium wp-image-23593\" src=\"http:\/\/www.petanque82-comite.fr\/wp-content\/uploads\/2024\/04\/IMG20240331185632-Copie-210x300.jpg\" alt=\"\" width=\"210\" height=\"300\" srcset=\"http:\/\/www.petanque82-comite.fr\/wp-content\/uploads\/2024\/04\/IMG20240331185632-Copie-210x300.jpg 210w, http:\/\/www.petanque82-comite.fr\/wp-content\/uploads\/2024\/04\/IMG20240331185632-Copie.jpg 638w\" sizes=\"auto, (max-width: 210px) 100vw, 210px\" \/><\/p>\n<p>HOSTEIN NATHANIEL<br \/>\nGIRAC JASON<br \/>\n(EBC CASTELSARRASIN )<\/p>\n<p><img loading=\"lazy\" decoding=\"async\" class=\"alignnone size-medium wp-image-23594\" src=\"http:\/\/www.petanque82-comite.fr\/wp-content\/uploads\/2024\/04\/IMG20240331205352-Copie-250x300.jpg\" alt=\"\" width=\"250\" height=\"300\" srcset=\"http:\/\/www.petanque82-comite.fr\/wp-content\/uploads\/2024\/04\/IMG20240331205352-Copie-250x300.jpg 250w, http:\/\/www.petanque82-comite.fr\/wp-content\/uploads\/2024\/04\/IMG20240331205352-Copie.jpg 727w\" sizes=\"auto, (max-width: 250px) 100vw, 250px\" \/><\/p>\n<p>TARTAGLIA ALEXANDRE<br \/>\nKIELAU MICHAEL<br \/>\n(FANNY ALBIASSAINE )<\/p>\n<p>&nbsp;<\/p>\n<h2><strong>ANNEE 2023<\/strong><\/h2>\n<p><strong>Doublette Jeu Proven\u00e7al<\/strong><\/p>\n<h3><a href=\"http:\/\/www.petanque82-comite.fr\/wp-content\/uploads\/2022\/04\/CD_DJP_08_04_2023_Liste-des-Equipes-3.pdf\">Liste des Equipes<\/a><\/h3>\n<h3><a href=\"http:\/\/www.petanque82-comite.fr\/wp-content\/uploads\/2022\/04\/CD_DJP_08_04_2023_Liste-Poules.pdf\">Liste des poules<\/a><\/h3>\n<h3><a href=\"http:\/\/www.petanque82-comite.fr\/result\/Page_Rslt_CD_DJP_08_04_2023.html\">R\u00e9sultats en direct<\/a><\/h3>\n<p><img loading=\"lazy\" decoding=\"async\" class=\"alignnone size-medium wp-image-20297\" src=\"http:\/\/www.petanque82-comite.fr\/wp-content\/uploads\/2022\/04\/IMG20230409181243-Copie-225x300.jpg\" alt=\"\" width=\"225\" height=\"300\" srcset=\"http:\/\/www.petanque82-comite.fr\/wp-content\/uploads\/2022\/04\/IMG20230409181243-Copie-225x300.jpg 225w, http:\/\/www.petanque82-comite.fr\/wp-content\/uploads\/2022\/04\/IMG20230409181243-Copie.jpg 750w\" sizes=\"auto, (max-width: 225px) 100vw, 225px\" \/><\/p>\n<p><strong><a href=\"http:\/\/www.petanque82-comite.fr\/wp-content\/uploads\/2022\/04\/IMG20230409181243-1.pdf\">Qualifi\u00e9s pour le France <\/a><\/strong><\/p>\n<p><strong><a href=\"http:\/\/www.petanque82-comite.fr\/wp-content\/uploads\/2022\/04\/IMG20230409181243-1.pdf\">SCHMITT Serge et MAALAOUI S\u00e9lim<br \/>\nP\u00e9tanque Moissagaise<\/a><\/strong><\/p>\n<p>&nbsp;<\/p>\n<p><img loading=\"lazy\" decoding=\"async\" class=\"alignnone size-medium wp-image-20298\" src=\"http:\/\/www.petanque82-comite.fr\/wp-content\/uploads\/2022\/04\/IMG20230409181331-Copie-225x300.jpg\" alt=\"\" width=\"225\" height=\"300\" srcset=\"http:\/\/www.petanque82-comite.fr\/wp-content\/uploads\/2022\/04\/IMG20230409181331-Copie-225x300.jpg 225w, http:\/\/www.petanque82-comite.fr\/wp-content\/uploads\/2022\/04\/IMG20230409181331-Copie.jpg 750w\" sizes=\"auto, (max-width: 225px) 100vw, 225px\" \/><\/p>\n<p><strong><a href=\"http:\/\/www.petanque82-comite.fr\/wp-content\/uploads\/2022\/04\/IMG20230409181331.pdf\">Qualifi\u00e9s pour le France <\/a><\/strong><\/p>\n<p><strong><a href=\"http:\/\/www.petanque82-comite.fr\/wp-content\/uploads\/2022\/04\/IMG20230409181331.pdf\">SENAC J\u00e9r\u00f4me et ROUGE David<br \/>\nP\u00e9tanque Moissagaise<\/a><\/strong><\/p>\n<p>&nbsp;<\/p>\n<p><img loading=\"lazy\" decoding=\"async\" class=\"alignnone size-medium wp-image-20299\" src=\"http:\/\/www.petanque82-comite.fr\/wp-content\/uploads\/2022\/04\/IMG20230409170803-Copie-225x300.jpg\" alt=\"\" width=\"225\" height=\"300\" srcset=\"http:\/\/www.petanque82-comite.fr\/wp-content\/uploads\/2022\/04\/IMG20230409170803-Copie-225x300.jpg 225w, http:\/\/www.petanque82-comite.fr\/wp-content\/uploads\/2022\/04\/IMG20230409170803-Copie.jpg 750w\" sizes=\"auto, (max-width: 225px) 100vw, 225px\" \/><\/p>\n<p><strong><a href=\"http:\/\/www.petanque82-comite.fr\/wp-content\/uploads\/2022\/04\/IMG20230409170803.pdf\">Qualifi\u00e9s pour le r\u00e9gional <\/a><\/strong><\/p>\n<p><strong><a href=\"http:\/\/www.petanque82-comite.fr\/wp-content\/uploads\/2022\/04\/IMG20230409170803.pdf\">GUTGSELL Laurent et LAVILLEDIEU Lo\u00efc<br \/>\nP\u00e9tanque Moissagaise<\/a><\/strong><\/p>\n<p>&nbsp;<\/p>\n<p><img loading=\"lazy\" decoding=\"async\" class=\"alignnone size-medium wp-image-20301\" src=\"http:\/\/www.petanque82-comite.fr\/wp-content\/uploads\/2022\/04\/IMG20230409175705-Copie-225x300.jpg\" alt=\"\" width=\"225\" height=\"300\" srcset=\"http:\/\/www.petanque82-comite.fr\/wp-content\/uploads\/2022\/04\/IMG20230409175705-Copie-225x300.jpg 225w, http:\/\/www.petanque82-comite.fr\/wp-content\/uploads\/2022\/04\/IMG20230409175705-Copie.jpg 750w\" sizes=\"auto, (max-width: 225px) 100vw, 225px\" \/><\/p>\n<p><strong><a href=\"http:\/\/www.petanque82-comite.fr\/wp-content\/uploads\/2022\/04\/IMG20230409175705.pdf\">Qualifi\u00e9s pour le r\u00e9gional <\/a><\/strong><\/p>\n<p><strong><a href=\"http:\/\/www.petanque82-comite.fr\/wp-content\/uploads\/2022\/04\/IMG20230409175705.pdf\">NAVARRO Yohan et DA RE Anthony<br \/>\nUS Montauban P\u00e9tanque<\/a><\/strong><\/p>\n<p>&nbsp;<\/p>\n<p><img loading=\"lazy\" decoding=\"async\" class=\"alignnone size-medium wp-image-20300\" src=\"http:\/\/www.petanque82-comite.fr\/wp-content\/uploads\/2022\/04\/IMG20230409171851-Copie-225x300.jpg\" alt=\"\" width=\"225\" height=\"300\" srcset=\"http:\/\/www.petanque82-comite.fr\/wp-content\/uploads\/2022\/04\/IMG20230409171851-Copie-225x300.jpg 225w, http:\/\/www.petanque82-comite.fr\/wp-content\/uploads\/2022\/04\/IMG20230409171851-Copie.jpg 750w\" sizes=\"auto, (max-width: 225px) 100vw, 225px\" \/><\/p>\n<p><strong><a href=\"http:\/\/www.petanque82-comite.fr\/wp-content\/uploads\/2022\/04\/IMG20230409171851.pdf\">Qualifi\u00e9s pour le r\u00e9gional <\/a><\/strong><\/p>\n<p><strong><a href=\"http:\/\/www.petanque82-comite.fr\/wp-content\/uploads\/2022\/04\/IMG20230409171851.pdf\">ANTONIOLLI Mario et GOBATTO Olivier<br \/>\nP\u00e9tanque Lavitoise<\/a><\/strong><\/p>\n<p>&nbsp;<\/p>\n<p><img loading=\"lazy\" decoding=\"async\" class=\"alignnone size-medium wp-image-20302\" src=\"http:\/\/www.petanque82-comite.fr\/wp-content\/uploads\/2022\/04\/IMG20230409171912-Copie-225x300.jpg\" alt=\"\" width=\"225\" height=\"300\" srcset=\"http:\/\/www.petanque82-comite.fr\/wp-content\/uploads\/2022\/04\/IMG20230409171912-Copie-225x300.jpg 225w, http:\/\/www.petanque82-comite.fr\/wp-content\/uploads\/2022\/04\/IMG20230409171912-Copie.jpg 750w\" sizes=\"auto, (max-width: 225px) 100vw, 225px\" \/><\/p>\n<p><strong><a href=\"http:\/\/www.petanque82-comite.fr\/wp-content\/uploads\/2022\/04\/IMG20230409171912.pdf\">Qualifi\u00e9s pour le r\u00e9gional <\/a><\/strong><\/p>\n<p><strong><a href=\"http:\/\/www.petanque82-comite.fr\/wp-content\/uploads\/2022\/04\/IMG20230409171912.pdf\">FARRUGIA Damien et DELPECH C\u00e9dric<br \/>\nAssociation St\u00e9phanoise<\/a><\/strong><\/p>\n<p>&nbsp;<\/p>\n<h2><strong>ANNEE 2022<\/strong><\/h2>\n<p><strong>Doublette Jeu Proven\u00e7al :&nbsp;<\/strong><\/p>\n<h3><a href=\"http:\/\/www.petanque82-comite.fr\/wp-content\/uploads\/2022\/04\/2022_JP_DOUBLETTE_Liste-des-Equipes.pdf\">Liste des \u00e9quipes<\/a><\/h3>\n<h3><a href=\"http:\/\/www.petanque82-comite.fr\/wp-content\/uploads\/2022\/04\/2022_JP_DOUBLETTE_Liste-Poules.pdf\">Liste des poules<\/a><\/h3>\n<h2><strong><a href=\"http:\/\/www.petanque82-comite.fr\/result\/Page_Rslt_2022_JP_DOUBLETTE.html\">R\u00e9sultats en direct<\/a><\/strong><\/h2>\n<p><strong><em>Deux \u00e9quipes sont qualifi\u00e9es pour le France \u00e0 Perpignan<\/em><\/strong><\/p>\n<p><img loading=\"lazy\" decoding=\"async\" class=\"alignnone size-medium wp-image-15773\" src=\"http:\/\/www.petanque82-comite.fr\/wp-content\/uploads\/2022\/04\/Champion-provencal-2022-Copie-1-300x169.jpg\" alt=\"\" width=\"300\" height=\"169\" srcset=\"http:\/\/www.petanque82-comite.fr\/wp-content\/uploads\/2022\/04\/Champion-provencal-2022-Copie-1-300x169.jpg 300w, http:\/\/www.petanque82-comite.fr\/wp-content\/uploads\/2022\/04\/Champion-provencal-2022-Copie-1-768x432.jpg 768w, http:\/\/www.petanque82-comite.fr\/wp-content\/uploads\/2022\/04\/Champion-provencal-2022-Copie-1.jpg 1000w\" sizes=\"auto, (max-width: 300px) 100vw, 300px\" \/><\/p>\n<p><strong><a href=\"http:\/\/www.petanque82-comite.fr\/wp-content\/uploads\/2022\/04\/Champion-provencal-2022-2.pdf\">Champion proven\u00e7al 2022 en pdf<\/a><\/strong><\/p>\n<p>SCHMITT SERGE<br \/>\nMAALAOUI S\u00c9LIM<br \/>\nP\u00e9tanque Moissagaise<\/p>\n<p>Champions doublette proven\u00e7al 2022<\/p>\n<p>&nbsp;<\/p>\n<p><img loading=\"lazy\" decoding=\"async\" class=\"alignnone size-medium wp-image-15774\" src=\"http:\/\/www.petanque82-comite.fr\/wp-content\/uploads\/2022\/04\/Vice-champion-provencal-2022-Copie-300x169.jpg\" alt=\"\" width=\"300\" height=\"169\" srcset=\"http:\/\/www.petanque82-comite.fr\/wp-content\/uploads\/2022\/04\/Vice-champion-provencal-2022-Copie-300x169.jpg 300w, http:\/\/www.petanque82-comite.fr\/wp-content\/uploads\/2022\/04\/Vice-champion-provencal-2022-Copie-768x432.jpg 768w, http:\/\/www.petanque82-comite.fr\/wp-content\/uploads\/2022\/04\/Vice-champion-provencal-2022-Copie.jpg 1000w\" sizes=\"auto, (max-width: 300px) 100vw, 300px\" \/><\/p>\n<p><strong><a href=\"http:\/\/www.petanque82-comite.fr\/wp-content\/uploads\/2022\/04\/Vice-champion-provencal-2022.pdf\">Vice-champions proven\u00e7al 2022 en pdf<\/a><\/strong><\/p>\n<p>BRIOIS FR\u00c9D\u00c9RIC<br \/>\nCLEMENT FRANCK<br \/>\nP\u00e9tanque Clos de Lauzun<\/p>\n<p>Vice-Champions doublette proven\u00e7al 2022<\/p>\n<p>&nbsp;<\/p>\n<p><strong><em>Trois \u00e9quipes sont qualifi\u00e9es pour le championnat r\u00e9gional \u00e0 Carcassonne.<\/em><\/strong><\/p>\n<h3><a href=\"http:\/\/petanque-occitanie.fr\/images\/pdfs\/2022\/CHPTCRO22\/Poules_Doub_JP_Carcassonne_22.pdf\">Tirage des poules R\u00e9gional Doublette Jeu Proven\u00e7al \u00e0 Carcassonne<\/a><\/h3>\n<p><img loading=\"lazy\" decoding=\"async\" class=\"alignnone size-medium wp-image-15778\" src=\"http:\/\/www.petanque82-comite.fr\/wp-content\/uploads\/2022\/04\/Regon-Provencal-2022-Copie-300x169.jpg\" alt=\"\" width=\"300\" height=\"169\" srcset=\"http:\/\/www.petanque82-comite.fr\/wp-content\/uploads\/2022\/04\/Regon-Provencal-2022-Copie-300x169.jpg 300w, http:\/\/www.petanque82-comite.fr\/wp-content\/uploads\/2022\/04\/Regon-Provencal-2022-Copie-768x432.jpg 768w, http:\/\/www.petanque82-comite.fr\/wp-content\/uploads\/2022\/04\/Regon-Provencal-2022-Copie.jpg 1000w\" sizes=\"auto, (max-width: 300px) 100vw, 300px\" \/><\/p>\n<p><strong><a href=\"http:\/\/www.petanque82-comite.fr\/wp-content\/uploads\/2022\/04\/Regon-Provencal-2022.pdf\">Les demi-finalistes en pdf<\/a><\/strong><\/p>\n<p>GABARRE MICKA\u00cbL<br \/>\nFONTANINI ALAIN Fanny Albiassaine<\/p>\n<p>&nbsp;<\/p>\n<p><img loading=\"lazy\" decoding=\"async\" class=\"alignnone size-medium wp-image-15777\" src=\"http:\/\/www.petanque82-comite.fr\/wp-content\/uploads\/2022\/04\/Region-provencal-2022-2-Copie-300x169.jpg\" alt=\"\" width=\"300\" height=\"169\" srcset=\"http:\/\/www.petanque82-comite.fr\/wp-content\/uploads\/2022\/04\/Region-provencal-2022-2-Copie-300x169.jpg 300w, http:\/\/www.petanque82-comite.fr\/wp-content\/uploads\/2022\/04\/Region-provencal-2022-2-Copie-768x432.jpg 768w, http:\/\/www.petanque82-comite.fr\/wp-content\/uploads\/2022\/04\/Region-provencal-2022-2-Copie.jpg 1000w\" sizes=\"auto, (max-width: 300px) 100vw, 300px\" \/><\/p>\n<p><strong><a href=\"http:\/\/www.petanque82-comite.fr\/wp-content\/uploads\/2022\/04\/Region-provencal-2022-2-.pdf\">Les demi-finalistes en pdf<\/a><\/strong><\/p>\n<p>MARMIESSE DAMIEN<br \/>\nDELRIEU J\u00c9ROME La Boule St-Martialaise<\/p>\n<h3><img loading=\"lazy\" decoding=\"async\" class=\"alignnone size-medium wp-image-15776\" src=\"http:\/\/www.petanque82-comite.fr\/wp-content\/uploads\/2022\/04\/Region-provencal-2022-Copie-225x300.jpg\" alt=\"\" width=\"225\" height=\"300\" srcset=\"http:\/\/www.petanque82-comite.fr\/wp-content\/uploads\/2022\/04\/Region-provencal-2022-Copie-225x300.jpg 225w, http:\/\/www.petanque82-comite.fr\/wp-content\/uploads\/2022\/04\/Region-provencal-2022-Copie.jpg 750w\" sizes=\"auto, (max-width: 225px) 100vw, 225px\" \/><\/h3>\n<p><strong><a href=\"http:\/\/www.petanque82-comite.fr\/wp-content\/uploads\/2022\/04\/Region-provencal-2022.pdf\">Vainqueurs du barrage des perdants des 1\/4 en pdf<\/a><\/strong><\/p>\n<p>DA RE ANTHONY<\/p>\n<p>NAVARRO YOHAN US Montauban<\/p>\n<p>&nbsp;<\/p>\n","protected":false},"excerpt":{"rendered":"<p>ANNEE 2026 2 \u00e9quipes qualifi\u00e9es pour le championnat de France 3 \u00e9quipes qualifi\u00e9es pour le championnat r\u00e9gional Occitanie Affiche-Doublette-JP-2026 Liste-des-Equipes Liste-des-Poules Suivi-et-r\u00e9sultats &nbsp; &nbsp; ANNEE 2025 Doublette proven\u00e7al R\u00e9sultats en direct doublette jeu proven\u00e7al \u00e0 Montauban&nbsp; Les Champions GLAUDY Emile Winters, KYRIAZIDES John sont qualifi\u00e9s pour le France \u00e0 St-Cyprien (66) les 5, 6 et [&hellip;]<\/p>\n","protected":false},"author":1,"featured_media":0,"parent":0,"menu_order":0,"comment_status":"closed","ping_status":"closed","template":"","meta":{"ngg_post_thumbnail":0,"_tribe_blocks_recurrence_rules":"","_tribe_blocks_recurrence_exclusions":"","_tribe_blocks_recurrence_description":"","footnotes":""},"class_list":["post-15419","page","type-page","status-publish","hentry"],"_links":{"self":[{"href":"http:\/\/www.petanque82-comite.fr\/index.php?rest_route=\/wp\/v2\/pages\/15419","targetHints":{"allow":["GET"]}}],"collection":[{"href":"http:\/\/www.petanque82-comite.fr\/index.php?rest_route=\/wp\/v2\/pages"}],"about":[{"href":"http:\/\/www.petanque82-comite.fr\/index.php?rest_route=\/wp\/v2\/types\/page"}],"author":[{"embeddable":true,"href":"http:\/\/www.petanque82-comite.fr\/index.php?rest_route=\/wp\/v2\/users\/1"}],"replies":[{"embeddable":true,"href":"http:\/\/www.petanque82-comite.fr\/index.php?rest_route=%2Fwp%2Fv2%2Fcomments&post=15419"}],"version-history":[{"count":75,"href":"http:\/\/www.petanque82-comite.fr\/index.php?rest_route=\/wp\/v2\/pages\/15419\/revisions"}],"predecessor-version":[{"id":30450,"href":"http:\/\/www.petanque82-comite.fr\/index.php?rest_route=\/wp\/v2\/pages\/15419\/revisions\/30450"}],"wp:attachment":[{"href":"http:\/\/www.petanque82-comite.fr\/index.php?rest_route=%2Fwp%2Fv2%2Fmedia&parent=15419"}],"curies":[{"name":"wp","href":"https:\/\/api.w.org\/{rel}","templated":true}]}}