{"id":15423,"date":"2022-04-04T17:41:51","date_gmt":"2022-04-04T16:41:51","guid":{"rendered":"http:\/\/www.petanque82-comite.fr\/?page_id=15423"},"modified":"2026-03-30T13:51:21","modified_gmt":"2026-03-30T12:51:21","slug":"tete-a-tete-masculin","status":"publish","type":"page","link":"http:\/\/www.petanque82-comite.fr\/?page_id=15423","title":{"rendered":"T\u00eate \u00e0 t\u00eate masculin"},"content":{"rendered":"<h2>ANNEE 2026<\/h2>\n<p><span style=\"color: #000000;\"><strong>Championnat d\u00e9partemental T\u00eate \u00e0 t\u00eate masculin samedi 28 &amp; dimanche 29 mars<\/strong><\/span><\/p>\n<p>Date limite d&#8217;inscription au comit\u00e9 le mercredi 18 mars<\/p>\n<h3><a href=\"http:\/\/www.petanque82-comite.fr\/wp-content\/uploads\/2026\/03\/Affiche-chpt-TG-TT-masculin-V2.pdf\">Affiche-chpt-TG-TT-masculin<\/a><\/h3>\n<h3><a href=\"http:\/\/www.petanque82-comite.fr\/wp-content\/uploads\/2026\/03\/20260328_QUALIF_CD_PET_082_ISM_Caylus_S1_Liste-des-Equipes.pdf\">Caylus_Secteur_Est_Liste-des-Equipes<\/a><\/h3>\n<h3><a href=\"http:\/\/www.petanque82-comite.fr\/wp-content\/uploads\/2026\/03\/20260328_QUALIF_CD_PET_082_ISM_Caylus_S1_Liste-Poules.pdf\">Caylus_Secteur_Est_Liste-Poules<\/a><\/h3>\n<h3><a href=\"https:\/\/championnats-occitanie.ovh\/CD82\/Page_Rslt_20260328_QUALIF_CD_PET_082_ISM_0021_S1.html\">Suivi des r\u00e9sultats Caylus samedi<\/a><\/h3>\n<h3><a href=\"http:\/\/www.petanque82-comite.fr\/wp-content\/uploads\/2026\/03\/20260328_QUALIF_CD_PET_082_ISM_Dieupentale-et-Bessens_S2_Liste-des-Equipes.pdf\">Dieupentale-et-Bessens_Secteur_Est_Liste-des-Equipes<\/a><\/h3>\n<h3><a href=\"http:\/\/www.petanque82-comite.fr\/wp-content\/uploads\/2026\/03\/20260328_QUALIF_CD_PET_082_ISM_Dieupentale-et-Bessens_S2_Liste-Poules.pdf\">Dieupentale-et-Bessens_Secteur_Est_2_Liste-Poules<\/a><\/h3>\n<h4><strong>Attention !!! les parties de poules des poules 25 \u00e0 29 se jouent \u00e0 Bessens<\/strong><\/h4>\n<h3><a href=\"https:\/\/championnats-occitanie.ovh\/CD82\/Page_Rslt_20260328_QUALIF_CD_PET_082_ISM_0021_S2.html\">Suivi des r\u00e9sultats Dieupentale samedi<\/a><\/h3>\n<p>17 qualifi\u00e9s par site<\/p>\n<h3><a href=\"http:\/\/www.petanque82-comite.fr\/wp-content\/uploads\/2026\/03\/20260328_QUALIF_CD_PET_082_ISM_Moissac_S1_Liste-des-Equipes.pdf\">Moissac_Secteur_Ouest_Liste-des-Equipes<\/a><\/h3>\n<h3><a href=\"http:\/\/www.petanque82-comite.fr\/wp-content\/uploads\/2026\/03\/20260328_QUALIF_CD_PET_082_ISM_Moissac_S1_Liste-Poules.pdf\">Moissac_Secteur_Ouest_Liste-Poules<\/a><\/h3>\n<h3><a href=\"https:\/\/championnats-occitanie.ovh\/CD82\/Page_Rslt_20260328_QUALIF_CD_PET_082_ISM_0060_S1.html\">Suivi des r\u00e9sultats Moissac samedi<\/a><\/h3>\n<h3><a href=\"http:\/\/www.petanque82-comite.fr\/wp-content\/uploads\/2026\/03\/20260328_QUALIF_CD_PET_082_ISM_Garganvillar-S2_Liste-des-Equipes.pdf\">Garganvillar-Secteur_Ouest_Liste-des-Equipes<\/a><\/h3>\n<h3><a href=\"http:\/\/www.petanque82-comite.fr\/wp-content\/uploads\/2026\/03\/20260328_QUALIF_CD_PET_082_ISM_Garganvillar_S2_Liste-Poules.pdf\">Garganvillar_Secteur_Ouest_Liste-Poules<\/a><\/h3>\n<h3><a href=\"https:\/\/championnats-occitanie.ovh\/CD82\/Page_Rslt_20260328_QUALIF_CD_PET_082_ISM_0060_S2.html\">Suivi des r\u00e9sultats Garganvillar samedi<\/a><\/h3>\n<p>15 qualifi\u00e9s par site<\/p>\n<p>&nbsp;<\/p>\n<h3><a href=\"https:\/\/championnats-occitanie.ovh\/CD82\/Page_Rslt_20260329_CD_PET_082_ISM_0000.html\">Suivi des r\u00e9sultats Caylus dimanche<\/a><\/h3>\n<p><strong>Champion<\/strong><\/p>\n<p><img loading=\"lazy\" decoding=\"async\" class=\"alignnone size-medium wp-image-29850\" src=\"http:\/\/www.petanque82-comite.fr\/wp-content\/uploads\/2026\/03\/Vainqueur-133x300.jpg\" alt=\"\" width=\"133\" height=\"300\" srcset=\"http:\/\/www.petanque82-comite.fr\/wp-content\/uploads\/2026\/03\/Vainqueur-133x300.jpg 133w, http:\/\/www.petanque82-comite.fr\/wp-content\/uploads\/2026\/03\/Vainqueur.jpg 387w\" sizes=\"auto, (max-width: 133px) 100vw, 133px\" \/><\/p>\n<p>PRUDHOMME Sonny (P\u00e9tanque Montpezat)<\/p>\n<p>Qualifi\u00e9 pour le championnat de France \u00e0 bergerac (24)<\/p>\n<p><strong>Vice-champion<\/strong><\/p>\n<p><img loading=\"lazy\" decoding=\"async\" class=\"alignnone size-medium wp-image-29851\" src=\"http:\/\/www.petanque82-comite.fr\/wp-content\/uploads\/2026\/03\/vice-champion-142x300.jpg\" alt=\"\" width=\"142\" height=\"300\" srcset=\"http:\/\/www.petanque82-comite.fr\/wp-content\/uploads\/2026\/03\/vice-champion-142x300.jpg 142w, http:\/\/www.petanque82-comite.fr\/wp-content\/uploads\/2026\/03\/vice-champion.jpg 381w\" sizes=\"auto, (max-width: 142px) 100vw, 142px\" \/><\/p>\n<p>BOULANGER Delson (P\u00e9tanque Montpezat)<\/p>\n<p>Qualifi\u00e9 pour le championnat r\u00e9gional Occitanie \u00e0 Auch (32)<\/p>\n<p><strong>Demi-finalistes<\/strong><\/p>\n<p><img loading=\"lazy\" decoding=\"async\" class=\"alignnone size-medium wp-image-29848\" src=\"http:\/\/www.petanque82-comite.fr\/wp-content\/uploads\/2026\/03\/demi-finaliste-1-123x300.jpg\" alt=\"\" width=\"123\" height=\"300\" srcset=\"http:\/\/www.petanque82-comite.fr\/wp-content\/uploads\/2026\/03\/demi-finaliste-1-123x300.jpg 123w, http:\/\/www.petanque82-comite.fr\/wp-content\/uploads\/2026\/03\/demi-finaliste-1.jpg 299w\" sizes=\"auto, (max-width: 123px) 100vw, 123px\" \/><\/p>\n<p>SILVA Oscar (P\u00e9tanque Montpezat)<\/p>\n<p>Qualifi\u00e9 pour le championnat r\u00e9gional Occitanie \u00e0 Auch (32)<\/p>\n<p><img loading=\"lazy\" decoding=\"async\" class=\"alignnone size-medium wp-image-29849\" src=\"http:\/\/www.petanque82-comite.fr\/wp-content\/uploads\/2026\/03\/demi-finaliste-2-149x300.jpg\" alt=\"\" width=\"149\" height=\"300\" srcset=\"http:\/\/www.petanque82-comite.fr\/wp-content\/uploads\/2026\/03\/demi-finaliste-2-149x300.jpg 149w, http:\/\/www.petanque82-comite.fr\/wp-content\/uploads\/2026\/03\/demi-finaliste-2-509x1024.jpg 509w, http:\/\/www.petanque82-comite.fr\/wp-content\/uploads\/2026\/03\/demi-finaliste-2.jpg 513w\" sizes=\"auto, (max-width: 149px) 100vw, 149px\" \/><\/p>\n<p>GABARRE Mo\u00efse (EBC Castelsarrasin)<\/p>\n<p>Qualifi\u00e9 pour le championnat r\u00e9gional Occitanie \u00e0 Auch (32)<\/p>\n<h2>ANNEE 2025<\/h2>\n<p><span style=\"color: #000000;\"><strong>Qualifications T\u00eate \u00e0 t\u00eate masculin dimanche 30 mars<\/strong><\/span><\/p>\n<h3><a href=\"https:\/\/championnats-occitanie.ovh\/CD82\/Page_Rslt_Te_a_Te_Dieupentale.html\">R\u00e9sultats en direct individuel masculin<\/a><\/h3>\n<h3><img loading=\"lazy\" decoding=\"async\" class=\"alignnone size-medium wp-image-26770\" src=\"http:\/\/www.petanque82-comite.fr\/wp-content\/uploads\/2022\/04\/Taisant-Anthonny-225x300.jpg\" alt=\"\" width=\"225\" height=\"300\" srcset=\"http:\/\/www.petanque82-comite.fr\/wp-content\/uploads\/2022\/04\/Taisant-Anthonny-225x300.jpg 225w, http:\/\/www.petanque82-comite.fr\/wp-content\/uploads\/2022\/04\/Taisant-Anthonny.jpg 450w\" sizes=\"auto, (max-width: 225px) 100vw, 225px\" \/><\/h3>\n<p><strong><span style=\"color: #333399;\"><em>TAISANT Anthony<br \/>\n(P\u00e9tanque Montpezataise) est qualifi\u00e9 pour le France \u00e0 Saint Yrieix sur Charente (16)<\/em><\/span><\/strong><\/p>\n<p><img loading=\"lazy\" decoding=\"async\" class=\"alignnone size-medium wp-image-26771\" src=\"http:\/\/www.petanque82-comite.fr\/wp-content\/uploads\/2022\/04\/Marsille-eddie_n-225x300.jpg\" alt=\"\" width=\"225\" height=\"300\" srcset=\"http:\/\/www.petanque82-comite.fr\/wp-content\/uploads\/2022\/04\/Marsille-eddie_n-225x300.jpg 225w, http:\/\/www.petanque82-comite.fr\/wp-content\/uploads\/2022\/04\/Marsille-eddie_n.jpg 450w\" sizes=\"auto, (max-width: 225px) 100vw, 225px\" \/><\/p>\n<p><strong><span style=\"color: #333399;\"><em>MARSILLE EDDIE<br \/>\n(Boule Bessinoise) est qualifi\u00e9 pour le R\u00e9gional \u00e0 La Palme (11)<\/em><\/span><\/strong><\/p>\n<p><img loading=\"lazy\" decoding=\"async\" class=\"alignnone size-medium wp-image-26774\" src=\"http:\/\/www.petanque82-comite.fr\/wp-content\/uploads\/2022\/04\/4Ivo-Goncalvez-163x300.jpg\" alt=\"\" width=\"163\" height=\"300\" srcset=\"http:\/\/www.petanque82-comite.fr\/wp-content\/uploads\/2022\/04\/4Ivo-Goncalvez-163x300.jpg 163w, http:\/\/www.petanque82-comite.fr\/wp-content\/uploads\/2022\/04\/4Ivo-Goncalvez.jpg 523w\" sizes=\"auto, (max-width: 163px) 100vw, 163px\" \/><\/p>\n<p><strong><span style=\"color: #333399;\"><em>GONCALVES IVO<br \/>\n(A S Dieupentale P\u00e9tanque) est qualifi\u00e9 pour le R\u00e9gional \u00e0 La Palme (11)<\/em><\/span><\/strong><\/p>\n<p><img loading=\"lazy\" decoding=\"async\" class=\"alignnone size-medium wp-image-26772\" src=\"http:\/\/www.petanque82-comite.fr\/wp-content\/uploads\/2022\/04\/Roy-149x300.jpg\" alt=\"\" width=\"149\" height=\"300\" srcset=\"http:\/\/www.petanque82-comite.fr\/wp-content\/uploads\/2022\/04\/Roy-149x300.jpg 149w, http:\/\/www.petanque82-comite.fr\/wp-content\/uploads\/2022\/04\/Roy.jpg 433w\" sizes=\"auto, (max-width: 149px) 100vw, 149px\" \/><\/p>\n<p><strong><span style=\"color: #333399;\"><em>FELTIN ROY<br \/>\n(P\u00e9tanque Montpezataise) est qualifi\u00e9 pour le R\u00e9gional \u00e0 La Palme (11)<\/em><\/span><\/strong><\/p>\n<p>&nbsp;<\/p>\n<h2>ANNEE 2024<\/h2>\n<p><strong>T\u00eate \u00e0 t\u00eate masculin<\/strong><\/p>\n<h3><a href=\"http:\/\/www.petanque82-comite.fr\/result\/Page_Rslt_CDTTSM_FINALE_2024.html\">R\u00e9sultats en direct\u00a0<\/a><\/h3>\n<p><img loading=\"lazy\" decoding=\"async\" class=\"alignnone size-medium wp-image-23895\" src=\"http:\/\/www.petanque82-comite.fr\/wp-content\/uploads\/2024\/04\/photo_4-1-Copie-138x300.jpeg\" alt=\"\" width=\"138\" height=\"300\" srcset=\"http:\/\/www.petanque82-comite.fr\/wp-content\/uploads\/2024\/04\/photo_4-1-Copie-138x300.jpeg 138w, http:\/\/www.petanque82-comite.fr\/wp-content\/uploads\/2024\/04\/photo_4-1-Copie.jpeg 460w\" sizes=\"auto, (max-width: 138px) 100vw, 138px\" \/><\/p>\n<p>GONCALVES Ivo est qualifi\u00e9 pour le France \u00e0 Objat (19)<\/p>\n<p>A S DIEUPENTALE P\u00e9tanque<\/p>\n<p><img loading=\"lazy\" decoding=\"async\" class=\"alignnone size-medium wp-image-23896\" src=\"http:\/\/www.petanque82-comite.fr\/wp-content\/uploads\/2024\/04\/photo_3-2-Copie-149x300.jpeg\" alt=\"\" width=\"149\" height=\"300\" srcset=\"http:\/\/www.petanque82-comite.fr\/wp-content\/uploads\/2024\/04\/photo_3-2-Copie-149x300.jpeg 149w, http:\/\/www.petanque82-comite.fr\/wp-content\/uploads\/2024\/04\/photo_3-2-Copie.jpeg 497w\" sizes=\"auto, (max-width: 149px) 100vw, 149px\" \/><\/p>\n<p>DESLYS GINO EBC CASTELSARRASIN<\/p>\n<p>est qualifi\u00e9 pour le R\u00e9gional \u00e0 \u00e0 Armissan (11)<\/p>\n<p><img loading=\"lazy\" decoding=\"async\" class=\"alignnone size-medium wp-image-23898\" src=\"http:\/\/www.petanque82-comite.fr\/wp-content\/uploads\/2024\/04\/photo_1-4-Copie-300x265.jpeg\" alt=\"\" width=\"300\" height=\"265\" srcset=\"http:\/\/www.petanque82-comite.fr\/wp-content\/uploads\/2024\/04\/photo_1-4-Copie-300x265.jpeg 300w, http:\/\/www.petanque82-comite.fr\/wp-content\/uploads\/2024\/04\/photo_1-4-Copie-768x679.jpeg 768w, http:\/\/www.petanque82-comite.fr\/wp-content\/uploads\/2024\/04\/photo_1-4-Copie.jpeg 1000w\" sizes=\"auto, (max-width: 300px) 100vw, 300px\" \/><\/p>\n<p>MARSILLE Eddie Boule BESSINOISE et PRUD&#8217;HOMME Sonny P\u00e9tanque Montpezataise<\/p>\n<p>sont qualifi\u00e9s pour le R\u00e9gional \u00e0 Armissan (11)<\/p>\n<p>&nbsp;<\/p>\n<h2><strong>ANNEE 2023<\/strong><\/h2>\n<p><strong>T\u00eate \u00e0 t\u00eate masculin<\/strong><\/p>\n<h3><a href=\"http:\/\/www.petanque82-comite.fr\/result\/Page_Rslt_CD_TT_Masc_Finale_2023.html\">R\u00e9sultats en direct\u00a0<\/a><\/h3>\n<p><img loading=\"lazy\" decoding=\"async\" class=\"alignnone size-medium wp-image-20563\" src=\"http:\/\/www.petanque82-comite.fr\/wp-content\/uploads\/2022\/04\/20230423_163652-Copie-128x300.jpg\" alt=\"\" width=\"128\" height=\"300\" srcset=\"http:\/\/www.petanque82-comite.fr\/wp-content\/uploads\/2022\/04\/20230423_163652-Copie-128x300.jpg 128w, http:\/\/www.petanque82-comite.fr\/wp-content\/uploads\/2022\/04\/20230423_163652-Copie.jpg 428w\" sizes=\"auto, (max-width: 128px) 100vw, 128px\" \/><\/p>\n<p><strong><a href=\"http:\/\/www.petanque82-comite.fr\/wp-content\/uploads\/2022\/04\/20230423_163652.pdf\">Qualifi\u00e9 pour le championnat de France \u00e0 Auxerre<\/a>\u00a0<\/strong><\/p>\n<p><strong><a href=\"http:\/\/www.petanque82-comite.fr\/wp-content\/uploads\/2022\/04\/20230423_163652.pdf\">GONCALVES Ivo<br \/>\nA S DIEUPENTALE P\u00e9tanque<\/a><\/strong><\/p>\n<p><img loading=\"lazy\" decoding=\"async\" class=\"alignnone size-medium wp-image-20564\" src=\"http:\/\/www.petanque82-comite.fr\/wp-content\/uploads\/2022\/04\/20230423_163940-Copie-143x300.jpg\" alt=\"\" width=\"143\" height=\"300\" srcset=\"http:\/\/www.petanque82-comite.fr\/wp-content\/uploads\/2022\/04\/20230423_163940-Copie-143x300.jpg 143w, http:\/\/www.petanque82-comite.fr\/wp-content\/uploads\/2022\/04\/20230423_163940-Copie.jpg 477w\" sizes=\"auto, (max-width: 143px) 100vw, 143px\" \/><\/p>\n<p><strong><a href=\"http:\/\/www.petanque82-comite.fr\/wp-content\/uploads\/2022\/04\/20230423_163940.pdf\">Qualifi\u00e9 pour le R\u00e9gional \u00e0 Moli\u00e8res &#8211; Cavaillac<\/a><\/strong><\/p>\n<p><strong><a href=\"http:\/\/www.petanque82-comite.fr\/wp-content\/uploads\/2022\/04\/20230423_163940.pdf\">DURK Maison<br \/>\nEBC CASTELSARRASIN<\/a><\/strong><\/p>\n<p><img loading=\"lazy\" decoding=\"async\" class=\"alignnone size-medium wp-image-20565\" src=\"http:\/\/www.petanque82-comite.fr\/wp-content\/uploads\/2022\/04\/20230423_164023-Copie-138x300.jpg\" alt=\"\" width=\"138\" height=\"300\" srcset=\"http:\/\/www.petanque82-comite.fr\/wp-content\/uploads\/2022\/04\/20230423_164023-Copie-138x300.jpg 138w, http:\/\/www.petanque82-comite.fr\/wp-content\/uploads\/2022\/04\/20230423_164023-Copie.jpg 460w\" sizes=\"auto, (max-width: 138px) 100vw, 138px\" \/><\/p>\n<p><strong><a href=\"http:\/\/www.petanque82-comite.fr\/wp-content\/uploads\/2022\/04\/20230423_164023.pdf\">Qualifi\u00e9 pour le R\u00e9gional \u00e0 Moli\u00e8res &#8211; Cavaillac<\/a><\/strong><\/p>\n<p><strong><a href=\"http:\/\/www.petanque82-comite.fr\/wp-content\/uploads\/2022\/04\/20230423_164023.pdf\">BOULANGER Delson<br \/>\nP\u00e9tanque MONTPEZATAISE<\/a><\/strong><\/p>\n<p>&nbsp;<\/p>\n<h2><strong>ANNEE 2022<\/strong><\/h2>\n<p><strong>T\u00eate \u00e0 t\u00eate masculin :<\/strong><\/p>\n<h3><a href=\"http:\/\/www.petanque82-comite.fr\/wp-content\/uploads\/2022\/04\/Les-joueurs-qualifies-pour-la-poule-finale-tete-a-tete-2022-.pdf\">Les joueurs qualifi\u00e9s pour la poule finale t\u00eate \u00e0 t\u00eate 2022<\/a><\/h3>\n<h2><strong><a href=\"http:\/\/www.petanque82-comite.fr\/result\/Page_Rslt_2022_TT_FINALE_MASC.html\">R\u00e9sultats en direct<\/a><\/strong><\/h2>\n<p><strong><em>Un joueur est\u00a0 qualifi\u00e9 pour le C. de France \u00e0\u00a0 Lavelanet\u00a0<\/em><\/strong><\/p>\n<p><img loading=\"lazy\" decoding=\"async\" class=\"alignnone size-medium wp-image-16002\" src=\"http:\/\/www.petanque82-comite.fr\/wp-content\/uploads\/2022\/04\/Champion-T-a-T-2022-Copie-225x300.jpg\" alt=\"\" width=\"225\" height=\"300\" srcset=\"http:\/\/www.petanque82-comite.fr\/wp-content\/uploads\/2022\/04\/Champion-T-a-T-2022-Copie-225x300.jpg 225w, http:\/\/www.petanque82-comite.fr\/wp-content\/uploads\/2022\/04\/Champion-T-a-T-2022-Copie.jpg 750w\" sizes=\"auto, (max-width: 225px) 100vw, 225px\" \/><\/p>\n<p><strong><a href=\"http:\/\/www.petanque82-comite.fr\/wp-content\/uploads\/2022\/04\/Champion-T-a-T-2022.pdf\">Champion T\u00eate \u00e0 T\u00eate\u00a0 2022<\/a><\/strong><\/p>\n<p>DURK MAISON<br \/>\n<em>P\u00e9tanque Montpezataise<\/em><\/p>\n<p>&nbsp;<\/p>\n<p><strong><em>Trois joueurs sont qualifi\u00e9s pour le championnat r\u00e9gional \u00e0 Luzech.<\/em><\/strong><\/p>\n<p><img loading=\"lazy\" decoding=\"async\" class=\"alignnone size-medium wp-image-16008\" src=\"http:\/\/www.petanque82-comite.fr\/wp-content\/uploads\/2022\/04\/Vice-Champion-T-a-T-2022-Copie-225x300.jpg\" alt=\"\" width=\"225\" height=\"300\" srcset=\"http:\/\/www.petanque82-comite.fr\/wp-content\/uploads\/2022\/04\/Vice-Champion-T-a-T-2022-Copie-225x300.jpg 225w, http:\/\/www.petanque82-comite.fr\/wp-content\/uploads\/2022\/04\/Vice-Champion-T-a-T-2022-Copie.jpg 750w\" sizes=\"auto, (max-width: 225px) 100vw, 225px\" \/><\/p>\n<p><strong><a href=\"http:\/\/www.petanque82-comite.fr\/wp-content\/uploads\/2022\/04\/Vice-Champion-T-a-T-2022.pdf\">Vice-Champion T \u00e0 T 2022<\/a><\/strong><\/p>\n<p>EVEN SONY<br \/>\nP\u00e9tanque Moissagaise<\/p>\n<p><img loading=\"lazy\" decoding=\"async\" class=\"alignnone size-medium wp-image-16009\" src=\"http:\/\/www.petanque82-comite.fr\/wp-content\/uploads\/2022\/04\/Tete-a-tete-region-Copie-225x300.jpg\" alt=\"\" width=\"225\" height=\"300\" srcset=\"http:\/\/www.petanque82-comite.fr\/wp-content\/uploads\/2022\/04\/Tete-a-tete-region-Copie-225x300.jpg 225w, http:\/\/www.petanque82-comite.fr\/wp-content\/uploads\/2022\/04\/Tete-a-tete-region-Copie.jpg 750w\" sizes=\"auto, (max-width: 225px) 100vw, 225px\" \/><\/p>\n<p><strong><a href=\"http:\/\/www.petanque82-comite.fr\/wp-content\/uploads\/2022\/04\/Tete-a-tete-region.pdf\">Demi-finaliste T\u00eate \u00e0 t\u00eate<\/a><\/strong><\/p>\n<p>LAARAG RACHID<br \/>\nP\u00e9tanque Moissagaise<\/p>\n<p><img loading=\"lazy\" decoding=\"async\" class=\"alignnone size-medium wp-image-16010\" src=\"http:\/\/www.petanque82-comite.fr\/wp-content\/uploads\/2022\/04\/Tete-a-tete-region-2-Copie-225x300.jpg\" alt=\"\" width=\"225\" height=\"300\" srcset=\"http:\/\/www.petanque82-comite.fr\/wp-content\/uploads\/2022\/04\/Tete-a-tete-region-2-Copie-225x300.jpg 225w, http:\/\/www.petanque82-comite.fr\/wp-content\/uploads\/2022\/04\/Tete-a-tete-region-2-Copie.jpg 750w\" sizes=\"auto, (max-width: 225px) 100vw, 225px\" \/><\/p>\n<p><strong><a href=\"http:\/\/www.petanque82-comite.fr\/wp-content\/uploads\/2022\/04\/Tete-a-tete-region-2.pdf\">Demi-finaliste T\u00eate \u00e0 t\u00eate<\/a><\/strong><\/p>\n<p>CHAMALET C\u00c9DRIC<br \/>\nEBC Castelsarrasin<\/p>\n<p>&nbsp;<\/p>\n<p>&nbsp;<\/p>\n<h3><\/h3>\n<p>&nbsp;<\/p>\n","protected":false},"excerpt":{"rendered":"<p>ANNEE 2026 Championnat d\u00e9partemental T\u00eate \u00e0 t\u00eate masculin samedi 28 &amp; dimanche 29 mars Date limite d&#8217;inscription au comit\u00e9 le mercredi 18 mars Affiche-chpt-TG-TT-masculin Caylus_Secteur_Est_Liste-des-Equipes Caylus_Secteur_Est_Liste-Poules Suivi des r\u00e9sultats Caylus samedi Dieupentale-et-Bessens_Secteur_Est_Liste-des-Equipes Dieupentale-et-Bessens_Secteur_Est_2_Liste-Poules Attention !!! les parties de poules des poules 25 \u00e0 29 se jouent \u00e0 Bessens Suivi des r\u00e9sultats Dieupentale samedi 17 qualifi\u00e9s [&hellip;]<\/p>\n","protected":false},"author":1,"featured_media":0,"parent":0,"menu_order":0,"comment_status":"closed","ping_status":"closed","template":"","meta":{"ngg_post_thumbnail":0,"_tribe_blocks_recurrence_rules":"","_tribe_blocks_recurrence_exclusions":"","_tribe_blocks_recurrence_description":"","footnotes":""},"class_list":["post-15423","page","type-page","status-publish","hentry"],"_links":{"self":[{"href":"http:\/\/www.petanque82-comite.fr\/index.php?rest_route=\/wp\/v2\/pages\/15423","targetHints":{"allow":["GET"]}}],"collection":[{"href":"http:\/\/www.petanque82-comite.fr\/index.php?rest_route=\/wp\/v2\/pages"}],"about":[{"href":"http:\/\/www.petanque82-comite.fr\/index.php?rest_route=\/wp\/v2\/types\/page"}],"author":[{"embeddable":true,"href":"http:\/\/www.petanque82-comite.fr\/index.php?rest_route=\/wp\/v2\/users\/1"}],"replies":[{"embeddable":true,"href":"http:\/\/www.petanque82-comite.fr\/index.php?rest_route=%2Fwp%2Fv2%2Fcomments&post=15423"}],"version-history":[{"count":70,"href":"http:\/\/www.petanque82-comite.fr\/index.php?rest_route=\/wp\/v2\/pages\/15423\/revisions"}],"predecessor-version":[{"id":29854,"href":"http:\/\/www.petanque82-comite.fr\/index.php?rest_route=\/wp\/v2\/pages\/15423\/revisions\/29854"}],"wp:attachment":[{"href":"http:\/\/www.petanque82-comite.fr\/index.php?rest_route=%2Fwp%2Fv2%2Fmedia&parent=15423"}],"curies":[{"name":"wp","href":"https:\/\/api.w.org\/{rel}","templated":true}]}}