{"id":16808,"date":"2022-05-26T16:57:52","date_gmt":"2022-05-26T15:57:52","guid":{"rendered":"http:\/\/www.petanque82-comite.fr\/?page_id=16808"},"modified":"2022-05-26T17:03:45","modified_gmt":"2022-05-26T16:03:45","slug":"facebook","status":"publish","type":"page","link":"http:\/\/www.petanque82-comite.fr\/?page_id=16808","title":{"rendered":"Facebook"},"content":{"rendered":"<h1><a href=\"https:\/\/www.facebook.com\/Comit\u00e9-D\u00e9partemental-de-p\u00e9tanque-et-de-jeu-provencal-du-Tarn-et-Garonne-358647155145414\">Lien Facebook CD 82<\/a><\/h1>\n","protected":false},"excerpt":{"rendered":"<p>Lien Facebook CD 82<\/p>\n","protected":false},"author":1,"featured_media":0,"parent":0,"menu_order":0,"comment_status":"closed","ping_status":"closed","template":"","meta":{"ngg_post_thumbnail":0,"_tribe_blocks_recurrence_rules":"","_tribe_blocks_recurrence_exclusions":"","_tribe_blocks_recurrence_description":"","footnotes":""},"class_list":["post-16808","page","type-page","status-publish","hentry"],"_links":{"self":[{"href":"http:\/\/www.petanque82-comite.fr\/index.php?rest_route=\/wp\/v2\/pages\/16808","targetHints":{"allow":["GET"]}}],"collection":[{"href":"http:\/\/www.petanque82-comite.fr\/index.php?rest_route=\/wp\/v2\/pages"}],"about":[{"href":"http:\/\/www.petanque82-comite.fr\/index.php?rest_route=\/wp\/v2\/types\/page"}],"author":[{"embeddable":true,"href":"http:\/\/www.petanque82-comite.fr\/index.php?rest_route=\/wp\/v2\/users\/1"}],"replies":[{"embeddable":true,"href":"http:\/\/www.petanque82-comite.fr\/index.php?rest_route=%2Fwp%2Fv2%2Fcomments&post=16808"}],"version-history":[{"count":5,"href":"http:\/\/www.petanque82-comite.fr\/index.php?rest_route=\/wp\/v2\/pages\/16808\/revisions"}],"predecessor-version":[{"id":16814,"href":"http:\/\/www.petanque82-comite.fr\/index.php?rest_route=\/wp\/v2\/pages\/16808\/revisions\/16814"}],"wp:attachment":[{"href":"http:\/\/www.petanque82-comite.fr\/index.php?rest_route=%2Fwp%2Fv2%2Fmedia&parent=16808"}],"curies":[{"name":"wp","href":"https:\/\/api.w.org\/{rel}","templated":true}]}}