{"id":18242,"date":"2022-09-28T08:35:50","date_gmt":"2022-09-28T07:35:50","guid":{"rendered":"http:\/\/www.petanque82-comite.fr\/?page_id=18242"},"modified":"2025-05-11T18:26:31","modified_gmt":"2025-05-11T17:26:31","slug":"triplette-mixte","status":"publish","type":"page","link":"http:\/\/www.petanque82-comite.fr\/?page_id=18242","title":{"rendered":"Triplette mixte"},"content":{"rendered":"<h2><strong>ANNEE 2025<\/strong><\/h2>\n<p><span style=\"color: #ff0000;\"><strong>Qualification Triplette mixte&nbsp;<\/strong><\/span><\/p>\n<h3><a href=\"https:\/\/championnats-occitanie.ovh\/CD82\/Page_Rslt_Cd_Trip_Mix_Monclar.html\">R\u00e9sultats en direct triplette mixte \u00e0 Monclar&nbsp;<\/a><\/h3>\n<h3><img loading=\"lazy\" decoding=\"async\" class=\"alignnone size-medium wp-image-27405\" src=\"http:\/\/www.petanque82-comite.fr\/wp-content\/uploads\/2022\/04\/5313015911852834784-300x225.jpg\" alt=\"\" width=\"300\" height=\"225\" srcset=\"http:\/\/www.petanque82-comite.fr\/wp-content\/uploads\/2022\/04\/5313015911852834784-300x225.jpg 300w, http:\/\/www.petanque82-comite.fr\/wp-content\/uploads\/2022\/04\/5313015911852834784-1024x768.jpg 1024w, http:\/\/www.petanque82-comite.fr\/wp-content\/uploads\/2022\/04\/5313015911852834784-768x576.jpg 768w, http:\/\/www.petanque82-comite.fr\/wp-content\/uploads\/2022\/04\/5313015911852834784-1536x1152.jpg 1536w, http:\/\/www.petanque82-comite.fr\/wp-content\/uploads\/2022\/04\/5313015911852834784.jpg 1600w\" sizes=\"auto, (max-width: 300px) 100vw, 300px\" \/><\/h3>\n<p>ALBERGUCCI Liliana, BOULANGER Delson, PRUD&#8217;HOMME Sonny<br \/>\nPETANQUE MONTPEZATAISE<\/p>\n<p>Cette \u00e9quipe est qualifi\u00e9e pour le France \u00e0 Bergerac (24) les 19 et 20 juillet<\/p>\n<p><img loading=\"lazy\" decoding=\"async\" class=\"alignnone size-medium wp-image-27406\" src=\"http:\/\/www.petanque82-comite.fr\/wp-content\/uploads\/2022\/04\/2712548400462682054-300x225.jpg\" alt=\"\" width=\"300\" height=\"225\" srcset=\"http:\/\/www.petanque82-comite.fr\/wp-content\/uploads\/2022\/04\/2712548400462682054-300x225.jpg 300w, http:\/\/www.petanque82-comite.fr\/wp-content\/uploads\/2022\/04\/2712548400462682054-1024x768.jpg 1024w, http:\/\/www.petanque82-comite.fr\/wp-content\/uploads\/2022\/04\/2712548400462682054-768x576.jpg 768w, http:\/\/www.petanque82-comite.fr\/wp-content\/uploads\/2022\/04\/2712548400462682054-1536x1152.jpg 1536w, http:\/\/www.petanque82-comite.fr\/wp-content\/uploads\/2022\/04\/2712548400462682054.jpg 1600w\" sizes=\"auto, (max-width: 300px) 100vw, 300px\" \/><\/p>\n<p>RICOUS L\u00e9a, TAISANT Anthony, KYRIAZIDES John<br \/>\nPETANQUE MONTPEZATAISE<\/p>\n<p>Cette \u00e9quipe est qualifi\u00e9e pour le r\u00e9gional le dimanche 01 juin \u00e0 Revel (31).<\/p>\n<p>&nbsp;<\/p>\n<p><img loading=\"lazy\" decoding=\"async\" class=\"alignnone size-medium wp-image-27407\" src=\"http:\/\/www.petanque82-comite.fr\/wp-content\/uploads\/2022\/04\/114490116602335812-300x225.jpg\" alt=\"\" width=\"300\" height=\"225\" srcset=\"http:\/\/www.petanque82-comite.fr\/wp-content\/uploads\/2022\/04\/114490116602335812-300x225.jpg 300w, http:\/\/www.petanque82-comite.fr\/wp-content\/uploads\/2022\/04\/114490116602335812-1024x768.jpg 1024w, http:\/\/www.petanque82-comite.fr\/wp-content\/uploads\/2022\/04\/114490116602335812-768x576.jpg 768w, http:\/\/www.petanque82-comite.fr\/wp-content\/uploads\/2022\/04\/114490116602335812.jpg 1131w\" sizes=\"auto, (max-width: 300px) 100vw, 300px\" \/><\/p>\n<p>VALADIE Lisa, GONCALVES Ivo, BATTINI Benoit<br \/>\nA S DIEUPENTALE PETANQUE<\/p>\n<p>Cette \u00e9quipe est qualifi\u00e9e pour le r\u00e9gional le dimanche 01 juin \u00e0 Revel (31).<\/p>\n<p>&nbsp;<\/p>\n<h2><strong>ANNEE 2024&nbsp;<\/strong><\/h2>\n<h3><a href=\"http:\/\/www.petanque82-comite.fr\/result\/Page_Rslt_CDTMS_FINALE_2024.html\">R\u00e9sultats en direct<\/a><\/h3>\n<p><img loading=\"lazy\" decoding=\"async\" class=\"alignnone size-medium wp-image-24354\" src=\"http:\/\/www.petanque82-comite.fr\/wp-content\/uploads\/2022\/04\/IMG20240509220806-231x300.jpg\" alt=\"\" width=\"231\" height=\"300\" srcset=\"http:\/\/www.petanque82-comite.fr\/wp-content\/uploads\/2022\/04\/IMG20240509220806-231x300.jpg 231w, http:\/\/www.petanque82-comite.fr\/wp-content\/uploads\/2022\/04\/IMG20240509220806-789x1024.jpg 789w, http:\/\/www.petanque82-comite.fr\/wp-content\/uploads\/2022\/04\/IMG20240509220806-768x997.jpg 768w, http:\/\/www.petanque82-comite.fr\/wp-content\/uploads\/2022\/04\/IMG20240509220806-1184x1536.jpg 1184w, http:\/\/www.petanque82-comite.fr\/wp-content\/uploads\/2022\/04\/IMG20240509220806-1578x2048.jpg 1578w, http:\/\/www.petanque82-comite.fr\/wp-content\/uploads\/2022\/04\/IMG20240509220806-scaled.jpg 1973w\" sizes=\"auto, (max-width: 231px) 100vw, 231px\" \/><\/p>\n<p>GODARD Thomas, GUIDI Laura,&nbsp;MARSILLE Eddie<br \/>\nBOULE BESSINOISE sont qualifi\u00e9s pour le France \u00e0 Fenouillet (31)<\/p>\n<p><img loading=\"lazy\" decoding=\"async\" class=\"alignnone size-medium wp-image-24355\" src=\"http:\/\/www.petanque82-comite.fr\/wp-content\/uploads\/2022\/04\/IMG20240509220934-225x300.jpg\" alt=\"\" width=\"225\" height=\"300\" srcset=\"http:\/\/www.petanque82-comite.fr\/wp-content\/uploads\/2022\/04\/IMG20240509220934-225x300.jpg 225w, http:\/\/www.petanque82-comite.fr\/wp-content\/uploads\/2022\/04\/IMG20240509220934-768x1024.jpg 768w, http:\/\/www.petanque82-comite.fr\/wp-content\/uploads\/2022\/04\/IMG20240509220934-1152x1536.jpg 1152w, http:\/\/www.petanque82-comite.fr\/wp-content\/uploads\/2022\/04\/IMG20240509220934-1536x2048.jpg 1536w, http:\/\/www.petanque82-comite.fr\/wp-content\/uploads\/2022\/04\/IMG20240509220934-scaled.jpg 1920w\" sizes=\"auto, (max-width: 225px) 100vw, 225px\" \/><\/p>\n<p>LAPORTE Dorian, LIROLA Marie-Jos\u00e9, GARRIGUES Hugo<br \/>\nPETANQUE MOISSAGAISE sont qualifi\u00e9s pour le R\u00e9gional \u00e0 Marvejols (48)<\/p>\n<p><img loading=\"lazy\" decoding=\"async\" class=\"alignnone size-medium wp-image-24356\" src=\"http:\/\/www.petanque82-comite.fr\/wp-content\/uploads\/2022\/04\/IMG20240509203117-273x300.jpg\" alt=\"\" width=\"273\" height=\"300\" srcset=\"http:\/\/www.petanque82-comite.fr\/wp-content\/uploads\/2022\/04\/IMG20240509203117-273x300.jpg 273w, http:\/\/www.petanque82-comite.fr\/wp-content\/uploads\/2022\/04\/IMG20240509203117-931x1024.jpg 931w, http:\/\/www.petanque82-comite.fr\/wp-content\/uploads\/2022\/04\/IMG20240509203117-768x845.jpg 768w, http:\/\/www.petanque82-comite.fr\/wp-content\/uploads\/2022\/04\/IMG20240509203117-1397x1536.jpg 1397w, http:\/\/www.petanque82-comite.fr\/wp-content\/uploads\/2022\/04\/IMG20240509203117-1862x2048.jpg 1862w\" sizes=\"auto, (max-width: 273px) 100vw, 273px\" \/><\/p>\n<p>SCHMITT Serge, SCHMITT Laurent, PAGES C\u00e9line,<br \/>\nPETANQUE MOISSAGAISE sont qualifi\u00e9s pour le R\u00e9gional \u00e0 Marvejols (48)<\/p>\n<p>&nbsp;<\/p>\n<h2><strong>ANNEE 2023&nbsp;<\/strong><\/h2>\n<p><strong>Triplette mixte&nbsp;<\/strong><\/p>\n<h3><a href=\"http:\/\/www.petanque82-comite.fr\/wp-content\/uploads\/2022\/04\/Phase-Finale-Triplettes-Mixtes-2023.pdf\">Liste des \u00e9quipes qui sont qualifi\u00e9es pour la phase Finale Triplettes Mixtes 2023<\/a><\/h3>\n<h3><a href=\"http:\/\/www.petanque82-comite.fr\/wp-content\/uploads\/2022\/04\/Suivi-resultats-1-8-1-4-1-2-et-finale-triplette-mixte-2023-3.pdf\">Suivi r\u00e9sultats 1-8, 1-4, 1-2 et finale triplette mixte 2023<\/a><\/h3>\n<p>&nbsp;<\/p>\n<p><img loading=\"lazy\" decoding=\"async\" class=\"alignnone size-medium wp-image-20041\" src=\"http:\/\/www.petanque82-comite.fr\/wp-content\/uploads\/2022\/04\/Les-Champions-Copie-300x225.jpg\" alt=\"\" width=\"300\" height=\"225\" srcset=\"http:\/\/www.petanque82-comite.fr\/wp-content\/uploads\/2022\/04\/Les-Champions-Copie-300x225.jpg 300w, http:\/\/www.petanque82-comite.fr\/wp-content\/uploads\/2022\/04\/Les-Champions-Copie-1024x768.jpg 1024w, http:\/\/www.petanque82-comite.fr\/wp-content\/uploads\/2022\/04\/Les-Champions-Copie-768x576.jpg 768w, http:\/\/www.petanque82-comite.fr\/wp-content\/uploads\/2022\/04\/Les-Champions-Copie.jpg 1080w\" sizes=\"auto, (max-width: 300px) 100vw, 300px\" \/><\/p>\n<p><strong><a href=\"http:\/\/www.petanque82-comite.fr\/wp-content\/uploads\/2022\/04\/Les-Champions-1.pdf\">Qualifi\u00e9s pour le France <\/a><\/strong><\/p>\n<p><strong><a href=\"http:\/\/www.petanque82-comite.fr\/wp-content\/uploads\/2022\/04\/Les-Champions-1.pdf\">DESLYS Gino, DURK Maison, RICHARD C\u00e9lina<\/a><\/strong><\/p>\n<p><strong><a href=\"http:\/\/www.petanque82-comite.fr\/wp-content\/uploads\/2022\/04\/Les-Champions-1.pdf\">E.B Castelsarrasin<\/a><\/strong><\/p>\n<p>&nbsp;<\/p>\n<p><img loading=\"lazy\" decoding=\"async\" class=\"alignnone size-medium wp-image-20042\" src=\"http:\/\/www.petanque82-comite.fr\/wp-content\/uploads\/2022\/04\/Les-Vice-Champions-Copie-1-300x225.jpg\" alt=\"\" width=\"300\" height=\"225\" srcset=\"http:\/\/www.petanque82-comite.fr\/wp-content\/uploads\/2022\/04\/Les-Vice-Champions-Copie-1-300x225.jpg 300w, http:\/\/www.petanque82-comite.fr\/wp-content\/uploads\/2022\/04\/Les-Vice-Champions-Copie-1-768x576.jpg 768w, http:\/\/www.petanque82-comite.fr\/wp-content\/uploads\/2022\/04\/Les-Vice-Champions-Copie-1.jpg 1000w\" sizes=\"auto, (max-width: 300px) 100vw, 300px\" \/><\/p>\n<p><strong><a href=\"http:\/\/www.petanque82-comite.fr\/wp-content\/uploads\/2022\/04\/Les-Vice-Champions.pdf\">Qualifi\u00e9s pour le R\u00e9gional <\/a><\/strong><\/p>\n<p><strong><a href=\"http:\/\/www.petanque82-comite.fr\/wp-content\/uploads\/2022\/04\/Les-Vice-Champions.pdf\">ROUGE Dominique, ROUGE Marie Val\u00e9rie, DESBEAUX Jean Claude<\/a><\/strong><\/p>\n<p><strong><a href=\"http:\/\/www.petanque82-comite.fr\/wp-content\/uploads\/2022\/04\/Les-Vice-Champions.pdf\">La Moissagaise<\/a><\/strong><\/p>\n<p>&nbsp;<\/p>\n<p><strong>Qualifi\u00e9s pour le R\u00e9gional<\/strong><\/p>\n<p><strong>LHOPITAULT Elisabeth, LE FLOCH Flavien, NICOLAS Sloan<\/strong><\/p>\n<p><strong>Montpezat<\/strong><\/p>\n<p>&nbsp;<\/p>\n<h3><a href=\"http:\/\/www.petanque82-comite.fr\/wp-content\/uploads\/2022\/04\/Communique-Tenues-alcoolemie-et-controle-de-boules-Championnats-qualificationset-CDC-2023.pdf\">Communiqu\u00e9 Tenues, alcool\u00e9mie et contr\u00f4le de boules Championnats (qualifs) et CDC 2023<\/a><\/h3>\n<p>&nbsp;<\/p>\n<h2><strong>ANNEE 2022&nbsp;<\/strong><\/h2>\n<p><strong>Championnat D\u00e9partemental Triplette mixte :<\/strong><\/p>\n<h3><a href=\"http:\/\/www.petanque82-comite.fr\/wp-content\/uploads\/2022\/04\/Liste-des-equipes-qui-sont-pour-la-poule-finale-le-30-octobre-du-triplette-mixte.pdf\">Liste des \u00e9quipes qui sont qualifi\u00e9es pour la poule finale du 30 octobre<\/a><\/h3>\n<h3><a href=\"http:\/\/www.petanque82-comite.fr\/wp-content\/uploads\/2022\/04\/Resultats-Triplette-mixte-2022.pdf\">R\u00e9sultats Triplette mixte 2022<\/a><\/h3>\n<p><img loading=\"lazy\" decoding=\"async\" class=\"alignnone size-medium wp-image-18826\" src=\"http:\/\/www.petanque82-comite.fr\/wp-content\/uploads\/2022\/04\/Les-champions-2022-Copie-225x300.jpg\" alt=\"\" width=\"225\" height=\"300\" srcset=\"http:\/\/www.petanque82-comite.fr\/wp-content\/uploads\/2022\/04\/Les-champions-2022-Copie-225x300.jpg 225w, http:\/\/www.petanque82-comite.fr\/wp-content\/uploads\/2022\/04\/Les-champions-2022-Copie.jpg 750w\" sizes=\"auto, (max-width: 225px) 100vw, 225px\" \/><\/p>\n<p><strong><a href=\"http:\/\/www.petanque82-comite.fr\/wp-content\/uploads\/2022\/04\/Les-champions-2022-1.pdf\">Les champions Triplette mixte 2022<\/a><\/strong><\/p>\n<p>Marie WEISS, Michel RENARD, Yohan NAVARRO<\/p>\n<p>US MONTAUBAN<\/p>\n<p><img loading=\"lazy\" decoding=\"async\" class=\"alignnone size-medium wp-image-18828\" src=\"http:\/\/www.petanque82-comite.fr\/wp-content\/uploads\/2022\/04\/Les-vice-champions-Copie-225x300.jpg\" alt=\"\" width=\"225\" height=\"300\" srcset=\"http:\/\/www.petanque82-comite.fr\/wp-content\/uploads\/2022\/04\/Les-vice-champions-Copie-225x300.jpg 225w, http:\/\/www.petanque82-comite.fr\/wp-content\/uploads\/2022\/04\/Les-vice-champions-Copie.jpg 750w\" sizes=\"auto, (max-width: 225px) 100vw, 225px\" \/><\/p>\n<p><strong><a href=\"http:\/\/www.petanque82-comite.fr\/wp-content\/uploads\/2022\/04\/Les-vice-champions-1.pdf\">Les vice-champions Triplette mixte 2022<\/a><\/strong><\/p>\n<p>Laetitia KIELAU Jessy KIELAU Michael KIELAU<\/p>\n<p>US MONTAUBAN<\/p>\n<p>&nbsp;<\/p>\n","protected":false},"excerpt":{"rendered":"<p>ANNEE 2025 Qualification Triplette mixte&nbsp; R\u00e9sultats en direct triplette mixte \u00e0 Monclar&nbsp; ALBERGUCCI Liliana, BOULANGER Delson, PRUD&#8217;HOMME Sonny PETANQUE MONTPEZATAISE Cette \u00e9quipe est qualifi\u00e9e pour le France \u00e0 Bergerac (24) les 19 et 20 juillet RICOUS L\u00e9a, TAISANT Anthony, KYRIAZIDES John PETANQUE MONTPEZATAISE Cette \u00e9quipe est qualifi\u00e9e pour le r\u00e9gional le dimanche 01 juin \u00e0 [&hellip;]<\/p>\n","protected":false},"author":1,"featured_media":0,"parent":0,"menu_order":0,"comment_status":"closed","ping_status":"closed","template":"","meta":{"ngg_post_thumbnail":0,"_tribe_blocks_recurrence_rules":"","_tribe_blocks_recurrence_exclusions":"","_tribe_blocks_recurrence_description":"","footnotes":""},"class_list":["post-18242","page","type-page","status-publish","hentry"],"_links":{"self":[{"href":"http:\/\/www.petanque82-comite.fr\/index.php?rest_route=\/wp\/v2\/pages\/18242","targetHints":{"allow":["GET"]}}],"collection":[{"href":"http:\/\/www.petanque82-comite.fr\/index.php?rest_route=\/wp\/v2\/pages"}],"about":[{"href":"http:\/\/www.petanque82-comite.fr\/index.php?rest_route=\/wp\/v2\/types\/page"}],"author":[{"embeddable":true,"href":"http:\/\/www.petanque82-comite.fr\/index.php?rest_route=\/wp\/v2\/users\/1"}],"replies":[{"embeddable":true,"href":"http:\/\/www.petanque82-comite.fr\/index.php?rest_route=%2Fwp%2Fv2%2Fcomments&post=18242"}],"version-history":[{"count":59,"href":"http:\/\/www.petanque82-comite.fr\/index.php?rest_route=\/wp\/v2\/pages\/18242\/revisions"}],"predecessor-version":[{"id":27412,"href":"http:\/\/www.petanque82-comite.fr\/index.php?rest_route=\/wp\/v2\/pages\/18242\/revisions\/27412"}],"wp:attachment":[{"href":"http:\/\/www.petanque82-comite.fr\/index.php?rest_route=%2Fwp%2Fv2%2Fmedia&parent=18242"}],"curies":[{"name":"wp","href":"https:\/\/api.w.org\/{rel}","templated":true}]}}