{"id":19011,"date":"2022-11-18T17:20:42","date_gmt":"2022-11-18T16:20:42","guid":{"rendered":"http:\/\/www.petanque82-comite.fr\/?page_id=19011"},"modified":"2026-03-11T10:57:35","modified_gmt":"2026-03-11T09:57:35","slug":"coupe-de-france-de-jeu-provencal","status":"publish","type":"page","link":"http:\/\/www.petanque82-comite.fr\/?page_id=19011","title":{"rendered":"Coupe de France de Jeu Proven\u00e7al"},"content":{"rendered":"<h2><strong>Coupe de France Jeu Proven\u00e7al 2026<\/strong><\/h2>\n<h3><a href=\"http:\/\/www.petanque82-comite.fr\/wp-content\/uploads\/2025\/08\/Inscription-et-planning-Coupe-de-France-JP-2026.pdf\">Inscription et planning Coupe de France JP 2026<\/a><\/h3>\n<h3><a href=\"http:\/\/www.petanque82-comite.fr\/wp-content\/uploads\/2025\/11\/REGLEMENT-COUPE-DE-FRANCE-JEU-PROVENCAL-2026-1.pdf\">Attention modification du REGLEMENT COUPE DE FRANCE JEU PROVENCAL 2026\u00a0<\/a><\/h3>\n<h3><a href=\"http:\/\/www.petanque82-comite.fr\/wp-content\/uploads\/2026\/03\/Resultats-Coupe-de-France-JP-2026-3.pdf\">Resultats-Coupe-de-France-JP-2026.pdf<\/a><\/h3>\n<p>&nbsp;<\/p>\n<h3><strong>Coupe de France Jeu Proven\u00e7al 2025<\/strong><\/h3>\n<p><strong>Phase d\u00e9partementale<\/strong><\/p>\n<h3><a href=\"http:\/\/www.petanque82-comite.fr\/wp-content\/uploads\/2025\/04\/Resultats-Coupe-de-France-JP-2025-1.pdf\">R\u00e9sultats d\u00e9partemental Coupe de France JP 2025<\/a><\/h3>\n<h3><a href=\"http:\/\/www.petanque82-comite.fr\/wp-content\/uploads\/2022\/04\/ANNEXE-COUPE-France-Provencal.pdf\">ANNEXE COUPE France Proven\u00e7al<\/a><\/h3>\n<h3><a href=\"http:\/\/www.petanque82-comite.fr\/wp-content\/uploads\/2025\/04\/Numerisation-des-feuilles-de-match-1er-tour-Coupe-de-France-Jeu-provencal.pdf\">Num\u00e9risation des feuilles de match 1\u00e8r tour Coupe de France Jeu proven\u00e7al<\/a><\/h3>\n<h3><a href=\"http:\/\/www.petanque82-comite.fr\/wp-content\/uploads\/2025\/04\/Numerisation-des-feuilles-de-match-2eme-tour-Coupe-de-France-Jeu-provencal.pdf\">Num\u00e9risation des feuilles de match 2\u00e8me tour Coupe de France Jeu proven\u00e7al et cadrage<\/a><\/h3>\n<h3><a href=\"http:\/\/www.petanque82-comite.fr\/wp-content\/uploads\/2025\/04\/Numerisation-des-feuilles-de-match-3eme-tour.pdf\">Num\u00e9risation des feuilles de match 3\u00e8me tour Coupe de France Jeu Proven\u00e7al\u00a0<\/a><\/h3>\n<h3><a href=\"http:\/\/www.petanque82-comite.fr\/wp-content\/uploads\/2025\/01\/Contacts-CDF-JP-2025_2026.pdf\">Contacts CDF JP 2025_2026<\/a><\/h3>\n<h3><a href=\"http:\/\/www.petanque82-comite.fr\/wp-content\/uploads\/2025\/01\/feuille-de-match-CDF-JP.pdf\">Feuille de match CDF JP<\/a><\/h3>\n<h3><a href=\"http:\/\/www.petanque82-comite.fr\/wp-content\/uploads\/2025\/01\/2025_CDF_JP-Inscriptions_Quota.pdf\">Coupe de France Jeu Proven\u00e7al 2025 Quota des inscriptions<\/a><\/h3>\n<h3><a href=\"http:\/\/www.petanque82-comite.fr\/wp-content\/uploads\/2025\/01\/Reglement_Jeu_Provencal_2024.pdf\">R\u00e8glement Jeu Proven\u00e7al 2024<\/a><\/h3>\n<p>&nbsp;<\/p>\n<p><strong>Phase FFPJP<\/strong><\/p>\n<h3><a href=\"http:\/\/www.petanque82-comite.fr\/wp-content\/uploads\/2022\/04\/Tirage-au-sort-1er-tour-CDF-JP-2025.pdf\">Tirage et r\u00e9sultats 1er tour Coupe de France JP 2025<\/a><\/h3>\n<h3><a href=\"https:\/\/www.championnats-ffpjp.com\/images\/2025\/CDF%20JP\/tirage%202eme%20tour%202025.pdf\">Tirage et r\u00e9sultats 2\u00e8me tour Coupe de France JP 2025<\/a><\/h3>\n<h3><a href=\"http:\/\/www.petanque82-comite.fr\/wp-content\/uploads\/2022\/04\/CDF-JP-2025.pdf\">Tirage et r\u00e9sultats des cadrages, des 16\u00e8me et 8\u00e8me de finales CDF JP 2025<\/a><\/h3>\n<p>&nbsp;<\/p>\n<h3><\/h3>\n<p>&nbsp;<\/p>\n<h3><\/h3>\n<h3><\/h3>\n<h3><\/h3>\n<h3><\/h3>\n<h2><\/h2>\n<p>&nbsp;<\/p>\n<h3><\/h3>\n<p>&nbsp;<\/p>\n<p>&nbsp;<\/p>\n<p>&nbsp;<\/p>\n<p>&nbsp;<\/p>\n<p>&nbsp;<\/p>\n<h3><\/h3>\n<h3><\/h3>\n<h3><\/h3>\n<h3><\/h3>\n","protected":false},"excerpt":{"rendered":"<p>Coupe de France Jeu Proven\u00e7al 2026 Inscription et planning Coupe de France JP 2026 Attention modification du REGLEMENT COUPE DE FRANCE JEU PROVENCAL 2026\u00a0 Resultats-Coupe-de-France-JP-2026.pdf &nbsp; Coupe de France Jeu Proven\u00e7al 2025 Phase d\u00e9partementale R\u00e9sultats d\u00e9partemental Coupe de France JP 2025 ANNEXE COUPE France Proven\u00e7al Num\u00e9risation des feuilles de match 1\u00e8r tour Coupe de France [&hellip;]<\/p>\n","protected":false},"author":1,"featured_media":0,"parent":0,"menu_order":0,"comment_status":"closed","ping_status":"closed","template":"","meta":{"ngg_post_thumbnail":0,"_tribe_blocks_recurrence_rules":"","_tribe_blocks_recurrence_exclusions":"","_tribe_blocks_recurrence_description":"","footnotes":""},"class_list":["post-19011","page","type-page","status-publish","hentry"],"_links":{"self":[{"href":"http:\/\/www.petanque82-comite.fr\/index.php?rest_route=\/wp\/v2\/pages\/19011","targetHints":{"allow":["GET"]}}],"collection":[{"href":"http:\/\/www.petanque82-comite.fr\/index.php?rest_route=\/wp\/v2\/pages"}],"about":[{"href":"http:\/\/www.petanque82-comite.fr\/index.php?rest_route=\/wp\/v2\/types\/page"}],"author":[{"embeddable":true,"href":"http:\/\/www.petanque82-comite.fr\/index.php?rest_route=\/wp\/v2\/users\/1"}],"replies":[{"embeddable":true,"href":"http:\/\/www.petanque82-comite.fr\/index.php?rest_route=%2Fwp%2Fv2%2Fcomments&post=19011"}],"version-history":[{"count":61,"href":"http:\/\/www.petanque82-comite.fr\/index.php?rest_route=\/wp\/v2\/pages\/19011\/revisions"}],"predecessor-version":[{"id":29359,"href":"http:\/\/www.petanque82-comite.fr\/index.php?rest_route=\/wp\/v2\/pages\/19011\/revisions\/29359"}],"wp:attachment":[{"href":"http:\/\/www.petanque82-comite.fr\/index.php?rest_route=%2Fwp%2Fv2%2Fmedia&parent=19011"}],"curies":[{"name":"wp","href":"https:\/\/api.w.org\/{rel}","templated":true}]}}