{"id":20065,"date":"2023-03-27T17:17:07","date_gmt":"2023-03-27T16:17:07","guid":{"rendered":"http:\/\/www.petanque82-comite.fr\/?page_id=20065"},"modified":"2026-03-26T17:41:32","modified_gmt":"2026-03-26T16:41:32","slug":"informations-jeunes","status":"publish","type":"page","link":"http:\/\/www.petanque82-comite.fr\/?page_id=20065","title":{"rendered":"Informations jeunes"},"content":{"rendered":"<h2><strong>ANNEE 2026<\/strong><\/h2>\n<h3><a href=\"http:\/\/www.petanque82-comite.fr\/wp-content\/uploads\/2026\/03\/Calendrier-Jeunes-2026.pdf\">Calendrier-Jeunes-2026<\/a><\/h3>\n<h2 dir=\"ltr\"><strong>Journ\u00e9e D\u00e9couverte &#8211; Initiation &#8211; Perfectionnem<\/strong>ent &#8220;Jeunes&#8221;<\/h2>\n<h5>Le mercredi 04 mars 2026 &#8211; Boulodrome du March\u00e9-Gare \u00e0 Montauban<\/h5>\n<h3><a href=\"http:\/\/www.petanque82-comite.fr\/wp-content\/uploads\/2026\/02\/Affiche-jeunes-2026.pdf\">Affiche-jeunes-04-mars-2026<\/a><\/h3>\n<p>46 participants dont 9 f\u00e9minines :<\/p>\n<ul>\n<li>2 benjamins<\/li>\n<li>11 minimes<\/li>\n<li>13 cadets<\/li>\n<li>20 juniors<\/li>\n<\/ul>\n<h5><strong>Les \u00e9ducateurs<\/strong><\/h5>\n<p><img loading=\"lazy\" decoding=\"async\" class=\"alignnone size-medium wp-image-29805\" src=\"http:\/\/www.petanque82-comite.fr\/wp-content\/uploads\/2026\/03\/Educateurs-300x200.jpg\" alt=\"\" width=\"300\" height=\"200\" srcset=\"http:\/\/www.petanque82-comite.fr\/wp-content\/uploads\/2026\/03\/Educateurs-300x200.jpg 300w, http:\/\/www.petanque82-comite.fr\/wp-content\/uploads\/2026\/03\/Educateurs.jpg 500w\" sizes=\"auto, (max-width: 300px) 100vw, 300px\" \/><\/p>\n<h5><strong>Les benjamins<\/strong><\/h5>\n<p><img loading=\"lazy\" decoding=\"async\" class=\"alignnone size-medium wp-image-29808\" src=\"http:\/\/www.petanque82-comite.fr\/wp-content\/uploads\/2026\/03\/Benjamins-300x200.jpg\" alt=\"\" width=\"300\" height=\"200\" srcset=\"http:\/\/www.petanque82-comite.fr\/wp-content\/uploads\/2026\/03\/Benjamins-300x200.jpg 300w, http:\/\/www.petanque82-comite.fr\/wp-content\/uploads\/2026\/03\/Benjamins.jpg 500w\" sizes=\"auto, (max-width: 300px) 100vw, 300px\" \/><\/p>\n<h5><strong>Les minimes f\u00e9minines<\/strong><\/h5>\n<p><img loading=\"lazy\" decoding=\"async\" class=\"alignnone size-medium wp-image-29812\" src=\"http:\/\/www.petanque82-comite.fr\/wp-content\/uploads\/2026\/03\/Minimes-feminin-300x200.jpg\" alt=\"\" width=\"300\" height=\"200\" srcset=\"http:\/\/www.petanque82-comite.fr\/wp-content\/uploads\/2026\/03\/Minimes-feminin-300x200.jpg 300w, http:\/\/www.petanque82-comite.fr\/wp-content\/uploads\/2026\/03\/Minimes-feminin.jpg 500w\" sizes=\"auto, (max-width: 300px) 100vw, 300px\" \/><\/p>\n<h5><strong>Les minimes masculins<\/strong><\/h5>\n<p><img loading=\"lazy\" decoding=\"async\" class=\"alignnone size-medium wp-image-29818\" src=\"http:\/\/www.petanque82-comite.fr\/wp-content\/uploads\/2026\/03\/Minimes-Masculin-1-300x186.jpg\" alt=\"\" width=\"300\" height=\"186\" srcset=\"http:\/\/www.petanque82-comite.fr\/wp-content\/uploads\/2026\/03\/Minimes-Masculin-1-300x186.jpg 300w, http:\/\/www.petanque82-comite.fr\/wp-content\/uploads\/2026\/03\/Minimes-Masculin-1.jpg 325w\" sizes=\"auto, (max-width: 300px) 100vw, 300px\" \/><\/p>\n<h5><strong>Les cadets masculins<\/strong><\/h5>\n<p><img loading=\"lazy\" decoding=\"async\" class=\"alignnone size-medium wp-image-29821\" src=\"http:\/\/www.petanque82-comite.fr\/wp-content\/uploads\/2026\/03\/Cadets-masculins-1-300x172.jpg\" alt=\"\" width=\"300\" height=\"172\" srcset=\"http:\/\/www.petanque82-comite.fr\/wp-content\/uploads\/2026\/03\/Cadets-masculins-1-300x172.jpg 300w, http:\/\/www.petanque82-comite.fr\/wp-content\/uploads\/2026\/03\/Cadets-masculins-1.jpg 354w\" sizes=\"auto, (max-width: 300px) 100vw, 300px\" \/><\/p>\n<h5><strong>Les juniors f\u00e9minines<\/strong><\/h5>\n<p><img loading=\"lazy\" decoding=\"async\" class=\"alignnone size-medium wp-image-29823\" src=\"http:\/\/www.petanque82-comite.fr\/wp-content\/uploads\/2026\/03\/Junioes-Feminin-1-300x158.jpg\" alt=\"\" width=\"300\" height=\"158\" srcset=\"http:\/\/www.petanque82-comite.fr\/wp-content\/uploads\/2026\/03\/Junioes-Feminin-1-300x158.jpg 300w, http:\/\/www.petanque82-comite.fr\/wp-content\/uploads\/2026\/03\/Junioes-Feminin-1.jpg 430w\" sizes=\"auto, (max-width: 300px) 100vw, 300px\" \/><\/p>\n<h5><strong>Les juniors masculins<\/strong><\/h5>\n<p><img loading=\"lazy\" decoding=\"async\" class=\"alignnone size-medium wp-image-29824\" src=\"http:\/\/www.petanque82-comite.fr\/wp-content\/uploads\/2026\/03\/Juniors-masculin-1-300x132.jpg\" alt=\"\" width=\"300\" height=\"132\" srcset=\"http:\/\/www.petanque82-comite.fr\/wp-content\/uploads\/2026\/03\/Juniors-masculin-1-300x132.jpg 300w, http:\/\/www.petanque82-comite.fr\/wp-content\/uploads\/2026\/03\/Juniors-masculin-1.jpg 499w\" sizes=\"auto, (max-width: 300px) 100vw, 300px\" \/><\/p>\n<h2><strong>ANNEE 2023<\/strong><\/h2>\n<h3><a href=\"http:\/\/www.petanque82-comite.fr\/wp-content\/uploads\/2022\/04\/Infos-jeunes.pdf\">Informations jeunes<\/a><\/h3>\n","protected":false},"excerpt":{"rendered":"<p>ANNEE 2026 Calendrier-Jeunes-2026 Journ\u00e9e D\u00e9couverte &#8211; Initiation &#8211; Perfectionnement &#8220;Jeunes&#8221; Le mercredi 04 mars 2026 &#8211; Boulodrome du March\u00e9-Gare \u00e0 Montauban Affiche-jeunes-04-mars-2026 46 participants dont 9 f\u00e9minines : 2 benjamins 11 minimes 13 cadets 20 juniors Les \u00e9ducateurs Les benjamins Les minimes f\u00e9minines Les minimes masculins Les cadets masculins Les juniors f\u00e9minines Les juniors masculins [&hellip;]<\/p>\n","protected":false},"author":1,"featured_media":0,"parent":0,"menu_order":0,"comment_status":"closed","ping_status":"closed","template":"","meta":{"ngg_post_thumbnail":0,"_tribe_blocks_recurrence_rules":"","_tribe_blocks_recurrence_exclusions":"","_tribe_blocks_recurrence_description":"","footnotes":""},"class_list":["post-20065","page","type-page","status-publish","hentry"],"_links":{"self":[{"href":"http:\/\/www.petanque82-comite.fr\/index.php?rest_route=\/wp\/v2\/pages\/20065","targetHints":{"allow":["GET"]}}],"collection":[{"href":"http:\/\/www.petanque82-comite.fr\/index.php?rest_route=\/wp\/v2\/pages"}],"about":[{"href":"http:\/\/www.petanque82-comite.fr\/index.php?rest_route=\/wp\/v2\/types\/page"}],"author":[{"embeddable":true,"href":"http:\/\/www.petanque82-comite.fr\/index.php?rest_route=\/wp\/v2\/users\/1"}],"replies":[{"embeddable":true,"href":"http:\/\/www.petanque82-comite.fr\/index.php?rest_route=%2Fwp%2Fv2%2Fcomments&post=20065"}],"version-history":[{"count":24,"href":"http:\/\/www.petanque82-comite.fr\/index.php?rest_route=\/wp\/v2\/pages\/20065\/revisions"}],"predecessor-version":[{"id":29827,"href":"http:\/\/www.petanque82-comite.fr\/index.php?rest_route=\/wp\/v2\/pages\/20065\/revisions\/29827"}],"wp:attachment":[{"href":"http:\/\/www.petanque82-comite.fr\/index.php?rest_route=%2Fwp%2Fv2%2Fmedia&parent=20065"}],"curies":[{"name":"wp","href":"https:\/\/api.w.org\/{rel}","templated":true}]}}