{"id":22509,"date":"2023-10-12T16:28:57","date_gmt":"2023-10-12T15:28:57","guid":{"rendered":"http:\/\/www.petanque82-comite.fr\/?page_id=22509"},"modified":"2025-10-22T15:32:06","modified_gmt":"2025-10-22T14:32:06","slug":"liste-des-equipes-cdc-feminin","status":"publish","type":"page","link":"http:\/\/www.petanque82-comite.fr\/?page_id=22509","title":{"rendered":"Liste des \u00e9quipes CDC F\u00e9minin 2025"},"content":{"rendered":"<h3>&nbsp;<\/h3>\n<h3 style=\"text-align: center;\"><a href=\"http:\/\/www.petanque82-comite.fr\/wp-content\/uploads\/2025\/10\/Fichier-de-controle-des-feuilles-de-matchs-des-equipes-par-club-feminin-2025-2.xlsx\">Fichier de contr\u00f4le des feuilles de matchs des \u00e9quipes par club f\u00e9minin 2025<\/a><\/h3>\n","protected":false},"excerpt":{"rendered":"<p>&nbsp; Fichier de contr\u00f4le des feuilles de matchs des \u00e9quipes par club f\u00e9minin 2025<\/p>\n","protected":false},"author":1,"featured_media":0,"parent":0,"menu_order":0,"comment_status":"closed","ping_status":"closed","template":"","meta":{"ngg_post_thumbnail":0,"_tribe_blocks_recurrence_rules":"","_tribe_blocks_recurrence_exclusions":"","_tribe_blocks_recurrence_description":"","footnotes":""},"class_list":["post-22509","page","type-page","status-publish","hentry"],"_links":{"self":[{"href":"http:\/\/www.petanque82-comite.fr\/index.php?rest_route=\/wp\/v2\/pages\/22509","targetHints":{"allow":["GET"]}}],"collection":[{"href":"http:\/\/www.petanque82-comite.fr\/index.php?rest_route=\/wp\/v2\/pages"}],"about":[{"href":"http:\/\/www.petanque82-comite.fr\/index.php?rest_route=\/wp\/v2\/types\/page"}],"author":[{"embeddable":true,"href":"http:\/\/www.petanque82-comite.fr\/index.php?rest_route=\/wp\/v2\/users\/1"}],"replies":[{"embeddable":true,"href":"http:\/\/www.petanque82-comite.fr\/index.php?rest_route=%2Fwp%2Fv2%2Fcomments&post=22509"}],"version-history":[{"count":31,"href":"http:\/\/www.petanque82-comite.fr\/index.php?rest_route=\/wp\/v2\/pages\/22509\/revisions"}],"predecessor-version":[{"id":28813,"href":"http:\/\/www.petanque82-comite.fr\/index.php?rest_route=\/wp\/v2\/pages\/22509\/revisions\/28813"}],"wp:attachment":[{"href":"http:\/\/www.petanque82-comite.fr\/index.php?rest_route=%2Fwp%2Fv2%2Fmedia&parent=22509"}],"curies":[{"name":"wp","href":"https:\/\/api.w.org\/{rel}","templated":true}]}}