{"id":23363,"date":"2024-03-08T08:46:48","date_gmt":"2024-03-08T07:46:48","guid":{"rendered":"http:\/\/www.petanque82-comite.fr\/?page_id=23363"},"modified":"2025-09-16T07:23:30","modified_gmt":"2025-09-16T06:23:30","slug":"stop-a-la-violence","status":"publish","type":"page","link":"http:\/\/www.petanque82-comite.fr\/?page_id=23363","title":{"rendered":"Coupe du Pr\u00e9sident jeu proven\u00e7al"},"content":{"rendered":"<h3><a href=\"http:\/\/www.petanque82-comite.fr\/wp-content\/uploads\/2022\/04\/Suivi-Coupe-du-President-tirage-et-resultats-1-1.pdf\">Suivi Coupe du Pr\u00e9sident tirage et r\u00e9sultats<\/a><\/h3>\n<div id=\"attachment_28494\" style=\"width: 235px\" class=\"wp-caption alignnone\"><img loading=\"lazy\" decoding=\"async\" aria-describedby=\"caption-attachment-28494\" class=\"size-medium wp-image-28494\" src=\"http:\/\/www.petanque82-comite.fr\/wp-content\/uploads\/2025\/09\/Vainqueur-2025-de-la-Coupe-du-President-225x300.jpg\" alt=\"\" width=\"225\" height=\"300\" srcset=\"http:\/\/www.petanque82-comite.fr\/wp-content\/uploads\/2025\/09\/Vainqueur-2025-de-la-Coupe-du-President-225x300.jpg 225w, http:\/\/www.petanque82-comite.fr\/wp-content\/uploads\/2025\/09\/Vainqueur-2025-de-la-Coupe-du-President-768x1024.jpg 768w, http:\/\/www.petanque82-comite.fr\/wp-content\/uploads\/2025\/09\/Vainqueur-2025-de-la-Coupe-du-President-1152x1536.jpg 1152w, http:\/\/www.petanque82-comite.fr\/wp-content\/uploads\/2025\/09\/Vainqueur-2025-de-la-Coupe-du-President-1536x2048.jpg 1536w, http:\/\/www.petanque82-comite.fr\/wp-content\/uploads\/2025\/09\/Vainqueur-2025-de-la-Coupe-du-President-scaled.jpg 1920w\" sizes=\"auto, (max-width: 225px) 100vw, 225px\" \/><p id=\"caption-attachment-28494\" class=\"wp-caption-text\">&nbsp; &nbsp; &nbsp; &nbsp; &nbsp; Monclar vainqueur 2025<\/p><\/div>\n<h3><a href=\"http:\/\/www.petanque82-comite.fr\/wp-content\/uploads\/2025\/07\/Numerisation-1-4-.pdf\">Num\u00e9risation 1\/4 de finale<\/a><\/h3>\n<h3><a href=\"http:\/\/www.petanque82-comite.fr\/wp-content\/uploads\/2025\/07\/Numerisation-1-2-.pdf\">Num\u00e9risation 1\/2 de finale<\/a><\/h3>\n<h3><a href=\"http:\/\/www.petanque82-comite.fr\/wp-content\/uploads\/2025\/04\/Feuille-de-match-Coupe-du-PRESIDENT-Jeu-Provencal-2025.pdf\">Feuille de match Coupe du PRESIDENT Jeu Proven\u00e7al 2025<\/a><\/h3>\n<h3><a href=\"http:\/\/www.petanque82-comite.fr\/wp-content\/uploads\/2025\/04\/ANNEXE-COUPE-France-et-Coupe-du-President-Jeu-Provencal.pdf\">ANNEXE COUPE France et Coupe du Pr\u00e9sident Jeu Proven\u00e7al<\/a><\/h3>\n","protected":false},"excerpt":{"rendered":"<p>Suivi Coupe du Pr\u00e9sident tirage et r\u00e9sultats Num\u00e9risation 1\/4 de finale Num\u00e9risation 1\/2 de finale Feuille de match Coupe du PRESIDENT Jeu Proven\u00e7al 2025 ANNEXE COUPE France et Coupe du Pr\u00e9sident Jeu Proven\u00e7al<\/p>\n","protected":false},"author":1,"featured_media":0,"parent":0,"menu_order":0,"comment_status":"closed","ping_status":"closed","template":"","meta":{"ngg_post_thumbnail":0,"_tribe_blocks_recurrence_rules":"","_tribe_blocks_recurrence_exclusions":"","_tribe_blocks_recurrence_description":"","footnotes":""},"class_list":["post-23363","page","type-page","status-publish","hentry"],"_links":{"self":[{"href":"http:\/\/www.petanque82-comite.fr\/index.php?rest_route=\/wp\/v2\/pages\/23363","targetHints":{"allow":["GET"]}}],"collection":[{"href":"http:\/\/www.petanque82-comite.fr\/index.php?rest_route=\/wp\/v2\/pages"}],"about":[{"href":"http:\/\/www.petanque82-comite.fr\/index.php?rest_route=\/wp\/v2\/types\/page"}],"author":[{"embeddable":true,"href":"http:\/\/www.petanque82-comite.fr\/index.php?rest_route=\/wp\/v2\/users\/1"}],"replies":[{"embeddable":true,"href":"http:\/\/www.petanque82-comite.fr\/index.php?rest_route=%2Fwp%2Fv2%2Fcomments&post=23363"}],"version-history":[{"count":18,"href":"http:\/\/www.petanque82-comite.fr\/index.php?rest_route=\/wp\/v2\/pages\/23363\/revisions"}],"predecessor-version":[{"id":28511,"href":"http:\/\/www.petanque82-comite.fr\/index.php?rest_route=\/wp\/v2\/pages\/23363\/revisions\/28511"}],"wp:attachment":[{"href":"http:\/\/www.petanque82-comite.fr\/index.php?rest_route=%2Fwp%2Fv2%2Fmedia&parent=23363"}],"curies":[{"name":"wp","href":"https:\/\/api.w.org\/{rel}","templated":true}]}}