{"id":23671,"date":"2024-04-03T07:39:36","date_gmt":"2024-04-03T06:39:36","guid":{"rendered":"http:\/\/www.petanque82-comite.fr\/?page_id=23671"},"modified":"2025-07-06T14:26:35","modified_gmt":"2025-07-06T13:26:35","slug":"cdc-jp","status":"publish","type":"page","link":"http:\/\/www.petanque82-comite.fr\/?page_id=23671","title":{"rendered":"Fichier de contr\u00f4le des listes des \u00e9quipes CDC JP 2025"},"content":{"rendered":"<h3 style=\"text-align: center;\"><a href=\"http:\/\/www.petanque82-comite.fr\/wp-content\/uploads\/2025\/07\/Fichiers-de-controle-des-feuilles-de-matchs-des-equipes-par-club-cdc-provencal-2025.xlsx\">Fichiers de contr\u00f4le des feuilles de matchs des \u00e9quipes par club cdc proven\u00e7al 2025<\/a><\/h3>\n","protected":false},"excerpt":{"rendered":"<p>Fichiers de contr\u00f4le des feuilles de matchs des \u00e9quipes par club cdc proven\u00e7al 2025<\/p>\n","protected":false},"author":1,"featured_media":0,"parent":0,"menu_order":0,"comment_status":"closed","ping_status":"closed","template":"","meta":{"ngg_post_thumbnail":0,"_tribe_blocks_recurrence_rules":"","_tribe_blocks_recurrence_exclusions":"","_tribe_blocks_recurrence_description":"","footnotes":""},"class_list":["post-23671","page","type-page","status-publish","hentry"],"_links":{"self":[{"href":"http:\/\/www.petanque82-comite.fr\/index.php?rest_route=\/wp\/v2\/pages\/23671","targetHints":{"allow":["GET"]}}],"collection":[{"href":"http:\/\/www.petanque82-comite.fr\/index.php?rest_route=\/wp\/v2\/pages"}],"about":[{"href":"http:\/\/www.petanque82-comite.fr\/index.php?rest_route=\/wp\/v2\/types\/page"}],"author":[{"embeddable":true,"href":"http:\/\/www.petanque82-comite.fr\/index.php?rest_route=\/wp\/v2\/users\/1"}],"replies":[{"embeddable":true,"href":"http:\/\/www.petanque82-comite.fr\/index.php?rest_route=%2Fwp%2Fv2%2Fcomments&post=23671"}],"version-history":[{"count":22,"href":"http:\/\/www.petanque82-comite.fr\/index.php?rest_route=\/wp\/v2\/pages\/23671\/revisions"}],"predecessor-version":[{"id":28010,"href":"http:\/\/www.petanque82-comite.fr\/index.php?rest_route=\/wp\/v2\/pages\/23671\/revisions\/28010"}],"wp:attachment":[{"href":"http:\/\/www.petanque82-comite.fr\/index.php?rest_route=%2Fwp%2Fv2%2Fmedia&parent=23671"}],"curies":[{"name":"wp","href":"https:\/\/api.w.org\/{rel}","templated":true}]}}