{"id":7692,"date":"2019-12-13T14:22:32","date_gmt":"2019-12-13T13:22:32","guid":{"rendered":"http:\/\/www.petanque82-comite.fr\/?page_id=7692"},"modified":"2025-11-27T07:22:31","modified_gmt":"2025-11-27T06:22:31","slug":"releve-de-decisions-ffpjp","status":"publish","type":"page","link":"http:\/\/www.petanque82-comite.fr\/?page_id=7692","title":{"rendered":"Relev\u00e9 de d\u00e9cisions FFPJP"},"content":{"rendered":"<h3>2025<\/h3>\n<h3><a href=\"http:\/\/www.petanque82-comite.fr\/wp-content\/uploads\/2025\/11\/COMITE-DIRECTEUR-DES-14-ET-15-NOVEMBRE-2025.pdf\">COMITE DIRECTEUR DES 14 ET 15 NOVEMBRE 2025<\/a><\/h3>\n<h3><a href=\"http:\/\/www.petanque82-comite.fr\/wp-content\/uploads\/2025\/11\/Bilan-DTN-2025.pdf\">Bilan DTN 2025<\/a><\/h3>\n<h3><a href=\"http:\/\/www.petanque82-comite.fr\/wp-content\/uploads\/2025\/11\/REGLEMENT-COUPE-DE-FRANCE-JEU-PROVENCAL-2026.pdf\">REGLEMENT COUPE DE FRANCE JEU PROVENCAL 2026<\/a><\/h3>\n<h3><a href=\"http:\/\/www.petanque82-comite.fr\/wp-content\/uploads\/2025\/11\/COMITE-DIRECTEUR-DU-17-OCTOBRE-2025-VISIO.pdf\">COMITE DIRECTEUR DU 17 OCTOBRE 2025 VISIO<\/a><\/h3>\n<h3><a href=\"http:\/\/www.petanque82-comite.fr\/wp-content\/uploads\/2025\/10\/COMITE-DIRECTEUR-SEPTEMBRE-2025.pdf\">Comit\u00e9 Directeur Septembre 2025<\/a><\/h3>\n<h3><a href=\"http:\/\/www.petanque82-comite.fr\/wp-content\/uploads\/2025\/09\/RELEVE-DE-DECISIONS-SEPT-2025.pdf\">Relev\u00e9 de d\u00e9cisions Septembre 2025<\/a><\/h3>\n<h3><a href=\"http:\/\/www.petanque82-comite.fr\/wp-content\/uploads\/2025\/06\/Bilan-championnats-2025.pdf\">Bilan championnats 2025<\/a><\/h3>\n<h3><a href=\"http:\/\/www.petanque82-comite.fr\/wp-content\/uploads\/2025\/04\/Charte-des-Arbtres-Hors-PNA.pdf\">Charte des Arbtres Hors PNA<\/a><\/h3>\n<h3><a href=\"http:\/\/www.petanque82-comite.fr\/wp-content\/uploads\/2025\/04\/Charte-du-Pole-National-des-Arbitres-PNA.pdf\">Charte du Pole National des Arbitres (PNA)<\/a><\/h3>\n<h3><a href=\"http:\/\/www.petanque82-comite.fr\/wp-content\/uploads\/2025\/04\/Reglement-Traitement-des-Fautes-dArbitrage.pdf\">R\u00e8glement Traitement des Fautes d&#8217;Arbitrage<\/a><\/h3>\n<h3><a href=\"http:\/\/www.petanque82-comite.fr\/wp-content\/uploads\/2025\/04\/Fautes_Arbitres_Petanque-revu-et-corrigees.pdf\">Fautes Arbitres P\u00e9tanque revu et corrig\u00e9es<\/a><\/h3>\n<h3><a href=\"http:\/\/www.petanque82-comite.fr\/wp-content\/uploads\/2025\/04\/COMITE-DIRECTEUR-DU-4-AVRIL-2025-VISIO-1.pdf\">COMITE DIRECTEUR DU 4 AVRIL 2025 VISIO-1<\/a><\/h3>\n<h3><a href=\"http:\/\/www.petanque82-comite.fr\/wp-content\/uploads\/2025\/04\/FFPJP-Licence-Demat.pdf\">FFPJP Licence Demat\u00e9rialis\u00e9<\/a><\/h3>\n<h3><a href=\"http:\/\/www.petanque82-comite.fr\/wp-content\/uploads\/2025\/04\/Calendrier-sportif-fede-2026-maj-du-18-03-2025.xlsx\">Calendrier sportif F\u00e9d\u00e9ration 2026 m\u00e0j du 18 03 2025<\/a><\/h3>\n<h3><a href=\"http:\/\/www.petanque82-comite.fr\/wp-content\/uploads\/2025\/01\/COMITE-DIRECTEUR-DES-17-et-18-JANVIER-2025.pdf\">COMITE DIRECTEUR DES 17 et 18 JANVIER 2025<\/a><\/h3>\n<h3><a href=\"http:\/\/www.petanque82-comite.fr\/wp-content\/uploads\/2025\/01\/RELEVE-DE-DECISIONS-DU-CODIR-DES-17-et-18-JANVIER-2025.pdf\">RELEVE DE DECISIONS DU CODIR DES 17 et 18 JANVIER 2025<\/a><\/h3>\n<h3><a href=\"http:\/\/www.petanque82-comite.fr\/wp-content\/uploads\/2025\/01\/REGLEMENT-AD-ET-SP-2025-ROUGE.pdf\">REGLEMENT AD ET SP 2025 ROUGE<\/a><\/h3>\n<h3><a href=\"http:\/\/www.petanque82-comite.fr\/wp-content\/uploads\/2025\/01\/REGLEMENT-DES-CHAMPIONNATS-DE-FRANCE-2025-ROUGE.pdf\">REGLEMENT DES CHAMPIONNATS DE FRANCE 2025 ROUGE<\/a><\/h3>\n<p>&nbsp;<\/p>\n<h3>2024 :<\/h3>\n<h3><a href=\"http:\/\/www.petanque82-comite.fr\/wp-content\/uploads\/2024\/12\/COMITE-DIRECTEUR-DU-29-NOVEMBRE-2024-VISIO.pdf\">COMITE DIRECTEUR DU 29 NOVEMBRE 2024 VISIO<\/a><\/h3>\n<h3><a href=\"http:\/\/www.petanque82-comite.fr\/wp-content\/uploads\/2024\/10\/COMITE-DIRECTEUR-DES-20-et-21-septembre-2024.pdf\">COMITE DIRECTEUR DES 20 et 21 septembre 2024<\/a><\/h3>\n<h3><a href=\"http:\/\/www.petanque82-comite.fr\/wp-content\/uploads\/2024\/10\/CONSEIL-NATIONAL-DU-21-SEPTEMBRE-2024.pdf\">CONSEIL NATIONAL DU 21 SEPTEMBRE 2024<\/a><\/h3>\n<h3><a href=\"http:\/\/www.petanque82-comite.fr\/wp-content\/uploads\/2024\/06\/calendrier-2025-FFPJP.pdf\">Calendrier 2025 FFPJP<\/a><\/h3>\n<h3><a href=\"http:\/\/www.petanque82-comite.fr\/wp-content\/uploads\/2024\/06\/COMITE-DIRECTEUR-DES-24-et-25-MAI-2024.pdf\">COMITE DIRECTEUR DES 24 et 25 MAI 2024<\/a><\/h3>\n<h3><a href=\"http:\/\/www.petanque82-comite.fr\/wp-content\/uploads\/2024\/06\/courrier-Prefet.pdf\">Courrier Pr\u00e9fet<\/a><\/h3>\n<h3><a href=\"http:\/\/www.petanque82-comite.fr\/wp-content\/uploads\/2024\/06\/DIAPORAMA-FORMATIONS-FEDERALES-25-mai-2024.pdf\">DIAPORAMA FORMATIONS FEDERALES 25 mai 2024<\/a><\/h3>\n<h3><a href=\"http:\/\/www.petanque82-comite.fr\/wp-content\/uploads\/2024\/06\/Madagascar-et-invitations.pdf\">Madagascar et invitations<\/a><\/h3>\n<h3><a href=\"http:\/\/www.petanque82-comite.fr\/wp-content\/uploads\/2024\/06\/participation-de-la-FSBM-a-lInternationale.pdf\">Participation de la FSBM \u00e0 l&#8217;Internationale<\/a><\/h3>\n<h3><a href=\"http:\/\/www.petanque82-comite.fr\/wp-content\/uploads\/2024\/04\/COMITE-DIRECTEUR-AVRIL-2024-1.pdf\">COMITE DIRECTEUR AVRIL 2024<\/a><\/h3>\n<h3><a href=\"http:\/\/www.petanque82-comite.fr\/wp-content\/uploads\/2024\/03\/NOTE-JURIDIQUE-SPONSOR-et-ALCOOL.pdf\">NOTE JURIDIQUE SPONSOR et ALCOOL<\/a><\/h3>\n<h3><a href=\"http:\/\/www.petanque82-comite.fr\/wp-content\/uploads\/2024\/03\/COMITE-DIRECTEUR-DES-1ER-et-2-MARS-2024.pdf\">COMITE DIRECTEUR DES 1ER et 2 MARS 2024<\/a><\/h3>\n<h3><a href=\"http:\/\/www.petanque82-comite.fr\/wp-content\/uploads\/2024\/03\/CONSEIL-NATIONAL-DU-2-MARS-2024.pdf\">CONSEIL NATIONAL DU 2 MARS 2024<\/a><\/h3>\n<h3><a href=\"http:\/\/www.petanque82-comite.fr\/wp-content\/uploads\/2024\/03\/DEMATERIALISATION-LICENCE.pdf\">DEMATERIALISATION LICENCE<\/a><\/h3>\n<h3><a href=\"http:\/\/www.petanque82-comite.fr\/wp-content\/uploads\/2024\/02\/CR-CONGRES-GRANDE-SYNTHE-ANNEXES.pdf\">CR CONGRES GRANDE SYNTHE &amp; ANNEXES<\/a><\/h3>\n<h3><a href=\"http:\/\/www.petanque82-comite.fr\/wp-content\/uploads\/2024\/02\/COMITE-DIRECTEUR-DES-26-et-27-JANVIER-2024-.pdf\">CR COMITE DIRECTEUR des 26 et 27 JANVIER 2024<\/a><\/h3>\n<p>&nbsp;<\/p>\n<p><em>SAOS<\/em><\/p>\n<h3><a href=\"http:\/\/www.petanque82-comite.fr\/wp-content\/uploads\/2024\/01\/AG-2024.pdf\">AG 2024<\/a><\/h3>\n<h3><a href=\"http:\/\/www.petanque82-comite.fr\/wp-content\/uploads\/2024\/01\/CA-2023-GRANDE-SYNTHE-.pdf\">CA 2023 GRANDE SYNTHE<\/a><\/h3>\n<p>&nbsp;<\/p>\n<h3>2023 :<\/h3>\n<h3><a href=\"http:\/\/www.petanque82-comite.fr\/wp-content\/uploads\/2023\/12\/COMITE-DIRECTEUR-DEC.pdf\">CR COMITE DIRECTEUR du 14 d\u00e9cembre<\/a><\/h3>\n<h3><a href=\"http:\/\/www.petanque82-comite.fr\/wp-content\/uploads\/2023\/12\/COMITE-DIRECTEUR-NOV-1.pdf\">CR COMITE DIRECTEUR du 23 novembre<\/a><\/h3>\n<h3><a href=\"http:\/\/www.petanque82-comite.fr\/wp-content\/uploads\/2023\/11\/Cr-BurDirec-nov-23-visio.pdf\">CR Bureau Directeur 08 novembre 2023 visio<\/a><\/h3>\n<h3><a href=\"http:\/\/www.petanque82-comite.fr\/wp-content\/uploads\/2023\/11\/COMITE-DIRECTEUR-NOV.pdf\">CR COMITE DIRECTEUR des 3 et 4 novembre<\/a><\/h3>\n<h3><a href=\"http:\/\/www.petanque82-comite.fr\/wp-content\/uploads\/2023\/11\/PV-CONSEIL-NATIONAL-SEPTEMBRE-2023.pdf\">PV CONSEIL NATIONAL SEPTEMBRE 2023<\/a><\/h3>\n<h3><a href=\"http:\/\/www.petanque82-comite.fr\/wp-content\/uploads\/2023\/11\/COMITE-DIRECTEUR-DES-29-et-30-SEPTEMBRE-2023.pdf\">CR COMITE DIRECTEUR DES 29 et 30 SEPTEMBRE 2023<\/a><\/h3>\n<h3><a href=\"http:\/\/www.petanque82-comite.fr\/wp-content\/uploads\/2023\/08\/COMITE-DIRECTEUR-DES-9-et-10-JUIN-2023.pdf\">CR COMITE DIRECTEUR DES 9 et 10 JUIN 2023<\/a><\/h3>\n<h3><a href=\"http:\/\/www.petanque82-comite.fr\/wp-content\/uploads\/2023\/08\/PV-COMITE-DIRECTEUR-21-JUILLET-2023_CNPJP.pdf\">PV COMITE DIRECTEUR 21 JUILLET 2023_CNPJP<\/a><\/h3>\n<h3><a href=\"http:\/\/www.petanque82-comite.fr\/wp-content\/uploads\/2023\/07\/CR-Bureau-Direct-060723-et-docs.pdf\">CR Bureau Directeur Occitanie du 6 juillet 2023<\/a><\/h3>\n<h3><a href=\"http:\/\/www.petanque82-comite.fr\/wp-content\/uploads\/2023\/06\/CR-CODIR-mai-23-a-CASTRES.pdf\">C R Comit\u00e9 Directeur du 19 mai 2023 \u00e0 CASTRES<\/a><\/h3>\n<h3><a href=\"http:\/\/www.petanque82-comite.fr\/wp-content\/uploads\/2023\/06\/Annexes-CODIR-mai-2023.pdf\">Annexes Comit\u00e9 R\u00e9gional Occitanie mai 2023<\/a><\/h3>\n<h3><a href=\"http:\/\/www.petanque82-comite.fr\/wp-content\/uploads\/2023\/05\/CR-AG-EVIAN-DEC-2022.pdf\">CR Assembl\u00e9e G\u00e9n\u00e9rale EVIAN DEC 2022<\/a><\/h3>\n<h3><a href=\"http:\/\/www.petanque82-comite.fr\/wp-content\/uploads\/2023\/03\/COMITE-DIRECTEUR-DES-3-et-4-MARS-2023.pdf\">CR COMITE DIRECTEUR DES 3 et 4 MARS 2023<\/a><\/h3>\n<h3><a href=\"http:\/\/www.petanque82-comite.fr\/wp-content\/uploads\/2023\/03\/CONSEIL-NATIONAL-DU-4-MARS-2023.pdf\">CONSEIL NATIONAL DU 4 MARS 2023<\/a><\/h3>\n<h3><a href=\"http:\/\/www.petanque82-comite.fr\/wp-content\/uploads\/2023\/03\/COMITE-DIRECTEUR-JANVIER-2023-FFPJP-1.pdf\">CR COMITE DIRECTEUR JANVIER 2023 FFPJP<\/a><\/h3>\n<p>&nbsp;<\/p>\n<h3>2022 :<\/h3>\n<h3><a href=\"http:\/\/www.petanque82-comite.fr\/wp-content\/uploads\/2022\/12\/COMITE-DIRECTEUR-18-et-19-NOVEMBRE-2022.pdf\">COMITE DIRECTEUR 18 et 19 NOVEMBRE 2022<\/a><\/h3>\n<h3><a href=\"http:\/\/www.petanque82-comite.fr\/wp-content\/uploads\/2022\/12\/Bilan-DTN-2022-PR.pdf\">Bilan DTN 2022 PR<\/a><\/h3>\n<h3><a href=\"http:\/\/www.petanque82-comite.fr\/wp-content\/uploads\/2022\/12\/plateforme-numerique.pdf\">Plateforme num\u00e9rique<\/a><\/h3>\n<h3><a href=\"http:\/\/www.petanque82-comite.fr\/wp-content\/uploads\/2022\/11\/RELEVE-DE-DECISION-NOVEMBRE-2022-.pdf\">RELEVE DE DECISION NOVEMBRE 2022<\/a><\/h3>\n<h3><a href=\"http:\/\/www.petanque82-comite.fr\/wp-content\/uploads\/2022\/10\/CONSEIL-NATIONAL-17-SEPTEMBRE-2022-modifie-281022.pdf\">CONSEIL NATIONAL 17 SEPTEMBRE 2022 modifi\u00e9<\/a><\/h3>\n<h3><a href=\"http:\/\/www.petanque82-comite.fr\/wp-content\/uploads\/2022\/10\/COMITE-DIRECTEUR-16-et-17-septembre-2022-modifie-281022.pdf\">COMITE DIRECTEUR 16 et 17 septembre 2022 modifi\u00e9<\/a><\/h3>\n<h3><a href=\"http:\/\/www.petanque82-comite.fr\/wp-content\/uploads\/2022\/07\/COMITE-DIRECTEUR-10-ET-11-JUIN-2022-5.pdf\">COMITE DIRECTEUR 10 et 11 JUIN 2022<\/a><\/h3>\n<h3><a href=\"http:\/\/www.petanque82-comite.fr\/wp-content\/uploads\/2022\/07\/Note-SPORT-ET-DEFIBRILLATEUR.pdf\">Note : SPORT ET DEFIBRILLATEUR<\/a><\/h3>\n<h3><a href=\"http:\/\/www.petanque82-comite.fr\/wp-content\/uploads\/2022\/05\/CONSEIL-NATIONAL-FFPJP-26-MARS-2022.pdf\">CONSEIL NATIONAL FFPJP 26 MARS 2022<\/a><\/h3>\n<h3><a href=\"http:\/\/www.petanque82-comite.fr\/wp-content\/uploads\/2022\/05\/Les-frais-kilometriques-des-benevoles-2022.pdf\">Les frais kilom\u00e9triques des ben\u00e9voles 2022<\/a><\/h3>\n<h3><a href=\"http:\/\/www.petanque82-comite.fr\/wp-content\/uploads\/2022\/05\/2022-CR-CRFAR-.pdf\">2022 CR CRFAR<\/a><\/h3>\n<h3><a href=\"http:\/\/www.petanque82-comite.fr\/wp-content\/uploads\/2022\/05\/PV-COMITE-DIRECTEUR-FFPJP-25-MARS-2022.pdf\">PV COMITE DIRECTEUR FFPJP 25 MARS 2022<\/a><\/h3>\n<h3><a href=\"http:\/\/www.petanque82-comite.fr\/wp-content\/uploads\/2022\/03\/Comite-directeur-25-FEVRIER-2022.pdf\">Comite Directeur FFPJP du 25 FEVRIER 2022<\/a><\/h3>\n<p>&nbsp;<\/p>\n<h3>2021<\/h3>\n<h4><a href=\"http:\/\/www.petanque82-comite.fr\/wp-content\/uploads\/2021\/11\/COMITE-DIRECTEUR-FFPJP-5-et-6-novembre-2021.pdf\">COMITE DIRECTEUR FFPJP 5 et 6 novembre 2021<\/a><\/h4>\n<h4><a href=\"http:\/\/www.petanque82-comite.fr\/wp-content\/uploads\/2021\/11\/Reponses-Questionnaire-CNC-F-1.pdf\">R\u00e9ponses Questionnaire CNC F-1<\/a><\/h4>\n<h4><a href=\"http:\/\/www.petanque82-comite.fr\/wp-content\/uploads\/2021\/11\/Directives-techniques-nationales-2021-2024.pdf\">Directives techniques nationales 2021 2024<\/a><\/h4>\n<h4><a href=\"http:\/\/www.petanque82-comite.fr\/wp-content\/uploads\/2021\/11\/COMITE-DIRECTEUR-FFPJP-17-et-18-SEPTEMBRE-2021.pdf\">COMITE DIRECTEUR FFPJP 17 et 18 SEPTEMBRE 2021<\/a><\/h4>\n<h4><a href=\"http:\/\/www.petanque82-comite.fr\/wp-content\/uploads\/2021\/11\/CONSEIL-NATIONAL-FFPJP-17-et-18-SEPTEMBRE-2021.pdf\">CONSEIL NATIONAL FFPJP 17 et 18 SEPTEMBRE 2021<\/a><\/h4>\n<p>&nbsp;<\/p>\n<h3>2020<\/h3>\n<h4><a href=\"http:\/\/www.petanque82-comite.fr\/wp-content\/uploads\/2020\/04\/RELEVE-DE-DECISIONS-AVRIL-2020.pdf\">RELEV\u00c9 DE D\u00c9CISIONS Avril 2020<\/a><\/h4>\n<h4><a href=\"http:\/\/www.petanque82-comite.fr\/wp-content\/uploads\/2020\/06\/RELEVE-DE-DECISIONS-30-Mai-2020.pdf\">RELEVE DE DECISIONS 30 Mai 2020<\/a><\/h4>\n<h4><a href=\"http:\/\/www.petanque82-comite.fr\/wp-content\/uploads\/2020\/11\/RELEVE-DE-DECISIONS-31-Octobre-2020.pdf\">RELEVE DE DECISIONS 31 Octobre 2020<\/a><\/h4>\n<p>&nbsp;<\/p>\n<h3><strong>2019<\/strong><\/h3>\n<h4><a href=\"http:\/\/www.petanque82-comite.fr\/wp-content\/uploads\/2019\/12\/RELEVE-DE-DECISIONS-F\u00e9vrier-2019.pdf\">RELEV\u00c9 DE D\u00c9CISIONS F\u00e9vrier 2019<\/a><\/h4>\n<h4><a href=\"http:\/\/www.petanque82-comite.fr\/wp-content\/uploads\/2019\/12\/RELEVE-DE-DECISIONS-Juin-2019.pdf\">RELEV\u00c9 DE D\u00c9CISIONS Juin 2019<\/a><\/h4>\n<h4><a href=\"http:\/\/www.petanque82-comite.fr\/wp-content\/uploads\/2019\/12\/RELEVE-DE-DECISIONS-Septembre-2019.pdf\">RELEV\u00c9 DE D\u00c9CISIONS Septembre 2019<\/a><\/h4>\n","protected":false},"excerpt":{"rendered":"<p>2025 COMITE DIRECTEUR DES 14 ET 15 NOVEMBRE 2025 Bilan DTN 2025 REGLEMENT COUPE DE FRANCE JEU PROVENCAL 2026 COMITE DIRECTEUR DU 17 OCTOBRE 2025 VISIO Comit\u00e9 Directeur Septembre 2025 Relev\u00e9 de d\u00e9cisions Septembre 2025 Bilan championnats 2025 Charte des Arbtres Hors PNA Charte du Pole National des Arbitres (PNA) R\u00e8glement Traitement des Fautes d&#8217;Arbitrage [&hellip;]<\/p>\n","protected":false},"author":1,"featured_media":0,"parent":0,"menu_order":0,"comment_status":"closed","ping_status":"closed","template":"","meta":{"ngg_post_thumbnail":0,"_tribe_blocks_recurrence_rules":"","_tribe_blocks_recurrence_exclusions":"","_tribe_blocks_recurrence_description":"","footnotes":""},"class_list":["post-7692","page","type-page","status-publish","hentry"],"_links":{"self":[{"href":"http:\/\/www.petanque82-comite.fr\/index.php?rest_route=\/wp\/v2\/pages\/7692","targetHints":{"allow":["GET"]}}],"collection":[{"href":"http:\/\/www.petanque82-comite.fr\/index.php?rest_route=\/wp\/v2\/pages"}],"about":[{"href":"http:\/\/www.petanque82-comite.fr\/index.php?rest_route=\/wp\/v2\/types\/page"}],"author":[{"embeddable":true,"href":"http:\/\/www.petanque82-comite.fr\/index.php?rest_route=\/wp\/v2\/users\/1"}],"replies":[{"embeddable":true,"href":"http:\/\/www.petanque82-comite.fr\/index.php?rest_route=%2Fwp%2Fv2%2Fcomments&post=7692"}],"version-history":[{"count":53,"href":"http:\/\/www.petanque82-comite.fr\/index.php?rest_route=\/wp\/v2\/pages\/7692\/revisions"}],"predecessor-version":[{"id":29083,"href":"http:\/\/www.petanque82-comite.fr\/index.php?rest_route=\/wp\/v2\/pages\/7692\/revisions\/29083"}],"wp:attachment":[{"href":"http:\/\/www.petanque82-comite.fr\/index.php?rest_route=%2Fwp%2Fv2%2Fmedia&parent=7692"}],"curies":[{"name":"wp","href":"https:\/\/api.w.org\/{rel}","templated":true}]}}