{"id":9845,"date":"2021-03-25T15:58:40","date_gmt":"2021-03-25T14:58:40","guid":{"rendered":"http:\/\/www.petanque82-comite.fr\/?page_id=9845"},"modified":"2026-03-03T14:06:46","modified_gmt":"2026-03-03T13:06:46","slug":"c-d-c-jeu-provencal","status":"publish","type":"page","link":"http:\/\/www.petanque82-comite.fr\/?page_id=9845","title":{"rendered":"C.D.C. Jeu Proven\u00e7al"},"content":{"rendered":"<h2><strong>CDCJP 2026<\/strong><\/h2>\n<h3><a href=\"http:\/\/www.petanque82-comite.fr\/wp-content\/uploads\/2026\/03\/Inscriptions-Equipes-CDJP-2026.pdf\">Equipes-CDJP-2026.pdf<\/a><\/h3>\n<p>&nbsp;<\/p>\n<h2><strong>CDCJP 2025<\/strong><\/h2>\n<h3><a href=\"http:\/\/www.petanque82-comite.fr\/wp-content\/uploads\/2025\/11\/Projection-equipes-CDC-JP-2026-D1-et-D2.pdf\">Annexe bis , projection \u00e9quipes CDC JP 2026 D1-et-D2<\/a><\/h3>\n<p>&nbsp;<\/p>\n<p>Division 1<\/p>\n<p><strong>Information importante<\/strong><\/p>\n<h3><a href=\"http:\/\/www.petanque82-comite.fr\/wp-content\/uploads\/2025\/09\/D-1-Suivi-resultats-de-la-phase-finale-du-CDC-Jeu-Provencal-2025-division-1-.pdf\">D 1 Suivi r\u00e9sultats de la phase finale du CDC Jeu Proven\u00e7al 2025 division 1<\/a><\/h3>\n<p>&nbsp;<\/p>\n<h3><a href=\"http:\/\/www.petanque82-comite.fr\/wp-content\/uploads\/2022\/04\/Suivi-resultats-CDCJP-2025-D1-G1-1-1.pdf\">Suivi r\u00e9sultats CDCJP 2025 D1 G1 apr\u00e8s la J7 du 13 juillet<\/a><\/h3>\n<h3><a href=\"http:\/\/www.petanque82-comite.fr\/wp-content\/uploads\/2022\/04\/Suivi-resultats-CDCJP-2025-D1-G2-3.pdf\">Suivi r\u00e9sultats CDCJP 2025 D1 G2 apr\u00e8s la J7 du 13 juillet<\/a><\/h3>\n<p>&nbsp;<\/p>\n<h3>\u00a0<a href=\"http:\/\/www.petanque82-comite.fr\/wp-content\/uploads\/2025\/04\/CDCJP-D1-J1-du-23-mars.pdf\">Num\u00e9risation des feuilles de match CDCJP D1 J1 du 23 mars<\/a><\/h3>\n<h3><a href=\"http:\/\/www.petanque82-comite.fr\/wp-content\/uploads\/2025\/04\/CDCJP-D1-J2-du-13-avril.pdf\">Num\u00e9risation des feuilles de match CDCJP D1 J2 du 13 avril<\/a><\/h3>\n<h3><a href=\"http:\/\/www.petanque82-comite.fr\/wp-content\/uploads\/2025\/05\/CDCJP-D1-J3-du-04-mai.pdf\">Num\u00e9risation des feuilles de match CDCJP D1 J3 du 04 mai<\/a><\/h3>\n<h3><a href=\"http:\/\/www.petanque82-comite.fr\/wp-content\/uploads\/2025\/06\/CDCJP-D1-J4-du-01-juin.pdf\">Num\u00e9risation des feuilles de match CDCJP D1 J4 du 01 juin<\/a><\/h3>\n<h3><a href=\"http:\/\/www.petanque82-comite.fr\/wp-content\/uploads\/2025\/06\/CDCJP-D1-J5-du-8-juin.pdf\">Num\u00e9risation des feuilles de match CDCJP D1 J5 du 08 juin<\/a><\/h3>\n<h3><a href=\"http:\/\/www.petanque82-comite.fr\/wp-content\/uploads\/2025\/07\/CDCJP-D1-J6-du-29-juin.pdf\">Num\u00e9risation des feuilles de match CDCJP D1 J6 du 29 juin<\/a><\/h3>\n<h3><a href=\"http:\/\/www.petanque82-comite.fr\/wp-content\/uploads\/2025\/07\/CDCJP-D1-J7-DU-14-Juillet.pdf\">Num\u00e9risation des feuilles de match CDCJP D1 J7 du 14 Juillet<\/a><\/h3>\n<p>&nbsp;<\/p>\n<p>Division 2<\/p>\n<h3><a href=\"http:\/\/www.petanque82-comite.fr\/wp-content\/uploads\/2025\/08\/D-2-Suivi-resultats-de-la-phase-finale-du-CDC-Jeu-Provencal-2025-division-2.pdf\">D 2 Suivi r\u00e9sultats de la phase finale du CDC Jeu Proven\u00e7al 2025 division 2<\/a><\/h3>\n<h3><a href=\"http:\/\/www.petanque82-comite.fr\/wp-content\/uploads\/2025\/07\/Quart-de-Finale-20juillet.pdf\">Num\u00e9risation des feuilles de match 1\/4 de Finale du 20 Juillet<\/a><\/h3>\n<p>&nbsp;<\/p>\n<h3><a href=\"http:\/\/www.petanque82-comite.fr\/wp-content\/uploads\/2025\/07\/Suivi-resultats-CDCJP-2025-D2-G1.pdf\">Suivi r\u00e9sultats CDCJP 2025 D2 G1 apr\u00e8s la J5 du 29 juin<\/a><\/h3>\n<h3><a href=\"http:\/\/www.petanque82-comite.fr\/wp-content\/uploads\/2025\/07\/Suivi-resultats-CDCJP-2025-D2-G2-.pdf\">Suivi r\u00e9sultats CDCJP 2025 D2 G2 apr\u00e8s la J5 du 29 juin<\/a><\/h3>\n<h3><a href=\"http:\/\/www.petanque82-comite.fr\/wp-content\/uploads\/2025\/07\/Suivi-resultats-CDCJP-2025-D2-G3-.pdf\">Suivi r\u00e9sultats CDCJP 2025 D2 G3 apr\u00e8s la J5 du 29 juin<\/a><\/h3>\n<h3><a href=\"http:\/\/www.petanque82-comite.fr\/wp-content\/uploads\/2025\/07\/Suivi-resultats-CDCJP-2025-D2-G4-.pdf\">Suivi r\u00e9sultats CDCJP 2025 D2 G4 apr\u00e8s la J5 du 29 juin<\/a><\/h3>\n<p>&nbsp;<\/p>\n<h3><a href=\"http:\/\/www.petanque82-comite.fr\/wp-content\/uploads\/2025\/04\/CDCJP-D2-J1-du-23-mars.pdf\">Num\u00e9risation des feuilles de match CDCJP D2 J1 du 23 mars<\/a><\/h3>\n<h3><a href=\"http:\/\/www.petanque82-comite.fr\/wp-content\/uploads\/2025\/04\/CDCJP-D2-J2-du-13-avril.pdf\">Num\u00e9risation des feuilles de match CDCJP D2 J2 du 13 avril<\/a><\/h3>\n<h3><a href=\"http:\/\/www.petanque82-comite.fr\/wp-content\/uploads\/2025\/06\/CDCJP-D2-J3-du-01-juin.pdf\">Num\u00e9risation des feuilles de match CDCJP D2 J3 du 01 juin<\/a><\/h3>\n<h3><a href=\"http:\/\/www.petanque82-comite.fr\/wp-content\/uploads\/2025\/06\/CDCJP-D2-J4-du-8-juin.pdf\">Num\u00e9risation des feuilles de match CDCJP D2 J4 du 08 juin<\/a><\/h3>\n<h3><a href=\"http:\/\/www.petanque82-comite.fr\/wp-content\/uploads\/2025\/07\/CDCJP-D2-J5-du-29-juin.pdf\">Num\u00e9risation des feuilles de match CDCJP D2 J5 du 29 juin<\/a><\/h3>\n<p>&nbsp;<\/p>\n<h3><a href=\"http:\/\/www.petanque82-comite.fr\/wp-content\/uploads\/2025\/02\/Contacts-CDCJP-2025-2.pdf\">Contacts CDCJP 2025<\/a><\/h3>\n<p>&nbsp;<\/p>\n<h3><a href=\"http:\/\/www.petanque82-comite.fr\/wp-content\/uploads\/2025\/02\/composition-jury-CDCJP-1.pdf\">Composition-jury-CDCJP<\/a><\/h3>\n<h3><a href=\"http:\/\/www.petanque82-comite.fr\/wp-content\/uploads\/2025\/02\/Annexe-CDC-jeu-provencal-2025-2.pdf\">Annexe-CDC-jeu-provencal-2025<\/a><\/h3>\n<h3><a href=\"http:\/\/www.petanque82-comite.fr\/wp-content\/uploads\/2025\/02\/Feuille-de-match-CDC-Provencal-2025Jury-Phase-de-poule-1.pdf\">Feuille-de-match-CDC-Proven\u00e7al-2025+Jury-Phase-de-poule<\/a><\/h3>\n<h3><a href=\"http:\/\/www.petanque82-comite.fr\/wp-content\/uploads\/2025\/02\/Liste-des-equipes-qui-participeront-au-CDCJP-2025-D1-et-D2-1-1.pdf\">Liste-des-equipes-qui-participeront-au-CDCJP-2025 apr\u00e8s inscriptions D1-et-D2<\/a><\/h3>\n<h3><a href=\"http:\/\/www.petanque82-comite.fr\/wp-content\/uploads\/2025\/02\/REGLEMENT-CNCJP-2025-1-2.pdf\">REGLEMENT-CNCJP-2025<\/a><\/h3>\n","protected":false},"excerpt":{"rendered":"<p>CDCJP 2026 Equipes-CDJP-2026.pdf &nbsp; CDCJP 2025 Annexe bis , projection \u00e9quipes CDC JP 2026 D1-et-D2 &nbsp; Division 1 Information importante D 1 Suivi r\u00e9sultats de la phase finale du CDC Jeu Proven\u00e7al 2025 division 1 &nbsp; Suivi r\u00e9sultats CDCJP 2025 D1 G1 apr\u00e8s la J7 du 13 juillet Suivi r\u00e9sultats CDCJP 2025 D1 G2 apr\u00e8s [&hellip;]<\/p>\n","protected":false},"author":1,"featured_media":0,"parent":0,"menu_order":0,"comment_status":"closed","ping_status":"closed","template":"","meta":{"ngg_post_thumbnail":0,"_tribe_blocks_recurrence_rules":"","_tribe_blocks_recurrence_exclusions":"","_tribe_blocks_recurrence_description":"","footnotes":""},"class_list":["post-9845","page","type-page","status-publish","hentry"],"_links":{"self":[{"href":"http:\/\/www.petanque82-comite.fr\/index.php?rest_route=\/wp\/v2\/pages\/9845","targetHints":{"allow":["GET"]}}],"collection":[{"href":"http:\/\/www.petanque82-comite.fr\/index.php?rest_route=\/wp\/v2\/pages"}],"about":[{"href":"http:\/\/www.petanque82-comite.fr\/index.php?rest_route=\/wp\/v2\/types\/page"}],"author":[{"embeddable":true,"href":"http:\/\/www.petanque82-comite.fr\/index.php?rest_route=\/wp\/v2\/users\/1"}],"replies":[{"embeddable":true,"href":"http:\/\/www.petanque82-comite.fr\/index.php?rest_route=%2Fwp%2Fv2%2Fcomments&post=9845"}],"version-history":[{"count":303,"href":"http:\/\/www.petanque82-comite.fr\/index.php?rest_route=\/wp\/v2\/pages\/9845\/revisions"}],"predecessor-version":[{"id":29304,"href":"http:\/\/www.petanque82-comite.fr\/index.php?rest_route=\/wp\/v2\/pages\/9845\/revisions\/29304"}],"wp:attachment":[{"href":"http:\/\/www.petanque82-comite.fr\/index.php?rest_route=%2Fwp%2Fv2%2Fmedia&parent=9845"}],"curies":[{"name":"wp","href":"https:\/\/api.w.org\/{rel}","templated":true}]}}