{"id":9899,"date":"2021-03-25T17:32:40","date_gmt":"2021-03-25T16:32:40","guid":{"rendered":"http:\/\/www.petanque82-comite.fr\/?page_id=9899"},"modified":"2021-03-25T17:39:36","modified_gmt":"2021-03-25T16:39:36","slug":"assurance-mma","status":"publish","type":"page","link":"http:\/\/www.petanque82-comite.fr\/?page_id=9899","title":{"rendered":"Assurance MMA"},"content":{"rendered":"<p>La FFPJP et MMA ont mis en place une plateforme d\u00e9di\u00e9e \u00e0 l&#8217;assurance pr\u00e9vue dans la licence.<\/p>\n<p>Celle-ci vous permet de consulter l&#8217;ensemble des informations principales ainsi que de d\u00e9clarer des sinistres directement en ligne (une copie sera n\u00e9anmoins envoy\u00e9 \u00e0 chaque CD lors de la d\u00e9claration).<\/p>\n<p>Vous pourrez toujours faire une d\u00e9claration papier aupr\u00e8s du CD.<\/p>\n<p>Ci-dessous le lien :<\/p>\n<h5><a href=\"https:\/\/www.mma-assurance-sports.fr\/ffpjp\/\">FFPJP\/MMA<\/a><\/h5>\n","protected":false},"excerpt":{"rendered":"<p>La FFPJP et MMA ont mis en place une plateforme d\u00e9di\u00e9e \u00e0 l&#8217;assurance pr\u00e9vue dans la licence. Celle-ci vous permet de consulter l&#8217;ensemble des informations principales ainsi que de d\u00e9clarer des sinistres directement en ligne (une copie sera n\u00e9anmoins envoy\u00e9 \u00e0 chaque CD lors de la d\u00e9claration). Vous pourrez toujours faire une d\u00e9claration papier aupr\u00e8s [&hellip;]<\/p>\n","protected":false},"author":1,"featured_media":0,"parent":0,"menu_order":0,"comment_status":"closed","ping_status":"closed","template":"","meta":{"ngg_post_thumbnail":0,"_tribe_blocks_recurrence_rules":"","_tribe_blocks_recurrence_exclusions":"","_tribe_blocks_recurrence_description":"","footnotes":""},"class_list":["post-9899","page","type-page","status-publish","hentry"],"_links":{"self":[{"href":"http:\/\/www.petanque82-comite.fr\/index.php?rest_route=\/wp\/v2\/pages\/9899","targetHints":{"allow":["GET"]}}],"collection":[{"href":"http:\/\/www.petanque82-comite.fr\/index.php?rest_route=\/wp\/v2\/pages"}],"about":[{"href":"http:\/\/www.petanque82-comite.fr\/index.php?rest_route=\/wp\/v2\/types\/page"}],"author":[{"embeddable":true,"href":"http:\/\/www.petanque82-comite.fr\/index.php?rest_route=\/wp\/v2\/users\/1"}],"replies":[{"embeddable":true,"href":"http:\/\/www.petanque82-comite.fr\/index.php?rest_route=%2Fwp%2Fv2%2Fcomments&post=9899"}],"version-history":[{"count":2,"href":"http:\/\/www.petanque82-comite.fr\/index.php?rest_route=\/wp\/v2\/pages\/9899\/revisions"}],"predecessor-version":[{"id":9902,"href":"http:\/\/www.petanque82-comite.fr\/index.php?rest_route=\/wp\/v2\/pages\/9899\/revisions\/9902"}],"wp:attachment":[{"href":"http:\/\/www.petanque82-comite.fr\/index.php?rest_route=%2Fwp%2Fv2%2Fmedia&parent=9899"}],"curies":[{"name":"wp","href":"https:\/\/api.w.org\/{rel}","templated":true}]}}